{"id":8601,"date":"2025-06-17T03:50:06","date_gmt":"2025-06-17T03:50:06","guid":{"rendered":"https:\/\/sinoextrud.com\/product\/controller-shell-instrument-box-industrial-aluminum-profile-electromechanical-shell\/"},"modified":"2025-06-24T06:34:30","modified_gmt":"2025-06-24T06:34:30","slug":"ohjainkuori-instrumenttikotelo-teollinen-alumiiniprofiili-sahkomekaaninen-kuori","status":"publish","type":"product","link":"https:\/\/sinoextrud.com\/fi\/product\/controller-shell-instrument-box-industrial-aluminum-profile-electromechanical-shell\/","title":{"rendered":"Controller Shell Instrument Box Industrial Alumiini profiilin s\u00e4hk\u00f6mekaaninen Shell"},"content":{"rendered":"<h2>Tuotteiden tiedot<\/h2>\n<table class=\"custom-table\">\n<tr>\n<td class=\"label\">Kohde:<\/td>\n<td>ohjainkuori instrumenttikotelo teollinen alumiiniprofiili s\u00e4hk\u00f6mekaaninen kuori<\/td>\n<\/tr>\n<tr>\n<td class=\"label\">Temperamentti:<\/td>\n<td>6063-T5<\/td>\n<\/tr>\n<tr>\n<td class=\"label\">Muoto:<\/td>\n<td>U-muotoinen kanava<\/td>\n<\/tr>\n<tr>\n<td class=\"label\">Suvaitsevaisuus:<\/td>\n<td>\u00b10,5%<\/td>\n<\/tr>\n<tr>\n<td class=\"label\">Standardi:<\/td>\n<td>keski- ja korkea laatu<\/td>\n<\/tr>\n<tr>\n<td class=\"label\">Toimitusaika:<\/td>\n<td>25-30 p\u00e4iv\u00e4\u00e4<\/td>\n<\/tr>\n<tr>\n<td class=\"label\">Maksuehto:<\/td>\n<td>T \/ T (30% talletus), L \/ C<\/td>\n<\/tr>\n<tr>\n<td class=\"label\">Satama:<\/td>\n<td>Guangzhou, Shenzhen<\/td>\n<\/tr>\n<tr>\n<td class=\"label\">Luokka:<\/td>\n<td>6000-sarja 6063<\/td>\n<\/tr>\n<tr>\n<td class=\"label\">Alkuper\u00e4paikka:<\/td>\n<td>Foshan, Guangdong<\/td>\n<\/tr>\n<tr>\n<td class=\"label\">Seos tai ei:<\/td>\n<td>Alunimun-seos<\/td>\n<\/tr>\n<tr>\n<td class=\"label\">Tuotemerkki:<\/td>\n<td>Sinoextrud, Sinoextrud<\/td>\n<\/tr>\n<tr>\n<td class=\"label\">Pintak\u00e4sittely:<\/td>\n<td>jauhemaalaus, elektroforeesi, puun jyv\u00e4, anodisoitu, harjattu, kiillotus<\/td>\n<\/tr>\n<tr>\n<td class=\"label\">MOQ:<\/td>\n<td>200KG<\/td>\n<\/tr>\n<tr>\n<td class=\"label\">K\u00e4sittelypalvelu:<\/td>\n<td>Taivutus, purku, hitsaus, l\u00e4vistys, leikkaus<\/td>\n<\/tr>\n<tr>\n<td class=\"label\">Pituus::<\/td>\n<td>1-9m tai r\u00e4\u00e4t\u00e4l\u00f6ity<\/td>\n<\/tr>\n<\/table>\n<h2>Tuotantopohjamme<\/h2>\n<h3>Tehtaan panoraama<\/h3>\n<p><img decoding=\"async\" src=\"\/wp-content\/uploads\/factory-01.webp\"\/><\/p>\n<h3>Alumiini Bar Manufacturing Workshop<\/h3>\n<p><img decoding=\"async\" src=\"\/wp-content\/uploads\/factory-02.webp\"\/><\/p>\n<p><img decoding=\"async\" src=\"\/wp-content\/uploads\/factory-03.webp\"\/><\/p>\n<h3>Muotin varastointi Varasto<\/h3>\n<p><img decoding=\"async\" src=\"\/wp-content\/uploads\/factory-04.webp\"\/><\/p>\n<h3>43 alumiinin ekstruusiolinjat (500-5500 tonnia)<\/h3>\n<p><img decoding=\"async\" src=\"\/wp-content\/uploads\/factory-05.webp\"\/><\/p>\n<p><img decoding=\"async\" src=\"\/wp-content\/uploads\/factory-06.webp\"\/><\/p>\n<p><img decoding=\"async\" src=\"\/wp-content\/uploads\/factory-07.webp\"\/><\/p>\n<h3>Jauhemaalaus ty\u00f6paja<\/h3>\n<p><img decoding=\"async\" src=\"\/wp-content\/uploads\/factory-09.webp\"\/><\/p>\n<h3>Anodisointi ty\u00f6paja<\/h3>\n<p><img decoding=\"async\" src=\"\/wp-content\/uploads\/factory-10.webp\"\/><\/p>\n<h3>Syv\u00e4k\u00e4sittelyn ty\u00f6paja<\/h3>\n<p><img decoding=\"async\" src=\"\/wp-content\/uploads\/factory-11.webp\"\/><\/p>\n<h3>CNC-tarkkuuskoneistus ty\u00f6paja<\/h3>\n<p><img decoding=\"async\" src=\"\/wp-content\/uploads\/factory-11.5.webp\"\/><\/p>\n<h3>Valmiiden tuotteiden ja vientivarasto<\/h3>\n<p><img decoding=\"async\" src=\"\/wp-content\/uploads\/factory-12.webp\"\/><\/p>\n<p><img decoding=\"async\" src=\"\/wp-content\/uploads\/factory-13.webp\"\/><\/p>\n<p><img decoding=\"async\" src=\"\/wp-content\/uploads\/factory-14.webp\"\/><\/p>\n<h2>FAQ<\/h2>\n<p><p><b>1.Mik\u00e4 on Controller Shell Instrument Box Industrial Aluminum Profile?<\/b><\/p>\n<p>Se on teollisesta alumiiniprofiilista valmistettu suojakotelo, joka on suunniteltu s\u00e4hk\u00f6mekaanisten j\u00e4rjestelmien ja ohjauslaitteiden turvalliseen s\u00e4ilytt\u00e4miseen.<br \/>\n<\/p><br \/>\n<br \/>\n<p><b>2.Mitk\u00e4 ovat t\u00e4rkeimm\u00e4t edut, joita alumiiniprofiilikuoren k\u00e4ytt\u00e4minen s\u00e4\u00e4timiss\u00e4 tuo mukanaan?<\/b><\/p>\n<p>Alumiiniprofiilikuoret tarjoavat ylivoimaisen lujuuden, kevyen rakenteen ja erinomaisen l\u00e4mm\u00f6nhallinnan ohjainsovelluksiin.<br \/>\n<\/p><br \/>\n<br \/>\n<p><b>3.Onko s\u00e4hk\u00f6mekaaninen kuori sopiva vaativiin ymp\u00e4rist\u00f6ihin?<\/b><\/p>\n<p>Kyll\u00e4, alumiiniprofiili on korroosionkest\u00e4v\u00e4 ja kest\u00e4v\u00e4, joten se sopii erinomaisesti teollisuus- ja ulkok\u00e4ytt\u00f6\u00f6n.<br \/>\n<\/p><br \/>\n<br \/>\n<p><b>4.Can t\u00e4m\u00e4 instrumenttilaatikko voidaan r\u00e4\u00e4t\u00e4l\u00f6id\u00e4 tiettyj\u00e4 laitteita varten?<\/b><\/p>\n<p>Kyll\u00e4, modulaarinen alumiinirakenne mahdollistaa koon, muodon ja kiinnitysominaisuuksien mukauttamisen eri laitteisiin ja komponentteihin.<br \/>\n<\/p><br \/>\n<br \/>\n<p><b>5.Tukeeko kuori tehokasta l\u00e4mm\u00f6nsiirtoa?<\/b><\/p>\n<p>Kyll\u00e4, teollinen alumiiniprofiili on suunniteltu niin, ett\u00e4 se johtaa tehokkaasti l\u00e4mp\u00f6\u00e4 elektronisiin ja s\u00e4hk\u00f6mekaanisiin j\u00e4rjestelmiin.<br \/>\n<\/p><br \/>\n<br \/>\n<p><b>6.Onko komponenttien asentaminen kuoren sis\u00e4lle k\u00e4tev\u00e4\u00e4?<\/b><\/p>\n<p>Kyll\u00e4, sis\u00e4\u00e4nrakennetut asennusurat ja ohjainkiskot mahdollistavat piirilevyjen, liittimien ja moduulien nopean ja turvallisen asennuksen.<br \/>\n<\/p><br \/>\n<br \/>\n<p><b>7.Mitk\u00e4 teollisuudenalat k\u00e4ytt\u00e4v\u00e4t yleisesti t\u00e4m\u00e4ntyyppist\u00e4 alumiinikuorta?<\/b><\/p>\n<p>N\u00e4it\u00e4 s\u00e4hk\u00f6mekaanisia alumiinikuoria k\u00e4ytet\u00e4\u00e4n laajalti automaatio-, robotiikka-, energiaj\u00e4rjestelm\u00e4- ja ohjauspaneelisovelluksissa.<br \/>\n<\/p><br \/>\n<br \/>\n<p><b>8.Miten t\u00e4m\u00e4 tuote auttaa tuotteen elinkaaren ja yll\u00e4pidon kanssa?<\/b><\/p>\n<p>Kest\u00e4v\u00e4 rakenne ja helppok\u00e4ytt\u00f6inen rakenne mahdollistavat pitk\u00e4aikaisen k\u00e4yt\u00f6n ja yksinkertaistetun huollon tai komponenttien p\u00e4ivitt\u00e4misen.<br \/>\n<\/p><br \/><\/p>","protected":false},"featured_media":8600,"template":"","categories":[68],"class_list":["post-8601","product","type-product","status-publish","has-post-thumbnail","hentry","category-cnc-machining-aluminum-profile"],"meta_box":{"hilight_text_group":{"product_hilight_text":"<li>Robust industrial aluminum profile ensures structural strength and long service life<\/li>\r\r\n<li>Modular design allows easy customization for different electromechanical applications<\/li>\r\r\n<li>Excellent heat dissipation suitable for high-performance controllers and instruments<\/li>\r\r\n<li>Lightweight and corrosion-resistant aluminum ideal for harsh industrial environments<\/li>\r\r\n<li>Integrated mounting slots simplify assembly of electronic components and PCBs<\/li>","product_chanpin_blog":"<ul>\r\r\n<li><a href=\"https:\/\/sinoextrud.com\/t-slot-v-slot-differences\/\" target=\"_blank\">t slot vs v slot<\/a><\/li>\r\r\n<li><a href=\"https:\/\/sinoextrud.com\/what-is-4040-aluminium-extrud\/\" target=\"_blank\">4040 aluminium extrusion<\/a><\/li>\r\r\n<li><a href=\"https:\/\/sinoextrud.com\/what-is-4040-aluminium-extrud\/\" target=\"_blank\">aluminum extrusions for industrial racks<\/a><\/li>\r\r\n<li><a href=\"https:\/\/sinoextrud.com\/powder-coating-aluminium-process\/\" target=\"_blank\">powder coating aluminium<\/a><\/li>\r\r\n<li><a href=\"https:\/\/sinoextrud.com\/what-is-an-aluminium-strip-ceiling\/\" target=\"_blank\">aluminium strip ceiling<\/a><\/li>\r\r\n<li><a href=\"https:\/\/sinoextrud.com\/what-is-a-heat-sink\/\" target=\"_blank\">what is a heat sink<\/a><\/li>\r\r\n<\/ul>","product_chanpin_chanpin":"<li><a href=\"https:\/\/sinoextrud.com\/product\/aluminium-extrusion-hinge\/\" target=\"_blank\">Aluminium Extrusion Hinge<\/a><\/li>\r\n<li><a href=\"https:\/\/sinoextrud.com\/product\/cnc-aluminium\/\" target=\"_blank\">Cnc Aluminium<\/a><\/li>\r\n<li><a href=\"https:\/\/sinoextrud.com\/product\/aluminium-profile-accessories\/\" target=\"_blank\">Aluminium Profile Accessories<\/a><\/li>\r\n<li><a href=\"https:\/\/sinoextrud.com\/product\/round-aluminum-extrusion-tubular-cnc-bending\/\" target=\"_blank\">Round Aluminum Extrusion Tubular Cnc Bending<\/a><\/li>\r\n<li><a href=\"https:\/\/sinoextrud.com\/product\/controller-shell-instrument-box-industrial-aluminum-profile-electromechanical-shell\/\" target=\"_blank\">Controller Shell Instrument Box Industrial Aluminum Profile Electromechanical Shell<\/a><\/li>\r\n<li><a href=\"https:\/\/sinoextrud.com\/product\/lay-in-tile-ceiling-system\/\" target=\"_blank\">Lay-in Tile Ceiling System<\/a><\/li>\r\n<li><a href=\"https:\/\/sinoextrud.com\/product\/clip-in-tile-ceiling-system\/\" target=\"_blank\">Clip-in Tile Ceiling System<\/a><\/li>\r\n<li><a href=\"https:\/\/sinoextrud.com\/product\/triangle-ceiling-system\/\" target=\"_blank\">Triangle Ceiling System (Triangle Ceiling)<\/a><\/li>\r\n<li><a href=\"https:\/\/sinoextrud.com\/product\/the-hexagonal-type-ceiling-system\/\" target=\"_blank\">The Hexagonal Type Ceiling System (Hexagonal Ceiling)<\/a><\/li>\r\n<li><a href=\"https:\/\/sinoextrud.com\/product\/v-slot-rail-aluminum-profile-extrusion\/\" target=\"_blank\">V Slot Rail Aluminum Profile Extrusion<\/a><\/li>\r\n<li><a href=\"https:\/\/sinoextrud.com\/product\/customized-6063-extruded-aluminum-flat-bar\/\" target=\"_blank\">Customized 6063 Extruded Aluminum Flat Bar<\/a><\/li>"},"feature_list":[]},"_links":{"self":[{"href":"https:\/\/sinoextrud.com\/fi\/wp-json\/wp\/v2\/product\/8601","targetHints":{"allow":["GET"]}}],"collection":[{"href":"https:\/\/sinoextrud.com\/fi\/wp-json\/wp\/v2\/product"}],"about":[{"href":"https:\/\/sinoextrud.com\/fi\/wp-json\/wp\/v2\/types\/product"}],"wp:featuredmedia":[{"embeddable":true,"href":"https:\/\/sinoextrud.com\/fi\/wp-json\/wp\/v2\/media\/8600"}],"wp:attachment":[{"href":"https:\/\/sinoextrud.com\/fi\/wp-json\/wp\/v2\/media?parent=8601"}],"wp:term":[{"taxonomy":"category","embeddable":true,"href":"https:\/\/sinoextrud.com\/fi\/wp-json\/wp\/v2\/categories?post=8601"}],"curies":[{"name":"wp","href":"https:\/\/api.w.org\/{rel}","templated":true}]}}