{"id":8599,"date":"2025-06-17T03:47:28","date_gmt":"2025-06-17T03:47:28","guid":{"rendered":"https:\/\/sinoextrud.com\/product\/round-aluminum-extrusion-tubular-cnc-bending\/"},"modified":"2025-06-24T06:34:29","modified_gmt":"2025-06-24T06:34:29","slug":"pyorea-alumiini-suulakepuristus-putkimainen-cnc-taivutus","status":"publish","type":"product","link":"https:\/\/sinoextrud.com\/fi\/product\/round-aluminum-extrusion-tubular-cnc-bending\/","title":{"rendered":"Py\u00f6re\u00e4 alumiini suulakepuristus putkimainen Cnc taivutus"},"content":{"rendered":"<h2>Tuotteiden tiedot<\/h2>\n<table class=\"custom-table\">\n<tr>\n<td class=\"label\">Kohde<\/td>\n<td>Py\u00f6re\u00e4 alumiini suulakepuristus putkimainencnc taivutus l\u00e4vistys<\/td>\n<\/tr>\n<tr>\n<td class=\"label\">Yrityksen nimi<\/td>\n<td> Sinoextrud<\/td>\n<\/tr>\n<tr>\n<td class=\"label\">Alumiiniseos<\/td>\n<td>6063-T5, tai r\u00e4\u00e4t\u00e4l\u00f6inti<\/td>\n<\/tr>\n<tr>\n<td class=\"label\">Merkki<\/td>\n<td>Sinoextrud \/ Sinoextrud \/ Sinoextrud Aluminium<\/td>\n<\/tr>\n<tr>\n<td class=\"label\">Todistus<\/td>\n<td>CE, SONCAP, ISO, CIQ, RoHS, TUV jne.<\/td>\n<\/tr>\n<tr>\n<td class=\"label\">Materiaaliluokka<\/td>\n<td>6061, 6063, 6005A, 6005, 6082, 6463 jne.<\/td>\n<\/tr>\n<tr>\n<td class=\"label\">Pituus<\/td>\n<td>1-9m, tai r\u00e4\u00e4t\u00e4l\u00f6inti<\/td>\n<\/tr>\n<tr>\n<td class=\"label\">MOQ<\/td>\n<td>200KGS kutakin tuotetta \/ v\u00e4ri\u00e4 kohti<\/td>\n<\/tr>\n<tr>\n<td class=\"label\">Pintak\u00e4sittely<\/td>\n<td>Jyrsint\u00e4k\u00e4sittely, anodisointi, jauhemaalaus, elektroforeesi, fluorihiili (PVDF), puunjyv\u00e4, kiillotettu, harjattu, hiekkapuhallettu jne.<\/td>\n<\/tr>\n<tr>\n<td class=\"label\">CNC-prosessi<\/td>\n<td>Poraus, taivutus, hitsaus, kierteitys, leikkaus, l\u00e4vistys jne.<\/td>\n<\/tr>\n<tr>\n<td class=\"label\">V\u00e4ri<\/td>\n<td>Monia v\u00e4rej\u00e4 tai r\u00e4\u00e4t\u00e4l\u00f6inti\u00e4<\/td>\n<\/tr>\n<tr>\n<td class=\"label\">Laadunvalvonta<\/td>\n<td>Asiakkaat ovat tervetulleita tehtaallemme testaamaan tuotetta yksi kerrallaan ennen saldomaksua.<\/td>\n<\/tr>\n<tr>\n<td class=\"label\">Paketti<\/td>\n<td>Sis\u00e4ll\u00e4 suojakalvo, kutistemuovi tai PE-vaahtomuovi. Ulkopuolella laatikko, kartonki tai puukehys tai r\u00e4\u00e4t\u00e4l\u00f6inti.<\/td>\n<\/tr>\n<tr>\n<td class=\"label\">Toimitusaika<\/td>\n<td>Die kehitt\u00e4minen ja n\u00e4ytteen testaus on 12-18 p\u00e4iv\u00e4\u00e4, sitten tuotannon kesto on 25-30 p\u00e4iv\u00e4\u00e4 ostajan talletuksen vastaanottamisen j\u00e4lkeen.<\/td>\n<\/tr>\n<\/table>\n<h2>Tuotantopohjamme<\/h2>\n<h3>Tehtaan panoraama<\/h3>\n<p><img decoding=\"async\" src=\"\/wp-content\/uploads\/factory-01.webp\"\/><\/p>\n<h3>Alumiini Bar Manufacturing Workshop<\/h3>\n<p><img decoding=\"async\" src=\"\/wp-content\/uploads\/factory-02.webp\"\/><\/p>\n<\/p>\n<p><img decoding=\"async\" src=\"\/wp-content\/uploads\/factory-03.webp\"\/><\/p>\n<h3>Muotin varastointi Varasto<\/h3>\n<p><img decoding=\"async\" src=\"\/wp-content\/uploads\/factory-04.webp\"\/><\/p>\n<h3>43 Alumiini ekstruusiolinjat (500\u00e2 5500 tonnia)<\/h3>\n<p><img decoding=\"async\" src=\"\/wp-content\/uploads\/factory-05.webp\"\/><\/p>\n<p><img decoding=\"async\" src=\"\/wp-content\/uploads\/factory-06.webp\"\/><\/p>\n<p><img decoding=\"async\" src=\"\/wp-content\/uploads\/factory-07.webp\"\/><\/p>\n<h3>Jauhemaalaus ty\u00f6paja<\/h3>\n<p><img decoding=\"async\" src=\"\/wp-content\/uploads\/factory-09.webp\"\/><\/p>\n<h3>Anodisointi ty\u00f6paja<\/h3>\n<p><img decoding=\"async\" src=\"\/wp-content\/uploads\/factory-10.webp\"\/><\/p>\n<h3>Syv\u00e4k\u00e4sittelyn ty\u00f6paja<\/h3>\n<p><img decoding=\"async\" src=\"\/wp-content\/uploads\/factory-11.webp\"\/><\/p>\n<h3>CNC-tarkkuuskoneistus ty\u00f6paja<\/h3>\n<p><img decoding=\"async\" src=\"\/wp-content\/uploads\/factory-11.5.webp\"\/><\/p>\n<h3>Valmiiden tuotteiden ja vientivarasto<\/h3>\n<p><img decoding=\"async\" src=\"\/wp-content\/uploads\/factory-12.webp\"\/><\/p>\n<p><img decoding=\"async\" src=\"\/wp-content\/uploads\/factory-13.webp\"\/><\/p>\n<p><img decoding=\"async\" src=\"\/wp-content\/uploads\/factory-14.webp\"\/><\/p>\n<h2>FAQ<\/h2>\n<p><b>1.Mik\u00e4 on py\u00f6re\u00e4 alumiini ekstruusioputki putkimainen CNC taivutus?<\/b><\/p>\n<p>Se on valmistusprosessi, jossa py\u00f6reit\u00e4 alumiiniputkia muotoillaan CNC-ohjatuilla taivutuskoneilla tarkkuuden ja toistettavuuden varmistamiseksi.\n<\/p>\n<p><\/p>\n<p><b>2.Mitk\u00e4 ovat CNC-taivutuksen t\u00e4rkeimm\u00e4t edut py\u00f6re\u00e4lle alumiinipursotukselle?<\/b><\/p>\n<p>CNC-taivutus tarjoaa korkean tarkkuuden, tasaiset k\u00e4yr\u00e4t ja toistettavat tulokset, jotka ovat v\u00e4ltt\u00e4m\u00e4tt\u00f6mi\u00e4 teollisuuden ja arkkitehtuurin alumiinisovelluksissa.\n<\/p>\n<p><\/p>\n<p><b>3.Onko py\u00f6re\u00e4 alumiiniprofiili kevyt ja kest\u00e4v\u00e4?<\/b><\/p>\n<p>Alumiiniprofiilit ovat tunnettuja siit\u00e4, ett\u00e4 ne ovat sek\u00e4 kevyit\u00e4 ett\u00e4 eritt\u00e4in kest\u00e4vi\u00e4, mik\u00e4 tekee niist\u00e4 ihanteellisia rakenne- ja kuljetussovelluksiin.\n<\/p>\n<p><\/p>\n<p><b>4.Voinko mukauttaa py\u00f6re\u00e4n alumiinipuristusputken kokoa?<\/b><\/p>\n<p>Kyll\u00e4, putken pituus, sein\u00e4m\u00e4n paksuus ja halkaisija voidaan mukauttaa projektin erityisvaatimusten mukaan.\n<\/p>\n<p><\/p>\n<p><b>5.Onko t\u00e4m\u00e4 tuote sopiva ulkok\u00e4ytt\u00f6\u00f6n?<\/b><\/p>\n<p>Kyll\u00e4, py\u00f6re\u00e4t alumiinipursotusputket CNC-taivutustuotteet ovat korroosionkest\u00e4vi\u00e4 ja toimivat hyvin ulkoymp\u00e4rist\u00f6iss\u00e4.\n<\/p>\n<p><\/p>\n<p><b>6.Miten CNC-taivutus parantaa tuotannon tehokkuutta?<\/b><\/p>\n<p>CNC-taivutus v\u00e4hent\u00e4\u00e4 manuaalista ty\u00f6t\u00e4, minimoi virheet ja mahdollistaa nopean ja johdonmukaisen putkien muotoilun laajamittaista valmistusta varten.\n<\/p>\n<p><\/p>\n<p><b>7.Voiko n\u00e4it\u00e4 alumiiniputkia k\u00e4ytt\u00e4\u00e4 modulaarisissa j\u00e4rjestelm\u00e4malleissa?<\/b><\/p>\n<p>Kyll\u00e4, py\u00f6re\u00e4 alumiiniprofiili on yhteensopiva muiden modulaaristen alumiiniprofiilien kanssa, mik\u00e4 tukee joustavaa ja skaalautuvaa j\u00e4rjestelm\u00e4suunnittelua.<\/p>\n<p><\/p>","protected":false},"featured_media":8598,"template":"","categories":[68],"class_list":["post-8599","product","type-product","status-publish","has-post-thumbnail","hentry","category-cnc-machining-aluminum-profile"],"meta_box":{"hilight_text_group":{"product_hilight_text":"<li>High-precision CNC bending ensures consistent tube curvature for industrial applications<\/li>\r\r\n<li>Lightweight yet strong round aluminum extrusion ideal for structural components<\/li>\r\r\n<li>Customizable tube lengths and diameters to meet specific project needs<\/li>\r\r\n<li>Corrosion-resistant aluminum suitable for outdoor and high-humidity environments<\/li>\r\r\n<li>Seamless integration with other aluminum profiles for modular system design<\/li>","product_chanpin_blog":"<ul>\r\r\n<li><a href=\"https:\/\/sinoextrud.com\/t-slot-v-slot-differences\/\" target=\"_blank\">t slot vs v slot<\/a><\/li>\r\r\n<li><a href=\"https:\/\/sinoextrud.com\/what-is-4040-aluminium-extrud\/\" target=\"_blank\">4040 aluminium extrusion<\/a><\/li>\r\r\n<li><a href=\"https:\/\/sinoextrud.com\/what-is-4040-aluminium-extrud\/\" target=\"_blank\">aluminum extrusions for industrial racks<\/a><\/li>\r\r\n<li><a href=\"https:\/\/sinoextrud.com\/powder-coating-aluminium-process\/\" target=\"_blank\">powder coating aluminium<\/a><\/li>\r\r\n<li><a href=\"https:\/\/sinoextrud.com\/what-is-an-aluminium-strip-ceiling\/\" target=\"_blank\">aluminium strip ceiling<\/a><\/li>\r\r\n<li><a href=\"https:\/\/sinoextrud.com\/what-is-a-heat-sink\/\" target=\"_blank\">what is a heat sink<\/a><\/li>\r\r\n<\/ul>","product_chanpin_chanpin":"<li><a href=\"https:\/\/sinoextrud.com\/product\/extruded-aluminum-brackets\/\" target=\"_blank\">Extruded Aluminum Brackets<\/a><\/li>\r\n<li><a href=\"https:\/\/sinoextrud.com\/product\/aluminium-extrusion-hinge\/\" target=\"_blank\">Aluminium Extrusion Hinge<\/a><\/li>\r\n<li><a href=\"https:\/\/sinoextrud.com\/product\/cnc-aluminium\/\" target=\"_blank\">Cnc Aluminium<\/a><\/li>\r\n<li><a href=\"https:\/\/sinoextrud.com\/product\/aluminium-profile-accessories\/\" target=\"_blank\">Aluminium Profile Accessories<\/a><\/li>\r\n<li><a href=\"https:\/\/sinoextrud.com\/product\/round-aluminum-extrusion-tubular-cnc-bending\/\" target=\"_blank\">Round Aluminum Extrusion Tubular Cnc Bending<\/a><\/li>\r\n<li><a href=\"https:\/\/sinoextrud.com\/product\/controller-shell-instrument-box-industrial-aluminum-profile-electromechanical-shell\/\" target=\"_blank\">Controller Shell Instrument Box Industrial Aluminum Profile Electromechanical Shell<\/a><\/li>\r\n<li><a href=\"https:\/\/sinoextrud.com\/product\/lay-in-tile-ceiling-system\/\" target=\"_blank\">Lay-in Tile Ceiling System<\/a><\/li>\r\n<li><a href=\"https:\/\/sinoextrud.com\/product\/clip-in-tile-ceiling-system\/\" target=\"_blank\">Clip-in Tile Ceiling System<\/a><\/li>\r\n<li><a href=\"https:\/\/sinoextrud.com\/product\/triangle-ceiling-system\/\" target=\"_blank\">Triangle Ceiling System (Triangle Ceiling)<\/a><\/li>\r\n<li><a href=\"https:\/\/sinoextrud.com\/product\/extruded-aluminum-tubing-round-in-stock\/\" target=\"_blank\">Extruded Aluminum Tubing Round In Stock<\/a><\/li>\r\n<li><a href=\"https:\/\/sinoextrud.com\/product\/aluminum-extrusion-aluminum-edge-trim-for-truck-body-cabins-profiles\/\" target=\"_blank\">Aluminum Extrusion Aluminum Edge Trim For Truck Body Cabins Profiles<\/a><\/li>"},"feature_list":[]},"_links":{"self":[{"href":"https:\/\/sinoextrud.com\/fi\/wp-json\/wp\/v2\/product\/8599","targetHints":{"allow":["GET"]}}],"collection":[{"href":"https:\/\/sinoextrud.com\/fi\/wp-json\/wp\/v2\/product"}],"about":[{"href":"https:\/\/sinoextrud.com\/fi\/wp-json\/wp\/v2\/types\/product"}],"wp:featuredmedia":[{"embeddable":true,"href":"https:\/\/sinoextrud.com\/fi\/wp-json\/wp\/v2\/media\/8598"}],"wp:attachment":[{"href":"https:\/\/sinoextrud.com\/fi\/wp-json\/wp\/v2\/media?parent=8599"}],"wp:term":[{"taxonomy":"category","embeddable":true,"href":"https:\/\/sinoextrud.com\/fi\/wp-json\/wp\/v2\/categories?post=8599"}],"curies":[{"name":"wp","href":"https:\/\/api.w.org\/{rel}","templated":true}]}}