{"id":8589,"date":"2025-06-17T03:39:01","date_gmt":"2025-06-17T03:39:01","guid":{"rendered":"https:\/\/sinoextrud.com\/product\/aluminum-extrusion-accessories\/"},"modified":"2025-06-24T06:34:28","modified_gmt":"2025-06-24T06:34:28","slug":"alumiini-suulakepuristustarvikkeet","status":"publish","type":"product","link":"https:\/\/sinoextrud.com\/fi\/product\/aluminum-extrusion-accessories\/","title":{"rendered":"Alumiini suulakepuristus tarvikkeet"},"content":{"rendered":"<h2>Tuotteiden tiedot<\/h2>\n<table class=\"custom-table\">\n<tbody>\n<tr>\n<td> Kohde<\/td>\n<td> Alumiini suulakepuristustarvikkeet<\/td>\n<\/tr>\n<tr>\n<td> Materiaali<\/td>\n<td> Alumiini<\/td>\n<\/tr>\n<tr>\n<td> Pintak\u00e4sittely<\/td>\n<td> Anodisointi, jauhemaalaus r\u00e4\u00e4t\u00e4l\u00f6ity<\/td>\n<\/tr>\n<tr>\n<td> Suvaitsevaisuus<\/td>\n<td> \u00b10.02mm<\/td>\n<\/tr>\n<tr>\n<td> Laatustandardi<\/td>\n<td> ISO9001:2008<\/td>\n<\/tr>\n<tr>\n<td> Tarkastuslaitteet<\/td>\n<td> Mittasakset, mikrometri, korkeusmittari, kvadraattielementti, mittari, karkeusmittari Testor<\/td>\n<\/tr>\n<tr>\n<td> Piirustusmuoto<\/td>\n<td> IGS, STP, AutoCAD2004-2010 jne.<\/td>\n<\/tr>\n<tr>\n<td> Pakkaus<\/td>\n<td> Vakiovientipakkaus tai asiakkaan vaatimuksen mukaan<\/td>\n<\/tr>\n<tr>\n<td> OEM &amp; ODM-palvelu<\/td>\n<td> OEM &amp; ODM-palvelut saatavilla<\/td>\n<\/tr>\n<tr>\n<td> V\u00e4ri<\/td>\n<td> alumiiniosille ja mik\u00e4 tahansa v\u00e4ri on ok meille<\/td>\n<\/tr>\n<tr>\n<td> Logo<\/td>\n<td> Logopalvelu on saatavilla<\/td>\n<\/tr>\n<\/tbody>\n<\/table>\n<h2>Tuotantopohjamme<\/h2>\n<h3>Tehtaan panoraama<\/h3>\n<p><img decoding=\"async\" src=\"\/wp-content\/uploads\/factory-01.webp\"\/><\/p>\n<h3>Alumiini Bar Manufacturing Workshop<\/h3>\n<p><img decoding=\"async\" src=\"\/wp-content\/uploads\/factory-02.webp\"\/><\/p>\n<p><img decoding=\"async\" src=\"\/wp-content\/uploads\/factory-03.webp\"\/><\/p>\n<h3>Muotin varastointi Varasto<\/h3>\n<p><img decoding=\"async\" src=\"\/wp-content\/uploads\/factory-04.webp\"\/><\/p>\n<h3>43 alumiinin ekstruusiolinjat (500-5500 tonnia)<\/h3>\n<p><img decoding=\"async\" src=\"\/wp-content\/uploads\/factory-05.webp\"\/><\/p>\n<p><img decoding=\"async\" src=\"\/wp-content\/uploads\/factory-06.webp\"\/><\/p>\n<p><img decoding=\"async\" src=\"\/wp-content\/uploads\/factory-07.webp\"\/><\/p>\n<h3>Jauhemaalaus ty\u00f6paja<\/h3>\n<p><img decoding=\"async\" src=\"\/wp-content\/uploads\/factory-09.webp\"\/><\/p>\n<h3>Anodisointi ty\u00f6paja<\/h3>\n<p><img decoding=\"async\" src=\"\/wp-content\/uploads\/factory-10.webp\"\/><\/p>\n<h3>Syv\u00e4k\u00e4sittelyn ty\u00f6paja<\/h3>\n<p><img decoding=\"async\" src=\"\/wp-content\/uploads\/factory-11.webp\"\/><\/p>\n<h3>CNC-tarkkuuskoneistus ty\u00f6paja<\/h3>\n<p><img decoding=\"async\" src=\"\/wp-content\/uploads\/factory-11.5.webp\"\/><\/p>\n<h3>Valmiiden tuotteiden ja vientivarasto<\/h3>\n<p><img decoding=\"async\" src=\"\/wp-content\/uploads\/factory-12.webp\"\/><\/p>\n<p><img decoding=\"async\" src=\"\/wp-content\/uploads\/factory-13.webp\"\/><\/p>\n<p><img decoding=\"async\" src=\"\/wp-content\/uploads\/factory-14.webp\"\/><\/p>\n<h2>FAQ<\/h2>\n<p><p><b>1.Aluminum Extrusion tarvikkeet: Mink\u00e4laisia tarvikkeita on saatavana alumiiniprofiileihin?<\/b><\/p>\n<p>Alumiiniprofiilipuristustarvikkeet sis\u00e4lt\u00e4v\u00e4t liittimi\u00e4, kiinnikkeit\u00e4, kiinnittimi\u00e4, p\u00e4\u00e4tykappaleita ja saranoita, jotka on suunniteltu parantamaan ja t\u00e4ydent\u00e4m\u00e4\u00e4n alumiiniprofiilij\u00e4rjestelmi\u00e4.<br \/>\n<\/p><br \/>\n<br \/>\n<p><b>2.Miten alumiinipuristustarvikkeet parantavat j\u00e4rjestelm\u00e4n toimivuutta?<\/b><\/p>\n<p>N\u00e4m\u00e4 lis\u00e4varusteet tarjoavat lis\u00e4\u00e4 rakenteellista tukea, kokoonpanon helppoutta ja r\u00e4\u00e4t\u00e4l\u00f6intimahdollisuuksia, mik\u00e4 parantaa alumiiniprofiilij\u00e4rjestelmien yleist\u00e4 toimivuutta ja monipuolisuutta.<br \/>\n<\/p><br \/>\n<br \/>\n<p><b>3.Ovatko alumiiniset suulakepuristustarvikkeet sopivia ulkok\u00e4ytt\u00f6\u00f6n?<\/b><\/p>\n<p>Alumiinipuristetut alumiinitarvikkeet ovat usein korroosionkest\u00e4vi\u00e4, joten ne soveltuvat sek\u00e4 sis\u00e4- ett\u00e4 ulkok\u00e4ytt\u00f6\u00f6n, jopa vaativissa ymp\u00e4rist\u00f6iss\u00e4.<br \/>\n<\/p><br \/>\n<br \/>\n<p><b>4.Can alumiini suulakepuristus tarvikkeet voidaan r\u00e4\u00e4t\u00e4l\u00f6id\u00e4 tiettyj\u00e4 hankkeita varten?<\/b><\/p>\n<p>Kyll\u00e4, alumiinipursotustarvikkeet voidaan r\u00e4\u00e4t\u00e4l\u00f6id\u00e4 koon, muotoilun ja materiaalin osalta vastaamaan erilaisten teollisten sovellusten erityistarpeita.<br \/>\n<\/p><br \/>\n<br \/>\n<p><b>5.Mitk\u00e4 teollisuudenalat hy\u00f6tyv\u00e4t alumiinista suulakepuristustarvikkeista?<\/b><\/p>\n<p>Rakennus-, automaatio-, auto- ja valmistusteollisuuden kaltaiset teollisuudenalat tukeutuvat alumiinipursotustarvikkeisiin niiden kest\u00e4vyyden, joustavuuden ja helppok\u00e4ytt\u00f6isyyden vuoksi.<br \/>\n<\/p><br \/>\n<br \/>\n<p><b>6.Miten alumiinipuristustarvikkeiden asennusprosessi toimii?<\/b><\/p>\n<p>Alumiinipuristetut alumiinitarvikkeet on suunniteltu helposti asennettaviksi, ja ne vaativat usein vain v\u00e4h\u00e4n ty\u00f6kaluja ja tarjoavat joustavia ratkaisuja erilaisiin rakennekokoonpanoihin.<br \/>\n<\/p><br \/>\n<br \/>\n<p><b>7.Why ovat alumiini suulakepuristustarvikkeet kustannustehokas ratkaisu?<\/b><\/p>\n<p>N\u00e4m\u00e4 lis\u00e4varusteet ovat kustannustehokkaita, koska ne on helppo asentaa, ne ovat muokattavissa ja ne tarjoavat luotettavaa ja pitk\u00e4aikaista tukea ilman monimutkaisia tai kalliita r\u00e4\u00e4t\u00e4l\u00f6ityj\u00e4 ratkaisuja.<br \/>\n<\/p><br \/><\/p>","protected":false},"featured_media":8588,"template":"","categories":[68],"class_list":["post-8589","product","type-product","status-publish","has-post-thumbnail","hentry","category-cnc-machining-aluminum-profile"],"meta_box":{"hilight_text_group":{"product_hilight_text":"<li>Wide range of accessories designed to complement aluminum extrusions<\/li>\r\r\n<li>Durable, high-quality materials for long-lasting performance<\/li>\r\r\n<li>Easy installation with customizable solutions for various applications<\/li>\r\r\n<li>Corrosion-resistant, making them ideal for both indoor and outdoor environments<\/li>\r\r\n<li>Cost-effective and versatile, providing functional support to aluminum structures<\/li>","product_chanpin_blog":"<ul>\r\r\n<li><a href=\"https:\/\/sinoextrud.com\/t-slot-v-slot-differences\/\" target=\"_blank\">t slot vs v slot<\/a><\/li>\r\r\n<li><a href=\"https:\/\/sinoextrud.com\/what-is-4040-aluminium-extrud\/\" target=\"_blank\">4040 aluminium extrusion<\/a><\/li>\r\r\n<li><a href=\"https:\/\/sinoextrud.com\/what-is-4040-aluminium-extrud\/\" target=\"_blank\">aluminum extrusions for industrial racks<\/a><\/li>\r\r\n<li><a href=\"https:\/\/sinoextrud.com\/powder-coating-aluminium-process\/\" target=\"_blank\">powder coating aluminium<\/a><\/li>\r\r\n<li><a href=\"https:\/\/sinoextrud.com\/what-is-an-aluminium-strip-ceiling\/\" target=\"_blank\">aluminium strip ceiling<\/a><\/li>\r\r\n<li><a href=\"https:\/\/sinoextrud.com\/what-is-a-heat-sink\/\" target=\"_blank\">what is a heat sink<\/a><\/li>\r\r\n<\/ul>","product_chanpin_chanpin":"<li><a href=\"https:\/\/sinoextrud.com\/product\/extruded-aluminum-housing\/\" target=\"_blank\">Extruded Aluminum Housing<\/a><\/li>\r\n<li><a href=\"https:\/\/sinoextrud.com\/product\/aluminum-machining-round-tube-processing-by-aluminum-profile-cad-vs-aluminium-alloy-customized-anodized\/\" target=\"_blank\">aluminum machining round tube processing by aluminum profile cad  vs aluminium alloy Customized Anodized<\/a><\/li>\r\n<li><a href=\"https:\/\/sinoextrud.com\/product\/aluminium-profile-rail\/\" target=\"_blank\">Aluminium Profile Rail<\/a><\/li>\r\n<li><a href=\"https:\/\/sinoextrud.com\/product\/machined-aluminum-extrusion\/\" target=\"_blank\">Machined Aluminum Extrusion<\/a><\/li>\r\n<li><a href=\"https:\/\/sinoextrud.com\/product\/aluminum-extrusion-accessories\/\" target=\"_blank\">Aluminum Extrusion Accessories<\/a><\/li>\r\n<li><a href=\"https:\/\/sinoextrud.com\/product\/extruded-aluminum-brackets\/\" target=\"_blank\">Extruded Aluminum Brackets<\/a><\/li>\r\n<li><a href=\"https:\/\/sinoextrud.com\/product\/aluminium-extrusion-hinge\/\" target=\"_blank\">Aluminium Extrusion Hinge<\/a><\/li>\r\n<li><a href=\"https:\/\/sinoextrud.com\/product\/cnc-aluminium\/\" target=\"_blank\">Cnc Aluminium<\/a><\/li>\r\n<li><a href=\"https:\/\/sinoextrud.com\/product\/aluminium-profile-accessories\/\" target=\"_blank\">Aluminium Profile Accessories<\/a><\/li>\r\n<li><a href=\"https:\/\/sinoextrud.com\/product\/aluminum-profile-price-of-aluminium-partition-wall-studs-aluminum-manufacturer\/\" target=\"_blank\">aluminum profile price of aluminium partition wall studs aluminum manufacturer<\/a><\/li>\r\n<li><a href=\"https:\/\/sinoextrud.com\/product\/cnc-machined-6063-extruded-aluminum-fasteners\/\" target=\"_blank\">CNC Machined 6063 Extruded Aluminum Fasteners<\/a><\/li>"},"feature_list":[]},"_links":{"self":[{"href":"https:\/\/sinoextrud.com\/fi\/wp-json\/wp\/v2\/product\/8589","targetHints":{"allow":["GET"]}}],"collection":[{"href":"https:\/\/sinoextrud.com\/fi\/wp-json\/wp\/v2\/product"}],"about":[{"href":"https:\/\/sinoextrud.com\/fi\/wp-json\/wp\/v2\/types\/product"}],"wp:featuredmedia":[{"embeddable":true,"href":"https:\/\/sinoextrud.com\/fi\/wp-json\/wp\/v2\/media\/8588"}],"wp:attachment":[{"href":"https:\/\/sinoextrud.com\/fi\/wp-json\/wp\/v2\/media?parent=8589"}],"wp:term":[{"taxonomy":"category","embeddable":true,"href":"https:\/\/sinoextrud.com\/fi\/wp-json\/wp\/v2\/categories?post=8589"}],"curies":[{"name":"wp","href":"https:\/\/api.w.org\/{rel}","templated":true}]}}