{"id":8587,"date":"2025-06-17T03:37:24","date_gmt":"2025-06-17T03:37:24","guid":{"rendered":"https:\/\/sinoextrud.com\/product\/machined-aluminum-extrusion\/"},"modified":"2025-06-24T06:34:27","modified_gmt":"2025-06-24T06:34:27","slug":"koneistettu-alumiinipursotus","status":"publish","type":"product","link":"https:\/\/sinoextrud.com\/fi\/product\/machined-aluminum-extrusion\/","title":{"rendered":"Ty\u00f6stetty alumiinipursotus"},"content":{"rendered":"<h2>Tuotteiden tiedot<\/h2>\n<table class=\"custom-table\">\n<tbody>\n<tr>\n<td> Otsikko<\/td>\n<td> Koneistettu alumiinipursotus<\/td>\n<\/tr>\n<tr>\n<td> Luokka<\/td>\n<td> Alumiiniprofiili<\/td>\n<\/tr>\n<tr>\n<td> Materiaali<\/td>\n<td> Alumiiniseos (6063, 6061, 6464, 6082)<\/td>\n<\/tr>\n<tr>\n<td> Temper<\/td>\n<td> T5<\/td>\n<\/tr>\n<tr>\n<td> Koko<\/td>\n<td> Asiakkaan pyynn\u00f6st\u00e4<\/td>\n<\/tr>\n<tr>\n<td> Muoto<\/td>\n<td> Kolmio tai suulakepuristettu asiakkaan piirustuksen mukaisesti<\/td>\n<\/tr>\n<tr>\n<td> Pintak\u00e4sittely<\/td>\n<td> Anodisoitu, hiekkapuhallettu, kiillotus, elektroforeesi, tehopinnoitus<\/td>\n<\/tr>\n<tr>\n<td> V\u00e4ri<\/td>\n<td> Samppanjaa ja r\u00e4\u00e4t\u00e4l\u00f6ityj\u00e4 on saatavilla<\/td>\n<\/tr>\n<tr>\n<td> Todistus<\/td>\n<td> TUV, ASTM, GB<\/td>\n<\/tr>\n<tr>\n<td> Osoitteesta<\/td>\n<td> Guangdong, Kiina<\/td>\n<\/tr>\n<\/tbody>\n<\/table>\n<h2>Tuotantopohjamme<\/h2>\n<h3>Tehtaan panoraama<\/h3>\n<p><img decoding=\"async\" src=\"\/wp-content\/uploads\/factory-01.webp\"\/><\/p>\n<h3>Alumiini Bar Manufacturing Workshop<\/h3>\n<p><img decoding=\"async\" src=\"\/wp-content\/uploads\/factory-02.webp\"\/><\/p>\n<p><img decoding=\"async\" src=\"\/wp-content\/uploads\/factory-03.webp\"\/><\/p>\n<h3>Muotin varastointi Varasto<\/h3>\n<p><img decoding=\"async\" src=\"\/wp-content\/uploads\/factory-04.webp\"\/><\/p>\n<h3>43 Alumiini ekstruusiolinjat (500\u00e2 5500 tonnia)<\/h3>\n<p><img decoding=\"async\" src=\"\/wp-content\/uploads\/factory-05.webp\"\/><\/p>\n<p><img decoding=\"async\" src=\"\/wp-content\/uploads\/factory-06.webp\"\/><\/p>\n<p><img decoding=\"async\" src=\"\/wp-content\/uploads\/factory-07.webp\"\/><\/p>\n<h3>Jauhemaalaus ty\u00f6paja<\/h3>\n<p><img decoding=\"async\" src=\"\/wp-content\/uploads\/factory-09.webp\"\/><\/p>\n<h3>Anodisointi ty\u00f6paja<\/h3>\n<p><img decoding=\"async\" src=\"\/wp-content\/uploads\/factory-10.webp\"\/><\/p>\n<h3>Syv\u00e4k\u00e4sittelyn ty\u00f6paja<\/h3>\n<p><img decoding=\"async\" src=\"\/wp-content\/uploads\/factory-11.webp\"\/><\/p>\n<h3>CNC-tarkkuuskoneistus ty\u00f6paja<\/h3>\n<p><img decoding=\"async\" src=\"\/wp-content\/uploads\/factory-11.5.webp\"\/><\/p>\n<h3>Valmiiden tuotteiden ja vientivarasto<\/h3>\n<p><img decoding=\"async\" src=\"\/wp-content\/uploads\/factory-12.webp\"\/><\/p>\n<p><img decoding=\"async\" src=\"\/wp-content\/uploads\/factory-13.webp\"\/><\/p>\n<p><img decoding=\"async\" src=\"\/wp-content\/uploads\/factory-14.webp\"\/><\/p>\n<h2>FAQ<\/h2>\n<p><p><b>1.Mik\u00e4 on ty\u00f6stetty alumiinin puristaminen?<\/b><\/p>\n<p>Koneistettu suulakepuristettu alumiini tarkoittaa alumiiniprofiileja, jotka muotoillaan ja ty\u00f6stet\u00e4\u00e4n tarkkuusprosesseilla, jotta voidaan luoda r\u00e4\u00e4t\u00e4l\u00f6ityj\u00e4 komponentteja erilaisiin teollisiin sovelluksiin.<br \/>\n<\/p><br \/>\n<br \/>\n<p><b>2.Miksi valita ty\u00f6stetyt alumiinipursotteet?<\/b><\/p>\n<p>Koneistetut alumiiniprofiilit tarjoavat suurta tarkkuutta, suunnittelun monipuolisuutta ja erinomaista kest\u00e4vyytt\u00e4, joten ne ovat ihanteellisia auto-, ilmailu- ja avaruusteollisuudessa sek\u00e4 elektroniikkateollisuudessa k\u00e4ytett\u00e4viin yksil\u00f6llisiin osiin.<br \/>\n<\/p><br \/>\n<br \/>\n<p><b>3.Kuinka tarkkoja ovat ty\u00f6stetyt alumiiniprofiilit?<\/b><\/p>\n<p>Koneistetut alumiiniprofiilit valmistetaan suurella tarkkuudella, mik\u00e4 takaa tiukat toleranssit ja erinomaisen mittatarkkuuden monimutkaisia malleja ja kriittisi\u00e4 sovelluksia varten.<br \/>\n<\/p><br \/>\n<br \/>\n<p><b>4.Can koneistettu alumiini suulakepuristukset voidaan r\u00e4\u00e4t\u00e4l\u00f6id\u00e4?<\/b><\/p>\n<p>Kyll\u00e4, ty\u00f6stetyt alumiiniprofiilit voidaan helposti r\u00e4\u00e4t\u00e4l\u00f6id\u00e4 koon, muodon ja muotoilun osalta vastaamaan projektin erityisvaatimuksia, mik\u00e4 tarjoaa joustavuutta eri k\u00e4ytt\u00f6tarkoituksiin.<br \/>\n<\/p><br \/>\n<br \/>\n<p><b>5.Mitk\u00e4 teollisuudenalat hy\u00f6tyv\u00e4t ty\u00f6stetyist\u00e4 alumiiniprofiileista?<\/b><\/p>\n<p>Teollisuudenalat, kuten autoteollisuus, ilmailu- ja avaruusteollisuus, elektroniikka ja teollisuus, hy\u00f6tyv\u00e4t ty\u00f6stetyist\u00e4 alumiiniprofiileista niiden keveyden, lujuuden ja korroosionkest\u00e4vyyden ansiosta.<br \/>\n<\/p><br \/>\n<br \/>\n<p><b>6.Kuinka nopeasti voidaan valmistaa koneistettuja alumiiniprofiileja?<\/b><\/p>\n<p>Koneistetut alumiiniprofiilit voidaan valmistaa nopeasti tehokkailla ty\u00f6st\u00f6prosesseilla, jotka mahdollistavat nopeat toimitusajat s\u00e4ilytt\u00e4en samalla korkeat laatuvaatimukset.<br \/>\n<\/p><br \/>\n<br \/>\n<p><b>7.Are koneistettu alumiini ekstruusiot kustannustehokas?<\/b><\/p>\n<p>Kyll\u00e4, koneistetut alumiinipursotetut alumiiniprofiilit ovat kustannustehokas ratkaisu r\u00e4\u00e4t\u00e4l\u00f6ityihin komponentteihin, ja ne tarjoavat erinomaista suorituskyky\u00e4 kilpailukykyiseen hintaan sek\u00e4 pieniss\u00e4 ett\u00e4 suurissa tuotantosarjoissa.<br \/>\n<\/p><br \/><\/p>","protected":false},"featured_media":8586,"template":"","categories":[68],"class_list":["post-8587","product","type-product","status-publish","has-post-thumbnail","hentry","category-cnc-machining-aluminum-profile"],"meta_box":{"hilight_text_group":{"product_hilight_text":"<li>High precision machining for customized aluminum extrusions<\/li>\r\r\n<li>Versatile design options for a wide range of industrial applications<\/li>\r\r\n<li>Lightweight, strong, and corrosion-resistant aluminum material<\/li>\r\r\n<li>Cost-effective and efficient production with quick lead times<\/li>\r\r\n<li>Superior dimensional accuracy and surface finish<\/li>\r\r\n<li>Ideal for industries such as automotive, aerospace, and electronics<\/li>","product_chanpin_blog":"<ul>\r\r\n<li><a href=\"https:\/\/sinoextrud.com\/t-slot-v-slot-differences\/\" target=\"_blank\">t slot vs v slot<\/a><\/li>\r\r\n<li><a href=\"https:\/\/sinoextrud.com\/what-is-4040-aluminium-extrud\/\" target=\"_blank\">4040 aluminium extrusion<\/a><\/li>\r\r\n<li><a href=\"https:\/\/sinoextrud.com\/what-is-4040-aluminium-extrud\/\" target=\"_blank\">aluminum extrusions for industrial racks<\/a><\/li>\r\r\n<li><a href=\"https:\/\/sinoextrud.com\/powder-coating-aluminium-process\/\" target=\"_blank\">powder coating aluminium<\/a><\/li>\r\r\n<li><a href=\"https:\/\/sinoextrud.com\/what-is-an-aluminium-strip-ceiling\/\" target=\"_blank\">aluminium strip ceiling<\/a><\/li>\r\r\n<li><a href=\"https:\/\/sinoextrud.com\/what-is-a-heat-sink\/\" target=\"_blank\">what is a heat sink<\/a><\/li>\r\r\n<\/ul>","product_chanpin_chanpin":"<li><a href=\"https:\/\/sinoextrud.com\/product\/cnc-aluminium-extrusion\/\" target=\"_blank\">CNC Aluminium Extrusion<\/a><\/li>\r\n<li><a href=\"https:\/\/sinoextrud.com\/product\/extruded-aluminum-housing\/\" target=\"_blank\">Extruded Aluminum Housing<\/a><\/li>\r\n<li><a href=\"https:\/\/sinoextrud.com\/product\/aluminum-machining-round-tube-processing-by-aluminum-profile-cad-vs-aluminium-alloy-customized-anodized\/\" target=\"_blank\">aluminum machining round tube processing by aluminum profile cad  vs aluminium alloy Customized Anodized<\/a><\/li>\r\n<li><a href=\"https:\/\/sinoextrud.com\/product\/aluminium-profile-rail\/\" target=\"_blank\">Aluminium Profile Rail<\/a><\/li>\r\n<li><a href=\"https:\/\/sinoextrud.com\/product\/machined-aluminum-extrusion\/\" target=\"_blank\">Machined Aluminum Extrusion<\/a><\/li>\r\n<li><a href=\"https:\/\/sinoextrud.com\/product\/aluminum-extrusion-accessories\/\" target=\"_blank\">Aluminum Extrusion Accessories<\/a><\/li>\r\n<li><a href=\"https:\/\/sinoextrud.com\/product\/extruded-aluminum-brackets\/\" target=\"_blank\">Extruded Aluminum Brackets<\/a><\/li>\r\n<li><a href=\"https:\/\/sinoextrud.com\/product\/aluminium-extrusion-hinge\/\" target=\"_blank\">Aluminium Extrusion Hinge<\/a><\/li>\r\n<li><a href=\"https:\/\/sinoextrud.com\/product\/cnc-aluminium\/\" target=\"_blank\">Cnc Aluminium<\/a><\/li>\r\n<li><a href=\"https:\/\/sinoextrud.com\/product\/aluminum-trailer-door-frame-extrusions\/\" target=\"_blank\">Aluminum Trailer Door Frame Extrusions<\/a><\/li>\r\n<li><a href=\"https:\/\/sinoextrud.com\/product\/anodized-extruded-aluminum-j-channel\/\" target=\"_blank\">Anodized Extruded Aluminum J Channel<\/a><\/li>"},"feature_list":[]},"_links":{"self":[{"href":"https:\/\/sinoextrud.com\/fi\/wp-json\/wp\/v2\/product\/8587","targetHints":{"allow":["GET"]}}],"collection":[{"href":"https:\/\/sinoextrud.com\/fi\/wp-json\/wp\/v2\/product"}],"about":[{"href":"https:\/\/sinoextrud.com\/fi\/wp-json\/wp\/v2\/types\/product"}],"wp:featuredmedia":[{"embeddable":true,"href":"https:\/\/sinoextrud.com\/fi\/wp-json\/wp\/v2\/media\/8586"}],"wp:attachment":[{"href":"https:\/\/sinoextrud.com\/fi\/wp-json\/wp\/v2\/media?parent=8587"}],"wp:term":[{"taxonomy":"category","embeddable":true,"href":"https:\/\/sinoextrud.com\/fi\/wp-json\/wp\/v2\/categories?post=8587"}],"curies":[{"name":"wp","href":"https:\/\/api.w.org\/{rel}","templated":true}]}}