{"id":8579,"date":"2025-06-17T03:25:51","date_gmt":"2025-06-17T03:25:51","guid":{"rendered":"https:\/\/sinoextrud.com\/product\/cnc-aluminium-extrusion\/"},"modified":"2025-06-24T06:34:26","modified_gmt":"2025-06-24T06:34:26","slug":"cnc-alumiinin-puristaminen","status":"publish","type":"product","link":"https:\/\/sinoextrud.com\/fi\/product\/cnc-aluminium-extrusion\/","title":{"rendered":"CNC alumiinin puristaminen"},"content":{"rendered":"<h2>Tuotteiden tiedot<\/h2>\n<table class=\"custom-table\">\n<tbody>\n<tr>\n<td> Tuotteen nimi<\/td>\n<td> CNC alumiinin puristaminen<\/td>\n<\/tr>\n<tr>\n<td> Materiaali<\/td>\n<td> 6063-T5 tai muu mukautettu materiaali<\/td>\n<\/tr>\n<tr>\n<td> Paksuus<\/td>\n<td> 0.7mm-10mm<\/td>\n<\/tr>\n<tr>\n<td> Tarkkuusleikkauksen toleranssi<\/td>\n<td> \u22641m : \u00b10.25mm<br \/>\n1m&lt; : \u22642m, \u00b10.35mm<br \/>\n\u22652m : \u00b10.50mm<\/td>\n<\/tr>\n<tr>\n<td> Porauksen toleranssi<\/td>\n<td> \u00b10.15~0.20mm<\/td>\n<\/tr>\n<tr>\n<td> Tavallisen leikkauksen toleranssi<\/td>\n<td> \u00b110 ~ 0mm<\/td>\n<\/tr>\n<tr>\n<td> Tyypilliset sovellukset<\/td>\n<td> Teollisuus, koneiden osat, elektroniset kotelot jne.<\/td>\n<\/tr>\n<tr>\n<td> Mukautettu tyyppi<\/td>\n<td> Asiakkaan toimittama piirustus tai n\u00e4yte saatavilla<\/td>\n<\/tr>\n<tr>\n<td> Merkki<\/td>\n<td> Sinoextrud, Sinoextrud,, r\u00e4\u00e4t\u00e4l\u00f6ity tavaramerkki avalaibleble.<\/td>\n<\/tr>\n<tr>\n<td> Pintak\u00e4sittely<\/td>\n<td> Mill viimeistelty, anodisoitu, jauhemaalattu jne.<\/td>\n<\/tr>\n<tr>\n<td> MOQ<\/td>\n<td> 200Kgs<\/td>\n<\/tr>\n<tr>\n<td> Laatustandardi<\/td>\n<td> Keskitaso ja korkea laatutaso<\/td>\n<\/tr>\n<tr>\n<td> Todistukset<\/td>\n<td> ISO9001, ISO4001, CQM, SGS, CE, BV jne.<\/td>\n<\/tr>\n<tr>\n<td> Tehtaan tuotantokyky<\/td>\n<td> 15 000 tonnia kuukaudessa<\/td>\n<\/tr>\n<\/tbody>\n<\/table>\n<h2>Tuotantopohjamme<\/h2>\n<h3>Tehtaan panoraama<\/h3>\n<p><img decoding=\"async\" src=\"\/wp-content\/uploads\/factory-01.webp\"\/><\/p>\n<h3>Alumiini Bar Manufacturing Workshop<\/h3>\n<p><img decoding=\"async\" src=\"\/wp-content\/uploads\/factory-02.webp\"\/><\/p>\n<\/p>\n<p><img decoding=\"async\" src=\"\/wp-content\/uploads\/factory-03.webp\"\/><\/p>\n<h3>Muotin varastointi Varasto<\/h3>\n<p><img decoding=\"async\" src=\"\/wp-content\/uploads\/factory-04.webp\"\/><\/p>\n<h3>43 alumiinin ekstruusiolinjat (500-5500 tonnia)<\/h3>\n<p><img decoding=\"async\" src=\"\/wp-content\/uploads\/factory-05.webp\"\/><\/p>\n<p><img decoding=\"async\" src=\"\/wp-content\/uploads\/factory-06.webp\"\/><\/p>\n<p><img decoding=\"async\" src=\"\/wp-content\/uploads\/factory-07.webp\"\/><\/p>\n<h3>Jauhemaalaus ty\u00f6paja<\/h3>\n<p><img decoding=\"async\" src=\"\/wp-content\/uploads\/factory-09.webp\"\/><\/p>\n<h3>Anodisointi ty\u00f6paja<\/h3>\n<p><img decoding=\"async\" src=\"\/wp-content\/uploads\/factory-10.webp\"\/><\/p>\n<h3>Syv\u00e4k\u00e4sittelyn ty\u00f6paja<\/h3>\n<p><img decoding=\"async\" src=\"\/wp-content\/uploads\/factory-11.webp\"\/><\/p>\n<h3>CNC-tarkkuuskoneistus ty\u00f6paja<\/h3>\n<p><img decoding=\"async\" src=\"\/wp-content\/uploads\/factory-11.5.webp\"\/><\/p>\n<h3>Valmiiden tuotteiden ja vientivarasto<\/h3>\n<p><img decoding=\"async\" src=\"\/wp-content\/uploads\/factory-12.webp\"\/><\/p>\n<p><img decoding=\"async\" src=\"\/wp-content\/uploads\/factory-13.webp\"\/><\/p>\n<p><img decoding=\"async\" src=\"\/wp-content\/uploads\/factory-14.webp\"\/><\/p>\n<h2>FAQ<\/h2>\n<p><b>1.CNC Alumiini ekstruusio: Mik\u00e4 tekee CNC-alumiinipuristuksesta tarkan valmistusmenetelm\u00e4n?<\/b><\/p>\n<p>CNC-alumiinipuristaminen tarjoaa suurta tarkkuutta k\u00e4ytt\u00e4m\u00e4ll\u00e4 tietokoneohjattuja koneita monimutkaisten profiilien luomiseen tiukkojen toleranssien ja johdonmukaisuuden avulla.\n<\/p>\n<p><\/p>\n<p><b>2.Voiko CNC-alumiiniprofiilia r\u00e4\u00e4t\u00e4l\u00f6id\u00e4 tiettyihin sovelluksiin?<\/b><\/p>\n<p>Kyll\u00e4, CNC-alumiinipuristus voidaan r\u00e4\u00e4t\u00e4l\u00f6id\u00e4 erikokoiseksi, -muotoiseksi ja -malliseksi, joten se soveltuu monenlaisiin teollisiin sovelluksiin.\n<\/p>\n<p><\/p>\n<p><b>3.Miten CNC-alumiinipuristaminen hy\u00f6dytt\u00e4\u00e4 ilmailu- ja avaruusteollisuuden ja autoteollisuuden kaltaisia teollisuudenaloja?<\/b><\/p>\n<p>CNC-alumiinipuristus tarjoaa kevyit\u00e4, kest\u00e4vi\u00e4 materiaaleja, joissa on korkea tarkkuus, mik\u00e4 tekee siit\u00e4 ihanteellisen vaativiin sovelluksiin ilmailu- ja avaruusteollisuudessa, autoteollisuudessa ja muussa korkean suorituskyvyn teollisuudessa.\n<\/p>\n<p><\/p>\n<p><b>4.Mitk\u00e4 ovat alumiinin k\u00e4yt\u00f6n edut CNC-puristuksessa?<\/b><\/p>\n<p>Alumiini on kevytt\u00e4, vahvaa, korroosionkest\u00e4v\u00e4\u00e4 ja eritt\u00e4in monik\u00e4ytt\u00f6ist\u00e4, joten se on erinomainen valinta CNC-puristamiseen, sill\u00e4 se tarjoaa kest\u00e4vyytt\u00e4 ja joustavuutta eri sovelluksissa.\n<\/p>\n<p><\/p>\n<p><b>5.Onko CNC-alumiinipuristusprosessi tehokas suuren volyymin tuotantoa varten?<\/b><\/p>\n<p>Kyll\u00e4, CNC-alumiinipuristaminen on eritt\u00e4in tehokasta massatuotannossa, sill\u00e4 se takaa minimaalisen materiaalih\u00e4vikin ja nopeat l\u00e4pimenoajat s\u00e4ilytt\u00e4en samalla korkean tarkkuuden ja laadun.\n<\/p>\n<p><\/p>\n<p><b>6.Miten CNC-alumiinipuristaminen v\u00e4hent\u00e4\u00e4 materiaalij\u00e4tett\u00e4?<\/b><\/p>\n<p>CNC-alumiinipuristuksessa k\u00e4ytet\u00e4\u00e4n optimoituja leikkaus- ja muotoilutekniikoita, mik\u00e4 minimoi ylim\u00e4\u00e4r\u00e4isen materiaalih\u00e4vikin ja parantaa yleist\u00e4 kustannustehokkuutta.\n<\/p>\n<p><\/p>\n<p><b>7.Miksi CNC-alumiinipuristus soveltuu monimutkaisiin ja monimutkaisiin malleihin?<\/b><\/p>\n<p>CNC-alumiinipuristus mahdollistaa yksityiskohtaisten, r\u00e4\u00e4t\u00e4l\u00f6ityjen profiilien luomisen tarkoilla mitoilla, joten se on ihanteellinen eri teollisuudenaloilla tarvittavien monimutkaisten ja monimutkaisten mallien tuottamiseen.\n<\/p>\n<p><\/p>","protected":false},"featured_media":8578,"template":"","categories":[68],"class_list":["post-8579","product","type-product","status-publish","has-post-thumbnail","hentry","category-cnc-machining-aluminum-profile"],"meta_box":{"hilight_text_group":{"product_hilight_text":"<li>High precision and tight tolerances for complex aluminum extrusion profiles<\/li>\r\r\n<li>Customizable dimensions and designs to suit specific industrial needs<\/li>\r\r\n<li>Ideal for high-performance applications requiring lightweight, durable materials<\/li>\r\r\n<li>Efficient production process with minimal waste and fast turnaround time<\/li>\r\r\n<li>Versatile for a variety of industries including aerospace, automotive, and construction<\/li>","product_chanpin_blog":"<ul>\r\r\n<li><a href=\"https:\/\/sinoextrud.com\/t-slot-v-slot-differences\/\" target=\"_blank\">t slot vs v slot<\/a><\/li>\r\r\n<li><a href=\"https:\/\/sinoextrud.com\/what-is-4040-aluminium-extrud\/\" target=\"_blank\">4040 aluminium extrusion<\/a><\/li>\r\r\n<li><a href=\"https:\/\/sinoextrud.com\/what-is-4040-aluminium-extrud\/\" target=\"_blank\">aluminum extrusions for industrial racks<\/a><\/li>\r\r\n<li><a href=\"https:\/\/sinoextrud.com\/powder-coating-aluminium-process\/\" target=\"_blank\">powder coating aluminium<\/a><\/li>\r\r\n<li><a href=\"https:\/\/sinoextrud.com\/what-is-an-aluminium-strip-ceiling\/\" target=\"_blank\">aluminium strip ceiling<\/a><\/li>\r\r\n<li><a href=\"https:\/\/sinoextrud.com\/what-is-a-heat-sink\/\" target=\"_blank\">what is a heat sink<\/a><\/li>\r\r\n<\/ul>","product_chanpin_chanpin":"<li><a href=\"https:\/\/sinoextrud.com\/product\/custom-extruded-aluminum-enclosures-used-for-motor-shell\/\" target=\"_blank\">Custom Extruded Aluminum Enclosures Used For Motor Shell<\/a><\/li>\r\n<li><a href=\"https:\/\/sinoextrud.com\/product\/high-precision-aluminium-profiles\/\" target=\"_blank\">High Precision Aluminium Profiles<\/a><\/li>\r\n<li><a href=\"https:\/\/sinoextrud.com\/product\/joining-aluminium-extrusions\/\" target=\"_blank\">Joining Aluminium Extrusions<\/a><\/li>\r\n<li><a href=\"https:\/\/sinoextrud.com\/product\/profile-aluminum-cnc\/\" target=\"_blank\">Profile Aluminum CNC<\/a><\/li>\r\n<li><a href=\"https:\/\/sinoextrud.com\/product\/cnc-aluminium-extrusion\/\" target=\"_blank\">CNC Aluminium Extrusion<\/a><\/li>\r\n<li><a href=\"https:\/\/sinoextrud.com\/product\/extruded-aluminum-housing\/\" target=\"_blank\">Extruded Aluminum Housing<\/a><\/li>\r\n<li><a href=\"https:\/\/sinoextrud.com\/product\/aluminum-machining-round-tube-processing-by-aluminum-profile-cad-vs-aluminium-alloy-customized-anodized\/\" target=\"_blank\">aluminum machining round tube processing by aluminum profile cad  vs aluminium alloy Customized Anodized<\/a><\/li>\r\n<li><a href=\"https:\/\/sinoextrud.com\/product\/aluminium-profile-rail\/\" target=\"_blank\">Aluminium Profile Rail<\/a><\/li>\r\n<li><a href=\"https:\/\/sinoextrud.com\/product\/machined-aluminum-extrusion\/\" target=\"_blank\">Machined Aluminum Extrusion<\/a><\/li>\r\n<li><a href=\"https:\/\/sinoextrud.com\/product\/aluminium-v-slot-extrusion\/\" target=\"_blank\">Aluminium V Slot Extrusion<\/a><\/li>\r\n<li><a href=\"https:\/\/sinoextrud.com\/product\/anodized-aluminum-profile-kitchen-cabinet-frame\/\" target=\"_blank\">Anodized Aluminum Profile Kitchen Cabinet Frame<\/a><\/li>"},"feature_list":[]},"_links":{"self":[{"href":"https:\/\/sinoextrud.com\/fi\/wp-json\/wp\/v2\/product\/8579","targetHints":{"allow":["GET"]}}],"collection":[{"href":"https:\/\/sinoextrud.com\/fi\/wp-json\/wp\/v2\/product"}],"about":[{"href":"https:\/\/sinoextrud.com\/fi\/wp-json\/wp\/v2\/types\/product"}],"wp:featuredmedia":[{"embeddable":true,"href":"https:\/\/sinoextrud.com\/fi\/wp-json\/wp\/v2\/media\/8578"}],"wp:attachment":[{"href":"https:\/\/sinoextrud.com\/fi\/wp-json\/wp\/v2\/media?parent=8579"}],"wp:term":[{"taxonomy":"category","embeddable":true,"href":"https:\/\/sinoextrud.com\/fi\/wp-json\/wp\/v2\/categories?post=8579"}],"curies":[{"name":"wp","href":"https:\/\/api.w.org\/{rel}","templated":true}]}}