{"id":8566,"date":"2025-06-17T03:13:46","date_gmt":"2025-06-17T03:13:46","guid":{"rendered":"https:\/\/sinoextrud.com\/product\/circular-aluminum-extrusions\/"},"modified":"2025-06-24T06:34:22","modified_gmt":"2025-06-24T06:34:22","slug":"pyoreat-alumiiniprofiilit-2","status":"publish","type":"product","link":"https:\/\/sinoextrud.com\/fi\/product\/circular-aluminum-extrusions\/","title":{"rendered":"Py\u00f6re\u00e4t alumiiniprofiilit"},"content":{"rendered":"<h2>Tuotteiden tiedot<\/h2>\n<table class=\"custom-table\">\n<tbody>\n<tr>\n<td> Nimi<\/td>\n<td> Py\u00f6re\u00e4t alumiiniprofiilit<\/td>\n<\/tr>\n<tr>\n<td> Merkki<\/td>\n<td> Sinoextrud\/<\/td>\n<\/tr>\n<tr>\n<td> Luokka<\/td>\n<td> Alumiini suulakepuristus<\/td>\n<\/tr>\n<tr>\n<td> Materiaali<\/td>\n<td> 6000-sarjan alumiiniseos<\/td>\n<\/tr>\n<tr>\n<td> Temper<\/td>\n<td> T5-T8<\/td>\n<\/tr>\n<tr>\n<td> Pituus<\/td>\n<td> Piirustuksen mukaisesti<\/td>\n<\/tr>\n<tr>\n<td> Koko (mm)<\/td>\n<td> R\u00e4\u00e4t\u00e4l\u00f6ity<\/td>\n<\/tr>\n<tr>\n<td> Muoto<\/td>\n<td> Py\u00f6re\u00e4<\/td>\n<\/tr>\n<tr>\n<td> Pintak\u00e4sittely<\/td>\n<td> Tehopinnoitus; Myllyss\u00e4 viimeistelty, anodisoitu, hiekkapuhallus, elektroforeesi on my\u00f6s saatavana.<\/td>\n<\/tr>\n<tr>\n<td> V\u00e4ri<\/td>\n<td> Hopea, musta, kulta, Champange, pronssi, punainen. sininen ja voimme r\u00e4\u00e4t\u00e4l\u00f6id\u00e4 v\u00e4rej\u00e4 asiakkaiden n\u00e4ytteiden perusteella.<\/td>\n<\/tr>\n<tr>\n<td> Takuu<\/td>\n<td> BV , TUV , ISO<\/td>\n<\/tr>\n<tr>\n<td> Standardi<\/td>\n<td> Keskitaso ja korkea laatu<\/td>\n<\/tr>\n<tr>\n<td> MOQ<\/td>\n<td> 200KGS kutakin kohdetta kohti<\/td>\n<\/tr>\n<tr>\n<td> Osoitteesta<\/td>\n<td> Guangdong, Kiina<\/td>\n<\/tr>\n<tr>\n<td> Hakemus<\/td>\n<td> Teollisuus, rakentaminen, sisustus<\/td>\n<\/tr>\n<tr>\n<td> Syv\u00e4prosessointi<\/td>\n<td> Leikkaus, poraus, ty\u00f6st\u00f6, l\u00e4vistys, taivutus, napauttaminen jne.<\/td>\n<\/tr>\n<tr>\n<td> Paketti<\/td>\n<td> Sis\u00e4ll\u00e4 suojakalvo, kutistemuovi tai PE-vaahtomuovi. Ulkopuolella laatikko, kartonki tai puukehys tai r\u00e4\u00e4t\u00e4l\u00f6inti.<\/td>\n<\/tr>\n<tr>\n<td> Toimitusaika<\/td>\n<td> Muotin kehitt\u00e4minen ja n\u00e4ytteen muotoilu on 12-18 p\u00e4iv\u00e4\u00e4, sitten tuotannon kesto on 25-30 p\u00e4iv\u00e4\u00e4 ostajan talletuksen vastaanottamisen j\u00e4lkeen.<\/td>\n<\/tr>\n<tr>\n<td> Tuotteen kapasiteetti<\/td>\n<td> 15,000+ tonnia \/ kuukausi<\/td>\n<\/tr>\n<\/tbody>\n<\/table>\n<h2>Tuotantopohjamme<\/h2>\n<h3>Tehtaan panoraama<\/h3>\n<p><img decoding=\"async\" src=\"\/wp-content\/uploads\/factory-01.webp\"\/><\/p>\n<h3>Alumiini Bar Manufacturing Workshop<\/h3>\n<p><img decoding=\"async\" src=\"\/wp-content\/uploads\/factory-02.webp\"\/><\/p>\n<p><img decoding=\"async\" src=\"\/wp-content\/uploads\/factory-03.webp\"\/><\/p>\n<h3>Muotin varastointi Varasto<\/h3>\n<p><img decoding=\"async\" src=\"\/wp-content\/uploads\/factory-04.webp\"\/><\/p>\n<h3>43 Alumiini ekstruusiolinjat (500\u00e2 5500 tonnia)<\/h3>\n<p><img decoding=\"async\" src=\"\/wp-content\/uploads\/factory-05.webp\"\/><\/p>\n<p><img decoding=\"async\" src=\"\/wp-content\/uploads\/factory-06.webp\"\/><\/p>\n<p><img decoding=\"async\" src=\"\/wp-content\/uploads\/factory-07.webp\"\/><\/p>\n<h3>Jauhemaalaus ty\u00f6paja<\/h3>\n<p><img decoding=\"async\" src=\"\/wp-content\/uploads\/factory-09.webp\"\/><\/p>\n<h3>Anodisointi ty\u00f6paja<\/h3>\n<p><img decoding=\"async\" src=\"\/wp-content\/uploads\/factory-10.webp\"\/><\/p>\n<h3>Syv\u00e4k\u00e4sittelyn ty\u00f6paja<\/h3>\n<p><img decoding=\"async\" src=\"\/wp-content\/uploads\/factory-11.webp\"\/><\/p>\n<h3>CNC-tarkkuuskoneistus ty\u00f6paja<\/h3>\n<p><img decoding=\"async\" src=\"\/wp-content\/uploads\/factory-11.5.webp\"\/><\/p>\n<h3>Valmiiden tuotteiden ja vientivarasto<\/h3>\n<p><img decoding=\"async\" src=\"\/wp-content\/uploads\/factory-12.webp\"\/><\/p>\n<p><img decoding=\"async\" src=\"\/wp-content\/uploads\/factory-13.webp\"\/><\/p>\n<p><img decoding=\"async\" src=\"\/wp-content\/uploads\/factory-14.webp\"\/><\/p>\n<h2>FAQ<\/h2>\n<p><p><b>1.What ovat py\u00f6re\u00e4t alumiiniprofiilit?<\/b><\/p>\n<p>Py\u00f6re\u00e4t alumiiniprofiilit ovat suulakepuristusprosessilla valmistettuja alumiiniprofiileja, joissa on py\u00f6re\u00e4t poikkileikkaukset ja jotka tarjoavat suurta lujuutta, kest\u00e4vyytt\u00e4 ja monipuolisuutta useilla teollisuudenaloilla.<br \/>\n<\/p><br \/>\n<br \/>\n<p><b>2.Miksi valita py\u00f6re\u00e4t alumiiniprofiilit?<\/b><\/p>\n<p>Py\u00f6re\u00e4t alumiiniprofiilit ovat kevyit\u00e4, korroosionkest\u00e4vi\u00e4 ja tarjoavat kustannustehokkaan ratkaisun r\u00e4\u00e4t\u00e4l\u00f6ityihin profiileihin eri sovelluksissa, kuten autoteollisuudessa ja rakentamisessa.<br \/>\n<\/p><br \/>\n<br \/>\n<p><b>3.Kuinka tarkkoja ovat py\u00f6re\u00e4t alumiiniprofiilit?<\/b><\/p>\n<p>Py\u00f6re\u00e4t alumiiniprofiilit valmistetaan suurella tarkkuudella, mik\u00e4 takaa erinomaisen mittatarkkuuden ja tiukat toleranssit erilaisiin sovelluksiin.<br \/>\n<\/p><br \/>\n<br \/>\n<p><b>4.Can py\u00f6re\u00e4 alumiini suulakepuristeet r\u00e4\u00e4t\u00e4l\u00f6id\u00e4?<\/b><\/p>\n<p>Kyll\u00e4, py\u00f6reit\u00e4 alumiiniprofiileja voidaan helposti r\u00e4\u00e4t\u00e4l\u00f6id\u00e4 koon, muodon ja muotoilun osalta eri teollisuudenalojen ja hankkeiden erityisvaatimusten t\u00e4ytt\u00e4miseksi.<br \/>\n<\/p><br \/>\n<br \/>\n<p><b>5.What teollisuudenalat k\u00e4ytt\u00e4v\u00e4t py\u00f6reit\u00e4 alumiiniprofiileja?<\/b><\/p>\n<p>Teollisuudenalat, kuten autoteollisuus, rakentaminen, valmistus ja elektroniikka, k\u00e4ytt\u00e4v\u00e4t py\u00f6reit\u00e4 alumiiniprofiileja niiden lujuuden, keveyden ja monipuolisen suunnittelun vuoksi.<br \/>\n<\/p><br \/>\n<br \/>\n<p><b>6.Kuinka nopeasti py\u00f6reiden alumiiniprofiilien tuotanto on?<\/b><\/p>\n<p>Py\u00f6reiden alumiiniprofiilien tuotanto on nopeaa ja tehokasta, mik\u00e4 takaa nopeat l\u00e4pimenoajat s\u00e4ilytt\u00e4en samalla korkeat laatuvaatimukset.<br \/>\n<\/p><br \/>\n<br \/>\n<p><b>7.Are py\u00f6re\u00e4 alumiini ekstruusiot kustannustehokas?<\/b><\/p>\n<p>Kyll\u00e4, py\u00f6re\u00e4t alumiiniprofiilit ovat kustannustehokkaita ja tarjoavat kilpailukykyisen hinnoittelun ja korkean suorituskyvyn, mik\u00e4 tekee niist\u00e4 ensisijaisen valinnan monenlaisiin sovelluksiin.<br \/>\n<\/p><br \/><\/p>","protected":false},"featured_media":8565,"template":"","categories":[68],"class_list":["post-8566","product","type-product","status-publish","has-post-thumbnail","hentry","category-cnc-machining-aluminum-profile"],"meta_box":{"hilight_text_group":{"product_hilight_text":"<li>High-strength and durable circular aluminum extrusions<\/li>\r\r\n<li>Customizable sizes and shapes to meet specific design needs<\/li>\r\r\n<li>Corrosion-resistant and lightweight material ideal for various applications<\/li>\r\r\n<li>Fast and efficient production with tight tolerances<\/li>\r\r\n<li>Perfect for industries like automotive, construction, and manufacturing<\/li>\r\r\n<li>Superior surface finish and dimensional accuracy<\/li>","product_chanpin_blog":"<ul>\r\r\n<li><a href=\"https:\/\/sinoextrud.com\/t-slot-v-slot-differences\/\" target=\"_blank\">t slot vs v slot<\/a><\/li>\r\r\n<li><a href=\"https:\/\/sinoextrud.com\/what-is-4040-aluminium-extrud\/\" target=\"_blank\">4040 aluminium extrusion<\/a><\/li>\r\r\n<li><a href=\"https:\/\/sinoextrud.com\/what-is-4040-aluminium-extrud\/\" target=\"_blank\">aluminum extrusions for industrial racks<\/a><\/li>\r\r\n<li><a href=\"https:\/\/sinoextrud.com\/powder-coating-aluminium-process\/\" target=\"_blank\">powder coating aluminium<\/a><\/li>\r\r\n<li><a href=\"https:\/\/sinoextrud.com\/what-is-an-aluminium-strip-ceiling\/\" target=\"_blank\">aluminium strip ceiling<\/a><\/li>\r\r\n<li><a href=\"https:\/\/sinoextrud.com\/what-is-a-heat-sink\/\" target=\"_blank\">what is a heat sink<\/a><\/li>\r\r\n<\/ul>","product_chanpin_chanpin":"<li><a href=\"https:\/\/sinoextrud.com\/product\/custom-finishing-aluminum-extrusion-profile-fabrication-and-cnc-machining\/\" target=\"_blank\">Custom Finishing Aluminum Extrusion Profile Fabrication and CNC Machining<\/a><\/li>\r\n<li><a href=\"https:\/\/sinoextrud.com\/product\/special-aluminium-extrusions\/\" target=\"_blank\">Special Aluminium Extrusions<\/a><\/li>\r\n<li><a href=\"https:\/\/sinoextrud.com\/product\/cutting-aluminium-extrusion\/\" target=\"_blank\">Cutting Aluminium Extrusion<\/a><\/li>\r\n<li><a href=\"https:\/\/sinoextrud.com\/product\/cnc-machining-aluminum-profiles\/\" target=\"_blank\">CNC Machining Aluminum Profiles<\/a><\/li>\r\n<li><a href=\"https:\/\/sinoextrud.com\/product\/circular-aluminum-extrusions\/\" target=\"_blank\">Circular Aluminum Extrusions<\/a><\/li>\r\n<li><a href=\"https:\/\/sinoextrud.com\/product\/cnc-aluminium-profile\/\" target=\"_blank\">CNC aluminium profile<\/a><\/li>\r\n<li><a href=\"https:\/\/sinoextrud.com\/product\/custom-extruded-aluminum-enclosures-used-for-motor-shell\/\" target=\"_blank\">Custom Extruded Aluminum Enclosures Used For Motor Shell<\/a><\/li>\r\n<li><a href=\"https:\/\/sinoextrud.com\/product\/high-precision-aluminium-profiles\/\" target=\"_blank\">High Precision Aluminium Profiles<\/a><\/li>\r\n<li><a href=\"https:\/\/sinoextrud.com\/product\/joining-aluminium-extrusions\/\" target=\"_blank\">Joining Aluminium Extrusions<\/a><\/li>\r\n<li><a href=\"https:\/\/sinoextrud.com\/product\/aluminum-cnc\/\" target=\"_blank\">Aluminum CNC<\/a><\/li>\r\n<li><a href=\"https:\/\/sinoextrud.com\/product\/aluminum-handle-profile\/\" target=\"_blank\">Aluminum Handle Profile<\/a><\/li>"},"feature_list":[]},"_links":{"self":[{"href":"https:\/\/sinoextrud.com\/fi\/wp-json\/wp\/v2\/product\/8566","targetHints":{"allow":["GET"]}}],"collection":[{"href":"https:\/\/sinoextrud.com\/fi\/wp-json\/wp\/v2\/product"}],"about":[{"href":"https:\/\/sinoextrud.com\/fi\/wp-json\/wp\/v2\/types\/product"}],"wp:featuredmedia":[{"embeddable":true,"href":"https:\/\/sinoextrud.com\/fi\/wp-json\/wp\/v2\/media\/8565"}],"wp:attachment":[{"href":"https:\/\/sinoextrud.com\/fi\/wp-json\/wp\/v2\/media?parent=8566"}],"wp:term":[{"taxonomy":"category","embeddable":true,"href":"https:\/\/sinoextrud.com\/fi\/wp-json\/wp\/v2\/categories?post=8566"}],"curies":[{"name":"wp","href":"https:\/\/api.w.org\/{rel}","templated":true}]}}