{"id":8556,"date":"2025-06-17T03:04:09","date_gmt":"2025-06-17T03:04:09","guid":{"rendered":"https:\/\/sinoextrud.com\/product\/aluminum-enclosure-housing-and-shell\/"},"modified":"2025-06-24T06:24:21","modified_gmt":"2025-06-24T06:24:21","slug":"alumiininen-kotelo-ja-kuori","status":"publish","type":"product","link":"https:\/\/sinoextrud.com\/fi\/product\/aluminum-enclosure-housing-and-shell\/","title":{"rendered":"Alumiinikotelo Kotelo ja kuori"},"content":{"rendered":"<h2>Tuotteiden tiedot<\/h2>\n<table class=\"custom-table\">\n<tr>\n<td class=\"label\">Malli NO.:<\/td>\n<td> OEM alumiini kotelo kotelo ja kuori<\/td>\n<\/tr>\n<tr>\n<td class=\"label\">Sertifiointi:<\/td>\n<td> CE, RoHS, SGS, ISO9001.<\/td>\n<\/tr>\n<tr>\n<td class=\"label\">Materiaali:<\/td>\n<td> Metalli<\/td>\n<\/tr>\n<tr>\n<td class=\"label\">Tuotteen nimi:<\/td>\n<td> CNC-jyrsinn\u00e4n k\u00e4sittely<\/td>\n<\/tr>\n<tr>\n<td class=\"label\">Pintak\u00e4sittely:<\/td>\n<td> Maalaus, hiekkapuhallus, anodisointi jne.<\/td>\n<\/tr>\n<tr>\n<td class=\"label\">MOQ:<\/td>\n<td> 1 kpl<\/td>\n<\/tr>\n<tr>\n<td class=\"label\">Laadunvalvonta:<\/td>\n<td> T\u00e4ydellinen laadunvalvonta<\/td>\n<\/tr>\n<tr>\n<td class=\"label\">T\u00e4rkeimm\u00e4t ominaisuudet:<\/td>\n<td> Tarkka koko, v\u00e4rik\u00e4s<\/td>\n<\/tr>\n<tr>\n<td class=\"label\">Tavaramerkki:<\/td>\n<td> OEM<\/td>\n<\/tr>\n<tr>\n<td class=\"label\">Tekniset tiedot:<\/td>\n<td> OEM<\/td>\n<\/tr>\n<tr>\n<td class=\"label\">Kunto:<\/td>\n<td> Uusi<\/td>\n<\/tr>\n<tr>\n<td class=\"label\">R\u00e4\u00e4t\u00e4l\u00f6ity:<\/td>\n<td> R\u00e4\u00e4t\u00e4l\u00f6ity<\/td>\n<\/tr>\n<tr>\n<td class=\"label\">Sovellus:<\/td>\n<td> Metallien kierr\u00e4tyskone, metallinleikkauskone, metallien k\u00e4sittelykoneiden osat, metallikaiverruslaitteet, metallivalukoneet, metallivalukoneet<\/td>\n<\/tr>\n<tr>\n<td class=\"label\">Avainsana:<\/td>\n<td> CNC-jyrsinn\u00e4n k\u00e4sittely<\/td>\n<\/tr>\n<tr>\n<td class=\"label\">Tehtaan sijainti:<\/td>\n<td> Shenzhen Kiina<\/td>\n<\/tr>\n<tr>\n<td class=\"label\">N\u00e4yte:<\/td>\n<td> Saatavilla<\/td>\n<\/tr>\n<tr>\n<td class=\"label\">Ty\u00f6skentelyn sietokyky:<\/td>\n<td> +\/- 0,02 mm<\/td>\n<\/tr>\n<tr>\n<td class=\"label\">OEM\/ODM:<\/td>\n<td> Hyv\u00e4ksytt\u00e4v\u00e4<\/td>\n<\/tr>\n<tr>\n<td class=\"label\">Kuljetuspaketti:<\/td>\n<td> Kartonkilaatikko jokaiselle kappaleelle, asiakkaiden pyynn\u00f6st\u00e4<\/td>\n<\/tr>\n<tr>\n<td class=\"label\">Alkuper\u00e4:<\/td>\n<td> Foshan, guangdong, Kiina<\/td>\n<\/tr>\n<\/table>\n<h2>Tuotantopohjamme<\/h2>\n<h3>Tehtaan panoraama<\/h3>\n<p><img decoding=\"async\" src=\"\/wp-content\/uploads\/factory-01.webp\"\/><\/p>\n<h3>Alumiini Bar Manufacturing Workshop<\/h3>\n<p><img decoding=\"async\" src=\"\/wp-content\/uploads\/factory-02.webp\"\/><\/p>\n<\/p>\n<p><img decoding=\"async\" src=\"\/wp-content\/uploads\/factory-03.webp\"\/><\/p>\n<h3>Muotin varastointi Varasto<\/h3>\n<p><img decoding=\"async\" src=\"\/wp-content\/uploads\/factory-04.webp\"\/><\/p>\n<h3>43 alumiinin ekstruusiolinjat (500-5500 tonnia)<\/h3>\n<p><img decoding=\"async\" src=\"\/wp-content\/uploads\/factory-05.webp\"\/><\/p>\n<p><img decoding=\"async\" src=\"\/wp-content\/uploads\/factory-06.webp\"\/><\/p>\n<p><img decoding=\"async\" src=\"\/wp-content\/uploads\/factory-07.webp\"\/><\/p>\n<h3>Jauhemaalaus ty\u00f6paja<\/h3>\n<p><img decoding=\"async\" src=\"\/wp-content\/uploads\/factory-09.webp\"\/><\/p>\n<h3>Anodisointi ty\u00f6paja<\/h3>\n<p><img decoding=\"async\" src=\"\/wp-content\/uploads\/factory-10.webp\"\/><\/p>\n<h3>Syv\u00e4k\u00e4sittelyn ty\u00f6paja<\/h3>\n<p><img decoding=\"async\" src=\"\/wp-content\/uploads\/factory-11.webp\"\/><\/p>\n<h3>CNC-tarkkuuskoneistus ty\u00f6paja<\/h3>\n<p><img decoding=\"async\" src=\"\/wp-content\/uploads\/factory-11.5.webp\"\/><\/p>\n<h3>Valmiiden tuotteiden ja vientivarasto<\/h3>\n<p><img decoding=\"async\" src=\"\/wp-content\/uploads\/factory-12.webp\"\/><\/p>\n<p><img decoding=\"async\" src=\"\/wp-content\/uploads\/factory-13.webp\"\/><\/p>\n<p><img decoding=\"async\" src=\"\/wp-content\/uploads\/factory-14.webp\"\/><\/p>\n<h2>FAQ<\/h2>\n<p><b>1.Aluminum kotelo Kotelo ja Shell: Mik\u00e4 tekee alumiinista hyv\u00e4n materiaalin kotelon koteloon?<\/b><\/p>\n<p>Alumiini tarjoaa yhdistelm\u00e4n lujuutta, keveytt\u00e4 ja erinomaista korroosionkest\u00e4vyytt\u00e4, joten se on ihanteellinen elektronisten komponenttien suojaamiseen.\n<\/p>\n<p><\/p>\n<p><b>2.Miten alumiinin korroosionkest\u00e4vyys hy\u00f6dytt\u00e4\u00e4 kotelointia?<\/b><\/p>\n<p>Alumiinin korroosionkest\u00e4vyys takaa, ett\u00e4 kotelo s\u00e4ilytt\u00e4\u00e4 eheytens\u00e4 ja ulkon\u00e4k\u00f6ns\u00e4 my\u00f6s vaikeissa ymp\u00e4rist\u00f6olosuhteissa, mik\u00e4 pident\u00e4\u00e4 elektroniikan k\u00e4ytt\u00f6ik\u00e4\u00e4.\n<\/p>\n<p><\/p>\n<p><b>3.Voiko alumiinikoteloita r\u00e4\u00e4t\u00e4l\u00f6id\u00e4 erityistarpeisiin?<\/b><\/p>\n<p>Kyll\u00e4, alumiinikotelot voidaan r\u00e4\u00e4t\u00e4l\u00f6id\u00e4 koon, muodon ja viimeistelyn osalta vastaamaan erilaisten teollisuussovellusten ainutlaatuisia vaatimuksia.\n<\/p>\n<p><\/p>\n<p><b>4.Mitk\u00e4 teollisuudenalat hy\u00f6tyv\u00e4t alumiinikotelon k\u00e4yt\u00f6st\u00e4?<\/b><\/p>\n<p>Elektroniikka-, televiestint\u00e4-, ilmailu- ja avaruusteollisuus sek\u00e4 automaatioala hy\u00f6tyv\u00e4t alumiinikoteloiden tarjoamasta kest\u00e4vyydest\u00e4, lujuudesta ja suojasta.\n<\/p>\n<p><\/p>\n<p><b>5.Miten alumiini auttaa l\u00e4mm\u00f6nsiirtoa koteloissa?<\/b><\/p>\n<p>Alumiinin erinomaisen l\u00e4mm\u00f6njohtavuuden ansiosta se pystyy tehokkaasti johtamaan l\u00e4mp\u00f6\u00e4, mik\u00e4 est\u00e4\u00e4 ylikuumenemisen ja yll\u00e4pit\u00e4\u00e4 koteloidun elektroniikan optimaalisen suorituskyvyn.\n<\/p>\n<p><\/p>\n<p><b>6.Onko alumiini kevyt verrattuna muihin koteloissa k\u00e4ytett\u00e4viin materiaaleihin?<\/b><\/p>\n<p>Alumiini on huomattavasti kevyempi kuin monet muut materiaalit, joten sit\u00e4 on helpompi k\u00e4sitell\u00e4, kuljettaa ja integroida erilaisiin j\u00e4rjestelmiin.\n<\/p>\n<p><\/p>\n<p><b>7.Miten alumiinikoteloiden r\u00e4\u00e4t\u00e4l\u00f6it\u00e4vyys parantaa niiden k\u00e4ytt\u00f6\u00e4 teollisissa sovelluksissa?<\/b><\/p>\n<p>R\u00e4\u00e4t\u00e4l\u00f6innin ansiosta alumiinikotelot voidaan r\u00e4\u00e4t\u00e4l\u00f6id\u00e4 tiettyihin komponentteihin sopiviksi, mik\u00e4 takaa t\u00e4ydellisen istuvuuden ja maksimoi tehokkuuden erilaisissa teollisissa sovelluksissa.\n<\/p>\n<p><\/p>\n<p><b>8.Mitk\u00e4 ovat t\u00e4rkeimm\u00e4t edut, joita alumiinikoteloiden k\u00e4ytt\u00f6 tarjoaa muoviin tai ter\u00e4kseen verrattuna?<\/b><\/p>\n<p>Alumiini tarjoaa ylivoimaisen lujuus-painosuhteen, erinomaisen korroosionkest\u00e4vyyden ja paremmat l\u00e4mm\u00f6nsiirto-ominaisuudet verrattuna muoviin ja ter\u00e4kseen, mink\u00e4 vuoksi se on ensisijainen valinta moniin sovelluksiin.\n<\/p>\n<p><\/p>","protected":false},"featured_media":8555,"template":"","categories":[68],"class_list":["post-8556","product","type-product","status-publish","has-post-thumbnail","hentry","category-cnc-machining-aluminum-profile"],"meta_box":{"hilight_text_group":{"product_hilight_text":"<li>Durable aluminum enclosure housing offers strong protection for sensitive electronic components.<\/li>\r\r\n<li>Lightweight yet sturdy, providing a balance of strength and portability for various applications.<\/li>\r\r\n<li>Excellent corrosion resistance, making it suitable for both indoor and outdoor use.<\/li>\r\r\n<li>Customizable sizes and designs to meet specific industrial or application requirements.<\/li>\r\r\n<li>Efficient heat dissipation properties help protect electronics from overheating and damage.<\/li>","product_chanpin_blog":"<ul>\r\r\n<li><a href=\"https:\/\/sinoextrud.com\/t-slot-v-slot-differences\/\" target=\"_blank\">t slot vs v slot<\/a><\/li>\r\r\n<li><a href=\"https:\/\/sinoextrud.com\/what-is-4040-aluminium-extrud\/\" target=\"_blank\">4040 aluminium extrusion<\/a><\/li>\r\r\n<li><a href=\"https:\/\/sinoextrud.com\/what-is-4040-aluminium-extrud\/\" target=\"_blank\">aluminum extrusions for industrial racks<\/a><\/li>\r\r\n<li><a href=\"https:\/\/sinoextrud.com\/powder-coating-aluminium-process\/\" target=\"_blank\">powder coating aluminium<\/a><\/li>\r\r\n<li><a href=\"https:\/\/sinoextrud.com\/what-is-an-aluminium-strip-ceiling\/\" target=\"_blank\">aluminium strip ceiling<\/a><\/li>\r\r\n<li><a href=\"https:\/\/sinoextrud.com\/what-is-a-heat-sink\/\" target=\"_blank\">what is a heat sink<\/a><\/li>\r\r\n<\/ul>","product_chanpin_chanpin":"<li><a href=\"https:\/\/sinoextrud.com\/product\/item-modular-aluminium-profile-system\/\" target=\"_blank\">Item Modular Aluminium Profile System<\/a><\/li>\r\n<li><a href=\"https:\/\/sinoextrud.com\/product\/small-aluminium-extrusions\/\" target=\"_blank\">Small Aluminium Extrusions<\/a><\/li>\r\n<li><a href=\"https:\/\/sinoextrud.com\/product\/cnc-industrial-aluminum-profiler\/\" target=\"_blank\">CNC Industrial Aluminum Profiler<\/a><\/li>\r\n<li><a href=\"https:\/\/sinoextrud.com\/product\/cnc-machine-for-aluminum-profiles\/\" target=\"_blank\">CNC Machine For Aluminum Profiles<\/a><\/li>\r\n<li><a href=\"https:\/\/sinoextrud.com\/product\/aluminum-enclosure-housing-and-shell\/\" target=\"_blank\">Aluminum Enclosure Housing And Shell<\/a><\/li>\r\n<li><a href=\"https:\/\/sinoextrud.com\/product\/custom-finishing-aluminum-extrusion-profile-fabrication-and-cnc-machining\/\" target=\"_blank\">Custom Finishing Aluminum Extrusion Profile Fabrication and CNC Machining<\/a><\/li>\r\n<li><a href=\"https:\/\/sinoextrud.com\/product\/special-aluminium-extrusions\/\" target=\"_blank\">Special Aluminium Extrusions<\/a><\/li>\r\n<li><a href=\"https:\/\/sinoextrud.com\/product\/cutting-aluminium-extrusion\/\" target=\"_blank\">Cutting Aluminium Extrusion<\/a><\/li>\r\n<li><a href=\"https:\/\/sinoextrud.com\/product\/cnc-machining-aluminum-profiles\/\" target=\"_blank\">CNC Machining Aluminum Profiles<\/a><\/li>\r\n<li><a href=\"https:\/\/sinoextrud.com\/product\/2020-aluminum-extrusion-t-slot-aluminum-extrusion\/\" target=\"_blank\">2020 Aluminum Extrusion T Slot Aluminum Extrusion<\/a><\/li>\r\n<li><a href=\"https:\/\/sinoextrud.com\/product\/aluminium-lipped-channel-extrusions\/\" target=\"_blank\">Aluminium Lipped Channel Extrusions<\/a><\/li>"},"feature_list":[]},"_links":{"self":[{"href":"https:\/\/sinoextrud.com\/fi\/wp-json\/wp\/v2\/product\/8556","targetHints":{"allow":["GET"]}}],"collection":[{"href":"https:\/\/sinoextrud.com\/fi\/wp-json\/wp\/v2\/product"}],"about":[{"href":"https:\/\/sinoextrud.com\/fi\/wp-json\/wp\/v2\/types\/product"}],"wp:featuredmedia":[{"embeddable":true,"href":"https:\/\/sinoextrud.com\/fi\/wp-json\/wp\/v2\/media\/8555"}],"wp:attachment":[{"href":"https:\/\/sinoextrud.com\/fi\/wp-json\/wp\/v2\/media?parent=8556"}],"wp:term":[{"taxonomy":"category","embeddable":true,"href":"https:\/\/sinoextrud.com\/fi\/wp-json\/wp\/v2\/categories?post=8556"}],"curies":[{"name":"wp","href":"https:\/\/api.w.org\/{rel}","templated":true}]}}