{"id":8550,"date":"2025-06-17T02:58:38","date_gmt":"2025-06-17T02:58:38","guid":{"rendered":"https:\/\/sinoextrud.com\/product\/small-aluminium-extrusions\/"},"modified":"2025-06-24T06:24:15","modified_gmt":"2025-06-24T06:24:15","slug":"pienet-alumiiniprofiilit","status":"publish","type":"product","link":"https:\/\/sinoextrud.com\/fi\/product\/small-aluminium-extrusions\/","title":{"rendered":"Pienet alumiiniprofiilit"},"content":{"rendered":"<h2>Tuotteiden tiedot<\/h2>\n<table class=\"custom-table\">\n<tbody>\n<tr>\n<td> Nimi<\/td>\n<td> Pienet alumiiniprofiilit<\/td>\n<\/tr>\n<tr>\n<td> Merkki<\/td>\n<td> Sinoextrud\/<\/td>\n<\/tr>\n<tr>\n<td> Luokka<\/td>\n<td> Alumiini suulakepuristus<\/td>\n<\/tr>\n<tr>\n<td> Materiaali<\/td>\n<td> Alumiiniseos (6063, 6061, 6464, 6082), 1000 ja 3000-sarja on saatavana.<\/td>\n<\/tr>\n<tr>\n<td> Temper<\/td>\n<td> T5-T8<\/td>\n<\/tr>\n<tr>\n<td> Pituus<\/td>\n<td> Piirustuksen mukaisesti<\/td>\n<\/tr>\n<tr>\n<td> Koko (mm)<\/td>\n<td> Eri koko on saatavana, asiakkaan piirustus on saatavana<\/td>\n<\/tr>\n<tr>\n<td> Muoto<\/td>\n<td> Erilaiset pienet muodot asiakkaan vaatimuksen mukaan<\/td>\n<\/tr>\n<tr>\n<td> Pintak\u00e4sittely<\/td>\n<td> Tehopinnoitus; Myllyss\u00e4 viimeistelty, anodisoitu, hiekkapuhallus, elektroforeesi on my\u00f6s saatavana.<\/td>\n<\/tr>\n<tr>\n<td> V\u00e4ri<\/td>\n<td> Hopea, musta, kulta, Champange, pronssi, punainen. sininen ja voimme r\u00e4\u00e4t\u00e4l\u00f6id\u00e4 v\u00e4rej\u00e4 asiakkaiden n\u00e4ytteiden perusteella.<\/td>\n<\/tr>\n<tr>\n<td> Takuu<\/td>\n<td> BV , TUV , ISO<\/td>\n<\/tr>\n<tr>\n<td> Standardi<\/td>\n<td> Keskitaso ja korkea laatu<\/td>\n<\/tr>\n<tr>\n<td> MOQ<\/td>\n<td> 200KGS kutakin kohdetta kohti<\/td>\n<\/tr>\n<tr>\n<td> Osoitteesta<\/td>\n<td> Guangdong, Kiina<\/td>\n<\/tr>\n<tr>\n<td> Hakemus<\/td>\n<td> Teollisuus, rakentaminen, kodin sisustus<\/td>\n<\/tr>\n<tr>\n<td> Syv\u00e4prosessointi<\/td>\n<td> Leikkaus, poraus, ty\u00f6st\u00f6, l\u00e4vistys, taivutus, napauttaminen jne.<\/td>\n<\/tr>\n<tr>\n<td> Paketti<\/td>\n<td> Sis\u00e4ll\u00e4 suojakalvo, kutistemuovi tai PE-vaahtomuovi. Ulkopuolella laatikko, kartonki tai puukehys tai r\u00e4\u00e4t\u00e4l\u00f6inti.<\/td>\n<\/tr>\n<tr>\n<td> Toimitusaika<\/td>\n<td> Muotin kehitt\u00e4minen ja n\u00e4ytteen muotoilu on 12-18 p\u00e4iv\u00e4\u00e4, sitten tuotannon kesto on 25-30 p\u00e4iv\u00e4\u00e4 ostajan talletuksen vastaanottamisen j\u00e4lkeen.<\/td>\n<\/tr>\n<tr>\n<td> Tuotteen kapasiteetti<\/td>\n<td> 15,000+ tonnia \/ kuukausi<\/td>\n<\/tr>\n<\/tbody>\n<\/table>\n<h2>Tuotantopohjamme<\/h2>\n<h3>Tehtaan panoraama<\/h3>\n<p><img decoding=\"async\" src=\"\/wp-content\/uploads\/factory-01.webp\"\/><\/p>\n<h3>Alumiini Bar Manufacturing Workshop<\/h3>\n<p><img decoding=\"async\" src=\"\/wp-content\/uploads\/factory-02.webp\"\/><\/p>\n<p><img decoding=\"async\" src=\"\/wp-content\/uploads\/factory-03.webp\"\/><\/p>\n<h3>Muotin varastointi Varasto<\/h3>\n<p><img decoding=\"async\" src=\"\/wp-content\/uploads\/factory-04.webp\"\/><\/p>\n<h3>43 Alumiini ekstruusiolinjat (500\u00e2 5500 tonnia)<\/h3>\n<p><img decoding=\"async\" src=\"\/wp-content\/uploads\/factory-05.webp\"\/><\/p>\n<p><img decoding=\"async\" src=\"\/wp-content\/uploads\/factory-06.webp\"\/><\/p>\n<p><img decoding=\"async\" src=\"\/wp-content\/uploads\/factory-07.webp\"\/><\/p>\n<h3>Jauhemaalaus ty\u00f6paja<\/h3>\n<p><img decoding=\"async\" src=\"\/wp-content\/uploads\/factory-09.webp\"\/><\/p>\n<h3>Anodisointi ty\u00f6paja<\/h3>\n<p><img decoding=\"async\" src=\"\/wp-content\/uploads\/factory-10.webp\"\/><\/p>\n<h3>Syv\u00e4k\u00e4sittelyn ty\u00f6paja<\/h3>\n<p><img decoding=\"async\" src=\"\/wp-content\/uploads\/factory-11.webp\"\/><\/p>\n<h3>CNC-tarkkuuskoneistus ty\u00f6paja<\/h3>\n<p><img decoding=\"async\" src=\"\/wp-content\/uploads\/factory-11.5.webp\"\/><\/p>\n<h3>Valmiiden tuotteiden ja vientivarasto<\/h3>\n<p><img decoding=\"async\" src=\"\/wp-content\/uploads\/factory-12.webp\"\/><\/p>\n<p><img decoding=\"async\" src=\"\/wp-content\/uploads\/factory-13.webp\"\/><\/p>\n<p><img decoding=\"async\" src=\"\/wp-content\/uploads\/factory-14.webp\"\/><\/p>\n<h2>FAQ<\/h2>\n<p><p><b>1.Pienet alumiiniprofiilit: Mitk\u00e4 ovat pienten alumiiniprofiilien k\u00e4yt\u00f6n edut eri projekteissa?<\/b><\/p>\n<p>Pienet alumiiniprofiilit ovat kevyit\u00e4, mukautettavia ja eritt\u00e4in lujia, joten ne sopivat erinomaisesti pienikokoisiin sovelluksiin esimerkiksi autoteollisuudessa, rakentamisessa ja elektroniikassa.<br \/>\n<\/p><br \/>\n<br \/>\n<p><b>2.Miten alumiinin korroosionkest\u00e4vyys parantaa sen suorituskyky\u00e4?<\/b><\/p>\n<p>Alumiinin korroosionkest\u00e4vyys auttaa puristepuristeita s\u00e4ilytt\u00e4m\u00e4\u00e4n eheytens\u00e4 ja ulkon\u00e4k\u00f6ns\u00e4 ajan mittaan jopa ankarissa tai ulkoilmaolosuhteissa, mik\u00e4 takaa kest\u00e4vyyden.<br \/>\n<\/p><br \/>\n<br \/>\n<p><b>3.Voiko pieni\u00e4 alumiinipuristeita r\u00e4\u00e4t\u00e4l\u00f6id\u00e4 vastaamaan erityistarpeita?<\/b><\/p>\n<p>Kyll\u00e4, pienet alumiiniprofiilit voidaan r\u00e4\u00e4t\u00e4l\u00f6id\u00e4 kooltaan, muodoltaan ja viimeistelylt\u00e4\u00e4n projektisi tai sovelluksesi tarkkojen vaatimusten mukaisiksi.<br \/>\n<\/p><br \/>\n<br \/>\n<p><b>4.Mitk\u00e4 teollisuudenalat voivat hy\u00f6ty\u00e4 pienten alumiiniprofiilien k\u00e4yt\u00f6st\u00e4?<\/b><\/p>\n<p>Teollisuudenalat, kuten autoteollisuus, ilmailu- ja avaruusteollisuus, elektroniikka ja rakentaminen, hy\u00f6tyv\u00e4t pienten alumiiniprofiilien lujuudesta, kevyist\u00e4 ominaisuuksista ja monipuolisuudesta.<br \/>\n<\/p><br \/>\n<br \/>\n<p><b>5.Miten alumiinin lujuus-painosuhteesta on hy\u00f6ty\u00e4 pienille puristetuille tuotteille?<\/b><\/p>\n<p>Korkean lujuus-painosuhteen ansiosta pienet alumiiniprofiilit tarjoavat lujuutta ja kest\u00e4vyytt\u00e4 lis\u00e4\u00e4m\u00e4tt\u00e4 tarpeetonta painoa, joten ne soveltuvat monenlaisiin sovelluksiin.<br \/>\n<\/p><br \/>\n<br \/>\n<p><b>6.Mitk\u00e4 ovat pienien alumiinipuristettujen alumiiniprofiilien k\u00e4yt\u00f6n t\u00e4rkeimm\u00e4t edut rakenteellisissa sovelluksissa?<\/b><\/p>\n<p>Pienet alumiiniprofiilit tarjoavat lujuutta, korroosionkest\u00e4vyytt\u00e4 ja kokoonpanon helppoutta, joten ne ovat ihanteellisia rakenteellisiksi runkorakenteiksi kompakteissa rakenteissa.<br \/>\n<\/p><br \/>\n<br \/>\n<p><b>7.Ovatko pienet alumiiniprofiilit helppo koota ja k\u00e4sitell\u00e4?<\/b><\/p>\n<p>Kyll\u00e4, pienet alumiiniprofiilit on helppo ty\u00f6st\u00e4\u00e4, k\u00e4sitell\u00e4 ja koota, mik\u00e4 nopeuttaa tuotantoa ja v\u00e4hent\u00e4\u00e4 ty\u00f6voimakustannuksia.<br \/>\n<\/p><br \/>\n<br \/>\n<p><b>8.Miten pienten alumiiniprofiilien r\u00e4\u00e4t\u00e4l\u00f6inti vaikuttaa niiden soveltamiseen?<\/b><\/p>\n<p>R\u00e4\u00e4t\u00e4l\u00f6im\u00e4ll\u00e4 pieni\u00e4 alumiiniprofiileja varmistetaan, ett\u00e4 ne t\u00e4ytt\u00e4v\u00e4t kunkin projektin erityisvaatimukset ja parantavat suorituskyky\u00e4 ja tehokkuutta erilaisissa teollisissa k\u00e4ytt\u00f6tarkoituksissa.<br \/>\n<\/p><br \/><\/p>","protected":false},"featured_media":8549,"template":"","categories":[68],"class_list":["post-8550","product","type-product","status-publish","has-post-thumbnail","hentry","category-cnc-machining-aluminum-profile"],"meta_box":{"hilight_text_group":{"product_hilight_text":"<li>Compact and lightweight small aluminum extrusions suitable for a variety of applications.<\/li>\r\r\n<li>Customizable sizes and shapes to meet specific industrial and structural requirements.<\/li>\r\r\n<li>Corrosion-resistant, ensuring long-lasting performance in various environments.<\/li>\r\r\n<li>Easy to machine, process, and assemble for quick production and low labor costs.<\/li>\r\r\n<li>High strength-to-weight ratio, providing strength without unnecessary bulk.<\/li>","product_chanpin_blog":"<ul>\r\r\n<li><a href=\"https:\/\/sinoextrud.com\/t-slot-v-slot-differences\/\" target=\"_blank\">t slot vs v slot<\/a><\/li>\r\r\n<li><a href=\"https:\/\/sinoextrud.com\/what-is-4040-aluminium-extrud\/\" target=\"_blank\">4040 aluminium extrusion<\/a><\/li>\r\r\n<li><a href=\"https:\/\/sinoextrud.com\/what-is-4040-aluminium-extrud\/\" target=\"_blank\">aluminum extrusions for industrial racks<\/a><\/li>\r\r\n<li><a href=\"https:\/\/sinoextrud.com\/powder-coating-aluminium-process\/\" target=\"_blank\">powder coating aluminium<\/a><\/li>\r\r\n<li><a href=\"https:\/\/sinoextrud.com\/what-is-an-aluminium-strip-ceiling\/\" target=\"_blank\">aluminium strip ceiling<\/a><\/li>\r\r\n<li><a href=\"https:\/\/sinoextrud.com\/what-is-a-heat-sink\/\" target=\"_blank\">what is a heat sink<\/a><\/li>\r\r\n<\/ul>","product_chanpin_chanpin":"<li><a href=\"https:\/\/sinoextrud.com\/product\/aluminum-cnc-machining\/\" target=\"_blank\">Aluminum cnc machining<\/a><\/li>\r\n<li><a href=\"https:\/\/sinoextrud.com\/product\/aluminum-profile-cnc-machining\/\" target=\"_blank\">Aluminum Profile CNC Machining<\/a><\/li>\r\n<li><a href=\"https:\/\/sinoextrud.com\/product\/extruded-aluminum-cnc-part-with-precision-custom-cnc-machining\/\" target=\"_blank\">Extruded Aluminum CNC Part with Precision Custom CNC Machining<\/a><\/li>\r\n<li><a href=\"https:\/\/sinoextrud.com\/product\/item-modular-aluminium-profile-system\/\" target=\"_blank\">Item Modular Aluminium Profile System<\/a><\/li>\r\n<li><a href=\"https:\/\/sinoextrud.com\/product\/small-aluminium-extrusions\/\" target=\"_blank\">Small Aluminium Extrusions<\/a><\/li>\r\n<li><a href=\"https:\/\/sinoextrud.com\/product\/cnc-industrial-aluminum-profiler\/\" target=\"_blank\">CNC Industrial Aluminum Profiler<\/a><\/li>\r\n<li><a href=\"https:\/\/sinoextrud.com\/product\/cnc-machine-for-aluminum-profiles\/\" target=\"_blank\">CNC Machine For Aluminum Profiles<\/a><\/li>\r\n<li><a href=\"https:\/\/sinoextrud.com\/product\/aluminum-enclosure-housing-and-shell\/\" target=\"_blank\">Aluminum Enclosure Housing And Shell<\/a><\/li>\r\n<li><a href=\"https:\/\/sinoextrud.com\/product\/custom-finishing-aluminum-extrusion-profile-fabrication-and-cnc-machining\/\" target=\"_blank\">Custom Finishing Aluminum Extrusion Profile Fabrication and CNC Machining<\/a><\/li>\r\n<li><a href=\"https:\/\/sinoextrud.com\/product\/large-aluminum-extrud\/\" target=\"_blank\">Large Aluminum Extrud<\/a><\/li>\r\n<li><a href=\"https:\/\/sinoextrud.com\/product\/aluminum-frame\/\" target=\"_blank\">Aluminum Frame<\/a><\/li>"},"feature_list":[]},"_links":{"self":[{"href":"https:\/\/sinoextrud.com\/fi\/wp-json\/wp\/v2\/product\/8550","targetHints":{"allow":["GET"]}}],"collection":[{"href":"https:\/\/sinoextrud.com\/fi\/wp-json\/wp\/v2\/product"}],"about":[{"href":"https:\/\/sinoextrud.com\/fi\/wp-json\/wp\/v2\/types\/product"}],"wp:featuredmedia":[{"embeddable":true,"href":"https:\/\/sinoextrud.com\/fi\/wp-json\/wp\/v2\/media\/8549"}],"wp:attachment":[{"href":"https:\/\/sinoextrud.com\/fi\/wp-json\/wp\/v2\/media?parent=8550"}],"wp:term":[{"taxonomy":"category","embeddable":true,"href":"https:\/\/sinoextrud.com\/fi\/wp-json\/wp\/v2\/categories?post=8550"}],"curies":[{"name":"wp","href":"https:\/\/api.w.org\/{rel}","templated":true}]}}