{"id":8546,"date":"2025-06-17T02:53:22","date_gmt":"2025-06-17T02:53:22","guid":{"rendered":"https:\/\/sinoextrud.com\/product\/extruded-aluminum-cnc-part-with-precision-custom-cnc-machining\/"},"modified":"2025-06-24T06:24:12","modified_gmt":"2025-06-24T06:24:12","slug":"suulakepuristettua-alumiinia-cnc-osa-tarkkuus-custom-cnc-koneistus","status":"publish","type":"product","link":"https:\/\/sinoextrud.com\/fi\/product\/extruded-aluminum-cnc-part-with-precision-custom-cnc-machining\/","title":{"rendered":"Suulakepuristettu alumiini CNC osa Precision Custom CNC koneistus"},"content":{"rendered":"<h2>Tuotteiden tiedot<\/h2>\n<table class=\"custom-table\">\n<tr>\n<td class=\"label\">K\u00e4sittely:<\/td>\n<td> CNC-ty\u00f6st\u00f6,CNC-sorvaus,poraus,jyrsint\u00e4,harjaus<\/td>\n<\/tr>\n<tr>\n<td class=\"label\">Kohde:<\/td>\n<td> Suulakepuristetun alumiinin CNC-ty\u00f6st\u00f6<\/td>\n<\/tr>\n<tr>\n<td class=\"label\">Temperamentti:<\/td>\n<td> T3 - T8<\/td>\n<\/tr>\n<tr>\n<td class=\"label\">Luokka:<\/td>\n<td> 6000-sarja<\/td>\n<\/tr>\n<tr>\n<td class=\"label\">Pakkaus yksityiskohdat:<\/td>\n<td> Vakiovientipakkaus<\/td>\n<\/tr>\n<tr>\n<td class=\"label\">Sovellus:<\/td>\n<td> Elektroniset tarvikkeet,j\u00e4\u00e4hdytyslevyt,j\u00e4\u00e4hdytin,j\u00e4\u00e4hdytin<\/td>\n<\/tr>\n<tr>\n<td class=\"label\">Kuljetuspaketti:<\/td>\n<td> Vaahto + paperikartongit + puinen kuormalava<\/td>\n<\/tr>\n<tr>\n<td class=\"label\">Tyyppi:<\/td>\n<td> Alumiiniprofiilien jatkaminen<\/td>\n<\/tr>\n<tr>\n<td class=\"label\">Laadunvalvonta:<\/td>\n<td> 100% Tarkastus ennen l\u00e4hetyst\u00e4<\/td>\n<\/tr>\n<tr>\n<td class=\"label\">Alkuper\u00e4:<\/td>\n<td> Foshan, Kiina<\/td>\n<\/tr>\n<tr>\n<td class=\"label\">Raaka-aine:<\/td>\n<td> Alumiiniseos, ruostumaton ter\u00e4s, kupari<\/td>\n<\/tr>\n<tr>\n<td class=\"label\">Pintak\u00e4sittely:<\/td>\n<td> Anodisointi, hiekkapuhallus, passivointi, sinkitys<\/td>\n<\/tr>\n<tr>\n<td class=\"label\">Torlerance:<\/td>\n<td> +-0.005mm<\/td>\n<\/tr>\n<tr>\n<td class=\"label\">Ehdot:<\/td>\n<td> Fob, CIF, CFR, EXW, jne.<\/td>\n<\/tr>\n<tr>\n<td class=\"label\">Tavaramerkki:<\/td>\n<td>Sinoextrud (Sinoextrud) \/ OEM<\/td>\n<\/tr>\n<tr>\n<td class=\"label\">Tekniset tiedot:<\/td>\n<td> OEM (Cleintin suunnittelun mukaan)<\/td>\n<\/tr>\n<tr>\n<td class=\"label\">HS-koodi:<\/td>\n<td> 94059900<\/td>\n<\/tr>\n<\/table>\n<h2>Tuotantopohjamme<\/h2>\n<h3>Tehtaan panoraama<\/h3>\n<p><img decoding=\"async\" src=\"\/wp-content\/uploads\/factory-01.webp\"\/><\/p>\n<h3>Alumiini Bar Manufacturing Workshop<\/h3>\n<p><img decoding=\"async\" src=\"\/wp-content\/uploads\/factory-02.webp\"\/><\/p>\n<p><img decoding=\"async\" src=\"\/wp-content\/uploads\/factory-03.webp\"\/><\/p>\n<h3>Muotin varastointi Varasto<\/h3>\n<p><img decoding=\"async\" src=\"\/wp-content\/uploads\/factory-04.webp\"\/><\/p>\n<h3>43 alumiinin ekstruusiolinjat (500-5500 tonnia)<\/h3>\n<p><img decoding=\"async\" src=\"\/wp-content\/uploads\/factory-05.webp\"\/><\/p>\n<p><img decoding=\"async\" src=\"\/wp-content\/uploads\/factory-06.webp\"\/><\/p>\n<p><img decoding=\"async\" src=\"\/wp-content\/uploads\/factory-07.webp\"\/><\/p>\n<h3>Jauhemaalaus ty\u00f6paja<\/h3>\n<p><img decoding=\"async\" src=\"\/wp-content\/uploads\/factory-09.webp\"\/><\/p>\n<h3>Anodisointi ty\u00f6paja<\/h3>\n<p><img decoding=\"async\" src=\"\/wp-content\/uploads\/factory-10.webp\"\/><\/p>\n<h3>Syv\u00e4k\u00e4sittelyn ty\u00f6paja<\/h3>\n<p><img decoding=\"async\" src=\"\/wp-content\/uploads\/factory-11.webp\"\/><\/p>\n<h3>CNC-tarkkuuskoneistus ty\u00f6paja<\/h3>\n<p><img decoding=\"async\" src=\"\/wp-content\/uploads\/factory-11.5.webp\"\/><\/p>\n<h3>Valmiiden tuotteiden ja vientivarasto<\/h3>\n<p><img decoding=\"async\" src=\"\/wp-content\/uploads\/factory-12.webp\"\/><\/p>\n<p><img decoding=\"async\" src=\"\/wp-content\/uploads\/factory-13.webp\"\/><\/p>\n<p><img decoding=\"async\" src=\"\/wp-content\/uploads\/factory-14.webp\"\/><\/p>\n<h2>FAQ<\/h2>\n<p><p><b>1.Extruded alumiini CNC osa Precision Custom CNC koneistus: Mik\u00e4 tekee CNC-ty\u00f6st\u00f6st\u00e4 ihanteellisen suulakepuristettujen alumiiniosien valmistukseen?<\/b><\/p>\n<p>CNC-ty\u00f6st\u00f6 tarjoaa suuren tarkkuuden ja toistettavuuden, joten se soveltuu erinomaisesti suulakepuristettujen alumiiniosien valmistukseen, joissa on tiukat toleranssit.<br \/>\n<\/p><br \/>\n<br \/>\n<p><b>2.Can suulakepuristetut alumiini osat voidaan r\u00e4\u00e4t\u00e4l\u00f6id\u00e4 CNC-koneistuksella?<\/b><\/p>\n<p>Kyll\u00e4, CNC-ty\u00f6st\u00f6 mahdollistaa koon, muodon ja muotoilun r\u00e4\u00e4t\u00e4l\u00f6innin eri teollisuudenalojen ja sovellusten erityisvaatimusten t\u00e4ytt\u00e4miseksi.<br \/>\n<\/p><br \/>\n<br \/>\n<p><b>3.Mitk\u00e4 ovat suulakepuristetun alumiinin CNC-osien t\u00e4rkeimm\u00e4t edut?<\/b><\/p>\n<p>T\u00e4rkeimpi\u00e4 etuja ovat suuri tarkkuus, kevyt rakenne, kest\u00e4vyys ja kyky k\u00e4sitell\u00e4 monimutkaisia ja monimutkaisia muotoja mahdollisimman pienell\u00e4 materiaalihukalla.<br \/>\n<\/p><br \/>\n<br \/>\n<p><b>4.Miten CNC-ty\u00f6st\u00f6 parantaa puristettujen alumiiniosien tarkkuutta?<\/b><\/p>\n<p>CNC-ty\u00f6st\u00f6 mahdollistaa tarkat, automatisoidut leikkaukset ja muotoilun, mik\u00e4 takaa tiukat toleranssit ja yhdenmukaisuuden useissa osissa.<br \/>\n<\/p><br \/>\n<br \/>\n<p><b>5.Mitk\u00e4 teollisuudenalat hy\u00f6tyv\u00e4t suulakepuristetuista alumiinisista CNC-osista?<\/b><\/p>\n<p>Ilmailu- ja avaruusteollisuudessa, autoteollisuudessa, elektroniikassa ja valmistusteollisuudessa k\u00e4ytet\u00e4\u00e4n suulakepuristettuja alumiinisia CNC-osia niiden kevyiden, kest\u00e4vien ja muokattavien ominaisuuksien vuoksi.<br \/>\n<\/p><br \/>\n<br \/>\n<p><b>6.Miten CNC-ty\u00f6st\u00f6 v\u00e4hent\u00e4\u00e4 materiaalihukkaa tuotannossa?<\/b><\/p>\n<p>CNC-ty\u00f6st\u00f6ss\u00e4 k\u00e4ytet\u00e4\u00e4n tietokoneohjattuja prosesseja materiaalink\u00e4yt\u00f6n optimoimiseksi, mik\u00e4 takaa mahdollisimman v\u00e4h\u00e4isen h\u00e4vikin ja samalla korkean tuotantotehokkuuden.<br \/>\n<\/p><br \/>\n<br \/>\n<p><b>7.Miksi yritysten pit\u00e4isi valita mukautettu CNC-ty\u00f6st\u00f6 suulakepuristetuille alumiiniosille?<\/b><\/p>\n<p>Yksil\u00f6llinen CNC-ty\u00f6st\u00f6 tarjoaa joustavuutta suunnittelussa, ylivoimaista tarkkuutta ja kyky\u00e4 luoda osia, jotka t\u00e4ytt\u00e4v\u00e4t erityiset suorituskyky- ja esteettiset vaatimukset, mik\u00e4 tekee siit\u00e4 ensisijaisen ratkaisun monimutkaisiin sovelluksiin.<br \/>\n<\/p><br \/><\/p>","protected":false},"featured_media":8545,"template":"","categories":[68],"class_list":["post-8546","product","type-product","status-publish","has-post-thumbnail","hentry","category-cnc-machining-aluminum-profile"],"meta_box":{"hilight_text_group":{"product_hilight_text":"<li>High-precision CNC machining for custom extruded aluminum parts<\/li>\r\r\n<li>Ideal for complex, intricate designs requiring tight tolerances<\/li>\r\r\n<li>Customizable to meet specific size, shape, and material requirements<\/li>\r\r\n<li>Fast production times with minimal material waste<\/li>\r\r\n<li>Durable, lightweight parts ideal for a variety of industrial applications<\/li>","product_chanpin_blog":"<ul>\r\r\n<li><a href=\"https:\/\/sinoextrud.com\/t-slot-v-slot-differences\/\" target=\"_blank\">t slot vs v slot<\/a><\/li>\r\r\n<li><a href=\"https:\/\/sinoextrud.com\/what-is-4040-aluminium-extrud\/\" target=\"_blank\">4040 aluminium extrusion<\/a><\/li>\r\r\n<li><a href=\"https:\/\/sinoextrud.com\/what-is-4040-aluminium-extrud\/\" target=\"_blank\">aluminum extrusions for industrial racks<\/a><\/li>\r\r\n<li><a href=\"https:\/\/sinoextrud.com\/powder-coating-aluminium-process\/\" target=\"_blank\">powder coating aluminium<\/a><\/li>\r\r\n<li><a href=\"https:\/\/sinoextrud.com\/what-is-an-aluminium-strip-ceiling\/\" target=\"_blank\">aluminium strip ceiling<\/a><\/li>\r\r\n<li><a href=\"https:\/\/sinoextrud.com\/what-is-a-heat-sink\/\" target=\"_blank\">what is a heat sink<\/a><\/li>\r\r\n<\/ul>","product_chanpin_chanpin":"<li><a href=\"https:\/\/sinoextrud.com\/product\/machined-aluminum-rail-extrusion-profile-cnc-aviation-aluminum-gantry\/\" target=\"_blank\">Machined Aluminum Rail Extrusion Profile CNC Aviation Aluminum Gantry<\/a><\/li>\r\n<li><a href=\"https:\/\/sinoextrud.com\/product\/cnc-machining-aluminum-signal-plate\/\" target=\"_blank\">CNC Machining Aluminum Signal Plate<\/a><\/li>\r\n<li><a href=\"https:\/\/sinoextrud.com\/product\/aluminum-cnc-machining\/\" target=\"_blank\">Aluminum cnc machining<\/a><\/li>\r\n<li><a href=\"https:\/\/sinoextrud.com\/product\/aluminum-profile-cnc-machining\/\" target=\"_blank\">Aluminum Profile CNC Machining<\/a><\/li>\r\n<li><a href=\"https:\/\/sinoextrud.com\/product\/extruded-aluminum-cnc-part-with-precision-custom-cnc-machining\/\" target=\"_blank\">Extruded Aluminum CNC Part with Precision Custom CNC Machining<\/a><\/li>\r\n<li><a href=\"https:\/\/sinoextrud.com\/product\/item-modular-aluminium-profile-system\/\" target=\"_blank\">Item Modular Aluminium Profile System<\/a><\/li>\r\n<li><a href=\"https:\/\/sinoextrud.com\/product\/small-aluminium-extrusions\/\" target=\"_blank\">Small Aluminium Extrusions<\/a><\/li>\r\n<li><a href=\"https:\/\/sinoextrud.com\/product\/cnc-industrial-aluminum-profiler\/\" target=\"_blank\">CNC Industrial Aluminum Profiler<\/a><\/li>\r\n<li><a href=\"https:\/\/sinoextrud.com\/product\/cnc-machine-for-aluminum-profiles\/\" target=\"_blank\">CNC Machine For Aluminum Profiles<\/a><\/li>\r\n<li><a href=\"https:\/\/sinoextrud.com\/product\/6083-aluminum-profile-aluminum-plate-profile-customization-marine-corrosion-resistant-aluminum-alloy-plate\/\" target=\"_blank\">6083 Aluminum Profile Aluminum Plate Profile Customization Marine Corrosion-resistant Aluminum Alloy Plate<\/a><\/li>\r\n<li><a href=\"https:\/\/sinoextrud.com\/product\/aluminium-profile-corner-joint\/\" target=\"_blank\">Aluminium Profile Corner Joint<\/a><\/li>"},"feature_list":[]},"_links":{"self":[{"href":"https:\/\/sinoextrud.com\/fi\/wp-json\/wp\/v2\/product\/8546","targetHints":{"allow":["GET"]}}],"collection":[{"href":"https:\/\/sinoextrud.com\/fi\/wp-json\/wp\/v2\/product"}],"about":[{"href":"https:\/\/sinoextrud.com\/fi\/wp-json\/wp\/v2\/types\/product"}],"wp:featuredmedia":[{"embeddable":true,"href":"https:\/\/sinoextrud.com\/fi\/wp-json\/wp\/v2\/media\/8545"}],"wp:attachment":[{"href":"https:\/\/sinoextrud.com\/fi\/wp-json\/wp\/v2\/media?parent=8546"}],"wp:term":[{"taxonomy":"category","embeddable":true,"href":"https:\/\/sinoextrud.com\/fi\/wp-json\/wp\/v2\/categories?post=8546"}],"curies":[{"name":"wp","href":"https:\/\/api.w.org\/{rel}","templated":true}]}}