{"id":8544,"date":"2025-06-17T02:51:46","date_gmt":"2025-06-17T02:51:46","guid":{"rendered":"https:\/\/sinoextrud.com\/product\/aluminum-profile-cnc-machining\/"},"modified":"2025-06-24T06:24:12","modified_gmt":"2025-06-24T06:24:12","slug":"alumiiniprofiilin-cnc-tyosto","status":"publish","type":"product","link":"https:\/\/sinoextrud.com\/fi\/product\/aluminum-profile-cnc-machining\/","title":{"rendered":"Alumiiniprofiilin CNC-ty\u00f6st\u00f6"},"content":{"rendered":"<h2>Tuotteiden tiedot<\/h2>\n<table class=\"custom-table\">\n<tbody>\n<tr>\n<td> <\/td>\n<td>Alumiiniprofiilin CNC-ty\u00f6st\u00f6<\/td>\n<\/tr>\n<tr>\n<td>Materiaali<\/td>\n<td>6063,6463 jne.<\/td>\n<\/tr>\n<tr>\n<td>Muoto&amp;Koko<\/td>\n<td>Asiakkaan piirustuksen mukaan<\/td>\n<\/tr>\n<tr>\n<td>Tarkkuusleikkauksen toleranssi<\/td>\n<td> \u22641m : \u00b10.25mm<br \/> 1m&lt; : \u22642m, \u00b10.35mm<br \/> \u22652m : \u00b10.50mm<\/td>\n<\/tr>\n<tr>\n<td>Porauksen toleranssi<\/td>\n<td>\u00b10.15~0.20mm<\/td>\n<\/tr>\n<tr>\n<td>Tavallisen leikkauksen toleranssi<\/td>\n<td>\u00b110 ~ 0mm<\/td>\n<\/tr>\n<tr>\n<td>Tyypillinen k\u00e4ytt\u00f6<\/td>\n<td>Teollisuus, koneiden osat, elektroniikka jne.<\/td>\n<\/tr>\n<tr>\n<td>Mukautettu tyyppi<\/td>\n<td>Asiakkaan toimittama piirustus tai n\u00e4yte<\/td>\n<\/tr>\n<tr>\n<td>CNC-prosessi<\/td>\n<td>CNC-jyrsint\u00e4, poraus, l\u00e4vistys, poraus, napauttaminen, taivutus, hitsaus jne.<\/td>\n<\/tr>\n<tr>\n<td>Merkki<\/td>\n<td>Sinoextrud, Sinoextrud,, r\u00e4\u00e4t\u00e4l\u00f6ity tavaramerkki avalaibleble.<\/td>\n<\/tr>\n<tr>\n<td>Pinta<\/td>\n<td>Mill viimeistelty, puunjyv\u00e4, anodisoitu, jauhemaalattu jne.<\/td>\n<\/tr>\n<tr>\n<td>MOQ<\/td>\n<td>300Kgs<\/td>\n<\/tr>\n<tr>\n<td>Laatustandardi<\/td>\n<td>Korkea laatutaso<\/td>\n<\/tr>\n<tr>\n<td>Takuu<\/font><\/td>\n<td>ISO9001, ISO4001, CQM, SGS, CE, BV jne.<\/td>\n<\/tr>\n<tr>\n<td>Kapasiteetti<\/td>\n<td>50000 kappaletta kuukaudessa<\/td>\n<\/tr>\n<\/tbody>\n<\/table>\n<h2>Tuotantopohjamme<\/h2>\n<h3>Tehtaan panoraama<\/h3>\n<p><img decoding=\"async\" src=\"\/wp-content\/uploads\/factory-01.webp\"\/><\/p>\n<h3>Alumiini Bar Manufacturing Workshop<\/h3>\n<p><img decoding=\"async\" src=\"\/wp-content\/uploads\/factory-02.webp\"\/><\/p>\n<p><img decoding=\"async\" src=\"\/wp-content\/uploads\/factory-03.webp\"\/><\/p>\n<h3>Muotin varastointi Varasto<\/h3>\n<p><img decoding=\"async\" src=\"\/wp-content\/uploads\/factory-04.webp\"\/><\/p>\n<h3>43 alumiinin ekstruusiolinjat (500-5500 tonnia)<\/h3>\n<p><img decoding=\"async\" src=\"\/wp-content\/uploads\/factory-05.webp\"\/><\/p>\n<p><img decoding=\"async\" src=\"\/wp-content\/uploads\/factory-06.webp\"\/><\/p>\n<p><img decoding=\"async\" src=\"\/wp-content\/uploads\/factory-07.webp\"\/><\/p>\n<h3>Jauhemaalaus ty\u00f6paja<\/h3>\n<p><img decoding=\"async\" src=\"\/wp-content\/uploads\/factory-09.webp\"\/><\/p>\n<h3>Anodisointi ty\u00f6paja<\/h3>\n<p><img decoding=\"async\" src=\"\/wp-content\/uploads\/factory-10.webp\"\/><\/p>\n<h3>Syv\u00e4k\u00e4sittelyn ty\u00f6paja<\/h3>\n<p><img decoding=\"async\" src=\"\/wp-content\/uploads\/factory-11.webp\"\/><\/p>\n<h3>CNC-tarkkuuskoneistus ty\u00f6paja<\/h3>\n<p><img decoding=\"async\" src=\"\/wp-content\/uploads\/factory-11.5.webp\"\/><\/p>\n<h3>Valmiiden tuotteiden ja vientivarasto<\/h3>\n<p><img decoding=\"async\" src=\"\/wp-content\/uploads\/factory-12.webp\"\/><\/p>\n<p><img decoding=\"async\" src=\"\/wp-content\/uploads\/factory-13.webp\"\/><\/p>\n<p><img decoding=\"async\" src=\"\/wp-content\/uploads\/factory-14.webp\"\/><\/p>\n<h2>FAQ<\/h2>\n<p><p><b>1.Aluminum Profile CNC-koneistus: Miten CNC-ty\u00f6st\u00f6 parantaa alumiiniprofiilien tarkkuutta?<\/b><\/p>\n<p>CNC-ty\u00f6st\u00f6 takaa korkean tarkkuuden automatisoimalla prosessin ja saavuttamalla tiukat toleranssit, mik\u00e4 on ihanteellista monimutkaisille ja r\u00e4\u00e4t\u00e4l\u00f6idyille alumiiniprofiileille.<br \/>\n<\/p><br \/>\n<br \/>\n<p><b>2.Can alumiiniprofiilit voidaan r\u00e4\u00e4t\u00e4l\u00f6id\u00e4 CNC-ty\u00f6st\u00f6ll\u00e4?<\/b><\/p>\n<p>Kyll\u00e4, CNC-ty\u00f6st\u00f6 mahdollistaa monimutkaisten, r\u00e4\u00e4t\u00e4l\u00f6ityjen muotojen ja mallien luomisen, jotka on r\u00e4\u00e4t\u00e4l\u00f6ity vastaamaan erityisi\u00e4 sovellusvaatimuksia.<br \/>\n<\/p><br \/>\n<br \/>\n<p><b>3.Mitk\u00e4 teollisuudenalat hy\u00f6tyv\u00e4t eniten alumiiniprofiilin CNC-koneistuksesta?<\/b><\/p>\n<p>Esimerkiksi ilmailu- ja avaruusteollisuus, autoteollisuus, elektroniikka ja teollisuus hy\u00f6tyv\u00e4t CNC-ty\u00f6st\u00f6st\u00e4 sen tarkkuuden, joustavuuden ja monimutkaisten alumiiniprofiilien k\u00e4sittelykyvyn ansiosta.<br \/>\n<\/p><br \/>\n<br \/>\n<p><b>4.Miten CNC-ty\u00f6st\u00f6 vaikuttaa alumiiniprofiilien tuotantonopeuteen?<\/b><\/p>\n<p>CNC-ty\u00f6st\u00f6 parantaa tuotantonopeutta automatisoimalla prosesseja, lyhent\u00e4m\u00e4ll\u00e4 l\u00e4pimenoaikoja ja varmistamalla tasaisen laadun suurissa tuotantom\u00e4\u00e4riss\u00e4.<br \/>\n<\/p><br \/>\n<br \/>\n<p><b>5.Onko alumiiniprofiilin CNC-ty\u00f6st\u00f6 kustannustehokasta suurten m\u00e4\u00e4rien tuotantoa varten?<\/b><\/p>\n<p>Kyll\u00e4, CNC-ty\u00f6st\u00f6 on kustannustehokasta suurten m\u00e4\u00e4rien tuotannossa tehokkuutensa, toistettavuutensa ja minimaalisen manuaalisen toiminnan ansiosta, mik\u00e4 v\u00e4hent\u00e4\u00e4 ty\u00f6voimakustannuksia ja nopeuttaa l\u00e4pimenoaikaa.<br \/>\n<\/p><br \/>\n<br \/>\n<p><b>6.Miten CNC-ty\u00f6st\u00f6 parantaa alumiiniprofiilien rakenteellista eheytt\u00e4?<\/b><\/p>\n<p>CNC-ty\u00f6st\u00f6 takaa tarkat leikkaukset ja muodot, mink\u00e4 ansiosta alumiiniprofiilit ovat vahvempia ja luotettavampia k\u00e4ytt\u00f6tarkoituksiinsa.<br \/>\n<\/p><br \/>\n<br \/>\n<p><b>7.Mitk\u00e4 ovat CNC-ty\u00f6st\u00f6n edut verrattuna perinteisiin alumiiniprofiilien k\u00e4sittelymenetelmiin?<\/b><\/p>\n<p>CNC-ty\u00f6st\u00f6 tarjoaa suurempaa tarkkuutta, r\u00e4\u00e4t\u00e4l\u00f6inti\u00e4 ja tehokkuutta, mik\u00e4 mahdollistaa monimutkaisten profiilien valmistuksen suurella tarkkuudella ja minimaalisella j\u00e4tem\u00e4\u00e4r\u00e4ll\u00e4.<br \/>\n<\/p><br \/><\/p>","protected":false},"featured_media":8543,"template":"","categories":[68],"class_list":["post-8544","product","type-product","status-publish","has-post-thumbnail","hentry","category-cnc-machining-aluminum-profile"],"meta_box":{"hilight_text_group":{"product_hilight_text":"<li>Precision CNC machining ensures high accuracy and tight tolerances<\/li>\r\r\n<li>Ability to create complex, customized shapes and designs for aluminum profiles<\/li>\r\r\n<li>Ideal for high-volume production with consistent quality<\/li>\r\r\n<li>Fast turnaround time and reduced production lead times<\/li>\r\r\n<li>Improves the structural integrity and functionality of aluminum profiles<\/li>","product_chanpin_blog":"<ul>\r\r\n<li><a href=\"https:\/\/sinoextrud.com\/t-slot-v-slot-differences\/\" target=\"_blank\">t slot vs v slot<\/a><\/li>\r\r\n<li><a href=\"https:\/\/sinoextrud.com\/what-is-4040-aluminium-extrud\/\" target=\"_blank\">4040 aluminium extrusion<\/a><\/li>\r\r\n<li><a href=\"https:\/\/sinoextrud.com\/what-is-4040-aluminium-extrud\/\" target=\"_blank\">aluminum extrusions for industrial racks<\/a><\/li>\r\r\n<li><a href=\"https:\/\/sinoextrud.com\/powder-coating-aluminium-process\/\" target=\"_blank\">powder coating aluminium<\/a><\/li>\r\r\n<li><a href=\"https:\/\/sinoextrud.com\/what-is-an-aluminium-strip-ceiling\/\" target=\"_blank\">aluminium strip ceiling<\/a><\/li>\r\r\n<li><a href=\"https:\/\/sinoextrud.com\/what-is-a-heat-sink\/\" target=\"_blank\">what is a heat sink<\/a><\/li>\r\r\n<\/ul>","product_chanpin_chanpin":"<li><a href=\"https:\/\/sinoextrud.com\/product\/aluminum-hydraulic-oil-tank\/\" target=\"_blank\">Aluminum Hydraulic Oil Tank<\/a><\/li>\r\n<li><a href=\"https:\/\/sinoextrud.com\/product\/machined-aluminum-rail-extrusion-profile-cnc-aviation-aluminum-gantry\/\" target=\"_blank\">Machined Aluminum Rail Extrusion Profile CNC Aviation Aluminum Gantry<\/a><\/li>\r\n<li><a href=\"https:\/\/sinoextrud.com\/product\/cnc-machining-aluminum-signal-plate\/\" target=\"_blank\">CNC Machining Aluminum Signal Plate<\/a><\/li>\r\n<li><a href=\"https:\/\/sinoextrud.com\/product\/aluminum-cnc-machining\/\" target=\"_blank\">Aluminum cnc machining<\/a><\/li>\r\n<li><a href=\"https:\/\/sinoextrud.com\/product\/aluminum-profile-cnc-machining\/\" target=\"_blank\">Aluminum Profile CNC Machining<\/a><\/li>\r\n<li><a href=\"https:\/\/sinoextrud.com\/product\/extruded-aluminum-cnc-part-with-precision-custom-cnc-machining\/\" target=\"_blank\">Extruded Aluminum CNC Part with Precision Custom CNC Machining<\/a><\/li>\r\n<li><a href=\"https:\/\/sinoextrud.com\/product\/item-modular-aluminium-profile-system\/\" target=\"_blank\">Item Modular Aluminium Profile System<\/a><\/li>\r\n<li><a href=\"https:\/\/sinoextrud.com\/product\/small-aluminium-extrusions\/\" target=\"_blank\">Small Aluminium Extrusions<\/a><\/li>\r\n<li><a href=\"https:\/\/sinoextrud.com\/product\/cnc-industrial-aluminum-profiler\/\" target=\"_blank\">CNC Industrial Aluminum Profiler<\/a><\/li>\r\n<li><a href=\"https:\/\/sinoextrud.com\/product\/large-scale-industrial-aluminum-profile\/\" target=\"_blank\">Large Scale Industrial Aluminum Profile<\/a><\/li>\r\n<li><a href=\"https:\/\/sinoextrud.com\/product\/slotted-aluminum-extrusion\/\" target=\"_blank\">Slotted Aluminum Extrusion<\/a><\/li>"},"feature_list":[]},"_links":{"self":[{"href":"https:\/\/sinoextrud.com\/fi\/wp-json\/wp\/v2\/product\/8544","targetHints":{"allow":["GET"]}}],"collection":[{"href":"https:\/\/sinoextrud.com\/fi\/wp-json\/wp\/v2\/product"}],"about":[{"href":"https:\/\/sinoextrud.com\/fi\/wp-json\/wp\/v2\/types\/product"}],"wp:featuredmedia":[{"embeddable":true,"href":"https:\/\/sinoextrud.com\/fi\/wp-json\/wp\/v2\/media\/8543"}],"wp:attachment":[{"href":"https:\/\/sinoextrud.com\/fi\/wp-json\/wp\/v2\/media?parent=8544"}],"wp:term":[{"taxonomy":"category","embeddable":true,"href":"https:\/\/sinoextrud.com\/fi\/wp-json\/wp\/v2\/categories?post=8544"}],"curies":[{"name":"wp","href":"https:\/\/api.w.org\/{rel}","templated":true}]}}