{"id":8537,"date":"2025-06-17T02:06:11","date_gmt":"2025-06-17T02:06:11","guid":{"rendered":"https:\/\/sinoextrud.com\/product\/machined-aluminum-rail-extrusion-profile-cnc-aviation-aluminum-gantry\/"},"modified":"2025-06-24T06:24:11","modified_gmt":"2025-06-24T06:24:11","slug":"koneistettu-alumiini-kisko-suulakepuristus-profiili-cnc-ilmailun-alumiini-portaali","status":"publish","type":"product","link":"https:\/\/sinoextrud.com\/fi\/product\/machined-aluminum-rail-extrusion-profile-cnc-aviation-aluminum-gantry\/","title":{"rendered":"Koneistettu alumiini Rail puristamiseen Profile CNC Aviation alumiini Gantry"},"content":{"rendered":"<h2>Tuotteiden tiedot<\/h2>\n<table class=\"custom-table\">\n<tbody>\n<tr>\n<td> Tuotteen nimi:<\/td>\n<td> Koneistettu alumiini Rail puristamiseen Profile CNC Aviation alumiini Gantry<\/td>\n<td> Alkuper\u00e4paikka:<\/td>\n<td> Guangdong, Kiina<\/td>\n<\/tr>\n<tr>\n<td> Luokka:<\/td>\n<td> 6000-sarja<\/td>\n<td> Temperamentti:<\/td>\n<td> T3-T8<\/td>\n<\/tr>\n<tr>\n<td> Sovellus:<\/td>\n<td> plasmaleikkurit ja jyrsinkoneet<\/td>\n<td> Muoto:<\/td>\n<td> Neli\u00f6,H-profiili,U-profiili<\/td>\n<\/tr>\n<tr>\n<td> Seos tai ei:<\/td>\n<td> Onko seos<\/td>\n<td> Tuotemerkki:<\/td>\n<td> Sinoextrud<\/td>\n<\/tr>\n<tr>\n<td> Mallinumero:<\/td>\n<td> U-kanavan puristin Lasi kaiteet<\/td>\n<td> Suvaitsevaisuus:<\/td>\n<td> \u00b11%<\/td>\n<\/tr>\n<tr>\n<td> K\u00e4sittelypalvelu:<\/td>\n<td> Taivutus, poraus, hitsaus, rei'itys, leikkaus<\/td>\n<td> Toimitusaika:<\/td>\n<td> 22-30 p\u00e4iv\u00e4\u00e4<\/td>\n<\/tr>\n<tr>\n<td> Pintak\u00e4sittely:<\/td>\n<td> Mukautettu pintak\u00e4sittely<\/td>\n<td> Tyyppi:<\/td>\n<td> Puristaminen<\/td>\n<\/tr>\n<tr>\n<td> Sertifiointi:<\/td>\n<td> ISO9001:2008\/ ISO14001:2004\/ OHSAS 18001:1999\/PPG\/TUV<br \/>\nMaksuehto: T\/T L\/C D\/P jne.<\/td>\n<td> Koko:<\/td>\n<td> vaaditulla tavalla<\/td>\n<\/tr>\n<tr>\n<td> Materiaali:<\/td>\n<td> Seos 6063\/6061\/661\/6005\/6060 T5\/T6<\/td>\n<td> V\u00e4ri:<\/td>\n<td> R\u00e4\u00e4t\u00e4l\u00f6ity v\u00e4ri<\/td>\n<\/tr>\n<tr>\n<td> Paksuus:<\/td>\n<td> 0.8mm ~ r\u00e4\u00e4t\u00e4l\u00f6ity<\/td>\n<td> MOQ:<\/td>\n<td> 200KG<\/td>\n<\/tr>\n<\/tbody>\n<\/table>\n<h2>Tuotantopohjamme<\/h2>\n<h3>Tehtaan panoraama<\/h3>\n<p><img decoding=\"async\" src=\"\/wp-content\/uploads\/factory-01.webp\"\/><\/p>\n<h3>Alumiini Bar Manufacturing Workshop<\/h3>\n<p><img decoding=\"async\" src=\"\/wp-content\/uploads\/factory-02.webp\"\/><\/p>\n<p><img decoding=\"async\" src=\"\/wp-content\/uploads\/factory-03.webp\"\/><\/p>\n<h3>Muotin varastointi Varasto<\/h3>\n<p><img decoding=\"async\" src=\"\/wp-content\/uploads\/factory-04.webp\"\/><\/p>\n<h3>43 alumiinin ekstruusiolinjat (500-5500 tonnia)<\/h3>\n<p><img decoding=\"async\" src=\"\/wp-content\/uploads\/factory-05.webp\"\/><\/p>\n<p><img decoding=\"async\" src=\"\/wp-content\/uploads\/factory-06.webp\"\/><\/p>\n<p><img decoding=\"async\" src=\"\/wp-content\/uploads\/factory-07.webp\"\/><\/p>\n<h3>Jauhemaalaus ty\u00f6paja<\/h3>\n<p><img decoding=\"async\" src=\"\/wp-content\/uploads\/factory-09.webp\"\/><\/p>\n<h3>Anodisointi ty\u00f6paja<\/h3>\n<p><img decoding=\"async\" src=\"\/wp-content\/uploads\/factory-10.webp\"\/><\/p>\n<h3>Syv\u00e4k\u00e4sittelyn ty\u00f6paja<\/h3>\n<p><img decoding=\"async\" src=\"\/wp-content\/uploads\/factory-11.webp\"\/><\/p>\n<h3>CNC-tarkkuuskoneistus ty\u00f6paja<\/h3>\n<p><img decoding=\"async\" src=\"\/wp-content\/uploads\/factory-11.5.webp\"\/><\/p>\n<h3>Valmiiden tuotteiden ja vientivarasto<\/h3>\n<p><img decoding=\"async\" src=\"\/wp-content\/uploads\/factory-12.webp\"\/><\/p>\n<p><img decoding=\"async\" src=\"\/wp-content\/uploads\/factory-13.webp\"\/><\/p>\n<p><img decoding=\"async\" src=\"\/wp-content\/uploads\/factory-14.webp\"\/><\/p>\n<h2>FAQ<\/h2>\n<p><p><b>1.Mik\u00e4 on koneistettu alumiinikisko ekstruusioprofiili CNC ilmailualumiini Gantry?<\/b><\/p>\n<p>Koneistettu alumiinikiskon suulakepuristusprofiili CNC-ilmailualumiiniportaali on r\u00e4\u00e4t\u00e4l\u00f6ity alumiinikomponentti, jota k\u00e4ytet\u00e4\u00e4n portaaleissa ja automaatioj\u00e4rjestelmiss\u00e4 ja joka on valmistettu lujasta ja kevyest\u00e4 CNC-ilmailualumiinista.<br \/>\n<\/p><br \/>\n<br \/>\n<p><b>2.Miksi CNC-ilmailualumiinia k\u00e4ytet\u00e4\u00e4n portaaleissa?<\/b><\/p>\n<p>CNC-lentokonealumiini tarjoaa erinomaisen lujuus-painosuhteen, korroosionkest\u00e4vyyden ja tarkkuuden, joten se sopii erinomaisesti korkean suorituskyvyn portaaleihin ja automaatioj\u00e4rjestelmiin.<br \/>\n<\/p><br \/>\n<br \/>\n<p><b>3.Kuinka tarkkoja ovat ty\u00f6stetyt alumiinikiskoekstruusioprofiilit?<\/b><\/p>\n<p>Koneistetut alumiiniset kiskoprofiilit valmistetaan suurella tarkkuudella, ja ne tarjoavat tiukkoja toleransseja ja sileit\u00e4 pintoja, jotka parantavat niiden toimivuutta kriittisiss\u00e4 sovelluksissa.<br \/>\n<\/p><br \/>\n<br \/>\n<p><b>4.Can koneistettu alumiini Rail ekstruusioprofiilit voidaan r\u00e4\u00e4t\u00e4l\u00f6id\u00e4?<\/b><\/p>\n<p>Kyll\u00e4, n\u00e4m\u00e4 profiilit voidaan r\u00e4\u00e4t\u00e4l\u00f6id\u00e4 erityisiin kokoihin, muotoihin ja suorituskykyvaatimuksiin, jotta ne sopivat ainutlaatuisiin sovelluksiin ja takaavat suunnittelun monipuolisuuden.<br \/>\n<\/p><br \/>\n<br \/>\n<p><b>5.Mitk\u00e4 teollisuudenalat hy\u00f6tyv\u00e4t koneistetuista alumiinikiskojen ekstruusioprofiileista?<\/b><\/p>\n<p>Teollisuudenalat, kuten ilmailu- ja avaruusala, robotiikka, automaatio ja valmistus, hy\u00f6tyv\u00e4t ty\u00f6stetyist\u00e4 alumiiniprofiileista niiden lujuuden, tarkkuuden ja keveyden ansiosta.<br \/>\n<\/p><br \/>\n<br \/>\n<p><b>6.Kuinka kest\u00e4v\u00e4 on CNC-ilmailualumiini portteja varten?<\/b><\/p>\n<p>CNC-ilmailualumiini on eritt\u00e4in kest\u00e4v\u00e4\u00e4, korroosionkest\u00e4v\u00e4\u00e4 ja s\u00e4ilytt\u00e4\u00e4 rakenteellisen eheyden my\u00f6s kovassa rasituksessa, joten se sopii erinomaisesti pitk\u00e4ik\u00e4isiin portaaleihin ja raskaisiin sovelluksiin.<br \/>\n<\/p><br \/>\n<br \/>\n<p><b>7.Are koneistettu alumiini Rail ekstruusioprofiilit kustannustehokas?<\/b><\/p>\n<p>Kyll\u00e4, koneistetut alumiiniset kiskopuristeprofiilit ovat kustannustehokkaita ja tarjoavat tasapainoisen suorituskyvyn, r\u00e4\u00e4t\u00e4l\u00f6innin ja kest\u00e4vyyden kilpailukykyiseen hintaan korkean kysynn\u00e4n aloille.<br \/>\n<\/p><br \/><\/p>","protected":false},"featured_media":8536,"template":"","categories":[68],"class_list":["post-8537","product","type-product","status-publish","has-post-thumbnail","hentry","category-cnc-machining-aluminum-profile"],"meta_box":{"hilight_text_group":{"product_hilight_text":"<li>High precision CNC machining for aluminum rail extrusion profiles<\/li>\r\r\n<li>Made from CNC aviation-grade aluminum for superior strength and light weight<\/li>\r\r\n<li>Customizable profiles to meet specific design and performance requirements<\/li>\r\r\n<li>Durable and corrosion-resistant material for reliable long-term use<\/li>\r\r\n<li>Ideal for gantries, automation systems, and other high-performance applications<\/li>\r\r\n<li>Excellent dimensional accuracy and smooth surface finish for optimal performance<\/li>","product_chanpin_blog":"<ul>\r\r\n<li><a href=\"https:\/\/sinoextrud.com\/t-slot-v-slot-differences\/\" target=\"_blank\">t slot vs v slot<\/a><\/li>\r\r\n<li><a href=\"https:\/\/sinoextrud.com\/what-is-4040-aluminium-extrud\/\" target=\"_blank\">4040 aluminium extrusion<\/a><\/li>\r\r\n<li><a href=\"https:\/\/sinoextrud.com\/what-is-4040-aluminium-extrud\/\" target=\"_blank\">aluminum extrusions for industrial racks<\/a><\/li>\r\r\n<li><a href=\"https:\/\/sinoextrud.com\/powder-coating-aluminium-process\/\" target=\"_blank\">powder coating aluminium<\/a><\/li>\r\r\n<li><a href=\"https:\/\/sinoextrud.com\/what-is-an-aluminium-strip-ceiling\/\" target=\"_blank\">aluminium strip ceiling<\/a><\/li>\r\r\n<li><a href=\"https:\/\/sinoextrud.com\/what-is-a-heat-sink\/\" target=\"_blank\">what is a heat sink<\/a><\/li>\r\r\n<\/ul>","product_chanpin_chanpin":"<li><a href=\"https:\/\/sinoextrud.com\/product\/anodized-small-machining-aluminum-parts\/\" target=\"_blank\">Anodized Small Machining Aluminum Parts<\/a><\/li>\r\n<li><a href=\"https:\/\/sinoextrud.com\/product\/extruded-aluminum-heatsink-led-alloy-a6063-t5-extrusion-profiles-cutting-cnc-precision\/\" target=\"_blank\">extruded aluminum heatsink LED alloy a6063 t5 extrusion profiles cutting CNC precision<\/a><\/li>\r\n<li><a href=\"https:\/\/sinoextrud.com\/product\/aluminum-anodized-gold-ashtray\/\" target=\"_blank\">Aluminum Anodized Gold Ashtray<\/a><\/li>\r\n<li><a href=\"https:\/\/sinoextrud.com\/product\/aluminum-hydraulic-oil-tank\/\" target=\"_blank\">Aluminum Hydraulic Oil Tank<\/a><\/li>\r\n<li><a href=\"https:\/\/sinoextrud.com\/product\/machined-aluminum-rail-extrusion-profile-cnc-aviation-aluminum-gantry\/\" target=\"_blank\">Machined Aluminum Rail Extrusion Profile CNC Aviation Aluminum Gantry<\/a><\/li>\r\n<li><a href=\"https:\/\/sinoextrud.com\/product\/cnc-machining-aluminum-signal-plate\/\" target=\"_blank\">CNC Machining Aluminum Signal Plate<\/a><\/li>\r\n<li><a href=\"https:\/\/sinoextrud.com\/product\/aluminum-cnc-machining\/\" target=\"_blank\">Aluminum cnc machining<\/a><\/li>\r\n<li><a href=\"https:\/\/sinoextrud.com\/product\/aluminum-profile-cnc-machining\/\" target=\"_blank\">Aluminum Profile CNC Machining<\/a><\/li>\r\n<li><a href=\"https:\/\/sinoextrud.com\/product\/extruded-aluminum-cnc-part-with-precision-custom-cnc-machining\/\" target=\"_blank\">Extruded Aluminum CNC Part with Precision Custom CNC Machining<\/a><\/li>\r\n<li><a href=\"https:\/\/sinoextrud.com\/product\/cnc-machining-aluminum-signal-plate\/\" target=\"_blank\">CNC Machining Aluminum Signal Plate<\/a><\/li>\r\n<li><a href=\"https:\/\/sinoextrud.com\/product\/china-aluminum-factory-wholesale-residential-aluminum-fence\/\" target=\"_blank\">China Aluminum Factory Wholesale Residential Aluminum Fence<\/a><\/li>"},"feature_list":[]},"_links":{"self":[{"href":"https:\/\/sinoextrud.com\/fi\/wp-json\/wp\/v2\/product\/8537","targetHints":{"allow":["GET"]}}],"collection":[{"href":"https:\/\/sinoextrud.com\/fi\/wp-json\/wp\/v2\/product"}],"about":[{"href":"https:\/\/sinoextrud.com\/fi\/wp-json\/wp\/v2\/types\/product"}],"wp:featuredmedia":[{"embeddable":true,"href":"https:\/\/sinoextrud.com\/fi\/wp-json\/wp\/v2\/media\/8536"}],"wp:attachment":[{"href":"https:\/\/sinoextrud.com\/fi\/wp-json\/wp\/v2\/media?parent=8537"}],"wp:term":[{"taxonomy":"category","embeddable":true,"href":"https:\/\/sinoextrud.com\/fi\/wp-json\/wp\/v2\/categories?post=8537"}],"curies":[{"name":"wp","href":"https:\/\/api.w.org\/{rel}","templated":true}]}}