{"id":8525,"date":"2025-06-17T01:53:04","date_gmt":"2025-06-17T01:53:04","guid":{"rendered":"https:\/\/sinoextrud.com\/product\/extruded-aluminium-housing\/"},"modified":"2025-06-24T06:24:08","modified_gmt":"2025-06-24T06:24:08","slug":"suulakepuristettu-alumiinikotelo-4","status":"publish","type":"product","link":"https:\/\/sinoextrud.com\/fi\/product\/extruded-aluminium-housing\/","title":{"rendered":"Suulakepuristettu alumiinikotelo"},"content":{"rendered":"<h2>Tuotteiden tiedot<\/h2>\n<table class=\"custom-table\">\n<tbody>\n<tr>\n<td> Tuotteen nimi<\/td>\n<td> Suulakepuristettu alumiinikotelo<\/td>\n<\/tr>\n<tr>\n<td> Materiaali<\/td>\n<td> 6063, 6061 jne.<\/td>\n<\/tr>\n<tr>\n<td> Muoto<\/td>\n<td> Neli\u00f6 tai muut mukautetut muodot<\/td>\n<\/tr>\n<tr>\n<td> Paksuus<\/td>\n<td> 0.7mm-10mm<\/td>\n<\/tr>\n<tr>\n<td> Koko<\/td>\n<td> Asiakkaan pyynn\u00f6st\u00e4<\/td>\n<\/tr>\n<tr>\n<td> Tarkkuusleikkauksen toleranssi<\/td>\n<td> \u22641m : \u00b10.25mm<br \/>\n1m&lt; : \u22642m, \u00b10.35mm<br \/>\n\u22652m : \u00b10.50mm<\/td>\n<\/tr>\n<tr>\n<td> Porauksen toleranssi<\/td>\n<td> \u00b10.15~0.20mm<\/td>\n<\/tr>\n<tr>\n<td> Tavallisen leikkauksen toleranssi<\/td>\n<td> \u00b110 ~ 0mm<\/td>\n<\/tr>\n<tr>\n<td> Tyypilliset sovellukset<\/td>\n<td> Teollisuus, elektroniikka, autot jne.<\/td>\n<\/tr>\n<tr>\n<td> Syv\u00e4 prosessi<\/td>\n<td> CNC-jyrsint\u00e4, poraus, l\u00e4vistys, poraus, napauttaminen, taivutus<\/td>\n<\/tr>\n<tr>\n<td> Merkki<\/td>\n<td> Sinoextrud, Sinoextrud,, r\u00e4\u00e4t\u00e4l\u00f6ity tavaramerkki avalaibleble.<\/td>\n<\/tr>\n<tr>\n<td> Pintak\u00e4sittely<\/td>\n<td> Mill viimeistelty, anodisoitu, jauhemaalattu jne.<\/td>\n<\/tr>\n<tr>\n<td> MOQ<\/td>\n<td> 200Kgs<\/td>\n<\/tr>\n<tr>\n<td> Laatutakuu<\/td>\n<td> 100%-tarkastus korkean laadun varmistamiseksi<\/td>\n<\/tr>\n<tr>\n<td> Todistukset<\/td>\n<td> ISO9001, ISO4001, CQM, SGS, CE, BV jne.<\/td>\n<\/tr>\n<tr>\n<td> Alkuper\u00e4paikka<\/td>\n<td> Guangdong,Kiina<\/td>\n<\/tr>\n<\/tbody>\n<\/table>\n<h2>Tuotantopohjamme<\/h2>\n<h3>Tehtaan panoraama<\/h3>\n<p><img decoding=\"async\" src=\"\/wp-content\/uploads\/factory-01.webp\"\/><\/p>\n<h3>Alumiini Bar Manufacturing Workshop<\/h3>\n<p><img decoding=\"async\" src=\"\/wp-content\/uploads\/factory-02.webp\"\/><\/p>\n<\/p>\n<p><img decoding=\"async\" src=\"\/wp-content\/uploads\/factory-03.webp\"\/><\/p>\n<h3>Muotin varastointi Varasto<\/h3>\n<p><img decoding=\"async\" src=\"\/wp-content\/uploads\/factory-04.webp\"\/><\/p>\n<h3>43 alumiinin ekstruusiolinjat (500-5500 tonnia)<\/h3>\n<p><img decoding=\"async\" src=\"\/wp-content\/uploads\/factory-05.webp\"\/><\/p>\n<p><img decoding=\"async\" src=\"\/wp-content\/uploads\/factory-06.webp\"\/><\/p>\n<p><img decoding=\"async\" src=\"\/wp-content\/uploads\/factory-07.webp\"\/><\/p>\n<h3>Jauhemaalaus ty\u00f6paja<\/h3>\n<p><img decoding=\"async\" src=\"\/wp-content\/uploads\/factory-09.webp\"\/><\/p>\n<h3>Anodisointi ty\u00f6paja<\/h3>\n<p><img decoding=\"async\" src=\"\/wp-content\/uploads\/factory-10.webp\"\/><\/p>\n<h3>Syv\u00e4k\u00e4sittelyn ty\u00f6paja<\/h3>\n<p><img decoding=\"async\" src=\"\/wp-content\/uploads\/factory-11.webp\"\/><\/p>\n<h3>CNC-tarkkuuskoneistus ty\u00f6paja<\/h3>\n<p><img decoding=\"async\" src=\"\/wp-content\/uploads\/factory-11.5.webp\"\/><\/p>\n<h3>Valmiiden tuotteiden ja vientivarasto<\/h3>\n<p><img decoding=\"async\" src=\"\/wp-content\/uploads\/factory-12.webp\"\/><\/p>\n<p><img decoding=\"async\" src=\"\/wp-content\/uploads\/factory-13.webp\"\/><\/p>\n<p><img decoding=\"async\" src=\"\/wp-content\/uploads\/factory-14.webp\"\/><\/p>\n<h2>FAQ<\/h2>\n<p><b>1.Mik\u00e4 on suulakepuristettu alumiinikotelo?<\/b><\/p>\n<p>Suulakepuristettu alumiinikotelo on alumiinista valmistettu kotelotyyppi, joka on muotoiltu suulakepuristusprosessin avulla ja joka tarjoaa kest\u00e4vyytt\u00e4, kevyit\u00e4 ominaisuuksia ja erinomaista l\u00e4mm\u00f6nsiirtoa erilaisiin sovelluksiin.\n<\/p>\n<p><\/p>\n<p><b>2.Miksi suulakepuristettua alumiinikoteloa k\u00e4ytet\u00e4\u00e4n elektroniikassa?<\/b><\/p>\n<p>Suulakepuristettu alumiinikotelo on ihanteellinen elektroniikkalaitteille, koska se johtaa tehokkaasti l\u00e4mp\u00f6\u00e4, kest\u00e4\u00e4 korroosiota ja suojaa herkki\u00e4 komponentteja, mik\u00e4 takaa pitk\u00e4ik\u00e4isyyden ja luotettavuuden.\n<\/p>\n<p><\/p>\n<p><b>3.Kuinka kest\u00e4v\u00e4 on suulakepuristettu alumiinikotelo?<\/b><\/p>\n<p>Suulakepuristettu alumiinikotelo on eritt\u00e4in kest\u00e4v\u00e4 ja tarjoaa pitk\u00e4aikaisen suorituskyvyn sek\u00e4 korroosion, kulumisen ja ymp\u00e4rist\u00f6tekij\u00f6iden kest\u00e4vyyden, joten se sopii erinomaisesti vaativiin olosuhteisiin.\n<\/p>\n<p><\/p>\n<p><b>4.Can suulakepuristettu alumiini kotelo voidaan r\u00e4\u00e4t\u00e4l\u00f6id\u00e4?<\/b><\/p>\n<p>Kyll\u00e4, suulakepuristetut alumiinikotelot voidaan r\u00e4\u00e4t\u00e4l\u00f6id\u00e4 koon, muodon ja muotoilun osalta eri teollisuudenalojen ja sovellusten erityistarpeiden mukaan.\n<\/p>\n<p><\/p>\n<p><b>5.Mitk\u00e4 teollisuudenalat hy\u00f6tyv\u00e4t alumiinipuristekotelosta?<\/b><\/p>\n<p>Elektroniikan, televiestinn\u00e4n, teollisuuslaitteiden ja autoteollisuuden kaltaiset teollisuudenalat hy\u00f6tyv\u00e4t suulakepuristetusta alumiinista valmistetuista koteloista sen lujuuden, keveyden ja komponenttien suojauskyvyn vuoksi.\n<\/p>\n<p><\/p>\n<p><b>6.How nopeasti voidaan valmistaa suulakepuristettua alumiinikoteloa?<\/b><\/p>\n<p>Suulakepuristetut alumiinikotelot voidaan valmistaa nopeasti ja nopealla toimitusajalla tehokkaan suulakepuristusprosessin ansiosta, mik\u00e4 takaa oikea-aikaisen toimituksen projekteihin, joilla on tiukat m\u00e4\u00e4r\u00e4ajat.\n<\/p>\n<p><\/p>\n<p><b>7.Is suulakepuristettua alumiinia kotelo kustannustehokas?<\/b><\/p>\n<p>Kyll\u00e4, suulakepuristettu alumiinikotelo tarjoaa kustannustehokkaan ratkaisun r\u00e4\u00e4t\u00e4l\u00f6ityihin koteloihin, joissa yhdistyv\u00e4t edullisuus, korkea suorituskyky ja kest\u00e4vyys erilaisiin sovelluksiin.\n<\/p>\n<p><\/p>","protected":false},"featured_media":8524,"template":"","categories":[68],"class_list":["post-8525","product","type-product","status-publish","has-post-thumbnail","hentry","category-cnc-machining-aluminum-profile"],"meta_box":{"hilight_text_group":{"product_hilight_text":"<li>Durable and lightweight extruded aluminum housing<\/li>\r\r\n<li>Excellent heat dissipation properties for electronic components<\/li>\r\r\n<li>Customizable sizes and designs to fit specific applications<\/li>\r\r\n<li>Corrosion-resistant and long-lasting material<\/li>\r\r\n<li>Ideal for use in electronics, telecommunications, and industrial equipment<\/li>\r\r\n<li>Cost-effective manufacturing with quick lead times<\/li>","product_chanpin_blog":"<ul>\r\r\n<li><a href=\"https:\/\/sinoextrud.com\/t-slot-v-slot-differences\/\" target=\"_blank\">t slot vs v slot<\/a><\/li>\r\r\n<li><a href=\"https:\/\/sinoextrud.com\/what-is-4040-aluminium-extrud\/\" target=\"_blank\">4040 aluminium extrusion<\/a><\/li>\r\r\n<li><a href=\"https:\/\/sinoextrud.com\/what-is-4040-aluminium-extrud\/\" target=\"_blank\">aluminum extrusions for industrial racks<\/a><\/li>\r\r\n<li><a href=\"https:\/\/sinoextrud.com\/powder-coating-aluminium-process\/\" target=\"_blank\">powder coating aluminium<\/a><\/li>\r\r\n<li><a href=\"https:\/\/sinoextrud.com\/what-is-an-aluminium-strip-ceiling\/\" target=\"_blank\">aluminium strip ceiling<\/a><\/li>\r\r\n<li><a href=\"https:\/\/sinoextrud.com\/what-is-a-heat-sink\/\" target=\"_blank\">what is a heat sink<\/a><\/li>\r\r\n<\/ul>","product_chanpin_chanpin":"<li><a href=\"https:\/\/sinoextrud.com\/product\/extruded-aluminium-case\/\" target=\"_blank\">Extruded Aluminium Case<\/a><\/li>\r\n<li><a href=\"https:\/\/sinoextrud.com\/product\/aluminium-extrusion-enclosure\/\" target=\"_blank\">Aluminium Extrusion Enclosure<\/a><\/li>\r\n<li><a href=\"https:\/\/sinoextrud.com\/product\/aluminum-cnc-punching-parts\/\" target=\"_blank\">Aluminum CNC Punching Parts<\/a><\/li>\r\n<li><a href=\"https:\/\/sinoextrud.com\/product\/factory-cnc-precision-aluminum-parts\/\" target=\"_blank\">Factory Cnc Precision Aluminum Parts<\/a><\/li>\r\n<li><a href=\"https:\/\/sinoextrud.com\/product\/extruded-aluminium-housing\/\" target=\"_blank\">Extruded Aluminium Housing<\/a><\/li>\r\n<li><a href=\"https:\/\/sinoextrud.com\/product\/aluminum-panel-outlet-socket\/\" target=\"_blank\">Aluminum Panel Outlet Socket<\/a><\/li>\r\n<li><a href=\"https:\/\/sinoextrud.com\/product\/anodized-small-machining-aluminum-parts\/\" target=\"_blank\">Anodized Small Machining Aluminum Parts<\/a><\/li>\r\n<li><a href=\"https:\/\/sinoextrud.com\/product\/extruded-aluminum-heatsink-led-alloy-a6063-t5-extrusion-profiles-cutting-cnc-precision\/\" target=\"_blank\">extruded aluminum heatsink LED alloy a6063 t5 extrusion profiles cutting CNC precision<\/a><\/li>\r\n<li><a href=\"https:\/\/sinoextrud.com\/product\/aluminum-anodized-gold-ashtray\/\" target=\"_blank\">Aluminum Anodized Gold Ashtray<\/a><\/li>\r\n<li><a href=\"https:\/\/sinoextrud.com\/product\/cnc-machine-for-aluminum-profiles\/\" target=\"_blank\">CNC Machine For Aluminum Profiles<\/a><\/li>\r\n<li><a href=\"https:\/\/sinoextrud.com\/product\/modular-extruded-aluminum-framing\/\" target=\"_blank\">Modular Extruded Aluminum Framing<\/a><\/li>"},"feature_list":[]},"_links":{"self":[{"href":"https:\/\/sinoextrud.com\/fi\/wp-json\/wp\/v2\/product\/8525","targetHints":{"allow":["GET"]}}],"collection":[{"href":"https:\/\/sinoextrud.com\/fi\/wp-json\/wp\/v2\/product"}],"about":[{"href":"https:\/\/sinoextrud.com\/fi\/wp-json\/wp\/v2\/types\/product"}],"wp:featuredmedia":[{"embeddable":true,"href":"https:\/\/sinoextrud.com\/fi\/wp-json\/wp\/v2\/media\/8524"}],"wp:attachment":[{"href":"https:\/\/sinoextrud.com\/fi\/wp-json\/wp\/v2\/media?parent=8525"}],"wp:term":[{"taxonomy":"category","embeddable":true,"href":"https:\/\/sinoextrud.com\/fi\/wp-json\/wp\/v2\/categories?post=8525"}],"curies":[{"name":"wp","href":"https:\/\/api.w.org\/{rel}","templated":true}]}}