{"id":8521,"date":"2025-06-17T01:49:07","date_gmt":"2025-06-17T01:49:07","guid":{"rendered":"https:\/\/sinoextrud.com\/product\/aluminum-cnc-punching-parts\/"},"modified":"2025-06-24T06:24:07","modified_gmt":"2025-06-24T06:24:07","slug":"alumiini-cnc-stanssaus-osat","status":"publish","type":"product","link":"https:\/\/sinoextrud.com\/fi\/product\/aluminum-cnc-punching-parts\/","title":{"rendered":"Alumiini CNC Punching osat"},"content":{"rendered":"<h2>Tuotteiden tiedot<\/h2>\n<table class=\"custom-table\">\n<tr>\n<td class=\"label\">Kohde:<\/td>\n<td> Alumiini CNC Punching osat<\/td>\n<\/tr>\n<tr>\n<td class=\"label\">Temperamentti:<\/td>\n<td> T3-T8<\/td>\n<\/tr>\n<tr>\n<td class=\"label\">Materiaali:<\/td>\n<td> 6063-T5, 6063-T6, 6061-T5, 6061-T6, 6463-T5<\/td>\n<\/tr>\n<tr>\n<td class=\"label\">Seos:<\/td>\n<td> Metalliseos<\/td>\n<\/tr>\n<tr>\n<td class=\"label\">Luokka:<\/td>\n<td> 6000-sarja<\/td>\n<\/tr>\n<tr>\n<td class=\"label\">Koko:<\/td>\n<td> Custom<\/td>\n<\/tr>\n<tr>\n<td class=\"label\">Pituus:<\/td>\n<td> 1-9 metri\u00e4, tai r\u00e4\u00e4t\u00e4l\u00f6ity<\/td>\n<\/tr>\n<tr>\n<td class=\"label\">Laadunvalvonta:<\/td>\n<td> 100% Tarkastus ennen l\u00e4hetyst\u00e4<\/td>\n<\/tr>\n<tr>\n<td class=\"label\">Tyyppi:<\/td>\n<td> Alumiini suulakepuristus CNC-profiilit <\/td>\n<\/tr>\n<tr>\n<td class=\"label\">Tekniset tiedot:<\/td>\n<td> ISO9001, ISO14001<\/td>\n<\/tr>\n<tr>\n<td class=\"label\">Kuukausittainen tuotanto:<\/td>\n<td> 15 000 tonnia<\/td>\n<\/tr>\n<tr>\n<td class=\"label\">Palvelu:<\/td>\n<td> OEM\/ODM<\/td>\n<\/tr>\n<tr>\n<td class=\"label\">Syv\u00e4 prosessi:<\/td>\n<td> CNC, poraus, kierteitys, rei'itys, leikkaus, taivutus<\/td>\n<\/tr>\n<tr>\n<td class=\"label\">Alkuper\u00e4:<\/td>\n<td> Foshan, Kiina<\/td>\n<\/tr>\n<tr>\n<td class=\"label\">Tavaramerkki:<\/td>\n<td> Sinoextrud (Sinoextrud) \/ OEM<\/td>\n<\/tr>\n<\/table>\n<h2>Tuotantopohjamme<\/h2>\n<h3>Tehtaan panoraama<\/h3>\n<p><img decoding=\"async\" src=\"\/wp-content\/uploads\/factory-01.webp\"\/><\/p>\n<h3>Alumiini Bar Manufacturing Workshop<\/h3>\n<p><img decoding=\"async\" src=\"\/wp-content\/uploads\/factory-02.webp\"\/><\/p>\n<p><img decoding=\"async\" src=\"\/wp-content\/uploads\/factory-03.webp\"\/><\/p>\n<h3>Muotin varastointi Varasto<\/h3>\n<p><img decoding=\"async\" src=\"\/wp-content\/uploads\/factory-04.webp\"\/><\/p>\n<h3>43 Alumiini ekstruusiolinjat (500\u00e2 5500 tonnia)<\/h3>\n<p><img decoding=\"async\" src=\"\/wp-content\/uploads\/factory-05.webp\"\/><\/p>\n<p><img decoding=\"async\" src=\"\/wp-content\/uploads\/factory-06.webp\"\/><\/p>\n<p><img decoding=\"async\" src=\"\/wp-content\/uploads\/factory-07.webp\"\/><\/p>\n<h3>Jauhemaalaus ty\u00f6paja<\/h3>\n<p><img decoding=\"async\" src=\"\/wp-content\/uploads\/factory-09.webp\"\/><\/p>\n<h3>Anodisointi ty\u00f6paja<\/h3>\n<p><img decoding=\"async\" src=\"\/wp-content\/uploads\/factory-10.webp\"\/><\/p>\n<h3>Syv\u00e4k\u00e4sittelyn ty\u00f6paja<\/h3>\n<p><img decoding=\"async\" src=\"\/wp-content\/uploads\/factory-11.webp\"\/><\/p>\n<h3>CNC-tarkkuuskoneistus ty\u00f6paja<\/h3>\n<p><img decoding=\"async\" src=\"\/wp-content\/uploads\/factory-11.5.webp\"\/><\/p>\n<h3>Valmiiden tuotteiden ja vientivarasto<\/h3>\n<p><img decoding=\"async\" src=\"\/wp-content\/uploads\/factory-12.webp\"\/><\/p>\n<p><img decoding=\"async\" src=\"\/wp-content\/uploads\/factory-13.webp\"\/><\/p>\n<p><img decoding=\"async\" src=\"\/wp-content\/uploads\/factory-14.webp\"\/><\/p>\n<h2>FAQ<\/h2>\n<p><p><b>1.Mitk\u00e4 ovat alumiinisten CNC-porausosien edut?<\/b><\/p>\n<p>Alumiiniset CNC-ly\u00f6ntiosat tarjoavat suurta tarkkuutta, kest\u00e4vyytt\u00e4 ja kyky\u00e4 mukauttaa malleja erilaisiin sovelluksiin, joten ne sopivat erinomaisesti esimerkiksi autoteollisuuteen, elektroniikkaan ja ilmailu- ja avaruusteollisuuteen.<br \/>\n<\/p><br \/>\n<br \/>\n<p><b>2.Miksi valita alumiini CNC-ly\u00f6nti\u00e4 varten?<\/b><\/p>\n<p>Alumiini on kevytt\u00e4, korroosionkest\u00e4v\u00e4\u00e4 ja erinomaisesti ty\u00f6stett\u00e4v\u00e4\u00e4, joten se on suosittu valinta CNC-porausosiin.<br \/>\n<\/p><br \/>\n<br \/>\n<p><b>3.Kuinka tarkkoja ovat alumiiniset CNC-porausosat?<\/b><\/p>\n<p>Alumiiniset CNC-ly\u00f6ntiosat valmistetaan eritt\u00e4in tarkasti, mik\u00e4 takaa tiukat toleranssit ja erinomaisen laadun erilaisiin sovelluksiin.<br \/>\n<\/p><br \/>\n<br \/>\n<p><b>4.Can alumiini CNC Punching osat voidaan r\u00e4\u00e4t\u00e4l\u00f6id\u00e4?<\/b><\/p>\n<p>Kyll\u00e4, alumiiniset CNC-ly\u00f6ntiosat voidaan helposti r\u00e4\u00e4t\u00e4l\u00f6id\u00e4 vastaamaan projektisi erityisi\u00e4 suunnittelu- ja mittavaatimuksia.<br \/>\n<\/p><br \/>\n<br \/>\n<p><b>5.What teollisuudenaloilla k\u00e4ytt\u00e4\u00e4 alumiini CNC Punching osat?<\/b><\/p>\n<p>Alumiinisia CNC-ly\u00f6ntiosia k\u00e4ytet\u00e4\u00e4n laajalti autoteollisuudessa, elektroniikassa, ilmailu- ja avaruusalalla sek\u00e4 teollisuudessa niiden monipuolisuuden ja lujuuden ansiosta.<br \/>\n<\/p><br \/>\n<br \/>\n<p><b>6.Kuinka nopeasti alumiinisten CNC-porausosien tuotanto on?<\/b><\/p>\n<p>Alumiinin CNC-porausosien tuotantoaika on yleens\u00e4 nopea, mik\u00e4 mahdollistaa nopeat l\u00e4pimenoajat ja tiukkojen m\u00e4\u00e4r\u00e4aikojen noudattamisen.<br \/>\n<\/p><br \/>\n<br \/>\n<p><b>7.Are alumiini CNC Punching osat kustannustehokas?<\/b><\/p>\n<p>Kyll\u00e4, alumiinin CNC-ly\u00f6ntiprosessi on kustannustehokas ja tarjoaa kilpailukykyisen hinnoittelun laadusta tinkim\u00e4tt\u00e4.<br \/>\n<\/p><br \/><\/p>","protected":false},"featured_media":8520,"template":"","categories":[68],"class_list":["post-8521","product","type-product","status-publish","has-post-thumbnail","hentry","category-cnc-machining-aluminum-profile"],"meta_box":{"hilight_text_group":{"product_hilight_text":"<li>High precision machining for superior quality<\/li>\r\r\n<li>Cost-effective and efficient production process<\/li>\r\r\n<li>Customizable designs to meet specific requirements<\/li>\r\r\n<li>Durable and reliable aluminum material<\/li>\r\r\n<li>Fast lead time and quick turnaround<\/li>\r\r\n<li>Perfect for various industries, including automotive, electronics, and aerospace<\/li>","product_chanpin_blog":"<ul>\r\r\n<li><a href=\"https:\/\/sinoextrud.com\/t-slot-v-slot-differences\/\" target=\"_blank\">t slot vs v slot<\/a><\/li>\r\r\n<li><a href=\"https:\/\/sinoextrud.com\/what-is-4040-aluminium-extrud\/\" target=\"_blank\">4040 aluminium extrusion<\/a><\/li>\r\r\n<li><a href=\"https:\/\/sinoextrud.com\/what-is-4040-aluminium-extrud\/\" target=\"_blank\">aluminum extrusions for industrial racks<\/a><\/li>\r\r\n<li><a href=\"https:\/\/sinoextrud.com\/powder-coating-aluminium-process\/\" target=\"_blank\">powder coating aluminium<\/a><\/li>\r\r\n<li><a href=\"https:\/\/sinoextrud.com\/what-is-an-aluminium-strip-ceiling\/\" target=\"_blank\">aluminium strip ceiling<\/a><\/li>\r\r\n<li><a href=\"https:\/\/sinoextrud.com\/what-is-a-heat-sink\/\" target=\"_blank\">what is a heat sink<\/a><\/li>\r\r\n<\/ul>","product_chanpin_chanpin":"<li><a href=\"https:\/\/sinoextrud.com\/product\/aluminum-extruded-handles\/\" target=\"_blank\">Aluminum Extruded Handles<\/a><\/li>\r\n<li><a href=\"https:\/\/sinoextrud.com\/product\/aluminum-cnc-profile\/\" target=\"_blank\">Aluminum CNC Profile<\/a><\/li>\r\n<li><a href=\"https:\/\/sinoextrud.com\/product\/extruded-aluminium-case\/\" target=\"_blank\">Extruded Aluminium Case<\/a><\/li>\r\n<li><a href=\"https:\/\/sinoextrud.com\/product\/aluminium-extrusion-enclosure\/\" target=\"_blank\">Aluminium Extrusion Enclosure<\/a><\/li>\r\n<li><a href=\"https:\/\/sinoextrud.com\/product\/aluminum-cnc-punching-parts\/\" target=\"_blank\">Aluminum CNC Punching Parts<\/a><\/li>\r\n<li><a href=\"https:\/\/sinoextrud.com\/product\/factory-cnc-precision-aluminum-parts\/\" target=\"_blank\">Factory Cnc Precision Aluminum Parts<\/a><\/li>\r\n<li><a href=\"https:\/\/sinoextrud.com\/product\/extruded-aluminium-housing\/\" target=\"_blank\">Extruded Aluminium Housing<\/a><\/li>\r\n<li><a href=\"https:\/\/sinoextrud.com\/product\/aluminum-panel-outlet-socket\/\" target=\"_blank\">Aluminum Panel Outlet Socket<\/a><\/li>\r\n<li><a href=\"https:\/\/sinoextrud.com\/product\/anodized-small-machining-aluminum-parts\/\" target=\"_blank\">Anodized Small Machining Aluminum Parts<\/a><\/li>\r\n<li><a href=\"https:\/\/sinoextrud.com\/product\/6061-aluminum-price-per-pound-best-quality-anodized-t-slot-aluminum-profile-extrusion-framing-track\/\" target=\"_blank\">6061 aluminum price per pound best quality anodized t-slot aluminum profile extrusion framing track<\/a><\/li>\r\n<li><a href=\"https:\/\/sinoextrud.com\/product\/extruded-aluminum-alloy-profile-for-glass-floor-channel\/\" target=\"_blank\">Extruded Aluminum Alloy Profile For Glass Floor Channel<\/a><\/li>"},"feature_list":[]},"_links":{"self":[{"href":"https:\/\/sinoextrud.com\/fi\/wp-json\/wp\/v2\/product\/8521","targetHints":{"allow":["GET"]}}],"collection":[{"href":"https:\/\/sinoextrud.com\/fi\/wp-json\/wp\/v2\/product"}],"about":[{"href":"https:\/\/sinoextrud.com\/fi\/wp-json\/wp\/v2\/types\/product"}],"wp:featuredmedia":[{"embeddable":true,"href":"https:\/\/sinoextrud.com\/fi\/wp-json\/wp\/v2\/media\/8520"}],"wp:attachment":[{"href":"https:\/\/sinoextrud.com\/fi\/wp-json\/wp\/v2\/media?parent=8521"}],"wp:term":[{"taxonomy":"category","embeddable":true,"href":"https:\/\/sinoextrud.com\/fi\/wp-json\/wp\/v2\/categories?post=8521"}],"curies":[{"name":"wp","href":"https:\/\/api.w.org\/{rel}","templated":true}]}}