{"id":8511,"date":"2025-06-17T01:36:58","date_gmt":"2025-06-17T01:36:58","guid":{"rendered":"https:\/\/sinoextrud.com\/product\/aluminium-profile-bending\/"},"modified":"2025-06-24T06:24:05","modified_gmt":"2025-06-24T06:24:05","slug":"alumiiniprofiilin-taivutus","status":"publish","type":"product","link":"https:\/\/sinoextrud.com\/fi\/product\/aluminium-profile-bending\/","title":{"rendered":"Alumiiniprofiilin taivutus"},"content":{"rendered":"<h2>Tuotteiden tiedot<\/h2>\n<table class=\"custom-table\">\n<tr>\n<td class=\"label\">Tyyppi:<\/td>\n<td> Alumiiniprofiilin taivutus<\/td>\n<\/tr>\n<tr>\n<td class=\"label\">Luokka:<\/td>\n<td> 6000-sarja<\/td>\n<\/tr>\n<tr>\n<td class=\"label\">Temperamentti:<\/td>\n<td> T3-T8<\/td>\n<\/tr>\n<tr>\n<td class=\"label\">Pintak\u00e4sittely:<\/td>\n<td> Anodinen hapetus<\/td>\n<\/tr>\n<tr>\n<td class=\"label\">Sertifiointi:<\/td>\n<td> CE, ISO, TUV<\/td>\n<\/tr>\n<tr>\n<td class=\"label\">Tekniset tiedot:<\/td>\n<td> OEM<\/td>\n<\/tr>\n<tr>\n<td class=\"label\">HS-koodi:<\/td>\n<td> 7606125900<\/td>\n<\/tr>\n<tr>\n<td class=\"label\">Temperamentti:<\/td>\n<td> T3-T8<\/td>\n<\/tr>\n<tr>\n<td class=\"label\">Seos:<\/td>\n<td> Onko seos<\/td>\n<\/tr>\n<tr>\n<td class=\"label\">Kuljetuspaketti:<\/td>\n<td> as Per Customer\u2032 S Requirement<\/td>\n<\/tr>\n<tr>\n<td class=\"label\">Alkuper\u00e4:<\/td>\n<td> Foshan, Kiina<\/td>\n<\/tr>\n<\/table>\n<h2>Tuotantopohjamme<\/h2>\n<h3>Tehtaan panoraama<\/h3>\n<p><img decoding=\"async\" src=\"\/wp-content\/uploads\/factory-01.webp\"\/><\/p>\n<h3>Alumiini Bar Manufacturing Workshop<\/h3>\n<p><img decoding=\"async\" src=\"\/wp-content\/uploads\/factory-02.webp\"\/><\/p>\n<p><img decoding=\"async\" src=\"\/wp-content\/uploads\/factory-03.webp\"\/><\/p>\n<h3>Muotin varastointi Varasto<\/h3>\n<p><img decoding=\"async\" src=\"\/wp-content\/uploads\/factory-04.webp\"\/><\/p>\n<h3>43 alumiinin ekstruusiolinjat (500-5500 tonnia)<\/h3>\n<p><img decoding=\"async\" src=\"\/wp-content\/uploads\/factory-05.webp\"\/><\/p>\n<p><img decoding=\"async\" src=\"\/wp-content\/uploads\/factory-06.webp\"\/><\/p>\n<p><img decoding=\"async\" src=\"\/wp-content\/uploads\/factory-07.webp\"\/><\/p>\n<h3>Jauhemaalaus ty\u00f6paja<\/h3>\n<p><img decoding=\"async\" src=\"\/wp-content\/uploads\/factory-09.webp\"\/><\/p>\n<h3>Anodisointi ty\u00f6paja<\/h3>\n<p><img decoding=\"async\" src=\"\/wp-content\/uploads\/factory-10.webp\"\/><\/p>\n<h3>Syv\u00e4k\u00e4sittelyn ty\u00f6paja<\/h3>\n<p><img decoding=\"async\" src=\"\/wp-content\/uploads\/factory-11.webp\"\/><\/p>\n<h3>CNC-tarkkuuskoneistus ty\u00f6paja<\/h3>\n<p><img decoding=\"async\" src=\"\/wp-content\/uploads\/factory-11.5.webp\"\/><\/p>\n<h3>Valmiiden tuotteiden ja vientivarasto<\/h3>\n<p><img decoding=\"async\" src=\"\/wp-content\/uploads\/factory-12.webp\"\/><\/p>\n<p><img decoding=\"async\" src=\"\/wp-content\/uploads\/factory-13.webp\"\/><\/p>\n<p><img decoding=\"async\" src=\"\/wp-content\/uploads\/factory-14.webp\"\/><\/p>\n<h2>FAQ<\/h2>\n<p><p><b>1.Mik\u00e4 on alumiiniprofiilin taivutus?<\/b><\/p>\n<p>Alumiiniprofiilien taivutus on prosessi, jossa alumiiniprofiilit taivutetaan tiettyihin muotoihin, jotta ne vastaisivat erilaisten teollisten sovellusten mukautettuja suunnitteluvaatimuksia.<br \/>\n<\/p><br \/>\n<br \/>\n<p><b>2.Mitk\u00e4 ovat alumiiniprofiilin taivutuksen edut?<\/b><\/p>\n<p>Alumiiniprofiilien taivutus tarjoaa tarkkuutta, r\u00e4\u00e4t\u00e4l\u00f6inti\u00e4, kest\u00e4vyytt\u00e4 ja kustannustehokkuutta, mik\u00e4 tekee siit\u00e4 ihanteellisen erilaisiin sovelluksiin useilla eri teollisuudenaloilla.<br \/>\n<\/p><br \/>\n<br \/>\n<p><b>3.Miten alumiiniprofiilien taivutus parantaa suunnittelun joustavuutta?<\/b><\/p>\n<p>Alumiiniprofiilien taivutuksella voidaan luoda monimutkaisia muotoja ja profiileja, mik\u00e4 tarjoaa joustavuutta r\u00e4\u00e4t\u00e4l\u00f6ityihin projekteihin muun muassa rakennus- ja autoteollisuudessa.<br \/>\n<\/p><br \/>\n<br \/>\n<p><b>4.Onko alumiiniprofiilin taivutus kustannustehokasta?<\/b><\/p>\n<p>Kyll\u00e4, alumiiniprofiilien taivutus on kustannustehokas ratkaisu sek\u00e4 pieniin ett\u00e4 suuriin tuotantosarjoihin, ja se tasapainottaa suorituskyvyn ja hinnan teollisuusprojekteissa.<br \/>\n<\/p><br \/>\n<br \/>\n<p><b>5.Mitk\u00e4 teollisuudenalat k\u00e4ytt\u00e4v\u00e4t alumiiniprofiilin taivutusta?<\/b><\/p>\n<p>Rakennus-, auto- ja valmistusteollisuudessa k\u00e4ytet\u00e4\u00e4n usein alumiiniprofiilien taivutusta r\u00e4\u00e4t\u00e4l\u00f6ityjen rakenneosien ja -mallien luomiseen.<br \/>\n<\/p><br \/>\n<br \/>\n<p><b>6.Onko alumiiniprofiilin taivutus ymp\u00e4rist\u00f6yst\u00e4v\u00e4llist\u00e4?<\/b><\/p>\n<p>Kyll\u00e4, alumiini on kierr\u00e4tett\u00e4v\u00e4 materiaali, joten alumiiniprofiilien taivutus on ymp\u00e4rist\u00f6yst\u00e4v\u00e4llinen valinta valmistukseen.<br \/>\n<\/p><br \/>\n<br \/>\n<p><b>7.Mik\u00e4 on alumiiniprofiilien lujuus taivutuksen j\u00e4lkeen?<\/b><\/p>\n<p>Alumiiniprofiilit s\u00e4ilytt\u00e4v\u00e4t lujuutensa taivutuksen j\u00e4lkeen, mik\u00e4 takaa kest\u00e4vyyden ja luotettavuuden erilaisissa teollisissa sovelluksissa.<br \/>\n<\/p><br \/>\n<br \/>\n<p><b>8.Miten alumiiniprofiilin taivutuksen laatu varmistetaan?<\/b><\/p>\n<p>Alumiiniprofiilien taivutuksessa k\u00e4ytet\u00e4\u00e4n tarkkoja tekniikoita ja korkealaatuisia materiaaleja, jotta varmistetaan lopputuotteen tarkkuus, kest\u00e4vyys ja suorituskyky.<br \/>\n<\/p><br \/><\/p>","protected":false},"featured_media":8510,"template":"","categories":[68],"class_list":["post-8511","product","type-product","status-publish","has-post-thumbnail","hentry","category-cnc-machining-aluminum-profile"],"meta_box":{"hilight_text_group":{"product_hilight_text":"<li>Precise bending of aluminum profiles to meet custom specifications.<\/li>\r\r\n<li>Durable and lightweight material ensures both strength and flexibility.<\/li>\r\r\n<li>High-quality finish with excellent corrosion resistance for long-lasting use.<\/li>\r\r\n<li>Custom bending options allow for versatility in various industrial applications.<\/li>\r\r\n<li>Cost-effective solution for both small and large production runs.<\/li>\r\r\n<li>Efficient and reliable manufacturing process with quick turnaround times.<\/li>\r\r\n<li>Environmentally friendly and fully recyclable aluminum material.<\/li>","product_chanpin_blog":"<ul>\r\r\n<li><a href=\"https:\/\/sinoextrud.com\/t-slot-v-slot-differences\/\" target=\"_blank\">t slot vs v slot<\/a><\/li>\r\r\n<li><a href=\"https:\/\/sinoextrud.com\/what-is-4040-aluminium-extrud\/\" target=\"_blank\">4040 aluminium extrusion<\/a><\/li>\r\r\n<li><a href=\"https:\/\/sinoextrud.com\/what-is-4040-aluminium-extrud\/\" target=\"_blank\">aluminum extrusions for industrial racks<\/a><\/li>\r\r\n<li><a href=\"https:\/\/sinoextrud.com\/powder-coating-aluminium-process\/\" target=\"_blank\">powder coating aluminium<\/a><\/li>\r\r\n<li><a href=\"https:\/\/sinoextrud.com\/what-is-an-aluminium-strip-ceiling\/\" target=\"_blank\">aluminium strip ceiling<\/a><\/li>\r\r\n<li><a href=\"https:\/\/sinoextrud.com\/what-is-a-heat-sink\/\" target=\"_blank\">what is a heat sink<\/a><\/li>\r\r\n<\/ul>","product_chanpin_chanpin":"<li><a href=\"https:\/\/sinoextrud.com\/product\/custom-aluminum-extrusion-cnc-machining-aluminum-profile\/\" target=\"_blank\">Custom Aluminum Extrusion CNC Machining Aluminum Profile<\/a><\/li>\r\n<li><a href=\"https:\/\/sinoextrud.com\/product\/custom-3003-aluminum-tube-bending-coolant-tubes\/\" target=\"_blank\">Custom 3003 Aluminum Tube Bending Coolant Tubes<\/a><\/li>\r\n<li><a href=\"https:\/\/sinoextrud.com\/product\/aluminum-extrusion-curtain-wall\/\" target=\"_blank\">Aluminum Extrusion Curtain Wall<\/a><\/li>\r\n<li><a href=\"https:\/\/sinoextrud.com\/product\/aluminum-profile-for-cnc\/\" target=\"_blank\">Aluminum Profile For CNC<\/a><\/li>\r\n<li><a href=\"https:\/\/sinoextrud.com\/product\/aluminium-profile-bending\/\" target=\"_blank\">Aluminium Profile Bending<\/a><\/li>\r\n<li><a href=\"https:\/\/sinoextrud.com\/product\/aluminum-extruded-handles\/\" target=\"_blank\">Aluminum Extruded Handles<\/a><\/li>\r\n<li><a href=\"https:\/\/sinoextrud.com\/product\/aluminum-cnc-profile\/\" target=\"_blank\">Aluminum CNC Profile<\/a><\/li>\r\n<li><a href=\"https:\/\/sinoextrud.com\/product\/extruded-aluminium-case\/\" target=\"_blank\">Extruded Aluminium Case<\/a><\/li>\r\n<li><a href=\"https:\/\/sinoextrud.com\/product\/aluminium-extrusion-enclosure\/\" target=\"_blank\">Aluminium Extrusion Enclosure<\/a><\/li>\r\n<li><a href=\"https:\/\/sinoextrud.com\/product\/extruded-aluminum-enclosure-case\/\" target=\"_blank\">Extruded Aluminum Enclosure Case<\/a><\/li>\r\n<li><a href=\"https:\/\/sinoextrud.com\/product\/aluminum-profile-for-workstation-desk\/\" target=\"_blank\">Aluminum Profile For Workstation Desk<\/a><\/li>"},"feature_list":[]},"_links":{"self":[{"href":"https:\/\/sinoextrud.com\/fi\/wp-json\/wp\/v2\/product\/8511","targetHints":{"allow":["GET"]}}],"collection":[{"href":"https:\/\/sinoextrud.com\/fi\/wp-json\/wp\/v2\/product"}],"about":[{"href":"https:\/\/sinoextrud.com\/fi\/wp-json\/wp\/v2\/types\/product"}],"wp:featuredmedia":[{"embeddable":true,"href":"https:\/\/sinoextrud.com\/fi\/wp-json\/wp\/v2\/media\/8510"}],"wp:attachment":[{"href":"https:\/\/sinoextrud.com\/fi\/wp-json\/wp\/v2\/media?parent=8511"}],"wp:term":[{"taxonomy":"category","embeddable":true,"href":"https:\/\/sinoextrud.com\/fi\/wp-json\/wp\/v2\/categories?post=8511"}],"curies":[{"name":"wp","href":"https:\/\/api.w.org\/{rel}","templated":true}]}}