{"id":8503,"date":"2025-06-17T01:25:24","date_gmt":"2025-06-17T01:25:24","guid":{"rendered":"https:\/\/sinoextrud.com\/product\/custom-aluminum-extrusion-cnc-machining-aluminum-profile\/"},"modified":"2025-06-24T06:24:03","modified_gmt":"2025-06-24T06:24:03","slug":"custom-alumiini-suulakepuristus-cnc-tyosto-alumiini-profiili","status":"publish","type":"product","link":"https:\/\/sinoextrud.com\/fi\/product\/custom-aluminum-extrusion-cnc-machining-aluminum-profile\/","title":{"rendered":"Custom alumiini suulakepuristus CNC koneistus alumiini profiili"},"content":{"rendered":"<h2>Tuotteiden tiedot<\/h2>\n<table class=\"custom-table\">\n<tbody>\n<tr>\n<td> Tuotteen nimi<\/td>\n<td> Custom alumiini suulakepuristus CNC koneistus alumiini profiili<\/td>\n<\/tr>\n<tr>\n<td> Tuotevalikoima<\/td>\n<td> Custom alumiini profiilit, CNC-ty\u00f6st\u00f6, alumiini suulakepuristus, jne.<\/td>\n<\/tr>\n<tr>\n<td> Alumiiniseos<\/td>\n<td> 1000-sarja, 2000-sarja, 3000-sarja, 5000-sarja, 6000-sarja, 7000-sarja.<\/td>\n<\/tr>\n<tr>\n<td> Temper<\/td>\n<td> T3-T8<\/td>\n<\/tr>\n<tr>\n<td> Muoto<\/td>\n<td> r\u00e4\u00e4t\u00e4l\u00f6inti<\/td>\n<\/tr>\n<tr>\n<td> V\u00e4ri<\/td>\n<td> r\u00e4\u00e4t\u00e4l\u00f6inti<\/td>\n<\/tr>\n<tr>\n<td> Pintak\u00e4sittely<\/td>\n<td> viimeistelty, anodisoitu, puukuvioitu, tehopinnoitus, hiekkapuhallus, elektroforeesi, harjaus, kiillotus jne.<\/td>\n<\/tr>\n<tr>\n<td> CNC-syv\u00e4k\u00e4sittely<\/td>\n<td> leikkaaminen, poraaminen, koneistaminen, l\u00e4vist\u00e4minen, taivuttaminen, napauttaminen jne.<\/td>\n<\/tr>\n<tr>\n<td> Sertifikaatit<\/td>\n<td> CE, ISO, SGS, TUV, ROHS<\/td>\n<\/tr>\n<tr>\n<td> N\u00e4ytteet<\/td>\n<td> ilmainen n\u00e4yte. 1-3 p\u00e4iv\u00e4\u00e4 toimitetaan sinulle.<\/td>\n<\/tr>\n<tr>\n<td> MOQ<\/td>\n<td> 200 kg kutakin profiilia kohti<\/td>\n<\/tr>\n<tr>\n<td> Toimitusaika<\/td>\n<td> Muotin kehitt\u00e4minen ja n\u00e4ytteen muotoilu kest\u00e4\u00e4 12-15 p\u00e4iv\u00e4\u00e4, sitten tuotannon kesto on 15-25 p\u00e4iv\u00e4\u00e4 ostajan talletuksen vastaanottamisen j\u00e4lkeen.<\/td>\n<\/tr>\n<tr>\n<td> Maksuehdot<\/td>\n<td> 30% talletus ennen tuotantoa ja saldo ennen l\u00e4hetyst\u00e4.<\/td>\n<\/tr>\n<tr>\n<td> Satama<\/td>\n<td> Foshan, Shenzhen, Guangzhou<\/td>\n<\/tr>\n<\/tbody>\n<\/table>\n<h2>Tuotantopohjamme<\/h2>\n<h3>Tehtaan panoraama<\/h3>\n<p><img decoding=\"async\" src=\"\/wp-content\/uploads\/factory-01.webp\"\/><\/p>\n<h3>Alumiini Bar Manufacturing Workshop<\/h3>\n<p><img decoding=\"async\" src=\"\/wp-content\/uploads\/factory-02.webp\"\/><\/p>\n<p><img decoding=\"async\" src=\"\/wp-content\/uploads\/factory-03.webp\"\/><\/p>\n<h3>Muotin varastointi Varasto<\/h3>\n<p><img decoding=\"async\" src=\"\/wp-content\/uploads\/factory-04.webp\"\/><\/p>\n<h3>43 Alumiini ekstruusiolinjat (500\u00e2 5500 tonnia)<\/h3>\n<p><img decoding=\"async\" src=\"\/wp-content\/uploads\/factory-05.webp\"\/><\/p>\n<p><img decoding=\"async\" src=\"\/wp-content\/uploads\/factory-06.webp\"\/><\/p>\n<p><img decoding=\"async\" src=\"\/wp-content\/uploads\/factory-07.webp\"\/><\/p>\n<h3>Jauhemaalaus ty\u00f6paja<\/h3>\n<p><img decoding=\"async\" src=\"\/wp-content\/uploads\/factory-09.webp\"\/><\/p>\n<h3>Anodisointi ty\u00f6paja<\/h3>\n<p><img decoding=\"async\" src=\"\/wp-content\/uploads\/factory-10.webp\"\/><\/p>\n<h3>Syv\u00e4k\u00e4sittelyn ty\u00f6paja<\/h3>\n<p><img decoding=\"async\" src=\"\/wp-content\/uploads\/factory-11.webp\"\/><\/p>\n<h3>CNC-tarkkuuskoneistus ty\u00f6paja<\/h3>\n<p><img decoding=\"async\" src=\"\/wp-content\/uploads\/factory-11.5.webp\"\/><\/p>\n<h3>Valmiiden tuotteiden ja vientivarasto<\/h3>\n<p><img decoding=\"async\" src=\"\/wp-content\/uploads\/factory-12.webp\"\/><\/p>\n<p><img decoding=\"async\" src=\"\/wp-content\/uploads\/factory-13.webp\"\/><\/p>\n<p><img decoding=\"async\" src=\"\/wp-content\/uploads\/factory-14.webp\"\/><\/p>\n<h2>FAQ<\/h2>\n<p><p><b>1.Custom alumiini suulakepuristus CNC koneistus alumiini profiili: Mit\u00e4 etuja mukautetun alumiinin suulakepuristusprofiileista on?<\/b><\/p>\n<p>R\u00e4\u00e4t\u00e4l\u00f6idyt alumiiniprofiilit suunnitellaan vastaamaan projektin erityistarpeita, ja ne tarjoavat r\u00e4\u00e4t\u00e4l\u00f6ityj\u00e4 ratkaisuja ainutlaatuisiin muotoiluihin ja sovelluksiin.<br \/>\n<\/p><br \/>\n<br \/>\n<p><b>2.Miten CNC-ty\u00f6st\u00f6 parantaa alumiiniprofiilien laatua?<\/b><\/p>\n<p>CNC-ty\u00f6st\u00f6 takaa korkean tarkkuuden ja tiukat toleranssit, joilla varmistetaan, ett\u00e4 alumiiniprofiilit ovat sileit\u00e4 ja t\u00e4ytt\u00e4v\u00e4t tarkat vaatimukset.<br \/>\n<\/p><br \/>\n<br \/>\n<p><b>3.Voinko saada mukautettuja muotoja ja kokoja alumiiniprofiileille?<\/b><\/p>\n<p>Kyll\u00e4, alumiiniprofiileja voidaan suunnitella eri muotoisina ja kokoisina, jotta ne sopivat t\u00e4sm\u00e4lleen projektisi vaatimuksiin.<br \/>\n<\/p><br \/>\n<br \/>\n<p><b>4.Mitk\u00e4 teollisuudenalat hy\u00f6tyv\u00e4t r\u00e4\u00e4t\u00e4l\u00f6ityjen alumiiniprofiilien k\u00e4yt\u00f6st\u00e4?<\/b><\/p>\n<p>Teollisuudenalat, kuten autoteollisuus, ilmailu- ja avaruusteollisuus, elektroniikka ja rakentaminen, hy\u00f6tyv\u00e4t r\u00e4\u00e4t\u00e4l\u00f6ityjen alumiiniprofiilien lujuudesta, tarkkuudesta ja monipuolisuudesta.<br \/>\n<\/p><br \/>\n<br \/>\n<p><b>5.Miten alumiinin lujuus-painosuhde hy\u00f6dytt\u00e4\u00e4 profiileja?<\/b><\/p>\n<p>Alumiini tarjoaa korkean lujuus-painosuhteen, joten se on ihanteellinen materiaali kevyille mutta kest\u00e4ville profiileille, joita k\u00e4ytet\u00e4\u00e4n rakenteellisissa sovelluksissa.<br \/>\n<\/p><br \/>\n<br \/>\n<p><b>6.Kuinka nopeasti voit toimittaa r\u00e4\u00e4t\u00e4l\u00f6ityj\u00e4 alumiiniprofiileja?<\/b><\/p>\n<p>Tehokas valmistusprosessimme takaa nopeat l\u00e4pimenoajat, mink\u00e4 ansiosta voimme noudattaa tiukkoja m\u00e4\u00e4r\u00e4aikoja r\u00e4\u00e4t\u00e4l\u00f6ityjen alumiinipuristushankkeiden osalta.<br \/>\n<\/p><br \/>\n<br \/>\n<p><b>7.What on kustannustehokkuus mukautetun alumiinin suulakepuristusprofiilien?<\/b><\/p>\n<p>R\u00e4\u00e4t\u00e4l\u00f6idyt alumiiniprofiilit ovat kustannustehokkaita, koska ne voidaan r\u00e4\u00e4t\u00e4l\u00f6id\u00e4 erityisvaatimusten mukaan, mik\u00e4 v\u00e4hent\u00e4\u00e4 materiaalihukkaa ja parantaa tuotannon tehokkuutta.<br \/>\n<\/p><br \/>\n<br \/>\n<p><b>8.Miten CNC-ty\u00f6st\u00f6 edist\u00e4\u00e4 alumiiniprofiilien tarkkuutta?<\/b><\/p>\n<p>CNC-ty\u00f6st\u00f6ss\u00e4 k\u00e4ytet\u00e4\u00e4n tietokoneohjattuja ty\u00f6kaluja, joilla varmistetaan tarkat leikkaukset, yhdenmukaiset mitat ja korkealaatuinen viimeistely, mik\u00e4 parantaa alumiiniprofiilien kokonaislaatua.<br \/>\n<\/p><br \/><\/p>","protected":false},"featured_media":8502,"template":"","categories":[68],"class_list":["post-8503","product","type-product","status-publish","has-post-thumbnail","hentry","category-cnc-machining-aluminum-profile"],"meta_box":{"hilight_text_group":{"product_hilight_text":"<li>Custom aluminum extrusion profiles designed to meet specific industrial requirements with high precision.<\/li>\r\r\n<li>CNC machining ensures tight tolerances and smooth finishes for aluminum profiles, enhancing their functionality.<\/li>\r\r\n<li>Aluminum material offers excellent strength-to-weight ratio, making the profiles durable and lightweight.<\/li>\r\r\n<li>Custom shapes and sizes available to suit a wide range of applications across various industries.<\/li>\r\r\n<li>Efficient manufacturing process reduces lead times and ensures cost-effective production of aluminum profiles.<\/li>","product_chanpin_blog":"<ul>\r\r\n<li><a href=\"https:\/\/sinoextrud.com\/t-slot-v-slot-differences\/\" target=\"_blank\">t slot vs v slot<\/a><\/li>\r\r\n<li><a href=\"https:\/\/sinoextrud.com\/what-is-4040-aluminium-extrud\/\" target=\"_blank\">4040 aluminium extrusion<\/a><\/li>\r\r\n<li><a href=\"https:\/\/sinoextrud.com\/what-is-4040-aluminium-extrud\/\" target=\"_blank\">aluminum extrusions for industrial racks<\/a><\/li>\r\r\n<li><a href=\"https:\/\/sinoextrud.com\/powder-coating-aluminium-process\/\" target=\"_blank\">powder coating aluminium<\/a><\/li>\r\r\n<li><a href=\"https:\/\/sinoextrud.com\/what-is-an-aluminium-strip-ceiling\/\" target=\"_blank\">aluminium strip ceiling<\/a><\/li>\r\r\n<li><a href=\"https:\/\/sinoextrud.com\/what-is-a-heat-sink\/\" target=\"_blank\">what is a heat sink<\/a><\/li>\r\r\n<\/ul>","product_chanpin_chanpin":"<li><a href=\"https:\/\/sinoextrud.com\/product\/aluminum-alloy-cnc-aluminum-controller-shell\/\" target=\"_blank\">Aluminum Alloy CNC Aluminum Controller Shell<\/a><\/li>\r\n<li><a href=\"https:\/\/sinoextrud.com\/product\/aluminium-cnc-factory-punching-extrusion-profile-tubing-sizes-oem\/\" target=\"_blank\">aluminium cnc factory punching extrusion profile tubing sizes OEM<\/a><\/li>\r\n<li><a href=\"https:\/\/sinoextrud.com\/product\/cnc-machining-anodized-item-extruded-aluminum\/\" target=\"_blank\">CNC Machining Anodized Item Extruded Aluminum<\/a><\/li>\r\n<li><a href=\"https:\/\/sinoextrud.com\/product\/cnc-aluminum-curved-profiles-tubes\/\" target=\"_blank\">CNC Aluminum Curved Profiles Tubes<\/a><\/li>\r\n<li><a href=\"https:\/\/sinoextrud.com\/product\/custom-aluminum-extrusion-cnc-machining-aluminum-profile\/\" target=\"_blank\">Custom Aluminum Extrusion CNC Machining Aluminum Profile<\/a><\/li>\r\n<li><a href=\"https:\/\/sinoextrud.com\/product\/custom-3003-aluminum-tube-bending-coolant-tubes\/\" target=\"_blank\">Custom 3003 Aluminum Tube Bending Coolant Tubes<\/a><\/li>\r\n<li><a href=\"https:\/\/sinoextrud.com\/product\/aluminum-extrusion-curtain-wall\/\" target=\"_blank\">Aluminum Extrusion Curtain Wall<\/a><\/li>\r\n<li><a href=\"https:\/\/sinoextrud.com\/product\/aluminum-profile-for-cnc\/\" target=\"_blank\">Aluminum Profile For CNC<\/a><\/li>\r\n<li><a href=\"https:\/\/sinoextrud.com\/product\/aluminium-profile-bending\/\" target=\"_blank\">Aluminium Profile Bending<\/a><\/li>\r\n<li><a href=\"https:\/\/sinoextrud.com\/product\/oem-aluminum-extusion-profile-led-light-strip-channel\/\" target=\"_blank\">OEM Aluminum Extusion Profile Led Light strip channel<\/a><\/li>\r\n<li><a href=\"https:\/\/sinoextrud.com\/product\/pvdf-coating-aluminum-profile\/\" target=\"_blank\">PVDF Coating Aluminum Profile<\/a><\/li>"},"feature_list":[]},"_links":{"self":[{"href":"https:\/\/sinoextrud.com\/fi\/wp-json\/wp\/v2\/product\/8503","targetHints":{"allow":["GET"]}}],"collection":[{"href":"https:\/\/sinoextrud.com\/fi\/wp-json\/wp\/v2\/product"}],"about":[{"href":"https:\/\/sinoextrud.com\/fi\/wp-json\/wp\/v2\/types\/product"}],"wp:featuredmedia":[{"embeddable":true,"href":"https:\/\/sinoextrud.com\/fi\/wp-json\/wp\/v2\/media\/8502"}],"wp:attachment":[{"href":"https:\/\/sinoextrud.com\/fi\/wp-json\/wp\/v2\/media?parent=8503"}],"wp:term":[{"taxonomy":"category","embeddable":true,"href":"https:\/\/sinoextrud.com\/fi\/wp-json\/wp\/v2\/categories?post=8503"}],"curies":[{"name":"wp","href":"https:\/\/api.w.org\/{rel}","templated":true}]}}