{"id":8483,"date":"2025-06-16T13:22:48","date_gmt":"2025-06-16T13:22:48","guid":{"rendered":"https:\/\/sinoextrud.com\/product\/cnc-aluminum-curved-profiles-tubes\/"},"modified":"2025-06-24T06:24:03","modified_gmt":"2025-06-24T06:24:03","slug":"cnc-alumiini-kaarevat-profiilit-putket","status":"publish","type":"product","link":"https:\/\/sinoextrud.com\/fi\/product\/cnc-aluminum-curved-profiles-tubes\/","title":{"rendered":"CNC alumiini kaarevat profiilit putket"},"content":{"rendered":"<h2>Tuotteiden tiedot<\/h2>\n<table class=\"custom-table\">\n<tr>\n<td class=\"label\">Kohde<\/td>\n<td>CNC alumiini kaarevat profiilit putket<\/td>\n<\/tr>\n<tr>\n<td class=\"label\">Temper<\/td>\n<td>T5-T8<\/td>\n<\/tr>\n<tr>\n<td class=\"label\">Prosessin kulku<\/td>\n<td>Muotin kehitt\u00e4minen - Alumiiniharkot - L\u00e4mmitys - Muotitus raakalumiinilla - Pintak\u00e4sittely ja v\u00e4ri<\/td>\n<\/tr>\n<tr>\n<td class=\"label\">Ominaisuus<\/td>\n<td>1.Neat ja kauniit hienot viivat pinnalla.<br \/>\n2. Hyv\u00e4ksyt\u00e4\u00e4n kansalliset standardoidut alumiiniaihiot.<br \/>\n3. Tasaisella anodisointiprosessillamme, joka on sovitettu pinnan suojaamiseen.<br \/>\n4. Pieni tilaus on hyv\u00e4ksytt\u00e4v\u00e4.<br \/>\n5. R\u00e4\u00e4t\u00e4l\u00f6ity puristaminen piirustuksesi mukaan.<\/td>\n<\/tr>\n<tr>\n<td class=\"label\">Hakemus<\/td>\n<td>rakennus, sisustus<\/td>\n<\/tr>\n<tr>\n<td class=\"label\">Muoto<\/td>\n<td>Mukauttaminen<\/td>\n<\/tr>\n<tr>\n<td class=\"label\">Pintak\u00e4sittely<\/td>\n<td>Mylly viimeistelty, anodisoitu, tehopinnoite, hiekkapuhallus, elektroforeesi, harjattu, kiillotus jne.<\/td>\n<\/tr>\n<tr>\n<td class=\"label\">V\u00e4ri<\/td>\n<td>Hopea, musta, kulta, samppanja, pronssi, punainen, sininen;<br \/>\nvoimme r\u00e4\u00e4t\u00e4l\u00f6id\u00e4 v\u00e4rej\u00e4 asiakkaiden n\u00e4ytteiden perusteella<\/td>\n<\/tr>\n<tr>\n<td class=\"label\">Syv\u00e4prosessointi<\/td>\n<td>Leikkaus, poraus, ty\u00f6st\u00f6, l\u00e4vistys, taivutus, napauttaminen jne.<\/td>\n<\/tr>\n<tr>\n<td class=\"label\">Takuu<\/td>\n<td>ISO: 9001, SONCAP , BV-sertifikaatti, TUV, SGS tai asiakkaiden sertifikaatti saatavilla<\/td>\n<\/tr>\n<tr>\n<td class=\"label\">MOQ<\/td>\n<td>200 kg kutakin profiilia kohti<\/td>\n<\/tr>\n<tr>\n<td class=\"label\">Toimitusaika<\/td>\n<td>Muotin kehitt\u00e4minen ja n\u00e4ytteen muotoilu kest\u00e4\u00e4 12-15 p\u00e4iv\u00e4\u00e4, ja tuotannon kesto on 15-25 p\u00e4iv\u00e4\u00e4 ostajan talletuksen vastaanottamisen j\u00e4lkeen.<\/td>\n<\/tr>\n<tr>\n<td class=\"label\">Ilmainen n\u00e4yte<\/td>\n<td>1-3 p\u00e4iv\u00e4\u00e4 voidaan l\u00e4hett\u00e4\u00e4<\/td>\n<\/tr>\n<\/table>\n<h2>Tuotantopohjamme<\/h2>\n<h3>Tehtaan panoraama<\/h3>\n<p><img decoding=\"async\" src=\"\/wp-content\/uploads\/factory-01.webp\"\/><\/p>\n<h3>Alumiini Bar Manufacturing Workshop<\/h3>\n<p><img decoding=\"async\" src=\"\/wp-content\/uploads\/factory-02.webp\"\/><\/p>\n<p><img decoding=\"async\" src=\"\/wp-content\/uploads\/factory-03.webp\"\/><\/p>\n<h3>Muotin varastointi Varasto<\/h3>\n<p><img decoding=\"async\" src=\"\/wp-content\/uploads\/factory-04.webp\"\/><\/p>\n<h3>43 alumiinin ekstruusiolinjat (500-5500 tonnia)<\/h3>\n<p><img decoding=\"async\" src=\"\/wp-content\/uploads\/factory-05.webp\"\/><\/p>\n<p><img decoding=\"async\" src=\"\/wp-content\/uploads\/factory-06.webp\"\/><\/p>\n<p><img decoding=\"async\" src=\"\/wp-content\/uploads\/factory-07.webp\"\/><\/p>\n<h3>Jauhemaalaus ty\u00f6paja<\/h3>\n<p><img decoding=\"async\" src=\"\/wp-content\/uploads\/factory-09.webp\"\/><\/p>\n<h3>Anodisointi ty\u00f6paja<\/h3>\n<p><img decoding=\"async\" src=\"\/wp-content\/uploads\/factory-10.webp\"\/><\/p>\n<h3>Syv\u00e4k\u00e4sittelyn ty\u00f6paja<\/h3>\n<p><img decoding=\"async\" src=\"\/wp-content\/uploads\/factory-11.webp\"\/><\/p>\n<h3>CNC-tarkkuuskoneistus ty\u00f6paja<\/h3>\n<p><img decoding=\"async\" src=\"\/wp-content\/uploads\/factory-11.5.webp\"\/><\/p>\n<h3>Valmiiden tuotteiden ja vientivarasto<\/h3>\n<p><img decoding=\"async\" src=\"\/wp-content\/uploads\/factory-12.webp\"\/><\/p>\n<p><img decoding=\"async\" src=\"\/wp-content\/uploads\/factory-13.webp\"\/><\/p>\n<p><img decoding=\"async\" src=\"\/wp-content\/uploads\/factory-14.webp\"\/><\/p>\n<h2>FAQ<\/h2>\n<p><p><b>1.CNC alumiini kaarevat profiilit putket: CNC-ty\u00f6st\u00f6n edut alumiinin kaareville profiileille ja putkille?<\/b><\/p>\n<p>CNC-ty\u00f6st\u00f6 takaa korkean tarkkuuden, tiukat toleranssit ja r\u00e4\u00e4t\u00e4l\u00f6idyt muodot, joilla varmistetaan, ett\u00e4 alumiiniputket t\u00e4ytt\u00e4v\u00e4t erityiset suunnittelu- ja suorituskykyvaatimukset.<br \/>\n<\/p><br \/>\n<br \/>\n<p><b>2.Miten alumiinimateriaali hy\u00f6dytt\u00e4\u00e4 kaarevia profiileja ja putkia?<\/b><\/p>\n<p>Alumiini on kevytt\u00e4, vahvaa ja korroosionkest\u00e4v\u00e4\u00e4, joten se sopii erinomaisesti kest\u00e4vien ja suorituskykyisten kaarevien profiilien ja putkien valmistukseen.<br \/>\n<\/p><br \/>\n<br \/>\n<p><b>3.Can CNC alumiini kaarevat profiilit ja putket voidaan r\u00e4\u00e4t\u00e4l\u00f6id\u00e4?<\/b><\/p>\n<p>Kyll\u00e4, CNC-ty\u00f6st\u00f6 mahdollistaa t\u00e4yden r\u00e4\u00e4t\u00e4l\u00f6innin koon, muodon ja viimeistelyn osalta, mik\u00e4 tarjoaa r\u00e4\u00e4t\u00e4l\u00f6ityj\u00e4 ratkaisuja erilaisiin teollisiin sovelluksiin.<br \/>\n<\/p><br \/>\n<br \/>\n<p><b>4.Mitk\u00e4 teollisuudenalat k\u00e4ytt\u00e4v\u00e4t CNC-alumiinista kaarevia profiileja ja putkia?<\/b><\/p>\n<p>CNC-alumiinista valmistettujen kaarevien profiilien ja putkien tarkkuudesta ja kest\u00e4vyydest\u00e4 hy\u00f6tyv\u00e4t esimerkiksi autoteollisuus, ilmailu- ja avaruusteollisuus, rakentaminen ja teollisuus.<br \/>\n<\/p><br \/>\n<br \/>\n<p><b>5.Miten alumiinin korroosionkest\u00e4vyys parantaa kaarevien profiilien ja putkien pitk\u00e4ik\u00e4isyytt\u00e4?<\/b><\/p>\n<p>Alumiinin korroosionkest\u00e4vyys takaa, ett\u00e4 kaarevat profiilit ja putket s\u00e4ilytt\u00e4v\u00e4t lujuutensa ja ulkon\u00e4k\u00f6ns\u00e4 my\u00f6s ankarissa tai ulkoilmaolosuhteissa.<br \/>\n<\/p><br \/>\n<br \/>\n<p><b>6.Mink\u00e4 tyyppiset projektit sopivat parhaiten CNC-alumiinista valmistetuille kaareville profiileille ja putkille?<\/b><\/p>\n<p>CNC-alumiinista valmistetut kaarevat profiilit ja putket soveltuvat erinomaisesti rakenne-, auto- ja arkkitehtuuriprojekteihin, joissa tarvitaan tarkkoja, kest\u00e4vi\u00e4 ja kevyit\u00e4 komponentteja.<br \/>\n<\/p><br \/>\n<br \/>\n<p><b>7.Miten CNC-ty\u00f6st\u00f6 varmistaa laadukkaat alumiiniset kaarevat profiilit ja putket?<\/b><\/p>\n<p>CNC-ty\u00f6st\u00f6 mahdollistaa tarkan leikkaamisen, muotoilun ja viimeistelyn, mik\u00e4 varmistaa, ett\u00e4 alumiiniprofiilit ja -putket t\u00e4ytt\u00e4v\u00e4t tiukat toleranssit ja laatustandardit.<br \/>\n<\/p><br \/>\n<br \/>\n<p><b>8.Mitk\u00e4 ovat kaarevien alumiiniputkien k\u00e4yt\u00f6n edut rakenteellisissa sovelluksissa?<\/b><\/p>\n<p>Kaarevat alumiiniputket tarjoavat lujuutta, joustavuutta ja esteettisyytt\u00e4, joten ne soveltuvat sovelluksiin, jotka vaativat sek\u00e4 suorituskyky\u00e4 ett\u00e4 suunnittelun joustavuutta.<br \/>\n<\/p><br \/><\/p>","protected":false},"featured_media":0,"template":"","categories":[68],"class_list":["post-8483","product","type-product","status-publish","hentry","category-cnc-machining-aluminum-profile"],"meta_box":{"hilight_text_group":{"product_hilight_text":"<li>Precision CNC machining for custom aluminum curved profiles and tubes with tight tolerances.<\/li>\r\r\n<li>High-strength, lightweight aluminum material ensures durability without added weight.<\/li>\r\r\n<li>Customizable tube shapes and sizes to meet specific project requirements and applications.<\/li>\r\r\n<li>Corrosion-resistant aluminum provides long-lasting performance in various environments.<\/li>\r\r\n<li>Ideal for industries like automotive, construction, and aerospace, where precision and performance are critical.<\/li>","product_chanpin_blog":"<ul>\r\r\n<li><a href=\"https:\/\/sinoextrud.com\/t-slot-v-slot-differences\/\" target=\"_blank\">t slot vs v slot<\/a><\/li>\r\r\n<li><a href=\"https:\/\/sinoextrud.com\/what-is-4040-aluminium-extrud\/\" target=\"_blank\">4040 aluminium extrusion<\/a><\/li>\r\r\n<li><a href=\"https:\/\/sinoextrud.com\/what-is-4040-aluminium-extrud\/\" target=\"_blank\">aluminum extrusions for industrial racks<\/a><\/li>\r\r\n<li><a href=\"https:\/\/sinoextrud.com\/powder-coating-aluminium-process\/\" target=\"_blank\">powder coating aluminium<\/a><\/li>\r\r\n<li><a href=\"https:\/\/sinoextrud.com\/what-is-an-aluminium-strip-ceiling\/\" target=\"_blank\">aluminium strip ceiling<\/a><\/li>\r\r\n<li><a href=\"https:\/\/sinoextrud.com\/what-is-a-heat-sink\/\" target=\"_blank\">what is a heat sink<\/a><\/li>\r\r\n<\/ul>","product_chanpin_chanpin":"<li><a href=\"https:\/\/sinoextrud.com\/product\/cnc-machined-6063-aluminium-extrusion-product\/\" target=\"_blank\">CNC Machined 6063 Aluminium Extrusion Product<\/a><\/li>\r\n<li><a href=\"https:\/\/sinoextrud.com\/product\/aluminum-alloy-cnc-aluminum-controller-shell\/\" target=\"_blank\">Aluminum Alloy CNC Aluminum Controller Shell<\/a><\/li>\r\n<li><a href=\"https:\/\/sinoextrud.com\/product\/aluminium-cnc-factory-punching-extrusion-profile-tubing-sizes-oem\/\" target=\"_blank\">aluminium cnc factory punching extrusion profile tubing sizes OEM<\/a><\/li>\r\n<li><a href=\"https:\/\/sinoextrud.com\/product\/cnc-machining-anodized-item-extruded-aluminum\/\" target=\"_blank\">CNC Machining Anodized Item Extruded Aluminum<\/a><\/li>\r\n<li><a href=\"https:\/\/sinoextrud.com\/product\/cnc-aluminum-curved-profiles-tubes\/\" target=\"_blank\">CNC Aluminum Curved Profiles Tubes<\/a><\/li>\r\n<li><a href=\"https:\/\/sinoextrud.com\/product\/custom-aluminum-extrusion-cnc-machining-aluminum-profile\/\" target=\"_blank\">Custom Aluminum Extrusion CNC Machining Aluminum Profile<\/a><\/li>\r\n<li><a href=\"https:\/\/sinoextrud.com\/product\/custom-3003-aluminum-tube-bending-coolant-tubes\/\" target=\"_blank\">Custom 3003 Aluminum Tube Bending Coolant Tubes<\/a><\/li>\r\n<li><a href=\"https:\/\/sinoextrud.com\/product\/aluminum-extrusion-curtain-wall\/\" target=\"_blank\">Aluminum Extrusion Curtain Wall<\/a><\/li>\r\n<li><a href=\"https:\/\/sinoextrud.com\/product\/aluminum-profile-for-cnc\/\" target=\"_blank\">Aluminum Profile For CNC<\/a><\/li>\r\n<li><a href=\"https:\/\/sinoextrud.com\/product\/customized-matt-electrophoresis-aluminum-extrusions-profile-for-building-material\/\" target=\"_blank\">Customized Matt Electrophoresis Aluminum Extrusions Profile For Building Material<\/a><\/li>\r\n<li><a href=\"https:\/\/sinoextrud.com\/product\/clip-in-tile-ceiling-system\/\" target=\"_blank\">Clip-in Tile Ceiling System<\/a><\/li>"},"feature_list":[]},"_links":{"self":[{"href":"https:\/\/sinoextrud.com\/fi\/wp-json\/wp\/v2\/product\/8483","targetHints":{"allow":["GET"]}}],"collection":[{"href":"https:\/\/sinoextrud.com\/fi\/wp-json\/wp\/v2\/product"}],"about":[{"href":"https:\/\/sinoextrud.com\/fi\/wp-json\/wp\/v2\/types\/product"}],"wp:attachment":[{"href":"https:\/\/sinoextrud.com\/fi\/wp-json\/wp\/v2\/media?parent=8483"}],"wp:term":[{"taxonomy":"category","embeddable":true,"href":"https:\/\/sinoextrud.com\/fi\/wp-json\/wp\/v2\/categories?post=8483"}],"curies":[{"name":"wp","href":"https:\/\/api.w.org\/{rel}","templated":true}]}}