{"id":8479,"date":"2025-06-16T13:16:49","date_gmt":"2025-06-16T13:16:49","guid":{"rendered":"https:\/\/sinoextrud.com\/product\/aluminium-cnc-factory-punching-extrusion-profile-tubing-sizes-oem\/"},"modified":"2025-06-24T06:23:59","modified_gmt":"2025-06-24T06:23:59","slug":"alumiini-cnc-tehdas-lavistys-puristamiseen-profiiliputki-putkikoot-oem","status":"publish","type":"product","link":"https:\/\/sinoextrud.com\/fi\/product\/aluminium-cnc-factory-punching-extrusion-profile-tubing-sizes-oem\/","title":{"rendered":"alumiini cnc tehtaan l\u00e4vistys puristamiseen profiiliputken koot OEM"},"content":{"rendered":"<h2>Tuotteiden tiedot<\/h2>\n<table class=\"custom-table\">\n<tr>\n<td class=\"label\">Valumenetelm\u00e4:<\/td>\n<td> cnc-alumiini<\/td>\n<\/tr>\n<tr>\n<td class=\"label\">Koneistus:<\/td>\n<td> CNC-ty\u00f6st\u00f6<\/td>\n<\/tr>\n<tr>\n<td class=\"label\">Pinnan valmistelu:<\/td>\n<td> Anodisoitu Sliver-pinnoite<\/td>\n<\/tr>\n<tr>\n<td class=\"label\">Toleranssiaste:<\/td>\n<td> 6063-t5<\/td>\n<\/tr>\n<tr>\n<td class=\"label\">Sertifiointi:<\/td>\n<td> ISO 9001:2008\uff0c<\/td>\n<\/tr>\n<tr>\n<td class=\"label\">Koko:<\/td>\n<td> R\u00e4\u00e4t\u00e4l\u00f6ity<\/td>\n<\/tr>\n<tr>\n<td class=\"label\">Matierial-tarjous:<\/td>\n<td> ADC12, Yl104, A380, Yl102 tai Custom<\/td>\n<\/tr>\n<tr>\n<td class=\"label\">Koneen koko:<\/td>\n<td> 500-5500tonnia<\/td>\n<\/tr>\n<tr>\n<td class=\"label\">Alkuper\u00e4:<\/td>\n<td> Guangdong<\/td>\n<\/tr>\n<tr>\n<td class=\"label\">Valukoneen tyyppi:<\/td>\n<td> Kylm\u00e4 kammio Die Casting Machine<\/td>\n<\/tr>\n<tr>\n<td class=\"label\">Sovellus:<\/td>\n<td> Koneiden osat<\/td>\n<\/tr>\n<tr>\n<td class=\"label\">Materiaali:<\/td>\n<td> 6063 metalliseos<\/td>\n<\/tr>\n<tr>\n<td class=\"label\">OEM\/ODM:<\/td>\n<td> Saatavilla<\/td>\n<\/tr>\n<tr>\n<td class=\"label\">Vuotuinen kapasiteetti:<\/td>\n<td> 15,000tonnia kuukaudessa<\/td>\n<\/tr>\n<tr>\n<td class=\"label\">Suvaitsevaisuus:<\/td>\n<td> +-0.03mm<\/td>\n<\/tr>\n<tr>\n<td class=\"label\">Tavaramerkki:<\/td>\n<td> Sinoextrud<\/td>\n<\/tr>\n<tr>\n<td class=\"label\">Tekniset tiedot:<\/td>\n<td> SGS, ISO<\/td>\n<\/tr>\n<tr>\n<td class=\"label\">HS-koodi:<\/td>\n<td> 9405990000<\/td>\n<\/tr>\n<tr>\n<td class=\"label\">Tuote:<\/td>\n<td> alumiini suulakepuristusprofiili<\/td>\n<\/tr>\n<\/table>\n<h2>Tuotantopohjamme<\/h2>\n<h3>Tehtaan panoraama<\/h3>\n<p><img decoding=\"async\" src=\"\/wp-content\/uploads\/factory-01.webp\"\/><\/p>\n<h3>Alumiini Bar Manufacturing Workshop<\/h3>\n<p><img decoding=\"async\" src=\"\/wp-content\/uploads\/factory-02.webp\"\/><\/p>\n<\/p>\n<p><img decoding=\"async\" src=\"\/wp-content\/uploads\/factory-03.webp\"\/><\/p>\n<h3>Muotin varastointi Varasto<\/h3>\n<p><img decoding=\"async\" src=\"\/wp-content\/uploads\/factory-04.webp\"\/><\/p>\n<h3>43 alumiinin ekstruusiolinjat (500-5500 tonnia)<\/h3>\n<p><img decoding=\"async\" src=\"\/wp-content\/uploads\/factory-05.webp\"\/><\/p>\n<p><img decoding=\"async\" src=\"\/wp-content\/uploads\/factory-06.webp\"\/><\/p>\n<p><img decoding=\"async\" src=\"\/wp-content\/uploads\/factory-07.webp\"\/><\/p>\n<h3>Jauhemaalaus ty\u00f6paja<\/h3>\n<p><img decoding=\"async\" src=\"\/wp-content\/uploads\/factory-09.webp\"\/><\/p>\n<h3>Anodisointi ty\u00f6paja<\/h3>\n<p><img decoding=\"async\" src=\"\/wp-content\/uploads\/factory-10.webp\"\/><\/p>\n<h3>Syv\u00e4k\u00e4sittelyn ty\u00f6paja<\/h3>\n<p><img decoding=\"async\" src=\"\/wp-content\/uploads\/factory-11.webp\"\/><\/p>\n<h3>CNC-tarkkuuskoneistus ty\u00f6paja<\/h3>\n<p><img decoding=\"async\" src=\"\/wp-content\/uploads\/factory-11.5.webp\"\/><\/p>\n<h3>Valmiiden tuotteiden ja vientivarasto<\/h3>\n<p><img decoding=\"async\" src=\"\/wp-content\/uploads\/factory-12.webp\"\/><\/p>\n<p><img decoding=\"async\" src=\"\/wp-content\/uploads\/factory-13.webp\"\/><\/p>\n<p><img decoding=\"async\" src=\"\/wp-content\/uploads\/factory-14.webp\"\/><\/p>\n<h2>FAQ<\/h2>\n<p><b>1.aluminium cnc factory punching extrusion profile tubing sizes OEM: Mitk\u00e4 ovat CNC-ty\u00f6st\u00f6n edut alumiiniprofiileille?<\/b><\/p>\n<p>CNC-ty\u00f6st\u00f6 mahdollistaa tarkat leikkaukset, laadukkaan viimeistelyn ja yhdenmukaiset mitat, mik\u00e4 takaa, ett\u00e4 alumiiniprofiilit t\u00e4ytt\u00e4v\u00e4t tarkat vaatimukset eri sovelluksissa.\n<\/p>\n<p><\/p>\n<p><b>2.Miten rei'itysprosessi parantaa alumiiniprofiileja?<\/b><\/p>\n<p>Rei'itys mahdollistaa tarkan rei\u00e4nluonnin ja suuren tuotantom\u00e4\u00e4r\u00e4n, jolloin alumiiniprofiilit t\u00e4ytt\u00e4v\u00e4t suunnitteluvaatimukset tehokkaasti.\n<\/p>\n<p><\/p>\n<p><b>3.Voinko saada mukautettuja kokoja alumiiniprofiileille ja -putkille?<\/b><\/p>\n<p>Kyll\u00e4, tarjoamme r\u00e4\u00e4t\u00e4l\u00f6ityj\u00e4 suulakepuristusprofiileja ja putkikokoja vastaamaan erityisi\u00e4 projektivaatimuksia, mik\u00e4 tarjoaa joustavuutta erilaisiin sovelluksiin.\n<\/p>\n<p><\/p>\n<p><b>4.Mitk\u00e4 teollisuudenalat k\u00e4ytt\u00e4v\u00e4t alumiinisia CNC-ly\u00f6nti- ja puristeprofiileja?<\/b><\/p>\n<p>Alumiiniprofiilien tarkkuudesta ja monipuolisuudesta CNC-ty\u00f6st\u00f6ss\u00e4 hy\u00f6tyv\u00e4t esimerkiksi autoteollisuus, rakennusala, elektroniikka ja teollisuus.\n<\/p>\n<p><\/p>\n<p><b>5.Miten alumiinin keveys hy\u00f6dytt\u00e4\u00e4 profiileja?<\/b><\/p>\n<p>Alumiinin kevyet ominaisuudet helpottavat sen k\u00e4sittely\u00e4, v\u00e4hent\u00e4v\u00e4t kuljetuskustannuksia ja parantavat lopputuotteen yleist\u00e4 tehokkuutta lujuudesta tinkim\u00e4tt\u00e4.\n<\/p>\n<p><\/p>\n<p><b>6.Mik\u00e4 on OEM-palvelujen etu alumiiniprofiilien tuotannossa?<\/b><\/p>\n<p>OEM-palvelut tarjoavat r\u00e4\u00e4t\u00e4l\u00f6ityj\u00e4 ratkaisuja, jotka vastaavat erityisi\u00e4 suunnittelu- ja suorituskykyvaatimuksia ja takaavat korkealaatuiset, r\u00e4\u00e4t\u00e4l\u00f6idyt tuotteet erilaisiin sovelluksiin.\n<\/p>\n<p><\/p>\n<p><b>7.Kuinka nopea on alumiiniprofiilien suurten tilausten l\u00e4pimenoaika?<\/b><\/p>\n<p>Tehokas tuotantoprosessimme takaa nopeat l\u00e4pimenoajat suurille tilauksille laadusta tinkim\u00e4tt\u00e4, mik\u00e4 takaa oikea-aikaisen toimituksen suuren kysynn\u00e4n projekteissa.\n<\/p>\n<p><\/p>\n<p><b>8.Mik\u00e4 tekee alumiinista suulakepuristusprofiilien ensisijaisen materiaalin?<\/b><\/p>\n<p>Alumiini on vahvaa, kevytt\u00e4, korroosionkest\u00e4v\u00e4\u00e4 ja kustannustehokasta, joten se on ihanteellinen valinta monenlaisiin teollisuussovelluksiin, joissa tarvitaan kest\u00e4vi\u00e4 ja suorituskykyisi\u00e4 komponentteja.\n<\/p>\n<p><\/p>","protected":false},"featured_media":8478,"template":"","categories":[68],"class_list":["post-8479","product","type-product","status-publish","has-post-thumbnail","hentry","category-cnc-machining-aluminum-profile"],"meta_box":{"hilight_text_group":{"product_hilight_text":"<li>Custom aluminum profiles with CNC machining, punching, and extrusion for precise, high-quality results.<\/li>\r\r\n<li>Flexible tubing sizes available to meet diverse industrial and application requirements.<\/li>\r\r\n<li>OEM services provide tailored solutions to meet specific client design and production needs.<\/li>\r\r\n<li>High-strength, lightweight aluminum material for durable and cost-effective components.<\/li>\r\r\n<li>Efficient production process, ensuring fast turnaround times and consistent quality for large orders.<\/li>","product_chanpin_blog":"<ul>\r\r\n<li><a href=\"https:\/\/sinoextrud.com\/t-slot-v-slot-differences\/\" target=\"_blank\">t slot vs v slot<\/a><\/li>\r\r\n<li><a href=\"https:\/\/sinoextrud.com\/what-is-4040-aluminium-extrud\/\" target=\"_blank\">4040 aluminium extrusion<\/a><\/li>\r\r\n<li><a href=\"https:\/\/sinoextrud.com\/what-is-4040-aluminium-extrud\/\" target=\"_blank\">aluminum extrusions for industrial racks<\/a><\/li>\r\r\n<li><a href=\"https:\/\/sinoextrud.com\/powder-coating-aluminium-process\/\" target=\"_blank\">powder coating aluminium<\/a><\/li>\r\r\n<li><a href=\"https:\/\/sinoextrud.com\/what-is-an-aluminium-strip-ceiling\/\" target=\"_blank\">aluminium strip ceiling<\/a><\/li>\r\r\n<li><a href=\"https:\/\/sinoextrud.com\/what-is-a-heat-sink\/\" target=\"_blank\">what is a heat sink<\/a><\/li>\r\r\n<\/ul>","product_chanpin_chanpin":"<li><a href=\"https:\/\/sinoextrud.com\/product\/cnc-machining-aluminium-profile-connectors\/\" target=\"_blank\">CNC Machining Aluminium Profile Connectors<\/a><\/li>\r\n<li><a href=\"https:\/\/sinoextrud.com\/product\/cnc-machining-anodized-aluminum-extrusions\/\" target=\"_blank\">CNC Machining Anodized Aluminum Extrusions<\/a><\/li>\r\n<li><a href=\"https:\/\/sinoextrud.com\/product\/cnc-machined-6063-aluminium-extrusion-product\/\" target=\"_blank\">CNC Machined 6063 Aluminium Extrusion Product<\/a><\/li>\r\n<li><a href=\"https:\/\/sinoextrud.com\/product\/aluminum-alloy-cnc-aluminum-controller-shell\/\" target=\"_blank\">Aluminum Alloy CNC Aluminum Controller Shell<\/a><\/li>\r\n<li><a href=\"https:\/\/sinoextrud.com\/product\/aluminium-cnc-factory-punching-extrusion-profile-tubing-sizes-oem\/\" target=\"_blank\">aluminium cnc factory punching extrusion profile tubing sizes OEM<\/a><\/li>\r\n<li><a href=\"https:\/\/sinoextrud.com\/product\/cnc-machining-anodized-item-extruded-aluminum\/\" target=\"_blank\">CNC Machining Anodized Item Extruded Aluminum<\/a><\/li>\r\n<li><a href=\"https:\/\/sinoextrud.com\/product\/cnc-aluminum-curved-profiles-tubes\/\" target=\"_blank\">CNC Aluminum Curved Profiles Tubes<\/a><\/li>\r\n<li><a href=\"https:\/\/sinoextrud.com\/product\/custom-aluminum-extrusion-cnc-machining-aluminum-profile\/\" target=\"_blank\">Custom Aluminum Extrusion CNC Machining Aluminum Profile<\/a><\/li>\r\n<li><a href=\"https:\/\/sinoextrud.com\/product\/custom-3003-aluminum-tube-bending-coolant-tubes\/\" target=\"_blank\">Custom 3003 Aluminum Tube Bending Coolant Tubes<\/a><\/li>\r\n<li><a href=\"https:\/\/sinoextrud.com\/product\/deep-type-combination-ceiling-system\/\" target=\"_blank\">Deep-type Combination Ceiling System<\/a><\/li>\r\n<li><a href=\"https:\/\/sinoextrud.com\/product\/aluminium-profile-case\/\" target=\"_blank\">Aluminium Profile Case<\/a><\/li>"},"feature_list":[]},"_links":{"self":[{"href":"https:\/\/sinoextrud.com\/fi\/wp-json\/wp\/v2\/product\/8479","targetHints":{"allow":["GET"]}}],"collection":[{"href":"https:\/\/sinoextrud.com\/fi\/wp-json\/wp\/v2\/product"}],"about":[{"href":"https:\/\/sinoextrud.com\/fi\/wp-json\/wp\/v2\/types\/product"}],"wp:featuredmedia":[{"embeddable":true,"href":"https:\/\/sinoextrud.com\/fi\/wp-json\/wp\/v2\/media\/8478"}],"wp:attachment":[{"href":"https:\/\/sinoextrud.com\/fi\/wp-json\/wp\/v2\/media?parent=8479"}],"wp:term":[{"taxonomy":"category","embeddable":true,"href":"https:\/\/sinoextrud.com\/fi\/wp-json\/wp\/v2\/categories?post=8479"}],"curies":[{"name":"wp","href":"https:\/\/api.w.org\/{rel}","templated":true}]}}