{"id":8477,"date":"2025-06-16T13:15:36","date_gmt":"2025-06-16T13:15:36","guid":{"rendered":"https:\/\/sinoextrud.com\/product\/aluminum-alloy-cnc-aluminum-controller-shell\/"},"modified":"2025-06-24T06:23:58","modified_gmt":"2025-06-24T06:23:58","slug":"alumiiniseos-cnc-alumiini-ohjain-kuori","status":"publish","type":"product","link":"https:\/\/sinoextrud.com\/fi\/product\/aluminum-alloy-cnc-aluminum-controller-shell\/","title":{"rendered":"Alumiiniseos CNC alumiini Controller Shell"},"content":{"rendered":"<h2>Tuotteiden tiedot<\/h2>\n<table class=\"custom-table\">\n<tbody>\n<tr>\n<td> Tuotteen nimi:<\/td>\n<td> Alumiiniseos CNC alumiini Controller Shell<\/td>\n<td> Luokka:<\/td>\n<td> 6000-sarja<\/td>\n<\/tr>\n<tr>\n<td> Temperamentti:<\/td>\n<td> T3-T8<\/td>\n<td> Seos tai ei:<\/td>\n<td> Metalliseos<\/td>\n<\/tr>\n<tr>\n<td> Suvaitsevaisuus:<\/td>\n<td> \u00b10,5%<\/td>\n<td> Muoto:<\/td>\n<td> R\u00e4\u00e4t\u00e4l\u00f6ity<\/td>\n<\/tr>\n<tr>\n<td> Alkuper\u00e4paikka:<\/td>\n<td> Guangdong, Kiina<\/td>\n<td> Tuotemerkki:<\/td>\n<td> Sinoextrud (Sinoextrud), Sinoextrud, Sinoextrud, Sinoextrud<\/td>\n<\/tr>\n<tr>\n<td> MOQ:<\/td>\n<td> 200KGS kullekin profiilille<\/td>\n<td> Maksuehto:<\/td>\n<td> T \/ T (30% talletus, 70% saldo ennen toimitusta), L \/ C<\/td>\n<\/tr>\n<tr>\n<td> Satama:<\/td>\n<td> FOB Guangzhou, Shenzhen, Foshan<\/td>\n<td> Toimitusaika:<\/td>\n<td> 20-30 ty\u00f6p\u00e4iv\u00e4\u00e4<\/td>\n<\/tr>\n<tr>\n<td> Sovellus:<\/td>\n<td> elektroniset tuotteet<\/td>\n<td> Standardi:<\/td>\n<td> Keskitaso ja korkea laatu<\/td>\n<\/tr>\n<tr>\n<td> V\u00e4ri:<\/td>\n<td> R\u00e4\u00e4t\u00e4l\u00f6ity<\/td>\n<td> Todistus<\/td>\n<td> CQM, SGS, CE, BV, SONCAP \/ GB, ISO, JIS, AS, NZS, QUALICOAT, QUOLANOD<\/td>\n<\/tr>\n<\/tbody>\n<\/table>\n<h2>Tuotantopohjamme<\/h2>\n<h3>Tehtaan panoraama<\/h3>\n<p><img decoding=\"async\" src=\"\/wp-content\/uploads\/factory-01.webp\"\/><\/p>\n<h3>Alumiini Bar Manufacturing Workshop<\/h3>\n<p><img decoding=\"async\" src=\"\/wp-content\/uploads\/factory-02.webp\"\/><\/p>\n<p><img decoding=\"async\" src=\"\/wp-content\/uploads\/factory-03.webp\"\/><\/p>\n<h3>Muotin varastointi Varasto<\/h3>\n<p><img decoding=\"async\" src=\"\/wp-content\/uploads\/factory-04.webp\"\/><\/p>\n<h3>43 alumiinin ekstruusiolinjat (500-5500 tonnia)<\/h3>\n<p><img decoding=\"async\" src=\"\/wp-content\/uploads\/factory-05.webp\"\/><\/p>\n<p><img decoding=\"async\" src=\"\/wp-content\/uploads\/factory-06.webp\"\/><\/p>\n<p><img decoding=\"async\" src=\"\/wp-content\/uploads\/factory-07.webp\"\/><\/p>\n<h3>Jauhemaalaus ty\u00f6paja<\/h3>\n<p><img decoding=\"async\" src=\"\/wp-content\/uploads\/factory-09.webp\"\/><\/p>\n<h3>Anodisointi ty\u00f6paja<\/h3>\n<p><img decoding=\"async\" src=\"\/wp-content\/uploads\/factory-10.webp\"\/><\/p>\n<h3>Syv\u00e4k\u00e4sittelyn ty\u00f6paja<\/h3>\n<p><img decoding=\"async\" src=\"\/wp-content\/uploads\/factory-11.webp\"\/><\/p>\n<h3>CNC-tarkkuuskoneistus ty\u00f6paja<\/h3>\n<p><img decoding=\"async\" src=\"\/wp-content\/uploads\/factory-11.5.webp\"\/><\/p>\n<h3>Valmiiden tuotteiden ja vientivarasto<\/h3>\n<p><img decoding=\"async\" src=\"\/wp-content\/uploads\/factory-12.webp\"\/><\/p>\n<p><img decoding=\"async\" src=\"\/wp-content\/uploads\/factory-13.webp\"\/><\/p>\n<p><img decoding=\"async\" src=\"\/wp-content\/uploads\/factory-14.webp\"\/><\/p>\n<h2>FAQ<\/h2>\n<p><p><b>1.Aluminum Alloy CNC Aluminum Controller Shell: CNC-ty\u00f6st\u00f6n k\u00e4ytt\u00e4misen edut ohjaimen kuoriin?<\/b><\/p>\n<p>CNC-ty\u00f6st\u00f6 mahdollistaa korkean tarkkuuden, mik\u00e4 takaa, ett\u00e4 alumiiniseoksesta valmistetut ohjainkuoret istuvat t\u00e4ydellisesti ja suojaavat herkki\u00e4 komponentteja optimaalisesti.<br \/>\n<\/p><br \/>\n<br \/>\n<p><b>2.Miten alumiiniseos parantaa ohjaimen kuorien suorituskyky\u00e4?<\/b><\/p>\n<p>Alumiiniseos tarjoaa vahvan mutta kevyen materiaalin, joka suojaa sis\u00e4ist\u00e4 elektroniikkaa ja takaa samalla kest\u00e4vyyden ja kest\u00e4vyyden ymp\u00e4rist\u00f6tekij\u00f6it\u00e4 vastaan.<br \/>\n<\/p><br \/>\n<br \/>\n<p><b>3.Can CNC-alumiiniohjaimen kuoret voidaan r\u00e4\u00e4t\u00e4l\u00f6id\u00e4 eri sovelluksiin?<\/b><\/p>\n<p>Kyll\u00e4, CNC-ty\u00f6st\u00f6 mahdollistaa koon, muodon ja viimeistelyn r\u00e4\u00e4t\u00e4l\u00f6innin, joten alumiiniseoksesta valmistetut ohjainkuoret voidaan mukauttaa erilaisiin sovellustarpeisiin.<br \/>\n<\/p><br \/>\n<br \/>\n<p><b>4.Mitk\u00e4 teollisuudenalat voivat hy\u00f6ty\u00e4 alumiiniseoksesta valmistettujen CNC-ohjainkuorien k\u00e4yt\u00f6st\u00e4?<\/b><\/p>\n<p>Elektroniikka-, auto-, ilmailu- ja avaruusteollisuus sek\u00e4 automaatioala hy\u00f6tyv\u00e4t CNC-koneistettujen alumiinisten ohjainkuorien tarjoamasta lujuudesta, tarkkuudesta ja suojasta.<br \/>\n<\/p><br \/>\n<br \/>\n<p><b>5.Miten alumiiniseoksen korroosionkest\u00e4vyys hy\u00f6dytt\u00e4\u00e4 ohjainkuoria?<\/b><\/p>\n<p>Alumiiniseoksen korroosionkest\u00e4v\u00e4t ominaisuudet varmistavat, ett\u00e4 ohjaimen kuoret pysyv\u00e4t ehjin\u00e4 ja toimivina my\u00f6s vaikeissa tai ulkoilmaolosuhteissa, mik\u00e4 pident\u00e4\u00e4 tuotteen k\u00e4ytt\u00f6ik\u00e4\u00e4.<br \/>\n<\/p><br \/>\n<br \/>\n<p><b>6.Onko alumiiniseosohjaimen kuori kevyt?<\/b><\/p>\n<p>Alumiiniseos on kevyt, joten sit\u00e4 on helppo k\u00e4sitell\u00e4 ja kuljettaa, mutta se tarjoaa silti elektroniikan suojaamiseen tarvittavan lujuuden.<br \/>\n<\/p><br \/>\n<br \/>\n<p><b>7.Mik\u00e4 tekee alumiiniseoksesta hyv\u00e4n valinnan ohjaimen kuoriin?<\/b><\/p>\n<p>Alumiiniseos tarjoaa vahvan, kevyen ja kest\u00e4v\u00e4n materiaalin, joka suojaa elektroniikkaa erinomaisesti s\u00e4ilytt\u00e4en samalla korroosion- ja kulutuskest\u00e4vyyden.<br \/>\n<\/p><br \/>\n<br \/>\n<p><b>8.Miten CNC-ty\u00f6st\u00f6 parantaa alumiinisten ohjainkuorien laatua?<\/b><\/p>\n<p>CNC-ty\u00f6st\u00f6 takaa korkean tarkkuuden, tiukat toleranssit ja sile\u00e4n viimeistelyn, mik\u00e4 takaa, ett\u00e4 alumiiniseoksesta valmistetut ohjainkuoret ovat sek\u00e4 toimivia ett\u00e4 esteettisesti miellytt\u00e4vi\u00e4.<br \/>\n<\/p><br \/><\/p>","protected":false},"featured_media":8476,"template":"","categories":[68],"class_list":["post-8477","product","type-product","status-publish","has-post-thumbnail","hentry","category-cnc-machining-aluminum-profile"],"meta_box":{"hilight_text_group":{"product_hilight_text":"<li>Precision CNC machining ensures high accuracy and custom fits for aluminum alloy controller shells.<\/li>\r\r\n<li>Durable aluminum alloy construction provides strength and protection for sensitive electronic components.<\/li>\r\r\n<li>Lightweight design reduces overall weight, improving portability and ease of use.<\/li>\r\r\n<li>Excellent corrosion resistance, making the controller shell suitable for a variety of environments.<\/li>\r\r\n<li>Customizable designs and finishes to meet specific client and application requirements.<\/li>","product_chanpin_blog":"<ul>\r\r\n<li><a href=\"https:\/\/sinoextrud.com\/t-slot-v-slot-differences\/\" target=\"_blank\">t slot vs v slot<\/a><\/li>\r\r\n<li><a href=\"https:\/\/sinoextrud.com\/what-is-4040-aluminium-extrud\/\" target=\"_blank\">4040 aluminium extrusion<\/a><\/li>\r\r\n<li><a href=\"https:\/\/sinoextrud.com\/what-is-4040-aluminium-extrud\/\" target=\"_blank\">aluminum extrusions for industrial racks<\/a><\/li>\r\r\n<li><a href=\"https:\/\/sinoextrud.com\/powder-coating-aluminium-process\/\" target=\"_blank\">powder coating aluminium<\/a><\/li>\r\r\n<li><a href=\"https:\/\/sinoextrud.com\/what-is-an-aluminium-strip-ceiling\/\" target=\"_blank\">aluminium strip ceiling<\/a><\/li>\r\r\n<li><a href=\"https:\/\/sinoextrud.com\/what-is-a-heat-sink\/\" target=\"_blank\">what is a heat sink<\/a><\/li>\r\r\n<\/ul>","product_chanpin_chanpin":"<li><a href=\"https:\/\/sinoextrud.com\/product\/aluminum-extrusion-high-strength-cnc-drilling-7003-aluminum-round-pipe\/\" target=\"_blank\">Aluminum Extrusion High-strength CNC Drilling 7003 Aluminum Round Pipe<\/a><\/li>\r\n<li><a href=\"https:\/\/sinoextrud.com\/product\/cnc-machining-aluminium-profile-connectors\/\" target=\"_blank\">CNC Machining Aluminium Profile Connectors<\/a><\/li>\r\n<li><a href=\"https:\/\/sinoextrud.com\/product\/cnc-machining-anodized-aluminum-extrusions\/\" target=\"_blank\">CNC Machining Anodized Aluminum Extrusions<\/a><\/li>\r\n<li><a href=\"https:\/\/sinoextrud.com\/product\/cnc-machined-6063-aluminium-extrusion-product\/\" target=\"_blank\">CNC Machined 6063 Aluminium Extrusion Product<\/a><\/li>\r\n<li><a href=\"https:\/\/sinoextrud.com\/product\/aluminum-alloy-cnc-aluminum-controller-shell\/\" target=\"_blank\">Aluminum Alloy CNC Aluminum Controller Shell<\/a><\/li>\r\n<li><a href=\"https:\/\/sinoextrud.com\/product\/aluminium-cnc-factory-punching-extrusion-profile-tubing-sizes-oem\/\" target=\"_blank\">aluminium cnc factory punching extrusion profile tubing sizes OEM<\/a><\/li>\r\n<li><a href=\"https:\/\/sinoextrud.com\/product\/cnc-machining-anodized-item-extruded-aluminum\/\" target=\"_blank\">CNC Machining Anodized Item Extruded Aluminum<\/a><\/li>\r\n<li><a href=\"https:\/\/sinoextrud.com\/product\/cnc-aluminum-curved-profiles-tubes\/\" target=\"_blank\">CNC Aluminum Curved Profiles Tubes<\/a><\/li>\r\n<li><a href=\"https:\/\/sinoextrud.com\/product\/custom-aluminum-extrusion-cnc-machining-aluminum-profile\/\" target=\"_blank\">Custom Aluminum Extrusion CNC Machining Aluminum Profile<\/a><\/li>\r\n<li><a href=\"https:\/\/sinoextrud.com\/product\/sound-proof-aluminum-glass-casement-windows-sliding-windows-and-doors-aluminum-profile-for-buildings-louver-system\/\" target=\"_blank\">Sound-proof Aluminum Glass Casement Windows Sliding Windows And Doors Aluminum Profile For Buildings Louver System<\/a><\/li>\r\n<li><a href=\"https:\/\/sinoextrud.com\/product\/anodized-extruded-aluminum\/\" target=\"_blank\">Anodized Extruded Aluminum<\/a><\/li>"},"feature_list":[]},"_links":{"self":[{"href":"https:\/\/sinoextrud.com\/fi\/wp-json\/wp\/v2\/product\/8477","targetHints":{"allow":["GET"]}}],"collection":[{"href":"https:\/\/sinoextrud.com\/fi\/wp-json\/wp\/v2\/product"}],"about":[{"href":"https:\/\/sinoextrud.com\/fi\/wp-json\/wp\/v2\/types\/product"}],"wp:featuredmedia":[{"embeddable":true,"href":"https:\/\/sinoextrud.com\/fi\/wp-json\/wp\/v2\/media\/8476"}],"wp:attachment":[{"href":"https:\/\/sinoextrud.com\/fi\/wp-json\/wp\/v2\/media?parent=8477"}],"wp:term":[{"taxonomy":"category","embeddable":true,"href":"https:\/\/sinoextrud.com\/fi\/wp-json\/wp\/v2\/categories?post=8477"}],"curies":[{"name":"wp","href":"https:\/\/api.w.org\/{rel}","templated":true}]}}