{"id":8455,"date":"2025-06-16T06:16:27","date_gmt":"2025-06-16T06:16:27","guid":{"rendered":"https:\/\/sinoextrud.com\/product\/cnc-machining-aluminium-profile-connectors\/"},"modified":"2025-06-24T06:23:54","modified_gmt":"2025-06-24T06:23:54","slug":"cnc-tyosto-alumiiniprofiili-liittimet","status":"publish","type":"product","link":"https:\/\/sinoextrud.com\/fi\/product\/cnc-machining-aluminium-profile-connectors\/","title":{"rendered":"CNC-koneistus Alumiiniprofiilin liittimet"},"content":{"rendered":"<h2>Tuotteiden tiedot<\/h2>\n<table class=\"custom-table\">\n<tbody>\n<tr>\n<td> Luokka:<\/td>\n<td> 6063 -t5<\/td>\n<\/tr>\n<tr>\n<td> Tekniikka:<\/td>\n<td> CNC-koneistus Alumiiniprofiilin liittimet<\/td>\n<\/tr>\n<tr>\n<td> Temperamentti:<\/td>\n<td> T3 - T8<\/td>\n<\/tr>\n<tr>\n<td> Koneistuspalvelut:<\/td>\n<td> Poraus, kierteitys, niittaus, kokoonpano jne.<\/td>\n<\/tr>\n<tr>\n<td> Tavaramerkki:<\/td>\n<td> Sinoextrud Sinoextrud Sinoextrud <\/td>\n<\/tr>\n<tr>\n<td> Tyyppi:<\/td>\n<td> CNC-koneistus Alumiiniprofiilin liittimet<\/td>\n<\/tr>\n<tr>\n<td> Muoto:<\/td>\n<td> Valmistettu asiakkaiden suunnittelemana<\/td>\n<\/tr>\n<tr>\n<td> Pintak\u00e4sittely:<\/td>\n<td> Mill Finish Anodisoitu Harjattu<\/td>\n<\/tr>\n<tr>\n<td> Pituus:<\/td>\n<td> 1m - 9m per pituus<\/td>\n<\/tr>\n<tr>\n<td> V\u00e4rit:<\/td>\n<td> Hopea Musta<\/td>\n<\/tr>\n<tr>\n<td> HS-koodi:<\/td>\n<td> 76042990<\/td>\n<\/tr>\n<\/tbody>\n<\/table>\n<h2>Tuotantopohjamme<\/h2>\n<h3>Tehtaan panoraama<\/h3>\n<p><img decoding=\"async\" src=\"\/wp-content\/uploads\/factory-01.webp\"\/><\/p>\n<h3>Alumiini Bar Manufacturing Workshop<\/h3>\n<p><img decoding=\"async\" src=\"\/wp-content\/uploads\/factory-02.webp\"\/><\/p>\n<p><img decoding=\"async\" src=\"\/wp-content\/uploads\/factory-03.webp\"\/><\/p>\n<h3>Muotin varastointi Varasto<\/h3>\n<p><img decoding=\"async\" src=\"\/wp-content\/uploads\/factory-04.webp\"\/><\/p>\n<h3>43 Alumiini ekstruusiolinjat (500\u00e2 5500 tonnia)<\/h3>\n<p><img decoding=\"async\" src=\"\/wp-content\/uploads\/factory-05.webp\"\/><\/p>\n<p><img decoding=\"async\" src=\"\/wp-content\/uploads\/factory-06.webp\"\/><\/p>\n<p><img decoding=\"async\" src=\"\/wp-content\/uploads\/factory-07.webp\"\/><\/p>\n<h3>Jauhemaalaus ty\u00f6paja<\/h3>\n<p><img decoding=\"async\" src=\"\/wp-content\/uploads\/factory-09.webp\"\/><\/p>\n<h3>Anodisointi ty\u00f6paja<\/h3>\n<p><img decoding=\"async\" src=\"\/wp-content\/uploads\/factory-10.webp\"\/><\/p>\n<h3>Syv\u00e4k\u00e4sittelyn ty\u00f6paja<\/h3>\n<p><img decoding=\"async\" src=\"\/wp-content\/uploads\/factory-11.webp\"\/><\/p>\n<h3>CNC-tarkkuuskoneistus ty\u00f6paja<\/h3>\n<p><img decoding=\"async\" src=\"\/wp-content\/uploads\/factory-11.5.webp\"\/><\/p>\n<h3>Valmiiden tuotteiden ja vientivarasto<\/h3>\n<p><img decoding=\"async\" src=\"\/wp-content\/uploads\/factory-12.webp\"\/><\/p>\n<p><img decoding=\"async\" src=\"\/wp-content\/uploads\/factory-13.webp\"\/><\/p>\n<p><img decoding=\"async\" src=\"\/wp-content\/uploads\/factory-14.webp\"\/><\/p>\n<h2>FAQ<\/h2>\n<p><p><b>1.CNC-koneistus Alumiiniprofiili liittimet: CNC-ty\u00f6st\u00f6n edut liittimien valmistuksessa: Mitk\u00e4 ovat liittimien CNC-ty\u00f6st\u00f6n edut?<\/b><\/p>\n<p>CNC-ty\u00f6st\u00f6 takaa korkean tarkkuuden ja tasaisen laadun, mik\u00e4 takaa liittimien t\u00e4ydellisen istuvuuden ja tehokkaan toiminnan alumiiniprofiilij\u00e4rjestelmiss\u00e4.<br \/>\n<\/p><br \/>\n<br \/>\n<p><b>2.Miten alumiinimateriaali parantaa liittimien suorituskyky\u00e4?<\/b><\/p>\n<p>Alumiini on kevytt\u00e4 mutta vahvaa ja korroosionkest\u00e4v\u00e4\u00e4, joten se tarjoaa kest\u00e4v\u00e4t ja luotettavat liittimet, jotka takaavat pitk\u00e4aikaisen suorituskyvyn.<br \/>\n<\/p><br \/>\n<br \/>\n<p><b>3.Can CNC-ty\u00f6st\u00f6prosessi voidaan mukauttaa erilaisiin liitinmalleihin?<\/b><\/p>\n<p>Kyll\u00e4, CNC-ty\u00f6st\u00f6 mahdollistaa r\u00e4\u00e4t\u00e4l\u00f6ityjen liittimien luomisen erityisten suunnittelu- ja liit\u00e4nt\u00e4tarpeiden mukaan.<br \/>\n<\/p><br \/>\n<br \/>\n<p><b>4.Mitk\u00e4 teollisuudenalat hy\u00f6tyv\u00e4t eniten alumiiniprofiilien CNC-koneistuksesta?<\/b><\/p>\n<p>Automaation, valmistuksen ja rakentamisen kaltaiset teollisuudenalat luottavat CNC-koneistettuihin alumiiniliittimiin niiden tarkkuuden ja kest\u00e4vyyden vuoksi.<br \/>\n<\/p><br \/>\n<br \/>\n<p><b>5.Miten korroosionkest\u00e4vyys hy\u00f6dytt\u00e4\u00e4 CNC-ty\u00f6stettyj\u00e4 alumiiniliittimi\u00e4?<\/b><\/p>\n<p>Korroosionkest\u00e4vyys varmistaa, ett\u00e4 liittimet s\u00e4ilytt\u00e4v\u00e4t lujuutensa ja ulkon\u00e4k\u00f6ns\u00e4 my\u00f6s haastavissa tai ulkoilmaolosuhteissa, mik\u00e4 pident\u00e4\u00e4 niiden k\u00e4ytt\u00f6ik\u00e4\u00e4.<br \/>\n<\/p><br \/>\n<br \/>\n<p><b>6.Ovatko n\u00e4m\u00e4 alumiiniprofiililiittimet helppo koota?<\/b><\/p>\n<p>Kyll\u00e4, CNC-koneistetut liittimet on suunniteltu nopeaan ja helppoon kokoonpanoon, mik\u00e4 v\u00e4hent\u00e4\u00e4 asennusaikaa ja parantaa tehokkuutta.<br \/>\n<\/p><br \/>\n<br \/>\n<p><b>7.Mink\u00e4laisissa projekteissa CNC-koneistetut alumiiniprofiililiittimet ovat hy\u00f6dyllisi\u00e4?<\/b><\/p>\n<p>N\u00e4m\u00e4 liittimet sopivat erinomaisesti teollisuus-, automaatio- ja rakenneprojekteihin, joissa tarvitaan luotettavia ja tarkkoja liitoksia alumiinirunkoj\u00e4rjestelmiss\u00e4.<br \/>\n<\/p><br \/>\n<br \/>\n<p><b>8.Miten CNC-koneistus parantaa alumiiniprofiililiittimien laatua?<\/b><\/p>\n<p>CNC-ty\u00f6st\u00f6 takaa tiukat toleranssit ja tasaisen laadun, mink\u00e4 ansiosta liittimet t\u00e4ytt\u00e4v\u00e4t tarkat tekniset vaatimukset ja tarjoavat erinomaisen toimivuuden.<br \/>\n<\/p><br \/><\/p>","protected":false},"featured_media":8454,"template":"","categories":[68],"class_list":["post-8455","product","type-product","status-publish","has-post-thumbnail","hentry","category-cnc-machining-aluminum-profile"],"meta_box":{"hilight_text_group":{"product_hilight_text":"<li>Precision CNC machining ensures high accuracy and excellent fit for aluminum profile connectors.<\/li>\r\r\n<li>Durable aluminum material provides strength and reliability for a wide range of applications.<\/li>\r\r\n<li>Customizable designs to meet specific connection needs and project requirements.<\/li>\r\r\n<li>Corrosion-resistant, ensuring long-term performance in various industrial environments.<\/li>\r\r\n<li>Quick and easy assembly, reducing installation time and labor costs.<\/li>","product_chanpin_blog":"<ul>\r\r\n<li><a href=\"https:\/\/sinoextrud.com\/t-slot-v-slot-differences\/\" target=\"_blank\">t slot vs v slot<\/a><\/li>\r\r\n<li><a href=\"https:\/\/sinoextrud.com\/what-is-4040-aluminium-extrud\/\" target=\"_blank\">4040 aluminium extrusion<\/a><\/li>\r\r\n<li><a href=\"https:\/\/sinoextrud.com\/what-is-4040-aluminium-extrud\/\" target=\"_blank\">aluminum extrusions for industrial racks<\/a><\/li>\r\r\n<li><a href=\"https:\/\/sinoextrud.com\/powder-coating-aluminium-process\/\" target=\"_blank\">powder coating aluminium<\/a><\/li>\r\r\n<li><a href=\"https:\/\/sinoextrud.com\/what-is-an-aluminium-strip-ceiling\/\" target=\"_blank\">aluminium strip ceiling<\/a><\/li>\r\r\n<li><a href=\"https:\/\/sinoextrud.com\/what-is-a-heat-sink\/\" target=\"_blank\">what is a heat sink<\/a><\/li>\r\r\n<\/ul>","product_chanpin_chanpin":"<li><a href=\"https:\/\/sinoextrud.com\/product\/high-precision-aluminum-extrusion-profile-cnc-machining-accessory-parts-2\/\" target=\"_blank\">High Precision Aluminum extrusion Profile CNC Machining Accessory Parts<\/a><\/li>\r\n<li><a href=\"https:\/\/sinoextrud.com\/product\/aluminium-profile-drilling-cutting-bending-puching-processing\/\" target=\"_blank\">Aluminium profile drilling cutting bending puching processing<\/a><\/li>\r\n<li><a href=\"https:\/\/sinoextrud.com\/product\/aluminum-extrusion-custom-electric-vehicle-battery-enclosure-aluminum-profile\/\" target=\"_blank\">Aluminum Extrusion Custom Electric Vehicle Battery Enclosure Aluminum Profile<\/a><\/li>\r\n<li><a href=\"https:\/\/sinoextrud.com\/product\/aluminum-extrusion-high-strength-cnc-drilling-7003-aluminum-round-pipe\/\" target=\"_blank\">Aluminum Extrusion High-strength CNC Drilling 7003 Aluminum Round Pipe<\/a><\/li>\r\n<li><a href=\"https:\/\/sinoextrud.com\/product\/cnc-machining-aluminium-profile-connectors\/\" target=\"_blank\">CNC Machining Aluminium Profile Connectors<\/a><\/li>\r\n<li><a href=\"https:\/\/sinoextrud.com\/product\/cnc-machining-anodized-aluminum-extrusions\/\" target=\"_blank\">CNC Machining Anodized Aluminum Extrusions<\/a><\/li>\r\n<li><a href=\"https:\/\/sinoextrud.com\/product\/cnc-machined-6063-aluminium-extrusion-product\/\" target=\"_blank\">CNC Machined 6063 Aluminium Extrusion Product<\/a><\/li>\r\n<li><a href=\"https:\/\/sinoextrud.com\/product\/aluminum-alloy-cnc-aluminum-controller-shell\/\" target=\"_blank\">Aluminum Alloy CNC Aluminum Controller Shell<\/a><\/li>\r\n<li><a href=\"https:\/\/sinoextrud.com\/product\/aluminium-cnc-factory-punching-extrusion-profile-tubing-sizes-oem\/\" target=\"_blank\">aluminium cnc factory punching extrusion profile tubing sizes OEM<\/a><\/li>\r\n<li><a href=\"https:\/\/sinoextrud.com\/product\/aluminum-extrusion-1060-aluminum-profile\/\" target=\"_blank\">Aluminum Extrusion 1060 Aluminum Profile<\/a><\/li>\r\n<li><a href=\"https:\/\/sinoextrud.com\/product\/aluminum-extrusion-advertising-signs-aluminum-frame-profile\/\" target=\"_blank\">Aluminum Extrusion Advertising Signs Aluminum Frame Profile<\/a><\/li>"},"feature_list":[]},"_links":{"self":[{"href":"https:\/\/sinoextrud.com\/fi\/wp-json\/wp\/v2\/product\/8455","targetHints":{"allow":["GET"]}}],"collection":[{"href":"https:\/\/sinoextrud.com\/fi\/wp-json\/wp\/v2\/product"}],"about":[{"href":"https:\/\/sinoextrud.com\/fi\/wp-json\/wp\/v2\/types\/product"}],"wp:featuredmedia":[{"embeddable":true,"href":"https:\/\/sinoextrud.com\/fi\/wp-json\/wp\/v2\/media\/8454"}],"wp:attachment":[{"href":"https:\/\/sinoextrud.com\/fi\/wp-json\/wp\/v2\/media?parent=8455"}],"wp:term":[{"taxonomy":"category","embeddable":true,"href":"https:\/\/sinoextrud.com\/fi\/wp-json\/wp\/v2\/categories?post=8455"}],"curies":[{"name":"wp","href":"https:\/\/api.w.org\/{rel}","templated":true}]}}