{"id":8451,"date":"2025-06-16T06:12:35","date_gmt":"2025-06-16T06:12:35","guid":{"rendered":"https:\/\/sinoextrud.com\/product\/aluminum-extrusion-custom-electric-vehicle-battery-enclosure-aluminum-profile\/"},"modified":"2025-06-24T06:23:53","modified_gmt":"2025-06-24T06:23:53","slug":"alumiini-suulakepuristus-mukautetun-sahkoauton-akkukotelo-alumiiniprofiili","status":"publish","type":"product","link":"https:\/\/sinoextrud.com\/fi\/product\/aluminum-extrusion-custom-electric-vehicle-battery-enclosure-aluminum-profile\/","title":{"rendered":"Alumiini suulakepuristus Custom s\u00e4hk\u00f6auton akkukotelo alumiiniprofiili"},"content":{"rendered":"<h2>Tuotteiden tiedot<\/h2>\n<table class=\"custom-table\">\n<tbody>\n<tr>\n<td> Kohde:<\/td>\n<td> Alumiini suulakepuristus Custom s\u00e4hk\u00f6auton akkukotelo alumiiniprofiili<\/td>\n<td> Luokka:<\/td>\n<td> 6000-sarja<\/td>\n<\/tr>\n<tr>\n<td> Temperamentti:<\/td>\n<td> 6063-T5<\/td>\n<td> Alkuper\u00e4paikka:<\/td>\n<td> Foshan, Guangdong<\/td>\n<\/tr>\n<tr>\n<td> Muoto:<\/td>\n<td> neli\u00f6, py\u00f6re\u00e4, suorakaiteen muotoinen, r\u00e4\u00e4t\u00e4l\u00f6ityj\u00e4<\/td>\n<td> Seos tai ei:<\/td>\n<td> Alumiiniseos<\/td>\n<\/tr>\n<tr>\n<td> Suvaitsevaisuus:<\/td>\n<td> \u00b11%<\/td>\n<td> Tuotemerkki:<\/td>\n<td> Sinoextrud, Sinoextrud<\/td>\n<\/tr>\n<tr>\n<td> Sovellus:<\/td>\n<td> s\u00e4hk\u00f6autot, -bussit ja -kuorma-autot<\/td>\n<td> Pintak\u00e4sittely:<\/td>\n<td> jauhemaalaus, elektroforeesi, puun jyv\u00e4, anodisoitu, harjattu, kiillotus<\/td>\n<\/tr>\n<tr>\n<td> Toimitusaika:<\/td>\n<td> 25-30 p\u00e4iv\u00e4\u00e4<\/td>\n<td> MOQ:<\/td>\n<td> 200KG<\/td>\n<\/tr>\n<tr>\n<td> Maksuehto:<\/td>\n<td> T \/ T (30% talletus), L \/ C<\/td>\n<td> K\u00e4sittelypalvelu:<\/td>\n<td> Taivutus, purku, hitsaus, l\u00e4vistys, leikkaus<\/td>\n<\/tr>\n<tr>\n<td> Satama:<\/td>\n<td> Guangzhou, Shenzhen, Foshan<\/td>\n<td> Pituus:<\/td>\n<td> 1-9m tai r\u00e4\u00e4t\u00e4l\u00f6ity<\/td>\n<\/tr>\n<\/tbody>\n<\/table>\n<h2>Tuotantopohjamme<\/h2>\n<h3>Tehtaan panoraama<\/h3>\n<p><img decoding=\"async\" src=\"\/wp-content\/uploads\/factory-01.webp\"\/><\/p>\n<h3>Alumiini Bar Manufacturing Workshop<\/h3>\n<p><img decoding=\"async\" src=\"\/wp-content\/uploads\/factory-02.webp\"\/><\/p>\n<p><img decoding=\"async\" src=\"\/wp-content\/uploads\/factory-03.webp\"\/><\/p>\n<h3>Muotin varastointi Varasto<\/h3>\n<p><img decoding=\"async\" src=\"\/wp-content\/uploads\/factory-04.webp\"\/><\/p>\n<h3>43 alumiinin ekstruusiolinjat (500-5500 tonnia)<\/h3>\n<p><img decoding=\"async\" src=\"\/wp-content\/uploads\/factory-05.webp\"\/><\/p>\n<p><img decoding=\"async\" src=\"\/wp-content\/uploads\/factory-06.webp\"\/><\/p>\n<p><img decoding=\"async\" src=\"\/wp-content\/uploads\/factory-07.webp\"\/><\/p>\n<h3>Jauhemaalaus ty\u00f6paja<\/h3>\n<p><img decoding=\"async\" src=\"\/wp-content\/uploads\/factory-09.webp\"\/><\/p>\n<h3>Anodisointi ty\u00f6paja<\/h3>\n<p><img decoding=\"async\" src=\"\/wp-content\/uploads\/factory-10.webp\"\/><\/p>\n<h3>Syv\u00e4k\u00e4sittelyn ty\u00f6paja<\/h3>\n<p><img decoding=\"async\" src=\"\/wp-content\/uploads\/factory-11.webp\"\/><\/p>\n<h3>CNC-tarkkuuskoneistus ty\u00f6paja<\/h3>\n<p><img decoding=\"async\" src=\"\/wp-content\/uploads\/factory-11.5.webp\"\/><\/p>\n<h3>Valmiiden tuotteiden ja vientivarasto<\/h3>\n<p><img decoding=\"async\" src=\"\/wp-content\/uploads\/factory-12.webp\"\/><\/p>\n<p><img decoding=\"async\" src=\"\/wp-content\/uploads\/factory-13.webp\"\/><\/p>\n<p><img decoding=\"async\" src=\"\/wp-content\/uploads\/factory-14.webp\"\/><\/p>\n<h2>FAQ<\/h2>\n<p><p><b>1.Aluminum Extrusion Custom s\u00e4hk\u00f6auton akkukotelo alumiiniprofiili: Mik\u00e4 on t\u00e4m\u00e4n tuotteen t\u00e4rkeimm\u00e4t edut?<\/b><\/p>\n<p>T\u00e4m\u00e4 r\u00e4\u00e4t\u00e4l\u00f6ity alumiinipursotus tarjoaa suuren lujuuden, keveyden ja korroosionkest\u00e4vyyden, joka tarjoaa erinomaisen suojan ja kest\u00e4vyyden s\u00e4hk\u00f6ajoneuvojen akkukoteloille.<br \/>\n<\/p><br \/>\n<br \/>\n<p><b>2.Miten alumiiniprofiili edist\u00e4\u00e4 akun turvallisuutta s\u00e4hk\u00f6ajoneuvoissa?<\/b><\/p>\n<p>Alumiiniprofiilin erinomaiset l\u00e4mm\u00f6npoisto-ominaisuudet auttavat est\u00e4m\u00e4\u00e4n ylikuumenemisen, mik\u00e4 takaa akun turvallisuuden ja pident\u00e4\u00e4 akun k\u00e4ytt\u00f6ik\u00e4\u00e4.<br \/>\n<\/p><br \/>\n<br \/>\n<p><b>3.Can alumiini suulakepuristus profiilit voidaan r\u00e4\u00e4t\u00e4l\u00f6id\u00e4 eri akku malleja?<\/b><\/p>\n<p>Kyll\u00e4, alumiiniprofiilit voidaan r\u00e4\u00e4t\u00e4l\u00f6id\u00e4 erilaisiin akkukotelomalleihin sopiviksi, jolloin ne sopivat t\u00e4ydellisesti s\u00e4hk\u00f6auton tarpeisiin.<br \/>\n<\/p><br \/>\n<br \/>\n<p><b>4.Mik\u00e4 tekee alumiinista ihanteellisen materiaalin s\u00e4hk\u00f6autojen akkukoteloihin?<\/b><\/p>\n<p>Alumiini on kevytt\u00e4, vahvaa ja korroosionkest\u00e4v\u00e4\u00e4, ja se tarjoaa parhaan yhdistelm\u00e4n kest\u00e4vyytt\u00e4 ja suojaa s\u00e4hk\u00f6ajoneuvojen akkuj\u00e4rjestelmille.<br \/>\n<\/p><br \/>\n<br \/>\n<p><b>5.Miten korroosionkest\u00e4vyys parantaa s\u00e4hk\u00f6ajoneuvojen akkukoteloiden k\u00e4ytt\u00f6ik\u00e4\u00e4?<\/b><\/p>\n<p>Alumiinin korroosionkest\u00e4v\u00e4t ominaisuudet est\u00e4v\u00e4t hajoamisen, mik\u00e4 takaa, ett\u00e4 akkukotelo s\u00e4ilytt\u00e4\u00e4 eheytens\u00e4 ajan mittaan my\u00f6s haastavissa ymp\u00e4rist\u00f6olosuhteissa.<br \/>\n<\/p><br \/>\n<br \/>\n<p><b>6.Mitk\u00e4 teollisuudenalat voivat hy\u00f6ty\u00e4 r\u00e4\u00e4t\u00e4l\u00f6ityjen alumiiniprofiilien k\u00e4yt\u00f6st\u00e4 akkukoteloissa?<\/b><\/p>\n<p>S\u00e4hk\u00f6autoteollisuus ja muut energian varastointisovellukset hy\u00f6tyv\u00e4t akkukoteloiden alumiiniprofiilien lujuudesta, kest\u00e4vyydest\u00e4 ja suorituskyvyst\u00e4.<br \/>\n<\/p><br \/>\n<br \/>\n<p><b>7.Miten alumiiniprofiilin tarkkuustekniikka parantaa s\u00e4hk\u00f6ajoneuvojen suunnittelua?<\/b><\/p>\n<p>Tarkkuussuunnittelu takaa saumattoman integroinnin, jolloin alumiiniprofiili sopii t\u00e4ydellisesti akkuj\u00e4rjestelm\u00e4\u00e4n, mik\u00e4 parantaa ajoneuvon kokonaissuunnittelua ja suorituskyky\u00e4.<br \/>\n<\/p><br \/>\n<br \/>\n<p><b>8.Mik\u00e4 on alumiinin keveysominaisuuksien vaikutus s\u00e4hk\u00f6ajoneuvojen suorituskykyyn?<\/b><\/p>\n<p>Alumiinin keveys v\u00e4hent\u00e4\u00e4 ajoneuvon kokonaispainoa, mik\u00e4 parantaa energiatehokkuutta ja pident\u00e4\u00e4 s\u00e4hk\u00f6ajoneuvojen toimintas\u00e4dett\u00e4.<br \/>\n<\/p><br \/><\/p>","protected":false},"featured_media":8450,"template":"","categories":[68],"class_list":["post-8451","product","type-product","status-publish","has-post-thumbnail","hentry","category-cnc-machining-aluminum-profile"],"meta_box":{"hilight_text_group":{"product_hilight_text":"<li>Custom aluminum extrusion profiles designed for electric vehicle battery enclosures.<\/li>\r\r\n<li>High strength and lightweight, offering excellent protection for battery systems.<\/li>\r\r\n<li>Corrosion-resistant properties ensure durability and long-lasting performance in harsh environments.<\/li>\r\r\n<li>Efficient heat dissipation for improved battery life and safety.<\/li>\r\r\n<li>Precision engineering for seamless integration with electric vehicle designs.<\/li>","product_chanpin_blog":"<ul>\r\r\n<li><a href=\"https:\/\/sinoextrud.com\/t-slot-v-slot-differences\/\" target=\"_blank\">t slot vs v slot<\/a><\/li>\r\r\n<li><a href=\"https:\/\/sinoextrud.com\/what-is-4040-aluminium-extrud\/\" target=\"_blank\">4040 aluminium extrusion<\/a><\/li>\r\r\n<li><a href=\"https:\/\/sinoextrud.com\/what-is-4040-aluminium-extrud\/\" target=\"_blank\">aluminum extrusions for industrial racks<\/a><\/li>\r\r\n<li><a href=\"https:\/\/sinoextrud.com\/powder-coating-aluminium-process\/\" target=\"_blank\">powder coating aluminium<\/a><\/li>\r\r\n<li><a href=\"https:\/\/sinoextrud.com\/what-is-an-aluminium-strip-ceiling\/\" target=\"_blank\">aluminium strip ceiling<\/a><\/li>\r\r\n<li><a href=\"https:\/\/sinoextrud.com\/what-is-a-heat-sink\/\" target=\"_blank\">what is a heat sink<\/a><\/li>\r\r\n<\/ul>","product_chanpin_chanpin":"<li><a href=\"https:\/\/sinoextrud.com\/product\/aluminium-profile-cutting\/\" target=\"_blank\">Aluminium Profile Cutting<\/a><\/li>\r\n<li><a href=\"https:\/\/sinoextrud.com\/product\/high-precision-aluminum-extrusion-profile-cnc-machining-accessory-parts\/\" target=\"_blank\">High Precision Aluminum extrusion Profile CNC Machining Accessory Parts<\/a><\/li>\r\n<li><a href=\"https:\/\/sinoextrud.com\/product\/high-precision-aluminum-extrusion-profile-cnc-machining-accessory-parts-2\/\" target=\"_blank\">High Precision Aluminum extrusion Profile CNC Machining Accessory Parts<\/a><\/li>\r\n<li><a href=\"https:\/\/sinoextrud.com\/product\/aluminium-profile-drilling-cutting-bending-puching-processing\/\" target=\"_blank\">Aluminium profile drilling cutting bending puching processing<\/a><\/li>\r\n<li><a href=\"https:\/\/sinoextrud.com\/product\/aluminum-extrusion-custom-electric-vehicle-battery-enclosure-aluminum-profile\/\" target=\"_blank\">Aluminum Extrusion Custom Electric Vehicle Battery Enclosure Aluminum Profile<\/a><\/li>\r\n<li><a href=\"https:\/\/sinoextrud.com\/product\/aluminum-extrusion-high-strength-cnc-drilling-7003-aluminum-round-pipe\/\" target=\"_blank\">Aluminum Extrusion High-strength CNC Drilling 7003 Aluminum Round Pipe<\/a><\/li>\r\n<li><a href=\"https:\/\/sinoextrud.com\/product\/cnc-machining-aluminium-profile-connectors\/\" target=\"_blank\">CNC Machining Aluminium Profile Connectors<\/a><\/li>\r\n<li><a href=\"https:\/\/sinoextrud.com\/product\/cnc-machining-anodized-aluminum-extrusions\/\" target=\"_blank\">CNC Machining Anodized Aluminum Extrusions<\/a><\/li>\r\n<li><a href=\"https:\/\/sinoextrud.com\/product\/cnc-machined-6063-aluminium-extrusion-product\/\" target=\"_blank\">CNC Machined 6063 Aluminium Extrusion Product<\/a><\/li>\r\n<li><a href=\"https:\/\/sinoextrud.com\/product\/6063-and-6061-extruded-led-lighting-telecommunications-and-audio-industrial-aluminum-heat-sink-profile\/\" target=\"_blank\">6063 and 6061 Extruded LED Lighting Telecommunications and Audio Industrial Aluminum Heat Sink Profile<\/a><\/li>\r\n<li><a href=\"https:\/\/sinoextrud.com\/product\/combination-open-cell-ceiling-system\/\" target=\"_blank\">Combination Open Cell Ceiling System<\/a><\/li>"},"feature_list":[]},"_links":{"self":[{"href":"https:\/\/sinoextrud.com\/fi\/wp-json\/wp\/v2\/product\/8451","targetHints":{"allow":["GET"]}}],"collection":[{"href":"https:\/\/sinoextrud.com\/fi\/wp-json\/wp\/v2\/product"}],"about":[{"href":"https:\/\/sinoextrud.com\/fi\/wp-json\/wp\/v2\/types\/product"}],"wp:featuredmedia":[{"embeddable":true,"href":"https:\/\/sinoextrud.com\/fi\/wp-json\/wp\/v2\/media\/8450"}],"wp:attachment":[{"href":"https:\/\/sinoextrud.com\/fi\/wp-json\/wp\/v2\/media?parent=8451"}],"wp:term":[{"taxonomy":"category","embeddable":true,"href":"https:\/\/sinoextrud.com\/fi\/wp-json\/wp\/v2\/categories?post=8451"}],"curies":[{"name":"wp","href":"https:\/\/api.w.org\/{rel}","templated":true}]}}