{"id":8449,"date":"2025-06-16T06:10:30","date_gmt":"2025-06-16T06:10:30","guid":{"rendered":"https:\/\/sinoextrud.com\/product\/aluminium-profile-drilling-cutting-bending-puching-processing\/"},"modified":"2025-06-24T06:23:52","modified_gmt":"2025-06-24T06:23:52","slug":"alumiiniprofiilin-poraus-leikkaus-taivutus-puching-kasittely","status":"publish","type":"product","link":"https:\/\/sinoextrud.com\/fi\/product\/aluminium-profile-drilling-cutting-bending-puching-processing\/","title":{"rendered":"Alumiiniprofiilin poraus leikkaus taivutus puching k\u00e4sittelyyn"},"content":{"rendered":"<h2>Tuotteiden tiedot<\/h2>\n<table class=\"custom-table\">\n<tr>\n<td class=\"label\">Otsikko<\/td>\n<td>Alumiiniprofiilin poraus leikkaus taivutus puching k\u00e4sittelyyn<\/td>\n<\/tr>\n<\/table>\n<h2>Tuotantopohjamme<\/h2>\n<h3>Tehtaan panoraama<\/h3>\n<p><img decoding=\"async\" src=\"\/wp-content\/uploads\/factory-01.webp\"\/><\/p>\n<h3>Alumiini Bar Manufacturing Workshop<\/h3>\n<p><img decoding=\"async\" src=\"\/wp-content\/uploads\/factory-02.webp\"\/><\/p>\n<p><img decoding=\"async\" src=\"\/wp-content\/uploads\/factory-03.webp\"\/><\/p>\n<h3>Muotin varastointi Varasto<\/h3>\n<p><img decoding=\"async\" src=\"\/wp-content\/uploads\/factory-04.webp\"\/><\/p>\n<h3>43 Alumiini ekstruusiolinjat (500\u00e2 5500 tonnia)<\/h3>\n<p><img decoding=\"async\" src=\"\/wp-content\/uploads\/factory-05.webp\"\/><\/p>\n<p><img decoding=\"async\" src=\"\/wp-content\/uploads\/factory-06.webp\"\/><\/p>\n<p><img decoding=\"async\" src=\"\/wp-content\/uploads\/factory-07.webp\"\/><\/p>\n<h3>Jauhemaalaus ty\u00f6paja<\/h3>\n<p><img decoding=\"async\" src=\"\/wp-content\/uploads\/factory-09.webp\"\/><\/p>\n<h3>Anodisointi ty\u00f6paja<\/h3>\n<p><img decoding=\"async\" src=\"\/wp-content\/uploads\/factory-10.webp\"\/><\/p>\n<h3>Syv\u00e4k\u00e4sittelyn ty\u00f6paja<\/h3>\n<p><img decoding=\"async\" src=\"\/wp-content\/uploads\/factory-11.webp\"\/><\/p>\n<h3>CNC-tarkkuuskoneistus ty\u00f6paja<\/h3>\n<p><img decoding=\"async\" src=\"\/wp-content\/uploads\/factory-11.5.webp\"\/><\/p>\n<h3>Valmiiden tuotteiden ja vientivarasto<\/h3>\n<p><img decoding=\"async\" src=\"\/wp-content\/uploads\/factory-12.webp\"\/><\/p>\n<p><img decoding=\"async\" src=\"\/wp-content\/uploads\/factory-13.webp\"\/><\/p>\n<p><img decoding=\"async\" src=\"\/wp-content\/uploads\/factory-14.webp\"\/><\/p>\n<h2>FAQ<\/h2>\n<p><p><b>1.Aluminium profile drilling cutting bending punching processing: Mik\u00e4 on t\u00e4m\u00e4n palvelun t\u00e4rkein hy\u00f6ty?<\/b><\/p>\n<p>T\u00e4m\u00e4 palvelu tarjoaa t\u00e4ydellisen ratkaisun poraukseen, leikkaukseen, taivutukseen ja l\u00e4vistykseen, mik\u00e4 takaa tarkat ja korkealaatuiset alumiiniprofiilit erilaisiin teollisiin k\u00e4ytt\u00f6tarkoituksiin.<br \/>\n<\/p><br \/>\n<br \/>\n<p><b>2.Miten alumiiniprofiilin porausprosessi parantaa tuotteen laatua?<\/b><\/p>\n<p>Porausprosessi takaa tarkat rei\u00e4t ja mitat, mik\u00e4 johtaa tarkkoihin ja korkealaatuisiin alumiiniprofiileihin, jotka t\u00e4ytt\u00e4v\u00e4t tiukat toleranssit.<br \/>\n<\/p><br \/>\n<br \/>\n<p><b>3.Voiko alumiiniprofiileja r\u00e4\u00e4t\u00e4l\u00f6id\u00e4 tietyill\u00e4 muodoilla ja kooilla?<\/b><\/p>\n<p>Kyll\u00e4, alumiiniprofiilit voidaan r\u00e4\u00e4t\u00e4l\u00f6id\u00e4 tarkkojen eritelmien mukaan, ja eri sovelluksiin on saatavana r\u00e4\u00e4t\u00e4l\u00f6ityj\u00e4 muotoja, kokoja ja viimeistelyj\u00e4.<br \/>\n<\/p><br \/>\n<br \/>\n<p><b>4.Mitk\u00e4 teollisuudenalat k\u00e4ytt\u00e4v\u00e4t tyypillisesti alumiiniprofiilien poraus-, leikkaus-, taivutus- ja l\u00e4vistyspalveluja?<\/b><\/p>\n<p>Rakennus-, auto- ja valmistusteollisuuden kaltaiset teollisuudenalat luottavat n\u00e4ihin palveluihin, kun ne luovat tarkkuuskomponentteja erilaisiin sovelluksiin.<br \/>\n<\/p><br \/>\n<br \/>\n<p><b>5.Miten taivutusprosessi vaikuttaa alumiiniprofiilien lujuuteen ja joustavuuteen?<\/b><\/p>\n<p>Taivutus mahdollistaa monimutkaisten muotojen luomisen, mik\u00e4 tarjoaa sek\u00e4 lujuutta ett\u00e4 joustavuutta s\u00e4ilytt\u00e4en samalla alumiinimateriaalin eheyden.<br \/>\n<\/p><br \/>\n<br \/>\n<p><b>6.Mitk\u00e4 ovat alumiiniprofiilien k\u00e4yt\u00f6n edut muihin materiaaleihin verrattuna?<\/b><\/p>\n<p>Alumiini on kevytt\u00e4, korroosionkest\u00e4v\u00e4\u00e4 ja eritt\u00e4in lujaa, joten se soveltuu erinomaisesti erilaisiin teollisuus- ja rakennesovelluksiin.<br \/>\n<\/p><br \/>\n<br \/>\n<p><b>7.Miten rei'itysprosessi parantaa tehokkuutta alumiiniprofiilien tuotannossa?<\/b><\/p>\n<p>Rei'itys mahdollistaa nopean ja tarkan rei'ityksen, mik\u00e4 parantaa alumiiniprofiilien tuotannon tehokkuutta ja johdonmukaisuutta.<br \/>\n<\/p><br \/>\n<br \/>\n<p><b>8.Mik\u00e4 tekee alumiiniprofiilien k\u00e4sittelypalveluista tehokkaampia ja kustannustehokkaampia?<\/b><\/p>\n<p>K\u00e4yt\u00e4mme kehittyneit\u00e4 koneita ja ammattitaitoisia ammattilaisia, jotka takaavat nopean k\u00e4sittelyn laadun s\u00e4ilytt\u00e4en, tuotantoaikaa ja kustannuksia v\u00e4hent\u00e4en.<br \/>\n<\/p><br \/><\/p>","protected":false},"featured_media":8448,"template":"","categories":[68],"class_list":["post-8449","product","type-product","status-publish","has-post-thumbnail","hentry","category-cnc-machining-aluminum-profile"],"meta_box":{"hilight_text_group":{"product_hilight_text":"<li>Comprehensive processing including drilling, cutting, bending, and punching for precise aluminum profiles.<\/li>\r\r\n<li>High-quality finishes with tight tolerances, ensuring a perfect fit for various applications.<\/li>\r\r\n<li>Customizable aluminum profiles to meet specific industrial requirements and design specifications.<\/li>\r\r\n<li>Efficient and cost-effective processing methods, reducing production time and costs.<\/li>\r\r\n<li>Advanced machinery and expert craftsmanship for consistent, reliable results in aluminum profile fabrication.<\/li>","product_chanpin_blog":"<ul>\r\r\n<li><a href=\"https:\/\/sinoextrud.com\/t-slot-v-slot-differences\/\" target=\"_blank\">t slot vs v slot<\/a><\/li>\r\r\n<li><a href=\"https:\/\/sinoextrud.com\/what-is-4040-aluminium-extrud\/\" target=\"_blank\">4040 aluminium extrusion<\/a><\/li>\r\r\n<li><a href=\"https:\/\/sinoextrud.com\/what-is-4040-aluminium-extrud\/\" target=\"_blank\">aluminum extrusions for industrial racks<\/a><\/li>\r\r\n<li><a href=\"https:\/\/sinoextrud.com\/powder-coating-aluminium-process\/\" target=\"_blank\">powder coating aluminium<\/a><\/li>\r\r\n<li><a href=\"https:\/\/sinoextrud.com\/what-is-an-aluminium-strip-ceiling\/\" target=\"_blank\">aluminium strip ceiling<\/a><\/li>\r\r\n<li><a href=\"https:\/\/sinoextrud.com\/what-is-a-heat-sink\/\" target=\"_blank\">what is a heat sink<\/a><\/li>\r\r\n<\/ul>","product_chanpin_chanpin":"<li><a href=\"https:\/\/sinoextrud.com\/product\/aluminium-enclosure-housing-and-shells\/\" target=\"_blank\">Aluminium Enclosure Housing And Shells<\/a><\/li>\r\n<li><a href=\"https:\/\/sinoextrud.com\/product\/aluminium-profile-cutting\/\" target=\"_blank\">Aluminium Profile Cutting<\/a><\/li>\r\n<li><a href=\"https:\/\/sinoextrud.com\/product\/high-precision-aluminum-extrusion-profile-cnc-machining-accessory-parts\/\" target=\"_blank\">High Precision Aluminum extrusion Profile CNC Machining Accessory Parts<\/a><\/li>\r\n<li><a href=\"https:\/\/sinoextrud.com\/product\/high-precision-aluminum-extrusion-profile-cnc-machining-accessory-parts-2\/\" target=\"_blank\">High Precision Aluminum extrusion Profile CNC Machining Accessory Parts<\/a><\/li>\r\n<li><a href=\"https:\/\/sinoextrud.com\/product\/aluminium-profile-drilling-cutting-bending-puching-processing\/\" target=\"_blank\">Aluminium profile drilling cutting bending puching processing<\/a><\/li>\r\n<li><a href=\"https:\/\/sinoextrud.com\/product\/aluminum-extrusion-custom-electric-vehicle-battery-enclosure-aluminum-profile\/\" target=\"_blank\">Aluminum Extrusion Custom Electric Vehicle Battery Enclosure Aluminum Profile<\/a><\/li>\r\n<li><a href=\"https:\/\/sinoextrud.com\/product\/aluminum-extrusion-high-strength-cnc-drilling-7003-aluminum-round-pipe\/\" target=\"_blank\">Aluminum Extrusion High-strength CNC Drilling 7003 Aluminum Round Pipe<\/a><\/li>\r\n<li><a href=\"https:\/\/sinoextrud.com\/product\/cnc-machining-aluminium-profile-connectors\/\" target=\"_blank\">CNC Machining Aluminium Profile Connectors<\/a><\/li>\r\n<li><a href=\"https:\/\/sinoextrud.com\/product\/cnc-machining-anodized-aluminum-extrusions\/\" target=\"_blank\">CNC Machining Anodized Aluminum Extrusions<\/a><\/li>\r\n<li><a href=\"https:\/\/sinoextrud.com\/product\/solar-aluminium-profile-2\/\" target=\"_blank\">Solar Aluminium Profile<\/a><\/li>\r\n<li><a href=\"https:\/\/sinoextrud.com\/product\/aluminium-extrusion-fittings-for-led\/\" target=\"_blank\">Aluminium Extrusion Fittings For Led<\/a><\/li>"},"feature_list":[]},"_links":{"self":[{"href":"https:\/\/sinoextrud.com\/fi\/wp-json\/wp\/v2\/product\/8449","targetHints":{"allow":["GET"]}}],"collection":[{"href":"https:\/\/sinoextrud.com\/fi\/wp-json\/wp\/v2\/product"}],"about":[{"href":"https:\/\/sinoextrud.com\/fi\/wp-json\/wp\/v2\/types\/product"}],"wp:featuredmedia":[{"embeddable":true,"href":"https:\/\/sinoextrud.com\/fi\/wp-json\/wp\/v2\/media\/8448"}],"wp:attachment":[{"href":"https:\/\/sinoextrud.com\/fi\/wp-json\/wp\/v2\/media?parent=8449"}],"wp:term":[{"taxonomy":"category","embeddable":true,"href":"https:\/\/sinoextrud.com\/fi\/wp-json\/wp\/v2\/categories?post=8449"}],"curies":[{"name":"wp","href":"https:\/\/api.w.org\/{rel}","templated":true}]}}