{"id":8440,"date":"2025-06-16T03:33:08","date_gmt":"2025-06-16T03:33:08","guid":{"rendered":"https:\/\/sinoextrud.com\/product\/aluminium-enclosure-housing-and-shells\/"},"modified":"2025-06-24T06:23:50","modified_gmt":"2025-06-24T06:23:50","slug":"alumiinikotelot-ja-kuoret","status":"publish","type":"product","link":"https:\/\/sinoextrud.com\/fi\/product\/aluminium-enclosure-housing-and-shells\/","title":{"rendered":"Alumiinikotelo Kotelo ja kuoret"},"content":{"rendered":"<h2>Tuotteiden tiedot<\/h2>\n<table class=\"custom-table\">\n<tr>\n<td class=\"label\">Malli NO.:<\/td>\n<td> OEM<br \/>\nSertifiointi, RoHS, SGS, ISO9001<\/td>\n<\/tr>\n<tr>\n<td class=\"label\">Materiaali:<\/td>\n<td> Metalli<\/td>\n<\/tr>\n<tr>\n<td class=\"label\">Tuotteen nimi:<\/td>\n<td> CNC-koneen osat<\/td>\n<\/tr>\n<tr>\n<td class=\"label\">Pintak\u00e4sittely:<\/td>\n<td> Maalaus, hiekkapuhallus, anodisointi jne.<\/td>\n<\/tr>\n<tr>\n<td class=\"label\">MOQ:<\/td>\n<td> 1 kpl<\/td>\n<\/tr>\n<tr>\n<td class=\"label\">Laadunvalvonta:<\/td>\n<td> T\u00e4ydellinen laadunvalvonta<\/td>\n<\/tr>\n<tr>\n<td class=\"label\">T\u00e4rkeimm\u00e4t ominaisuudet:<\/td>\n<td> Tarkka koko, v\u00e4rik\u00e4s<\/td>\n<\/tr>\n<tr>\n<td class=\"label\">Tavaramerkki:<\/td>\n<td> OEM<\/td>\n<\/tr>\n<tr>\n<td class=\"label\">Tekniset tiedot:<\/td>\n<td> OEM<\/td>\n<\/tr>\n<tr>\n<td class=\"label\">Kunto:<\/td>\n<td> Uusi<\/td>\n<\/tr>\n<tr>\n<td class=\"label\">R\u00e4\u00e4t\u00e4l\u00f6ity:<\/td>\n<td> R\u00e4\u00e4t\u00e4l\u00f6ity<\/td>\n<\/tr>\n<tr>\n<td class=\"label\">Sovellus:<\/td>\n<td> Metallien kierr\u00e4tyskone, metallinleikkauskone, metallien k\u00e4sittelykoneiden osat, metallikaiverruslaitteet, metallivalukoneet, metallivalukoneet<\/td>\n<\/tr>\n<tr>\n<td class=\"label\">Avainsana:<\/td>\n<td> CNC-koneen osat<\/td>\n<\/tr>\n<tr>\n<td class=\"label\">Tehtaan sijainti:<\/td>\n<td> Shenzhen Kiina<\/td>\n<\/tr>\n<tr>\n<td class=\"label\">N\u00e4yte:<\/td>\n<td> Saatavilla<\/td>\n<\/tr>\n<tr>\n<td class=\"label\">Ty\u00f6skentelyn sietokyky:<\/td>\n<td> +\/- 0,02 mm<\/td>\n<\/tr>\n<tr>\n<td class=\"label\">OEM\/ODM:<\/td>\n<td> Hyv\u00e4ksytt\u00e4v\u00e4<\/td>\n<\/tr>\n<tr>\n<td class=\"label\">Kuljetuspaketti:<\/td>\n<td> Kartonkilaatikko jokaiselle kappaleelle, asiakkaiden pyynn\u00f6st\u00e4<\/td>\n<\/tr>\n<tr>\n<td class=\"label\">Alkuper\u00e4:<\/td>\n<td> Foshan, GUANGDONG, Kiina<\/td>\n<\/tr>\n<\/table>\n<h2>Tuotantopohjamme<\/h2>\n<h3>Tehtaan panoraama<\/h3>\n<p><img decoding=\"async\" src=\"\/wp-content\/uploads\/factory-01.webp\"\/><\/p>\n<h3>Alumiini Bar Manufacturing Workshop<\/h3>\n<p><img decoding=\"async\" src=\"\/wp-content\/uploads\/factory-02.webp\"\/><\/p>\n<\/p>\n<p><img decoding=\"async\" src=\"\/wp-content\/uploads\/factory-03.webp\"\/><\/p>\n<h3>Muotin varastointi Varasto<\/h3>\n<p><img decoding=\"async\" src=\"\/wp-content\/uploads\/factory-04.webp\"\/><\/p>\n<h3>43 alumiinin ekstruusiolinjat (500-5500 tonnia)<\/h3>\n<p><img decoding=\"async\" src=\"\/wp-content\/uploads\/factory-05.webp\"\/><\/p>\n<p><img decoding=\"async\" src=\"\/wp-content\/uploads\/factory-06.webp\"\/><\/p>\n<p><img decoding=\"async\" src=\"\/wp-content\/uploads\/factory-07.webp\"\/><\/p>\n<h3>Jauhemaalaus ty\u00f6paja<\/h3>\n<p><img decoding=\"async\" src=\"\/wp-content\/uploads\/factory-09.webp\"\/><\/p>\n<h3>Anodisointi ty\u00f6paja<\/h3>\n<p><img decoding=\"async\" src=\"\/wp-content\/uploads\/factory-10.webp\"\/><\/p>\n<h3>Syv\u00e4k\u00e4sittelyn ty\u00f6paja<\/h3>\n<p><img decoding=\"async\" src=\"\/wp-content\/uploads\/factory-11.webp\"\/><\/p>\n<h3>CNC-tarkkuuskoneistus ty\u00f6paja<\/h3>\n<p><img decoding=\"async\" src=\"\/wp-content\/uploads\/factory-11.5.webp\"\/><\/p>\n<h3>Valmiiden tuotteiden ja vientivarasto<\/h3>\n<p><img decoding=\"async\" src=\"\/wp-content\/uploads\/factory-12.webp\"\/><\/p>\n<p><img decoding=\"async\" src=\"\/wp-content\/uploads\/factory-13.webp\"\/><\/p>\n<p><img decoding=\"async\" src=\"\/wp-content\/uploads\/factory-14.webp\"\/><\/p>\n<h2>FAQ<\/h2>\n<p><b>1.Mit\u00e4 ovat alumiinikotelot ja kuoret?<\/b><\/p>\n<p>Alumiinikotelot ja -kuoret ovat alumiinista valmistettuja suojakoteloita, joita k\u00e4ytet\u00e4\u00e4n elektronisten ja mekaanisten komponenttien s\u00e4ilytt\u00e4miseen ja suojaamiseen eri teollisuudenaloilla.\n<\/p>\n<p><\/p>\n<p><b>2.Miksi alumiinia k\u00e4ytet\u00e4\u00e4n koteloissa ja kuorissa?<\/b><\/p>\n<p>Alumiini on kevytt\u00e4, kest\u00e4v\u00e4\u00e4, korroosionkest\u00e4v\u00e4\u00e4 ja erinomaisesti l\u00e4mp\u00f6\u00e4 johtavaa, joten se sopii erinomaisesti koteloihin ja kuoriin, jotka suojaavat herkki\u00e4 komponentteja vaativissa ymp\u00e4rist\u00f6iss\u00e4.\n<\/p>\n<p><\/p>\n<p><b>3.Miten alumiinikotelo suojaa sis\u00e4isi\u00e4 komponentteja?<\/b><\/p>\n<p>Alumiinikotelot suojaavat luotettavasti p\u00f6lylt\u00e4, kosteudelta ja fyysisilt\u00e4 vaurioilta ja auttavat samalla haihduttamaan l\u00e4mp\u00f6\u00e4, mik\u00e4 takaa sis\u00e4isten komponenttien pitk\u00e4ik\u00e4isyyden ja suorituskyvyn.\n<\/p>\n<p><\/p>\n<p><b>4.Can Alumiinikotelo Kotelo ja kuoret voidaan r\u00e4\u00e4t\u00e4l\u00f6id\u00e4?<\/b><\/p>\n<p>Kyll\u00e4, alumiinikotelot ja -kuoret voidaan r\u00e4\u00e4t\u00e4l\u00f6id\u00e4 koon, muotoilun ja kokoonpanon osalta eri sovellusten ja toimialojen erityisvaatimusten mukaisesti.\n<\/p>\n<p><\/p>\n<p><b>5.Mitk\u00e4 teollisuudenalat k\u00e4ytt\u00e4v\u00e4t alumiinikoteloita ja -kuoria?<\/b><\/p>\n<p>Elektroniikan, televiestinn\u00e4n, autoteollisuuden ja teollisuuslaitteiden kaltaiset teollisuudenalat k\u00e4ytt\u00e4v\u00e4t alumiinikoteloita suojaamaan herkki\u00e4 laitteita ja komponentteja ulkoisilta vaurioilta ja ymp\u00e4rist\u00f6tekij\u00f6ilt\u00e4.\n<\/p>\n<p><\/p>\n<p><b>6.Kuinka tehokas on alumiinisen kotelon ja kuoren l\u00e4mm\u00f6nsiirto?<\/b><\/p>\n<p>Alumiinikotelot ovat eritt\u00e4in tehokkaita johtamaan l\u00e4mp\u00f6\u00e4 alumiinin erinomaisen l\u00e4mm\u00f6njohtavuuden ansiosta, mik\u00e4 est\u00e4\u00e4 sis\u00e4isten komponenttien ylikuumenemisen ja parantaa suorituskyky\u00e4.\n<\/p>\n<p><\/p>\n<p><b>7.Ovatko alumiinikotelot ja -kuoret kustannustehokkaita?<\/b><\/p>\n<p>Alumiinikotelot ovat kustannustehokkaita ja tarjoavat edullisuuden, kest\u00e4vyyden ja erinomaisen suojan yhdistelm\u00e4n, mik\u00e4 tekee niist\u00e4 suositun valinnan erilaisiin teollisiin sovelluksiin.\n<\/p>\n<p><\/p>","protected":false},"featured_media":8439,"template":"","categories":[68],"class_list":["post-8440","product","type-product","status-publish","has-post-thumbnail","hentry","category-cnc-machining-aluminum-profile"],"meta_box":{"hilight_text_group":{"product_hilight_text":"<li>Durable and lightweight aluminum construction for reliable protection<\/li>\r\r\n<li>Corrosion-resistant and long-lasting, ideal for outdoor and harsh environments<\/li>\r\r\n<li>Customizable sizes and designs to meet specific application needs<\/li>\r\r\n<li>Excellent heat dissipation properties to protect internal components<\/li>\r\r\n<li>High-quality surface finish with smooth edges for easy handling<\/li>\r\r\n<li>Perfect for various industries such as electronics, telecommunications, and industrial equipment<\/li>","product_chanpin_blog":"<ul>\r\r\n<li><a href=\"https:\/\/sinoextrud.com\/t-slot-v-slot-differences\/\" target=\"_blank\">t slot vs v slot<\/a><\/li>\r\r\n<li><a href=\"https:\/\/sinoextrud.com\/what-is-4040-aluminium-extrud\/\" target=\"_blank\">4040 aluminium extrusion<\/a><\/li>\r\r\n<li><a href=\"https:\/\/sinoextrud.com\/what-is-4040-aluminium-extrud\/\" target=\"_blank\">aluminum extrusions for industrial racks<\/a><\/li>\r\r\n<li><a href=\"https:\/\/sinoextrud.com\/powder-coating-aluminium-process\/\" target=\"_blank\">powder coating aluminium<\/a><\/li>\r\r\n<li><a href=\"https:\/\/sinoextrud.com\/what-is-an-aluminium-strip-ceiling\/\" target=\"_blank\">aluminium strip ceiling<\/a><\/li>\r\r\n<li><a href=\"https:\/\/sinoextrud.com\/what-is-a-heat-sink\/\" target=\"_blank\">what is a heat sink<\/a><\/li>\r\r\n<\/ul>","product_chanpin_chanpin":"<li><a href=\"https:\/\/sinoextrud.com\/product\/aluminum-cnc\/\" target=\"_blank\">Aluminum CNC<\/a><\/li>\r\n<li><a href=\"https:\/\/sinoextrud.com\/product\/aluminium-aerofoil-extrusion-oxidation-scrub-black\/\" target=\"_blank\">Aluminium Aerofoil Extrusion Oxidation Scrub Black<\/a><\/li>\r\n<li><a href=\"https:\/\/sinoextrud.com\/product\/aluminium-extrusion-cnc\/\" target=\"_blank\">Aluminium Extrusion CNC<\/a><\/li>\r\n<li><a href=\"https:\/\/sinoextrud.com\/product\/aluminium-profile-lock\/\" target=\"_blank\">Aluminium Profile Lock<\/a><\/li>\r\n<li><a href=\"https:\/\/sinoextrud.com\/product\/aluminium-enclosure-housing-and-shells\/\" target=\"_blank\">Aluminium Enclosure Housing And Shells<\/a><\/li>\r\n<li><a href=\"https:\/\/sinoextrud.com\/product\/aluminium-profile-cutting\/\" target=\"_blank\">Aluminium Profile Cutting<\/a><\/li>\r\n<li><a href=\"https:\/\/sinoextrud.com\/product\/high-precision-aluminum-extrusion-profile-cnc-machining-accessory-parts\/\" target=\"_blank\">High Precision Aluminum extrusion Profile CNC Machining Accessory Parts<\/a><\/li>\r\n<li><a href=\"https:\/\/sinoextrud.com\/product\/high-precision-aluminum-extrusion-profile-cnc-machining-accessory-parts-2\/\" target=\"_blank\">High Precision Aluminum extrusion Profile CNC Machining Accessory Parts<\/a><\/li>\r\n<li><a href=\"https:\/\/sinoextrud.com\/product\/aluminium-profile-drilling-cutting-bending-puching-processing\/\" target=\"_blank\">Aluminium profile drilling cutting bending puching processing<\/a><\/li>\r\n<li><a href=\"https:\/\/sinoextrud.com\/product\/cutting-aluminum-extrusion\/\" target=\"_blank\">Cutting Aluminum Extrusion<\/a><\/li>\r\n<li><a href=\"https:\/\/sinoextrud.com\/product\/building-materials-aluminium-profile-curtain-rod\/\" target=\"_blank\">Building Materials Aluminium Profile Curtain Rod<\/a><\/li>"},"feature_list":[]},"_links":{"self":[{"href":"https:\/\/sinoextrud.com\/fi\/wp-json\/wp\/v2\/product\/8440","targetHints":{"allow":["GET"]}}],"collection":[{"href":"https:\/\/sinoextrud.com\/fi\/wp-json\/wp\/v2\/product"}],"about":[{"href":"https:\/\/sinoextrud.com\/fi\/wp-json\/wp\/v2\/types\/product"}],"wp:featuredmedia":[{"embeddable":true,"href":"https:\/\/sinoextrud.com\/fi\/wp-json\/wp\/v2\/media\/8439"}],"wp:attachment":[{"href":"https:\/\/sinoextrud.com\/fi\/wp-json\/wp\/v2\/media?parent=8440"}],"wp:term":[{"taxonomy":"category","embeddable":true,"href":"https:\/\/sinoextrud.com\/fi\/wp-json\/wp\/v2\/categories?post=8440"}],"curies":[{"name":"wp","href":"https:\/\/api.w.org\/{rel}","templated":true}]}}