{"id":8432,"date":"2025-06-16T03:22:42","date_gmt":"2025-06-16T03:22:42","guid":{"rendered":"https:\/\/sinoextrud.com\/product\/aluminum-cnc\/"},"modified":"2025-06-24T06:23:48","modified_gmt":"2025-06-24T06:23:48","slug":"cnc-alumiini-2","status":"publish","type":"product","link":"https:\/\/sinoextrud.com\/fi\/product\/aluminum-cnc\/","title":{"rendered":"Alumiini CNC"},"content":{"rendered":"<h2>Tuotteiden tiedot<\/h2>\n<table class=\"custom-table\">\n<tr>\n<td class=\"label\">Malli NO.:<\/td>\n<td> Alumiinin CNC-ty\u00f6st\u00f6<\/td>\n<\/tr>\n<tr>\n<td class=\"label\">Sertifiointi:<\/td>\n<td> ISO, SGS, TUV<\/td>\n<\/tr>\n<tr>\n<td class=\"label\">R\u00e4\u00e4t\u00e4l\u00f6ity:<\/td>\n<td> R\u00e4\u00e4t\u00e4l\u00f6ity<\/td>\n<\/tr>\n<tr>\n<td class=\"label\">Nimi:<\/td>\n<td> CNC-ty\u00f6st\u00f6<\/td>\n<\/tr>\n<tr>\n<td class=\"label\">Koko:<\/td>\n<td> R\u00e4\u00e4t\u00e4l\u00f6ity<\/td>\n<\/tr>\n<tr>\n<td class=\"label\">L\u00e4pimenoaika:<\/td>\n<td> Lyhyt<\/td>\n<\/tr>\n<tr>\n<td class=\"label\">K\u00e4sittelyn lis\u00e4laite:<\/td>\n<td> Keskus CNC-sorvi\/CNC<\/td>\n<\/tr>\n<tr>\n<td class=\"label\">Yrityksen sijainti:<\/td>\n<td> Foshan<\/td>\n<\/tr>\n<tr>\n<td class=\"label\">Tekniset tiedot:<\/td>\n<td> ISO9001, SGS, TUV<\/td>\n<\/tr>\n<tr>\n<td class=\"label\">Kunto:<\/td>\n<td> Uusi<\/td>\n<\/tr>\n<tr>\n<td class=\"label\">Materiaali:<\/td>\n<td> Alumiini<\/td>\n<\/tr>\n<tr>\n<td class=\"label\">Hinta:<\/td>\n<td> Matala<\/td>\n<\/tr>\n<tr>\n<td class=\"label\">Valmis:<\/td>\n<td> Kova anodisoitu<\/td>\n<\/tr>\n<tr>\n<td class=\"label\">Kaupank\u00e4yntimenetelm\u00e4t:<\/td>\n<td> EXW, Fob, CIF<\/td>\n<\/tr>\n<tr>\n<td class=\"label\">Laadunvalvonta:<\/td>\n<td> 100% Tarkasta ennen l\u00e4hetyst\u00e4<\/td>\n<\/tr>\n<tr>\n<td class=\"label\">Kuljetuspaketti:<\/td>\n<td> Vakiovientipakkaus<\/td>\n<\/tr>\n<tr>\n<td class=\"label\">Alkuper\u00e4:<\/td>\n<td> Guangdong<\/td>\n<\/tr>\n<\/table>\n<h2>Tuotantopohjamme<\/h2>\n<h3>Tehtaan panoraama<\/h3>\n<p><img decoding=\"async\" src=\"\/wp-content\/uploads\/factory-01.webp\"\/><\/p>\n<h3>Alumiini Bar Manufacturing Workshop<\/h3>\n<p><img decoding=\"async\" src=\"\/wp-content\/uploads\/factory-02.webp\"\/><\/p>\n<p><img decoding=\"async\" src=\"\/wp-content\/uploads\/factory-03.webp\"\/><\/p>\n<h3>Muotin varastointi Varasto<\/h3>\n<p><img decoding=\"async\" src=\"\/wp-content\/uploads\/factory-04.webp\"\/><\/p>\n<h3>43 Alumiini ekstruusiolinjat (500\u00e2 5500 tonnia)<\/h3>\n<p><img decoding=\"async\" src=\"\/wp-content\/uploads\/factory-05.webp\"\/><\/p>\n<p><img decoding=\"async\" src=\"\/wp-content\/uploads\/factory-06.webp\"\/><\/p>\n<p><img decoding=\"async\" src=\"\/wp-content\/uploads\/factory-07.webp\"\/><\/p>\n<h3>Jauhemaalaus ty\u00f6paja<\/h3>\n<p><img decoding=\"async\" src=\"\/wp-content\/uploads\/factory-09.webp\"\/><\/p>\n<h3>Anodisointi ty\u00f6paja<\/h3>\n<p><img decoding=\"async\" src=\"\/wp-content\/uploads\/factory-10.webp\"\/><\/p>\n<h3>Syv\u00e4k\u00e4sittelyn ty\u00f6paja<\/h3>\n<p><img decoding=\"async\" src=\"\/wp-content\/uploads\/factory-11.webp\"\/><\/p>\n<h3>CNC-tarkkuuskoneistus ty\u00f6paja<\/h3>\n<p><img decoding=\"async\" src=\"\/wp-content\/uploads\/factory-11.5.webp\"\/><\/p>\n<h3>Valmiiden tuotteiden ja vientivarasto<\/h3>\n<p><img decoding=\"async\" src=\"\/wp-content\/uploads\/factory-12.webp\"\/><\/p>\n<p><img decoding=\"async\" src=\"\/wp-content\/uploads\/factory-13.webp\"\/><\/p>\n<p><img decoding=\"async\" src=\"\/wp-content\/uploads\/factory-14.webp\"\/><\/p>\n<h2>FAQ<\/h2>\n<p><p><b>1.Mik\u00e4 on alumiinin CNC-ty\u00f6st\u00f6?<\/b><\/p>\n<p>Alumiinin CNC-ty\u00f6st\u00f6 on tarkka ja tehokas prosessi, jossa k\u00e4ytet\u00e4\u00e4n tietokoneohjattuja koneita alumiinin muokkaamiseksi r\u00e4\u00e4t\u00e4l\u00f6idyiksi osiksi tai tuotteiksi eri teollisuudenaloille.<br \/>\n<\/p><br \/>\n<br \/>\n<p><b>2.What ovat edut alumiini CNC?<\/b><\/p>\n<p>CNC-alumiini on eritt\u00e4in tarkka, kest\u00e4v\u00e4 ja kevyt, joten se sopii erinomaisesti sovelluksiin, joissa tarvitaan vahvoja ja tehokkaita komponentteja.<br \/>\n<\/p><br \/>\n<br \/>\n<p><b>3.How alumiini CNC verrattuna muihin materiaaleihin?<\/b><\/p>\n<p>CNC-alumiini on kevyemp\u00e4\u00e4, korroosionkest\u00e4v\u00e4mp\u00e4\u00e4 ja paremmin ty\u00f6stett\u00e4v\u00e4\u00e4 kuin monet muut materiaalit, kuten ter\u00e4s tai muovi.<br \/>\n<\/p><br \/>\n<br \/>\n<p><b>4.Can alumiini CNC osat voidaan r\u00e4\u00e4t\u00e4l\u00f6id\u00e4?<\/b><\/p>\n<p>Kyll\u00e4, alumiiniset CNC-osat voidaan r\u00e4\u00e4t\u00e4l\u00f6id\u00e4 vastaamaan erityisi\u00e4 suunnittelu- ja toiminnallisuusvaatimuksia kehittyneill\u00e4 ty\u00f6st\u00f6tekniikoilla.<br \/>\n<\/p><br \/>\n<br \/>\n<p><b>5.Mitk\u00e4 teollisuudenalat hy\u00f6tyv\u00e4t alumiinisista CNC-tuotteista?<\/b><\/p>\n<p>Alumiinisten CNC-tuotteiden tarkkuudesta ja kest\u00e4vyydest\u00e4 hy\u00f6tyv\u00e4t esimerkiksi ilmailu- ja avaruusteollisuus, autoteollisuus, elektroniikka ja teollisuus.<br \/>\n<\/p><br \/>\n<br \/>\n<p><b>6.Is alumiini CNC ymp\u00e4rist\u00f6yst\u00e4v\u00e4llinen?<\/b><\/p>\n<p>Kyll\u00e4, alumiini on kierr\u00e4tett\u00e4v\u00e4 materiaali, ja CNC-ty\u00f6st\u00f6 tuottaa vain v\u00e4h\u00e4n j\u00e4tett\u00e4, joten se on ymp\u00e4rist\u00f6yst\u00e4v\u00e4llinen valmistusprosessi.<br \/>\n<\/p><br \/>\n<br \/>\n<p><b>7.Mitk\u00e4 ovat alumiinin CNC-ty\u00f6st\u00f6n kustannusvaikutukset?<\/b><\/p>\n<p>Alumiinin CNC-ty\u00f6st\u00f6 on kustannustehokasta sek\u00e4 pieniss\u00e4 ett\u00e4 suurissa tuotantosarjoissa, ja se tarjoaa tasapainon laadun ja hinnan v\u00e4lill\u00e4 useimmissa teollisissa sovelluksissa.<br \/>\n<\/p><br \/><\/p>","protected":false},"featured_media":8431,"template":"","categories":[68],"class_list":["post-8432","product","type-product","status-publish","has-post-thumbnail","hentry","category-cnc-machining-aluminum-profile"],"meta_box":{"hilight_text_group":{"product_hilight_text":"<li>High precision and tight tolerance machining for superior quality.<\/li>\r\r\n<li>Durable and lightweight material ideal for various industrial applications.<\/li>\r\r\n<li>Customizable solutions tailored to meet specific project requirements.<\/li>\r\r\n<li>Advanced CNC technology ensures high efficiency and consistent results.<\/li>\r\r\n<li>Excellent corrosion resistance and surface finish for longevity.<\/li>\r\r\n<li>Cost-effective manufacturing process for both small and large batches.<\/li>\r\r\n<li>Environmentally friendly and sustainable material with easy recyclability.<\/li>","product_chanpin_blog":"<ul>\r\r\n<li><a href=\"https:\/\/sinoextrud.com\/t-slot-v-slot-differences\/\" target=\"_blank\">t slot vs v slot<\/a><\/li>\r\r\n<li><a href=\"https:\/\/sinoextrud.com\/what-is-4040-aluminium-extrud\/\" target=\"_blank\">4040 aluminium extrusion<\/a><\/li>\r\r\n<li><a href=\"https:\/\/sinoextrud.com\/what-is-4040-aluminium-extrud\/\" target=\"_blank\">aluminum extrusions for industrial racks<\/a><\/li>\r\r\n<li><a href=\"https:\/\/sinoextrud.com\/powder-coating-aluminium-process\/\" target=\"_blank\">powder coating aluminium<\/a><\/li>\r\r\n<li><a href=\"https:\/\/sinoextrud.com\/what-is-an-aluminium-strip-ceiling\/\" target=\"_blank\">aluminium strip ceiling<\/a><\/li>\r\r\n<li><a href=\"https:\/\/sinoextrud.com\/what-is-a-heat-sink\/\" target=\"_blank\">what is a heat sink<\/a><\/li>\r\r\n<\/ul>","product_chanpin_chanpin":"<li><a href=\"https:\/\/sinoextrud.com\/product\/t-slot-extruded-aluminum-framing-systems\/\" target=\"_blank\">T Slot Extruded Aluminum Framing Systems<\/a><\/li>\r\n<li><a href=\"https:\/\/sinoextrud.com\/product\/aluminum-extrusions-milling-cutting-and-assembly\/\" target=\"_blank\">Aluminum Extrusions Milling Cutting and Assembly<\/a><\/li>\r\n<li><a href=\"https:\/\/sinoextrud.com\/product\/extruded-aluminium-cnc-machining-profile-and-anodized-surface-treatment-process\/\" target=\"_blank\">Extruded Aluminium CNC Machining profile and Anodized Surface Treatment Process<\/a><\/li>\r\n<li><a href=\"https:\/\/sinoextrud.com\/product\/aluminium-precision-cnc-fabrication-milling-process-deep-processing-machining-company\/\" target=\"_blank\">Aluminium precision CNC fabrication milling process deep processing machining company<\/a><\/li>\r\n<li><a href=\"https:\/\/sinoextrud.com\/product\/aluminum-cnc\/\" target=\"_blank\">Aluminum CNC<\/a><\/li>\r\n<li><a href=\"https:\/\/sinoextrud.com\/product\/aluminium-aerofoil-extrusion-oxidation-scrub-black\/\" target=\"_blank\">Aluminium Aerofoil Extrusion Oxidation Scrub Black<\/a><\/li>\r\n<li><a href=\"https:\/\/sinoextrud.com\/product\/aluminium-extrusion-cnc\/\" target=\"_blank\">Aluminium Extrusion CNC<\/a><\/li>\r\n<li><a href=\"https:\/\/sinoextrud.com\/product\/aluminium-profile-lock\/\" target=\"_blank\">Aluminium Profile Lock<\/a><\/li>\r\n<li><a href=\"https:\/\/sinoextrud.com\/product\/aluminium-enclosure-housing-and-shells\/\" target=\"_blank\">Aluminium Enclosure Housing And Shells<\/a><\/li>\r\n<li><a href=\"https:\/\/sinoextrud.com\/product\/extruded-aluminum-triangle-electrical-instrument-shell-housing\/\" target=\"_blank\">Extruded Aluminum Triangle Electrical Instrument Shell Housing<\/a><\/li>\r\n<li><a href=\"https:\/\/sinoextrud.com\/product\/aluminium-sliding-door-champagne-colour\/\" target=\"_blank\">Aluminium Sliding Door Champagne colour<\/a><\/li>"},"feature_list":[]},"_links":{"self":[{"href":"https:\/\/sinoextrud.com\/fi\/wp-json\/wp\/v2\/product\/8432","targetHints":{"allow":["GET"]}}],"collection":[{"href":"https:\/\/sinoextrud.com\/fi\/wp-json\/wp\/v2\/product"}],"about":[{"href":"https:\/\/sinoextrud.com\/fi\/wp-json\/wp\/v2\/types\/product"}],"wp:featuredmedia":[{"embeddable":true,"href":"https:\/\/sinoextrud.com\/fi\/wp-json\/wp\/v2\/media\/8431"}],"wp:attachment":[{"href":"https:\/\/sinoextrud.com\/fi\/wp-json\/wp\/v2\/media?parent=8432"}],"wp:term":[{"taxonomy":"category","embeddable":true,"href":"https:\/\/sinoextrud.com\/fi\/wp-json\/wp\/v2\/categories?post=8432"}],"curies":[{"name":"wp","href":"https:\/\/api.w.org\/{rel}","templated":true}]}}