{"id":8426,"date":"2025-06-16T03:15:20","date_gmt":"2025-06-16T03:15:20","guid":{"rendered":"https:\/\/sinoextrud.com\/product\/aluminum-extrusions-milling-cutting-and-assembly\/"},"modified":"2025-06-24T06:23:47","modified_gmt":"2025-06-24T06:23:47","slug":"alumiiniprofiilien-jyrsinta-leikkaus-ja-kokoonpano","status":"publish","type":"product","link":"https:\/\/sinoextrud.com\/fi\/product\/aluminum-extrusions-milling-cutting-and-assembly\/","title":{"rendered":"Alumiini ekstruusiot jyrsint\u00e4 leikkaus ja kokoonpano"},"content":{"rendered":"<h2>Tuotteiden tiedot<\/h2>\n<table class=\"custom-table\">\n<tr>\n<td class=\"label\">Otsikko<\/td>\n<td>Alumiini ekstruusiot jyrsint\u00e4 leikkaus ja kokoonpano<\/td>\n<\/tr>\n<\/table>\n<h2>Tuotantopohjamme<\/h2>\n<h3>Tehtaan panoraama<\/h3>\n<p><img decoding=\"async\" src=\"\/wp-content\/uploads\/factory-01.webp\"\/><\/p>\n<h3>Alumiini Bar Manufacturing Workshop<\/h3>\n<p><img decoding=\"async\" src=\"\/wp-content\/uploads\/factory-02.webp\"\/><\/p>\n<p><img decoding=\"async\" src=\"\/wp-content\/uploads\/factory-03.webp\"\/><\/p>\n<h3>Muotin varastointi Varasto<\/h3>\n<p><img decoding=\"async\" src=\"\/wp-content\/uploads\/factory-04.webp\"\/><\/p>\n<h3>43 Alumiini ekstruusiolinjat (500\u00e2 5500 tonnia)<\/h3>\n<p><img decoding=\"async\" src=\"\/wp-content\/uploads\/factory-05.webp\"\/><\/p>\n<p><img decoding=\"async\" src=\"\/wp-content\/uploads\/factory-06.webp\"\/><\/p>\n<p><img decoding=\"async\" src=\"\/wp-content\/uploads\/factory-07.webp\"\/><\/p>\n<h3>Jauhemaalaus ty\u00f6paja<\/h3>\n<p><img decoding=\"async\" src=\"\/wp-content\/uploads\/factory-09.webp\"\/><\/p>\n<h3>Anodisointi ty\u00f6paja<\/h3>\n<p><img decoding=\"async\" src=\"\/wp-content\/uploads\/factory-10.webp\"\/><\/p>\n<h3>Syv\u00e4k\u00e4sittelyn ty\u00f6paja<\/h3>\n<p><img decoding=\"async\" src=\"\/wp-content\/uploads\/factory-11.webp\"\/><\/p>\n<h3>CNC-tarkkuuskoneistus ty\u00f6paja<\/h3>\n<p><img decoding=\"async\" src=\"\/wp-content\/uploads\/factory-11.5.webp\"\/><\/p>\n<h3>Valmiiden tuotteiden ja vientivarasto<\/h3>\n<p><img decoding=\"async\" src=\"\/wp-content\/uploads\/factory-12.webp\"\/><\/p>\n<p><img decoding=\"async\" src=\"\/wp-content\/uploads\/factory-13.webp\"\/><\/p>\n<p><img decoding=\"async\" src=\"\/wp-content\/uploads\/factory-14.webp\"\/><\/p>\n<h2>FAQ<\/h2>\n<p><p><b>1.Aluminum Extrusions jyrsint\u00e4 leikkaus ja kokoonpano: Mit\u00e4 ovat t\u00e4rkeimm\u00e4t edut?<\/b><\/p>\n<p>Tuote mahdollistaa tarkkuusjyrsinn\u00e4n ja -leikkauksen, joka tarjoaa tarkat mitat ja erinomaisen viimeistelyn erilaisiin teollisuuden tarpeisiin.<br \/>\n<\/p><br \/>\n<br \/>\n<p><b>2.Miten jyrsint\u00e4- ja leikkausprosessi parantaa tuotteen laatua?<\/b><\/p>\n<p>Jyrsint\u00e4 ja leikkaus takaavat tarkkuuden ja tiukat toleranssit, mik\u00e4 johtaa korkealaatuisiin alumiiniprofiileihin, jotka t\u00e4ytt\u00e4v\u00e4t vaativat standardit.<br \/>\n<\/p><br \/>\n<br \/>\n<p><b>3.Can alumiini ekstrusioita voidaan r\u00e4\u00e4t\u00e4l\u00f6id\u00e4?<\/b><\/p>\n<p>Kyll\u00e4, alumiiniprofiileja voidaan r\u00e4\u00e4t\u00e4l\u00f6id\u00e4 eri kokoisina, muotoisina ja mallisina, jotta ne sopivat tiettyihin projektivaatimuksiin.<br \/>\n<\/p><br \/>\n<br \/>\n<p><b>4.Mitk\u00e4 teollisuudenalat hy\u00f6tyv\u00e4t eniten alumiiniprofiilien jyrsimisest\u00e4 ja leikkaamisesta?<\/b><\/p>\n<p>Alumiiniprofiilien tarkkuudesta ja kest\u00e4vyydest\u00e4 hy\u00f6tyv\u00e4t esimerkiksi rakennus-, auto- ja valmistusteollisuus.<br \/>\n<\/p><br \/>\n<br \/>\n<p><b>5.Onko kokoonpanoprosessi nopea ja kustannustehokas?<\/b><\/p>\n<p>Kyll\u00e4, tehokas kokoonpanoprosessi takaa nopeat tuotantoaikataulut s\u00e4ilytt\u00e4en samalla kustannustehokkuuden ja v\u00e4hent\u00e4en projektin kokonaiskustannuksia.<br \/>\n<\/p><br \/>\n<br \/>\n<p><b>6.Mik\u00e4 tekee alumiiniprofiileista ensisijaisen valinnan moniin sovelluksiin?<\/b><\/p>\n<p>Alumiiniprofiilit ovat kevyit\u00e4, vahvoja ja korroosionkest\u00e4vi\u00e4, joten ne soveltuvat erinomaisesti erilaisiin teollisuus- ja rakennesovelluksiin.<br \/>\n<\/p><br \/>\n<br \/>\n<p><b>7.Miten r\u00e4\u00e4t\u00e4l\u00f6ity jyrsint\u00e4 auttaa tuotekehityksess\u00e4?<\/b><\/p>\n<p>R\u00e4\u00e4t\u00e4l\u00f6ity jyrsint\u00e4 mahdollistaa tarkkojen, r\u00e4\u00e4t\u00e4l\u00f6ityjen komponenttien luomisen, jotka vastaavat erityisi\u00e4 suunnittelu- ja toiminnallisia vaatimuksia.<br \/>\n<\/p><br \/><\/p>","protected":false},"featured_media":8425,"template":"","categories":[68],"class_list":["post-8426","product","type-product","status-publish","has-post-thumbnail","hentry","category-cnc-machining-aluminum-profile"],"meta_box":{"hilight_text_group":{"product_hilight_text":"<li>Precision milling and cutting for accurate dimensions and high-quality finishes.<\/li>\r\r\n<li>Efficient assembly process that ensures quick turnarounds and cost-effective production.<\/li>\r\r\n<li>Customizable designs and sizes to meet specific industrial requirements.<\/li>\r\r\n<li>Aluminum extrusions offer lightweight yet durable solutions for various applications.<\/li>\r\r\n<li>Expert craftsmanship and high-performance machinery for consistent results.<\/li>","product_chanpin_blog":"<ul>\r\r\n<li><a href=\"https:\/\/sinoextrud.com\/t-slot-v-slot-differences\/\" target=\"_blank\">t slot vs v slot<\/a><\/li>\r\r\n<li><a href=\"https:\/\/sinoextrud.com\/what-is-4040-aluminium-extrud\/\" target=\"_blank\">4040 aluminium extrusion<\/a><\/li>\r\r\n<li><a href=\"https:\/\/sinoextrud.com\/what-is-4040-aluminium-extrud\/\" target=\"_blank\">aluminum extrusions for industrial racks<\/a><\/li>\r\r\n<li><a href=\"https:\/\/sinoextrud.com\/powder-coating-aluminium-process\/\" target=\"_blank\">powder coating aluminium<\/a><\/li>\r\r\n<li><a href=\"https:\/\/sinoextrud.com\/what-is-an-aluminium-strip-ceiling\/\" target=\"_blank\">aluminium strip ceiling<\/a><\/li>\r\r\n<li><a href=\"https:\/\/sinoextrud.com\/what-is-a-heat-sink\/\" target=\"_blank\">what is a heat sink<\/a><\/li>\r\r\n<\/ul>","product_chanpin_chanpin":"<li><a href=\"https:\/\/sinoextrud.com\/product\/slotted-aluminium-extrusion\/\" target=\"_blank\">Slotted Aluminium Extrusion<\/a><\/li>\r\n<li><a href=\"https:\/\/sinoextrud.com\/product\/aluminum-extrusion-fabrication\/\" target=\"_blank\">Aluminum Extrusion Fabrication<\/a><\/li>\r\n<li><a href=\"https:\/\/sinoextrud.com\/product\/industrial-profile-systems\/\" target=\"_blank\">Industrial Profile Systems<\/a><\/li>\r\n<li><a href=\"https:\/\/sinoextrud.com\/product\/t-slot-extruded-aluminum-framing-systems\/\" target=\"_blank\">T Slot Extruded Aluminum Framing Systems<\/a><\/li>\r\n<li><a href=\"https:\/\/sinoextrud.com\/product\/aluminum-extrusions-milling-cutting-and-assembly\/\" target=\"_blank\">Aluminum Extrusions Milling Cutting and Assembly<\/a><\/li>\r\n<li><a href=\"https:\/\/sinoextrud.com\/product\/extruded-aluminium-cnc-machining-profile-and-anodized-surface-treatment-process\/\" target=\"_blank\">Extruded Aluminium CNC Machining profile and Anodized Surface Treatment Process<\/a><\/li>\r\n<li><a href=\"https:\/\/sinoextrud.com\/product\/aluminium-precision-cnc-fabrication-milling-process-deep-processing-machining-company\/\" target=\"_blank\">Aluminium precision CNC fabrication milling process deep processing machining company<\/a><\/li>\r\n<li><a href=\"https:\/\/sinoextrud.com\/product\/aluminum-cnc\/\" target=\"_blank\">Aluminum CNC<\/a><\/li>\r\n<li><a href=\"https:\/\/sinoextrud.com\/product\/aluminium-aerofoil-extrusion-oxidation-scrub-black\/\" target=\"_blank\">Aluminium Aerofoil Extrusion Oxidation Scrub Black<\/a><\/li>\r\n<li><a href=\"https:\/\/sinoextrud.com\/product\/aluminum-edge-trim-for-plywood\/\" target=\"_blank\">Aluminum Edge Trim For Plywood<\/a><\/li>\r\n<li><a href=\"https:\/\/sinoextrud.com\/product\/aluminium-sections-for-glazing\/\" target=\"_blank\">Aluminium Sections For Glazing<\/a><\/li>"},"feature_list":[]},"_links":{"self":[{"href":"https:\/\/sinoextrud.com\/fi\/wp-json\/wp\/v2\/product\/8426","targetHints":{"allow":["GET"]}}],"collection":[{"href":"https:\/\/sinoextrud.com\/fi\/wp-json\/wp\/v2\/product"}],"about":[{"href":"https:\/\/sinoextrud.com\/fi\/wp-json\/wp\/v2\/types\/product"}],"wp:featuredmedia":[{"embeddable":true,"href":"https:\/\/sinoextrud.com\/fi\/wp-json\/wp\/v2\/media\/8425"}],"wp:attachment":[{"href":"https:\/\/sinoextrud.com\/fi\/wp-json\/wp\/v2\/media?parent=8426"}],"wp:term":[{"taxonomy":"category","embeddable":true,"href":"https:\/\/sinoextrud.com\/fi\/wp-json\/wp\/v2\/categories?post=8426"}],"curies":[{"name":"wp","href":"https:\/\/api.w.org\/{rel}","templated":true}]}}