{"id":8412,"date":"2025-06-16T02:49:27","date_gmt":"2025-06-16T02:49:27","guid":{"rendered":"https:\/\/sinoextrud.com\/product\/modular-aluminum-profiles-machine-hand-robot-hand-manipulator\/"},"modified":"2025-06-24T06:23:45","modified_gmt":"2025-06-24T06:23:45","slug":"modulaarinen-alumiini-profiilit-kone-kasi-robotti-kasi-manipulaattori","status":"publish","type":"product","link":"https:\/\/sinoextrud.com\/fi\/product\/modular-aluminum-profiles-machine-hand-robot-hand-manipulator\/","title":{"rendered":"Modulaarinen alumiini profiilit koneen k\u00e4si Robot k\u00e4si Manipulaattori"},"content":{"rendered":"<h2>Tuotteiden tiedot<\/h2>\n<table class=\"custom-table\">\n<tbody>\n<tr>\n<td> Tuotteen nimi<\/td>\n<td> Modulaarinen alumiini profiileja kone k\u00e4si robotti k\u00e4si manipulaattori<\/td>\n<\/tr>\n<tr>\n<td> Alumiiniseos<\/td>\n<td> 6063-T5, tai r\u00e4\u00e4t\u00e4l\u00f6inti<\/td>\n<\/tr>\n<tr>\n<td> Pintak\u00e4sittely<\/td>\n<td> jauhemaalaus, tehdasvalmis tai r\u00e4\u00e4t\u00e4l\u00f6inti<\/td>\n<\/tr>\n<tr>\n<td> V\u00e4ri<\/td>\n<td> valkoinen, kulta, tehdasvalmis tai r\u00e4\u00e4t\u00e4l\u00f6inti<\/td>\n<\/tr>\n<tr>\n<td> Koko<\/td>\n<td> 1-9m, tai r\u00e4\u00e4t\u00e4l\u00f6inti<\/td>\n<\/tr>\n<tr>\n<td> Hakemus<\/td>\n<td> Modulaariset alumiiniprofiilit, konek\u00e4si, robottik\u00e4si, manipulaattori, koneellinen k\u00e4sivarsi<\/td>\n<\/tr>\n<tr>\n<td> Merkki<\/td>\n<td> Sinoextrud \/ Sinoextrud \/ Sinoextrud Aluminium<\/td>\n<\/tr>\n<tr>\n<td> Alkuper\u00e4<\/td>\n<td> Foshan, Kiina<\/td>\n<\/tr>\n<\/tbody>\n<\/table>\n<h2>Tuotantopohjamme<\/h2>\n<h3>Tehtaan panoraama<\/h3>\n<p><img decoding=\"async\" src=\"\/wp-content\/uploads\/factory-01.webp\"\/><\/p>\n<h3>Alumiini Bar Manufacturing Workshop<\/h3>\n<p><img decoding=\"async\" src=\"\/wp-content\/uploads\/factory-02.webp\"\/><\/p>\n<p><img decoding=\"async\" src=\"\/wp-content\/uploads\/factory-03.webp\"\/><\/p>\n<h3>Muotin varastointi Varasto<\/h3>\n<p><img decoding=\"async\" src=\"\/wp-content\/uploads\/factory-04.webp\"\/><\/p>\n<h3>43 Alumiini ekstruusiolinjat (500\u00e2 5500 tonnia)<\/h3>\n<p><img decoding=\"async\" src=\"\/wp-content\/uploads\/factory-05.webp\"\/><\/p>\n<p><img decoding=\"async\" src=\"\/wp-content\/uploads\/factory-06.webp\"\/><\/p>\n<p><img decoding=\"async\" src=\"\/wp-content\/uploads\/factory-07.webp\"\/><\/p>\n<h3>Jauhemaalaus ty\u00f6paja<\/h3>\n<p><img decoding=\"async\" src=\"\/wp-content\/uploads\/factory-09.webp\"\/><\/p>\n<h3>Anodisointi ty\u00f6paja<\/h3>\n<p><img decoding=\"async\" src=\"\/wp-content\/uploads\/factory-10.webp\"\/><\/p>\n<h3>Syv\u00e4k\u00e4sittelyn ty\u00f6paja<\/h3>\n<p><img decoding=\"async\" src=\"\/wp-content\/uploads\/factory-11.webp\"\/><\/p>\n<h3>CNC-tarkkuuskoneistus ty\u00f6paja<\/h3>\n<p><img decoding=\"async\" src=\"\/wp-content\/uploads\/factory-11.5.webp\"\/><\/p>\n<h3>Valmiiden tuotteiden ja vientivarasto<\/h3>\n<p><img decoding=\"async\" src=\"\/wp-content\/uploads\/factory-12.webp\"\/><\/p>\n<p><img decoding=\"async\" src=\"\/wp-content\/uploads\/factory-13.webp\"\/><\/p>\n<p><img decoding=\"async\" src=\"\/wp-content\/uploads\/factory-14.webp\"\/><\/p>\n<h2>FAQ<\/h2>\n<p><p><b>1.Mik\u00e4 tekee modulaarisista alumiiniprofiileista koneen k\u00e4sirobotin k\u00e4sinohjain soveltuu automaatioon? <\/b><\/p>\n<p> N\u00e4m\u00e4 modulaariset alumiiniprofiilit ovat eritt\u00e4in monipuolisia ja mukautettavia, ja ne tarjoavat vankan tuen tarkoille robottik\u00e4den liikkeille automaatioj\u00e4rjestelmiss\u00e4.<br \/>\n<\/p><br \/>\n<br \/>\n<p><b>2.Can modulaarinen alumiini profiilit Machine Hand Robot Hand Manipulator voidaan r\u00e4\u00e4t\u00e4l\u00f6id\u00e4 erityistarpeisiin? <\/b><\/p>\n<p> Kyll\u00e4, ne voidaan r\u00e4\u00e4t\u00e4l\u00f6id\u00e4 eri pituisiksi, kokoisiksi ja muotoisiksi, jotta ne sopivat erilaisiin robottisovelluksiin ja varmistavat optimaalisen toimivuuden.<br \/>\n<\/p><br \/>\n<br \/>\n<p><b>3.Kuinka kest\u00e4v\u00e4t ovat modulaariset alumiiniprofiilit Machine Hand Robot Hand Manipulator? <\/b><\/p>\n<p> N\u00e4m\u00e4 profiilit ovat korroosionkest\u00e4vi\u00e4 ja suunniteltu pitk\u00e4aikaiseen toimintaan my\u00f6s haastavissa teollisuusymp\u00e4rist\u00f6iss\u00e4.<br \/>\n<\/p><br \/>\n<br \/>\n<p><b>4.What toimialat hy\u00f6tyv\u00e4t Modulaarinen alumiini profiilit Machine Hand Robot Hand Manipulator? <\/b><\/p>\n<p> Esimerkiksi autoteollisuus, teollisuus, elektroniikka ja logistiikka hy\u00f6tyv\u00e4t n\u00e4iden profiilien k\u00e4yt\u00f6st\u00e4 automaatio- ja robottij\u00e4rjestelmiss\u00e4.<br \/>\n<\/p><br \/>\n<br \/>\n<p><b>5.Is modulaarinen alumiini profiilit Machine Hand Robot Hand Manipulator helppo koota? <\/b><\/p>\n<p> Kyll\u00e4, modulaarinen rakenne mahdollistaa nopean kokoonpanon ja helpot s\u00e4\u00e4d\u00f6t, mik\u00e4 v\u00e4hent\u00e4\u00e4 sek\u00e4 asennusaikaa ett\u00e4 ty\u00f6voimakustannuksia.<br \/>\n<\/p><br \/>\n<br \/>\n<p><b>6.How modulaarinen alumiini profiilit Machine Hand Robot Hand Manipulator parantaa automaation suorituskyky\u00e4? <\/b><\/p>\n<p> Kevyet mutta vahvat profiilit tarjoavat vakautta ja tarkkuutta, mik\u00e4 parantaa robottimanipulaattoreiden suorituskyky\u00e4 ja tarkkuutta tuotantoprosesseissa.<br \/>\n<\/p><br \/>\n<br \/>\n<p><b>7.Is modulaarinen alumiini profiilit Machine Hand Robot Hand Manipulator ymp\u00e4rist\u00f6yst\u00e4v\u00e4llinen? <\/b><\/p>\n<p> Alumiini on t\u00e4ysin kierr\u00e4tett\u00e4v\u00e4\u00e4, joten n\u00e4m\u00e4 profiilit ovat ymp\u00e4rist\u00f6yst\u00e4v\u00e4llinen vaihtoehto automaation robottisovelluksiin.<br \/>\n<\/p><br \/><\/p>","protected":false},"featured_media":8411,"template":"","categories":[54],"class_list":["post-8412","product","type-product","status-publish","has-post-thumbnail","hentry","category-industrial-aluminum-profiles"],"meta_box":{"hilight_text_group":{"product_hilight_text":"<li>Highly versatile modular aluminum profiles for machine hand robot hand manipulator systems<\/li>\r\r\n<li>Customizable designs to meet specific automation and robotic application needs<\/li>\r\r\n<li>Lightweight yet strong, providing excellent support without compromising durability<\/li>\r\r\n<li>Easy to assemble and disassemble, reducing setup time and improving flexibility<\/li>\r\r\n<li>Corrosion-resistant, ensuring long-lasting performance in various environments<\/li>\r\r\n<li>Efficient for precise, high-performance automation in manufacturing and assembly lines<\/li>\r\r\n<li>Eco-friendly, as aluminum is a fully recyclable material<\/li>","product_chanpin_blog":"<ul>\r\r\n<li><a href=\"https:\/\/sinoextrud.com\/t-slot-v-slot-differences\/\" target=\"_blank\">t slot vs v slot<\/a><\/li>\r\r\n<li><a href=\"https:\/\/sinoextrud.com\/what-is-4040-aluminium-extrud\/\" target=\"_blank\">4040 aluminium extrusion<\/a><\/li>\r\r\n<li><a href=\"https:\/\/sinoextrud.com\/what-is-4040-aluminium-extrud\/\" target=\"_blank\">aluminum extrusions for industrial racks<\/a><\/li>\r\r\n<li><a href=\"https:\/\/sinoextrud.com\/powder-coating-aluminium-process\/\" target=\"_blank\">powder coating aluminium<\/a><\/li>\r\r\n<li><a href=\"https:\/\/sinoextrud.com\/what-is-an-aluminium-strip-ceiling\/\" target=\"_blank\">aluminium strip ceiling<\/a><\/li>\r\r\n<li><a href=\"https:\/\/sinoextrud.com\/what-is-a-heat-sink\/\" target=\"_blank\">what is a heat sink<\/a><\/li>\r\r\n<\/ul>","product_chanpin_chanpin":"<li><a href=\"https:\/\/sinoextrud.com\/product\/industrial-aluminum-extrusion\/\" target=\"_blank\">Industrial Aluminum Extrusion<\/a><\/li>\r\n<li><a href=\"https:\/\/sinoextrud.com\/product\/round-extruded-aluminum\/\" target=\"_blank\">Round Extruded Aluminum<\/a><\/li>\r\n<li><a href=\"https:\/\/sinoextrud.com\/product\/aluminium-lightbox-extrusion\/\" target=\"_blank\">Aluminium Lightbox Extrusion<\/a><\/li>\r\n<li><a href=\"https:\/\/sinoextrud.com\/product\/extruded-aluminum-t-track\/\" target=\"_blank\">Extruded Aluminum T Track<\/a><\/li>\r\n<li><a href=\"https:\/\/sinoextrud.com\/product\/modular-aluminum-profiles-machine-hand-robot-hand-manipulator\/\" target=\"_blank\">Modular Aluminum Profiles Machine Hand Robot Hand Manipulator<\/a><\/li>\r\n<li><a href=\"https:\/\/sinoextrud.com\/product\/slotted-aluminium-extrusion\/\" target=\"_blank\">Slotted Aluminium Extrusion<\/a><\/li>\r\n<li><a href=\"https:\/\/sinoextrud.com\/product\/aluminum-extrusion-fabrication\/\" target=\"_blank\">Aluminum Extrusion Fabrication<\/a><\/li>\r\n<li><a href=\"https:\/\/sinoextrud.com\/product\/industrial-profile-systems\/\" target=\"_blank\">Industrial Profile Systems<\/a><\/li>\r\n<li><a href=\"https:\/\/sinoextrud.com\/product\/t-slot-extruded-aluminum-framing-systems\/\" target=\"_blank\">T Slot Extruded Aluminum Framing Systems<\/a><\/li>\r\n<li><a href=\"https:\/\/sinoextrud.com\/product\/architectural-aluminum-extrusion-profiles\/\" target=\"_blank\">Architectural Aluminum Extrusion Profiles<\/a><\/li>\r\n<li><a href=\"https:\/\/sinoextrud.com\/product\/6463-brightness-polished-shower-room-u-channel-aluminum-profile\/\" target=\"_blank\">6463 Brightness Polished Shower Room U Channel Aluminum Profile<\/a><\/li>"},"feature_list":[]},"_links":{"self":[{"href":"https:\/\/sinoextrud.com\/fi\/wp-json\/wp\/v2\/product\/8412","targetHints":{"allow":["GET"]}}],"collection":[{"href":"https:\/\/sinoextrud.com\/fi\/wp-json\/wp\/v2\/product"}],"about":[{"href":"https:\/\/sinoextrud.com\/fi\/wp-json\/wp\/v2\/types\/product"}],"wp:featuredmedia":[{"embeddable":true,"href":"https:\/\/sinoextrud.com\/fi\/wp-json\/wp\/v2\/media\/8411"}],"wp:attachment":[{"href":"https:\/\/sinoextrud.com\/fi\/wp-json\/wp\/v2\/media?parent=8412"}],"wp:term":[{"taxonomy":"category","embeddable":true,"href":"https:\/\/sinoextrud.com\/fi\/wp-json\/wp\/v2\/categories?post=8412"}],"curies":[{"name":"wp","href":"https:\/\/api.w.org\/{rel}","templated":true}]}}