{"id":8410,"date":"2025-06-16T02:47:11","date_gmt":"2025-06-16T02:47:11","guid":{"rendered":"https:\/\/sinoextrud.com\/product\/extruded-aluminum-t-track\/"},"modified":"2025-06-24T06:23:44","modified_gmt":"2025-06-24T06:23:44","slug":"suulakepuristettua-alumiinia-t-kisko","status":"publish","type":"product","link":"https:\/\/sinoextrud.com\/fi\/product\/extruded-aluminum-t-track\/","title":{"rendered":"Suulakepuristettu alumiini T-kisko"},"content":{"rendered":"<h2>Tuotteiden tiedot<\/h2>\n<table class=\"custom-table\">\n<tbody>\n<tr>\n<td> Malli NO.<\/td>\n<td> Suulakepuristettu alumiini T-kisko<\/td>\n<td> Pinnan viimeistely<\/td>\n<td> Jauheen ruiskutus<\/td>\n<\/tr>\n<tr>\n<td> Seostava ainesosa<\/td>\n<td> 6063<\/td>\n<td> Sertifiointi<\/td>\n<td> CE, SONCAP, ISO, CIQ, RoHS, TUV, TUV<\/td>\n<\/tr>\n<tr>\n<td> Kiillotettu alumiiniprofiili<\/td>\n<td> Mekaaninen kiillotus<\/td>\n<td> Materiaali<\/td>\n<td> 6063-T5, 6061-T6, 6463-T5, 7075-T6, 6082<\/td>\n<\/tr>\n<tr>\n<td> K\u00e4ytt\u00f6tarkoitus<\/td>\n<td> Huonekalut, Ikkunat ja ovet, Koristeet, Teollisuus<\/td>\n<td> MOQ<\/td>\n<td> 200KG kullekin profiilille<\/td>\n<\/tr>\n<tr>\n<td> OEM-palvelu<\/td>\n<td> Perustuu asiakkaan suunnittelemiin piirustuksiin tai n\u00e4ytteisiin<\/td>\n<td> Pintak\u00e4sittely<\/td>\n<td> Anodisoitu \/ elektroforeesi \/ jauhemaalaus jne.<\/td>\n<\/tr>\n<tr>\n<td> Syv\u00e4prosessointi<\/td>\n<td> Rei'itys, poraus, kierteitys, taivutus<\/td>\n<td> Toimitusaika<\/td>\n<td> 25-30 p\u00e4iv\u00e4\u00e4 sen j\u00e4lkeen, kun ostajat ovat vahvistaneet n\u00e4ytteen<\/td>\n<\/tr>\n<tr>\n<td> Maksuehto<\/td>\n<td> Loppumaksun on perustuttava lopulliseen todelliseen fysiikkaan.<\/td>\n<td> Tuotantotakuu<\/td>\n<td> Pintav\u00e4ri pystyy yll\u00e4pit\u00e4m\u00e4\u00e4n 10 ~ 20 vuoden ajan<\/td>\n<\/tr>\n<tr>\n<td> Satama<\/td>\n<td> Fob Shenzhen, Guangzhou, Foshan<\/td>\n<td> Tavaramerkki<\/td>\n<td> Sinoextrud &amp; Sinoextrud<\/td>\n<\/tr>\n<tr>\n<td> Kuljetuspaketti<\/td>\n<td> Normaali tai r\u00e4\u00e4t\u00e4l\u00f6ity<\/td>\n<td> Tekniset tiedot<\/td>\n<td> Asiakkaiden vaatimuksen mukaan<\/td>\n<\/tr>\n<\/tbody>\n<\/table>\n<h2>Tuotantopohjamme<\/h2>\n<h3>Tehtaan panoraama<\/h3>\n<p><img decoding=\"async\" src=\"\/wp-content\/uploads\/factory-01.webp\"\/><\/p>\n<h3>Alumiini Bar Manufacturing Workshop<\/h3>\n<p><img decoding=\"async\" src=\"\/wp-content\/uploads\/factory-02.webp\"\/><\/p>\n<p><img decoding=\"async\" src=\"\/wp-content\/uploads\/factory-03.webp\"\/><\/p>\n<h3>Muotin varastointi Varasto<\/h3>\n<p><img decoding=\"async\" src=\"\/wp-content\/uploads\/factory-04.webp\"\/><\/p>\n<h3>43 Alumiini ekstruusiolinjat (500\u00e2 5500 tonnia)<\/h3>\n<p><img decoding=\"async\" src=\"\/wp-content\/uploads\/factory-05.webp\"\/><\/p>\n<p><img decoding=\"async\" src=\"\/wp-content\/uploads\/factory-06.webp\"\/><\/p>\n<p><img decoding=\"async\" src=\"\/wp-content\/uploads\/factory-07.webp\"\/><\/p>\n<h3>Jauhemaalaus ty\u00f6paja<\/h3>\n<p><img decoding=\"async\" src=\"\/wp-content\/uploads\/factory-09.webp\"\/><\/p>\n<h3>Anodisointi ty\u00f6paja<\/h3>\n<p><img decoding=\"async\" src=\"\/wp-content\/uploads\/factory-10.webp\"\/><\/p>\n<h3>Syv\u00e4k\u00e4sittelyn ty\u00f6paja<\/h3>\n<p><img decoding=\"async\" src=\"\/wp-content\/uploads\/factory-11.webp\"\/><\/p>\n<h3>CNC-tarkkuuskoneistus ty\u00f6paja<\/h3>\n<p><img decoding=\"async\" src=\"\/wp-content\/uploads\/factory-11.5.webp\"\/><\/p>\n<h3>Valmiiden tuotteiden ja vientivarasto<\/h3>\n<p><img decoding=\"async\" src=\"\/wp-content\/uploads\/factory-12.webp\"\/><\/p>\n<p><img decoding=\"async\" src=\"\/wp-content\/uploads\/factory-13.webp\"\/><\/p>\n<p><img decoding=\"async\" src=\"\/wp-content\/uploads\/factory-14.webp\"\/><\/p>\n<h2>FAQ<\/h2>\n<p><p><b>1.What ovat edut suulakepuristettua alumiinia T Track?<\/b><\/p>\n<p>Suulakepuristettu alumiininen T-kisko tarjoaa lujuutta, korroosionkest\u00e4vyytt\u00e4, monipuolisuutta ja kokoonpanon helppoutta, joten se sopii erinomaisesti s\u00e4\u00e4dett\u00e4viin kehyksiin ja modulaarisiin j\u00e4rjestelmiin.<br \/>\n<\/p><br \/>\n<br \/>\n<p><b>2.Miten T-raiteen rakenne lis\u00e4\u00e4 joustavuutta?<\/b><\/p>\n<p>T-kiskoj\u00e4rjestelm\u00e4 mahdollistaa komponenttien helpon s\u00e4\u00e4d\u00f6n ja r\u00e4\u00e4t\u00e4l\u00f6innin, mik\u00e4 mahdollistaa joustavan suunnittelun erilaisiin sovelluksiin ja teollisuudenaloille.<br \/>\n<\/p><br \/>\n<br \/>\n<p><b>3.Mit\u00e4 materiaalia k\u00e4ytet\u00e4\u00e4n suulakepuristettu alumiini T Track?<\/b><\/p>\n<p>Se on valmistettu korkealaatuisesta alumiinista, joka tarjoaa lujuutta, kest\u00e4vyytt\u00e4 ja korroosionkest\u00e4vyytt\u00e4 ja on samalla kevyt.<br \/>\n<\/p><br \/>\n<br \/>\n<p><b>4.Can suulakepuristettua alumiinia T Track r\u00e4\u00e4t\u00e4l\u00f6ityj\u00e4 erityisi\u00e4 hankkeita?<\/b><\/p>\n<p>Kyll\u00e4, sen pituudet, koot ja mallit ovat muokattavissa, joten se voidaan r\u00e4\u00e4t\u00e4l\u00f6id\u00e4 erilaisiin rakenne- ja kehystystarpeisiin.<br \/>\n<\/p><br \/>\n<br \/>\n<p><b>5.How korroosionkest\u00e4v\u00e4 on suulakepuristettu alumiini T Track?<\/b><\/p>\n<p>Alumiinimateriaali on eritt\u00e4in korroosionkest\u00e4v\u00e4\u00e4, joten se sopii erinomaisesti k\u00e4ytett\u00e4v\u00e4ksi vaikeissa tai ulkoymp\u00e4rist\u00f6iss\u00e4, joissa tarvitaan pitk\u00e4aikaista kest\u00e4vyytt\u00e4.<br \/>\n<\/p><br \/>\n<br \/>\n<p><b>6.What toimialat k\u00e4ytt\u00e4v\u00e4t suulakepuristettua alumiinia T Track?<\/b><\/p>\n<p>Sit\u00e4 k\u00e4ytet\u00e4\u00e4n laajalti esimerkiksi rakennus-, automaatio-, robotiikka- ja valmistusteollisuudessa s\u00e4\u00e4dett\u00e4vien kehysten, kuljettimien ja tukirakenteiden rakentamiseen.<br \/>\n<\/p><br \/>\n<br \/>\n<p><b>7.Kuinka kustannustehokas on suulakepuristettu alumiininen T-kiskoj\u00e4rjestelm\u00e4?<\/b><\/p>\n<p>Se tarjoaa kustannustehokkaan ratkaisun, sill\u00e4 se v\u00e4hent\u00e4\u00e4 lis\u00e4laitteistojen tarvetta, yksinkertaistaa kokoonpanoa ja parantaa suunnittelun ja rakentamisen joustavuutta.<br \/>\n<\/p><br \/><\/p>","protected":false},"featured_media":8409,"template":"","categories":[54],"class_list":["post-8410","product","type-product","status-publish","has-post-thumbnail","hentry","category-industrial-aluminum-profiles"],"meta_box":{"hilight_text_group":{"product_hilight_text":"<li>High-strength extruded aluminum design, providing reliable support and structural integrity for various applications.<\/li>\r\r\n<li>Versatile T-track system, ideal for creating adjustable frames and modular designs with ease.<\/li>\r\r\n<li>Corrosion-resistant surface, ensuring long-lasting performance in both indoor and outdoor environments.<\/li>\r\r\n<li>Lightweight yet durable, making it easy to handle, install, and maintain with minimal effort.<\/li>\r\r\n<li>Cost-effective and customizable solution for modular construction, reducing assembly time and hardware costs.<\/li>","product_chanpin_blog":"<ul>\r\r\n<li><a href=\"https:\/\/sinoextrud.com\/t-slot-v-slot-differences\/\" target=\"_blank\">t slot vs v slot<\/a><\/li>\r\r\n<li><a href=\"https:\/\/sinoextrud.com\/what-is-4040-aluminium-extrud\/\" target=\"_blank\">4040 aluminium extrusion<\/a><\/li>\r\r\n<li><a href=\"https:\/\/sinoextrud.com\/what-is-4040-aluminium-extrud\/\" target=\"_blank\">aluminum extrusions for industrial racks<\/a><\/li>\r\r\n<li><a href=\"https:\/\/sinoextrud.com\/powder-coating-aluminium-process\/\" target=\"_blank\">powder coating aluminium<\/a><\/li>\r\r\n<li><a href=\"https:\/\/sinoextrud.com\/what-is-an-aluminium-strip-ceiling\/\" target=\"_blank\">aluminium strip ceiling<\/a><\/li>\r\r\n<li><a href=\"https:\/\/sinoextrud.com\/what-is-a-heat-sink\/\" target=\"_blank\">what is a heat sink<\/a><\/li>\r\r\n<\/ul>","product_chanpin_chanpin":"<li><a href=\"https:\/\/sinoextrud.com\/product\/extruded-aluminum-t-slot-channel\/\" target=\"_blank\">Extruded Aluminum T Slot Channel<\/a><\/li>\r\n<li><a href=\"https:\/\/sinoextrud.com\/product\/industrial-aluminum-extrusion\/\" target=\"_blank\">Industrial Aluminum Extrusion<\/a><\/li>\r\n<li><a href=\"https:\/\/sinoextrud.com\/product\/round-extruded-aluminum\/\" target=\"_blank\">Round Extruded Aluminum<\/a><\/li>\r\n<li><a href=\"https:\/\/sinoextrud.com\/product\/aluminium-lightbox-extrusion\/\" target=\"_blank\">Aluminium Lightbox Extrusion<\/a><\/li>\r\n<li><a href=\"https:\/\/sinoextrud.com\/product\/extruded-aluminum-t-track\/\" target=\"_blank\">Extruded Aluminum T Track<\/a><\/li>\r\n<li><a href=\"https:\/\/sinoextrud.com\/product\/modular-aluminum-profiles-machine-hand-robot-hand-manipulator\/\" target=\"_blank\">Modular Aluminum Profiles Machine Hand Robot Hand Manipulator<\/a><\/li>\r\n<li><a href=\"https:\/\/sinoextrud.com\/product\/slotted-aluminium-extrusion\/\" target=\"_blank\">Slotted Aluminium Extrusion<\/a><\/li>\r\n<li><a href=\"https:\/\/sinoextrud.com\/product\/aluminum-extrusion-fabrication\/\" target=\"_blank\">Aluminum Extrusion Fabrication<\/a><\/li>\r\n<li><a href=\"https:\/\/sinoextrud.com\/product\/industrial-profile-systems\/\" target=\"_blank\">Industrial Profile Systems<\/a><\/li>\r\n<li><a href=\"https:\/\/sinoextrud.com\/product\/industrial-customized-6063-t5-alloy-aluminium-extrusion-profile\/\" target=\"_blank\">Industrial Customized 6063-T5 Alloy Aluminium Extrusion Profile<\/a><\/li>\r\n<li><a href=\"https:\/\/sinoextrud.com\/product\/standard-extruded-aluminum-shapes\/\" target=\"_blank\">Standard Extruded Aluminum Shapes<\/a><\/li>"},"feature_list":[]},"_links":{"self":[{"href":"https:\/\/sinoextrud.com\/fi\/wp-json\/wp\/v2\/product\/8410","targetHints":{"allow":["GET"]}}],"collection":[{"href":"https:\/\/sinoextrud.com\/fi\/wp-json\/wp\/v2\/product"}],"about":[{"href":"https:\/\/sinoextrud.com\/fi\/wp-json\/wp\/v2\/types\/product"}],"wp:featuredmedia":[{"embeddable":true,"href":"https:\/\/sinoextrud.com\/fi\/wp-json\/wp\/v2\/media\/8409"}],"wp:attachment":[{"href":"https:\/\/sinoextrud.com\/fi\/wp-json\/wp\/v2\/media?parent=8410"}],"wp:term":[{"taxonomy":"category","embeddable":true,"href":"https:\/\/sinoextrud.com\/fi\/wp-json\/wp\/v2\/categories?post=8410"}],"curies":[{"name":"wp","href":"https:\/\/api.w.org\/{rel}","templated":true}]}}