{"id":8404,"date":"2025-06-16T02:32:42","date_gmt":"2025-06-16T02:32:42","guid":{"rendered":"https:\/\/sinoextrud.com\/product\/industrial-aluminum-extrusion\/"},"modified":"2025-06-24T06:23:43","modified_gmt":"2025-06-24T06:23:43","slug":"teollinen-alumiini-suulakepuristus","status":"publish","type":"product","link":"https:\/\/sinoextrud.com\/fi\/product\/industrial-aluminum-extrusion\/","title":{"rendered":"Teollinen alumiinin puristamiseen"},"content":{"rendered":"<h2>Tuotteiden tiedot<\/h2>\n<table class=\"custom-table\">\n<tr>\n<td class=\"label\">Malli NO.:<\/td>\n<td> Sinoextrud-sarja<\/td>\n<\/tr>\n<tr>\n<td class=\"label\">Muoto:<\/td>\n<td> r\u00e4\u00e4t\u00e4l\u00f6ity<\/td>\n<\/tr>\n<tr>\n<td class=\"label\">Temperamentti:<\/td>\n<td> T3-T8<\/td>\n<\/tr>\n<tr>\n<td class=\"label\">Seos:<\/td>\n<td> Metalliseos<\/td>\n<\/tr>\n<tr>\n<td class=\"label\">Seosaine:<\/td>\n<td> 6061\/6063<\/td>\n<\/tr>\n<tr>\n<td class=\"label\">Kiillotettu alumiini Profiili:<\/td>\n<td> Mekaaninen kiillotus<\/td>\n<\/tr>\n<tr>\n<td class=\"label\">Koneistus:<\/td>\n<td> Poraus, rei'itys, katkaisu, CNC-koneistus, hitsaus<\/td>\n<\/tr>\n<tr>\n<td class=\"label\">Materiaali:<\/td>\n<td> Al6063 6061 6n01 6060 tai asiakkaan vaatimukset<\/td>\n<\/tr>\n<tr>\n<td class=\"label\">Tavaramerkki:<\/td>\n<td> OEM<\/td>\n<\/tr>\n<tr>\n<td class=\"label\">Tekniset tiedot:<\/td>\n<td> ISO 9001: 2008, RoHS, ISO TS16949, D&amp;B\uff0c<\/td>\n<\/tr>\n<tr>\n<td class=\"label\">HS-koodi:<\/td>\n<td> 7604299000<\/td>\n<\/tr>\n<tr>\n<td class=\"label\">Tyyppi:<\/td>\n<td> L\u00e4mm\u00f6nerotin Alumiiniprofiili, Lasisein\u00e4 Alumiiniprofiili, Kuljetus Alumiiniprofiili<\/td>\n<\/tr>\n<tr>\n<td class=\"label\">Luokka:<\/td>\n<td> 6000-sarja<\/td>\n<\/tr>\n<tr>\n<td class=\"label\">Pintak\u00e4sittely:<\/td>\n<td> jyrsint\u00e4k\u00e4sittely<\/td>\n<\/tr>\n<tr>\n<td class=\"label\">Sertifiointi:<\/td>\n<td> ISO, RoHS<\/td>\n<\/tr>\n<tr>\n<td class=\"label\">Etu:<\/td>\n<td> One-Stop OEM alumiini suulakepuristuspalvelu<\/td>\n<\/tr>\n<tr>\n<td class=\"label\">Viimeistely:<\/td>\n<td> Anodisointi, hiekkapuhallus, jauhemaalaus, harjaus<\/td>\n<\/tr>\n<tr>\n<td class=\"label\">Toimitusaika:<\/td>\n<td> 15-25 ty\u00f6p\u00e4iv\u00e4\u00e4<\/td>\n<\/tr>\n<tr>\n<td class=\"label\">Kuljetuspaketti:<\/td>\n<td> R\u00e4\u00e4t\u00e4l\u00f6ity<\/td>\n<\/tr>\n<tr>\n<td class=\"label\">Alkuper\u00e4:<\/td>\n<td> Guangdong Foshan<\/td>\n<\/tr>\n<\/table>\n<h2>Tuotantopohjamme<\/h2>\n<h3>Tehtaan panoraama<\/h3>\n<p><img decoding=\"async\" src=\"\/wp-content\/uploads\/factory-01.webp\"\/><\/p>\n<h3>Alumiini Bar Manufacturing Workshop<\/h3>\n<p><img decoding=\"async\" src=\"\/wp-content\/uploads\/factory-02.webp\"\/><\/p>\n<p><img decoding=\"async\" src=\"\/wp-content\/uploads\/factory-03.webp\"\/><\/p>\n<h3>Muotin varastointi Varasto<\/h3>\n<p><img decoding=\"async\" src=\"\/wp-content\/uploads\/factory-04.webp\"\/><\/p>\n<h3>43 alumiinin ekstruusiolinjat (500-5500 tonnia)<\/h3>\n<p><img decoding=\"async\" src=\"\/wp-content\/uploads\/factory-05.webp\"\/><\/p>\n<p><img decoding=\"async\" src=\"\/wp-content\/uploads\/factory-06.webp\"\/><\/p>\n<p><img decoding=\"async\" src=\"\/wp-content\/uploads\/factory-07.webp\"\/><\/p>\n<h3>Jauhemaalaus ty\u00f6paja<\/h3>\n<p><img decoding=\"async\" src=\"\/wp-content\/uploads\/factory-09.webp\"\/><\/p>\n<h3>Anodisointi ty\u00f6paja<\/h3>\n<p><img decoding=\"async\" src=\"\/wp-content\/uploads\/factory-10.webp\"\/><\/p>\n<h3>Syv\u00e4k\u00e4sittelyn ty\u00f6paja<\/h3>\n<p><img decoding=\"async\" src=\"\/wp-content\/uploads\/factory-11.webp\"\/><\/p>\n<h3>CNC-tarkkuuskoneistus ty\u00f6paja<\/h3>\n<p><img decoding=\"async\" src=\"\/wp-content\/uploads\/factory-11.5.webp\"\/><\/p>\n<h3>Valmiiden tuotteiden ja vientivarasto<\/h3>\n<p><img decoding=\"async\" src=\"\/wp-content\/uploads\/factory-12.webp\"\/><\/p>\n<p><img decoding=\"async\" src=\"\/wp-content\/uploads\/factory-13.webp\"\/><\/p>\n<p><img decoding=\"async\" src=\"\/wp-content\/uploads\/factory-14.webp\"\/><\/p>\n<h2>FAQ<\/h2>\n<p><p><b>1.Mik\u00e4 tekee teollisuuden alumiini suulakepuristeet ihanteellinen teollisiin sovelluksiin?<\/b><\/p>\n<p>Teollisuusalumiiniprofiilit tarjoavat suuren lujuuden, r\u00e4\u00e4t\u00e4l\u00f6intimahdollisuudet ja korroosionkest\u00e4vyyden, joten ne soveltuvat erinomaisesti monenlaisiin teollisiin sovelluksiin.<br \/>\n<\/p><br \/>\n<br \/>\n<p><b>2.Can teollisuuden alumiini suulakepuristukset voidaan r\u00e4\u00e4t\u00e4l\u00f6id\u00e4 erityistarpeisiin?<\/b><\/p>\n<p>Kyll\u00e4, teolliset alumiiniprofiilit ovat eritt\u00e4in muokattavissa profiilien muotojen, kokojen ja viimeistelyjen osalta, jotta ne vastaavat eri hankkeiden ainutlaatuisia vaatimuksia.<br \/>\n<\/p><br \/>\n<br \/>\n<p><b>3.How teolliset alumiiniprofiilit edist\u00e4v\u00e4t painon v\u00e4hent\u00e4mist\u00e4?<\/b><\/p>\n<p>Teollisuusalumiiniprofiilit on suunniteltu suurella lujuus-painosuhteella, mik\u00e4 mahdollistaa rakenteellisen eheyden ilman raskaita materiaaleja.<br \/>\n<\/p><br \/>\n<br \/>\n<p><b>4.Are teollisuuden alumiini ekstruusiot korroosionkest\u00e4v\u00e4?<\/b><\/p>\n<p>Kyll\u00e4, teollisuusalumiiniprofiilit on valmistettu alumiinista, joka on luonnostaan korroosionkest\u00e4v\u00e4 materiaali, joka takaa pitk\u00e4aikaisen suorituskyvyn vaativissa ymp\u00e4rist\u00f6iss\u00e4.<br \/>\n<\/p><br \/>\n<br \/>\n<p><b>5.Mitk\u00e4 teollisuudenalat voivat hy\u00f6ty\u00e4 teollisuuden alumiinipuristekappaleista?<\/b><\/p>\n<p>Teollisuusalojen, kuten autoteollisuuden, rakentamisen, ilmailu- ja avaruusteollisuuden sek\u00e4 valmistusteollisuuden toimialat hy\u00f6tyv\u00e4t teollisuusalumiiniprofiilien monipuolisuudesta, lujuudesta ja sopeutumiskyvyst\u00e4.<br \/>\n<\/p><br \/>\n<br \/>\n<p><b>6.Kuinka tehokas on teollisuusalumiiniprofiilin valmistusprosessi?<\/b><\/p>\n<p>Teollisuusalumiiniprofiilien valmistusprosessi on tehokas, mik\u00e4 mahdollistaa nopean tuotannon ja kustannustehokkaat ratkaisut suuriin projekteihin.<br \/>\n<\/p><br \/>\n<br \/>\n<p><b>7.Are teollisuuden alumiini ekstruusiot ymp\u00e4rist\u00f6yst\u00e4v\u00e4llisi\u00e4?<\/b><\/p>\n<p>Kyll\u00e4, teolliset alumiiniprofiilit ovat t\u00e4ysin kierr\u00e4tett\u00e4vi\u00e4, mik\u00e4 tukee kest\u00e4vyytt\u00e4 ja v\u00e4hent\u00e4\u00e4 ymp\u00e4rist\u00f6vaikutuksia.<br \/>\n<\/p><br \/>\n<br \/>\n<p><b>8.What ovat l\u00e4mp\u00f6- ja s\u00e4hk\u00f6njohtavuus edut Industrial alumiini ekstruusiot?<\/b><\/p>\n<p>Teollisuusalumiiniprofiilit tarjoavat erinomaisen l\u00e4mm\u00f6n- ja s\u00e4hk\u00f6njohtavuuden, joten ne soveltuvat erinomaisesti esimerkiksi j\u00e4\u00e4hdytyslevyihin ja s\u00e4hk\u00f6komponentteihin.<br \/>\n<\/p><br \/><\/p>","protected":false},"featured_media":8403,"template":"","categories":[54],"class_list":["post-8404","product","type-product","status-publish","has-post-thumbnail","hentry","category-industrial-aluminum-profiles"],"meta_box":{"hilight_text_group":{"product_hilight_text":"<li>Highly customizable profiles to meet specific industry requirements and applications.<\/li>\r\r\n<li>Superior strength-to-weight ratio, providing structural integrity without added weight.<\/li>\r\r\n<li>Corrosion-resistant, ensuring long-term durability and performance in harsh environments.<\/li>\r\r\n<li>Efficient manufacturing process, reducing lead times and costs for large-scale projects.<\/li>\r\r\n<li>Excellent thermal and electrical conductivity, making it ideal for various industrial applications.<\/li>\r\r\n<li>Recyclable, making Industrial Aluminum Extrusions an eco-friendly and sustainable choice.<\/li>\r\r\n<li>Versatile and adaptable to a wide range of industries, including automotive, construction, and aerospace.<\/li>","product_chanpin_blog":"<ul>\r\r\n<li><a href=\"https:\/\/sinoextrud.com\/t-slot-v-slot-differences\/\" target=\"_blank\">t slot vs v slot<\/a><\/li>\r\r\n<li><a href=\"https:\/\/sinoextrud.com\/what-is-4040-aluminium-extrud\/\" target=\"_blank\">4040 aluminium extrusion<\/a><\/li>\r\r\n<li><a href=\"https:\/\/sinoextrud.com\/what-is-4040-aluminium-extrud\/\" target=\"_blank\">aluminum extrusions for industrial racks<\/a><\/li>\r\r\n<li><a href=\"https:\/\/sinoextrud.com\/powder-coating-aluminium-process\/\" target=\"_blank\">powder coating aluminium<\/a><\/li>\r\r\n<li><a href=\"https:\/\/sinoextrud.com\/what-is-an-aluminium-strip-ceiling\/\" target=\"_blank\">aluminium strip ceiling<\/a><\/li>\r\r\n<li><a href=\"https:\/\/sinoextrud.com\/what-is-a-heat-sink\/\" target=\"_blank\">what is a heat sink<\/a><\/li>\r\r\n<\/ul>","product_chanpin_chanpin":"<li><a href=\"https:\/\/sinoextrud.com\/product\/aluminum-frame-extrusion-profiles\/\" target=\"_blank\">Aluminum Frame Extrusion Profiles<\/a><\/li>\r\n<li><a href=\"https:\/\/sinoextrud.com\/product\/aluminum-t-slot-channel\/\" target=\"_blank\">Aluminum T Slot Channel<\/a><\/li>\r\n<li><a href=\"https:\/\/sinoextrud.com\/product\/c-beam-aluminum-extrusion\/\" target=\"_blank\">C Beam Aluminum Extrusion<\/a><\/li>\r\n<li><a href=\"https:\/\/sinoextrud.com\/product\/extruded-aluminum-t-slot-channel\/\" target=\"_blank\">Extruded Aluminum T Slot Channel<\/a><\/li>\r\n<li><a href=\"https:\/\/sinoextrud.com\/product\/industrial-aluminum-extrusion\/\" target=\"_blank\">Industrial Aluminum Extrusion<\/a><\/li>\r\n<li><a href=\"https:\/\/sinoextrud.com\/product\/round-extruded-aluminum\/\" target=\"_blank\">Round Extruded Aluminum<\/a><\/li>\r\n<li><a href=\"https:\/\/sinoextrud.com\/product\/aluminium-lightbox-extrusion\/\" target=\"_blank\">Aluminium Lightbox Extrusion<\/a><\/li>\r\n<li><a href=\"https:\/\/sinoextrud.com\/product\/extruded-aluminum-t-track\/\" target=\"_blank\">Extruded Aluminum T Track<\/a><\/li>\r\n<li><a href=\"https:\/\/sinoextrud.com\/product\/modular-aluminum-profiles-machine-hand-robot-hand-manipulator\/\" target=\"_blank\">Modular Aluminum Profiles Machine Hand Robot Hand Manipulator<\/a><\/li>\r\n<li><a href=\"https:\/\/sinoextrud.com\/product\/sliding-door-aluminium-profile-bronze-colour\/\" target=\"_blank\">Sliding Door Aluminium Profile Bronze Colour<\/a><\/li>\r\n<li><a href=\"https:\/\/sinoextrud.com\/product\/6063-6061aluminum-extrusions-for-door-frames\/\" target=\"_blank\">6063 6061Aluminum Extrusions For Door Frames<\/a><\/li>"},"feature_list":[]},"_links":{"self":[{"href":"https:\/\/sinoextrud.com\/fi\/wp-json\/wp\/v2\/product\/8404","targetHints":{"allow":["GET"]}}],"collection":[{"href":"https:\/\/sinoextrud.com\/fi\/wp-json\/wp\/v2\/product"}],"about":[{"href":"https:\/\/sinoextrud.com\/fi\/wp-json\/wp\/v2\/types\/product"}],"wp:featuredmedia":[{"embeddable":true,"href":"https:\/\/sinoextrud.com\/fi\/wp-json\/wp\/v2\/media\/8403"}],"wp:attachment":[{"href":"https:\/\/sinoextrud.com\/fi\/wp-json\/wp\/v2\/media?parent=8404"}],"wp:term":[{"taxonomy":"category","embeddable":true,"href":"https:\/\/sinoextrud.com\/fi\/wp-json\/wp\/v2\/categories?post=8404"}],"curies":[{"name":"wp","href":"https:\/\/api.w.org\/{rel}","templated":true}]}}