{"id":8398,"date":"2025-06-16T01:52:26","date_gmt":"2025-06-16T01:52:26","guid":{"rendered":"https:\/\/sinoextrud.com\/product\/aluminum-t-slot-channel\/"},"modified":"2025-06-24T06:23:43","modified_gmt":"2025-06-24T06:23:43","slug":"alumiini-t-aukko-kanava","status":"publish","type":"product","link":"https:\/\/sinoextrud.com\/fi\/product\/aluminum-t-slot-channel\/","title":{"rendered":"Alumiini T Slot kanava"},"content":{"rendered":"<h2>Tuotteiden tiedot<\/h2>\n<table class=\"custom-table\">\n<tbody>\n<tr>\n<td> Tuotteen nimi<\/td>\n<td> Alumiini T Slot kanava<\/td>\n<\/tr>\n<tr>\n<td> Materiaaliluokka<\/td>\n<td> 6000-sarja<\/td>\n<\/tr>\n<tr>\n<td> Temper<\/td>\n<td> T3-T8<\/td>\n<\/tr>\n<tr>\n<td> Muoto<\/td>\n<td> T-aukko<\/td>\n<\/tr>\n<tr>\n<td> Paksuus<\/td>\n<td> 0.7mm-10mm, tai muu mukautettu paksuus<\/td>\n<\/tr>\n<tr>\n<td> Olemassa olevat sarjat<\/td>\n<td> 1515 15180 2020 20120 4040 4080 80160 9090 jne.<\/td>\n<\/tr>\n<tr>\n<td> V\u00e4ri<\/td>\n<td> R\u00e4\u00e4t\u00e4l\u00f6ityn\u00e4<\/td>\n<\/tr>\n<tr>\n<td> Pituus<\/td>\n<td> Vakiopituus 1-9M, erikoispituus neuvoteltavissa<\/td>\n<\/tr>\n<tr>\n<td> Hakemukset<\/td>\n<td> Teollisuus, tuotantolinja jne.<\/td>\n<\/tr>\n<tr>\n<td> Tavaramerkki<\/td>\n<td> Sinoextrud tai OEM<\/td>\n<\/tr>\n<tr>\n<td> Syv\u00e4 prosessi<\/td>\n<td> Tukee CNC-jyrsint\u00e4\u00e4, l\u00e4vistyst\u00e4, porausta, napauttamista, taivuttamista<\/td>\n<\/tr>\n<tr>\n<td> MOQ<\/td>\n<td> 200Kg riippuu eri pinta-alasta valmiiksi<\/td>\n<\/tr>\n<tr>\n<td> Pinta viimeistelty<\/td>\n<td> Myllyvalmis, Wood Grain, anodisoitu, jauhemaalaus, elektroforeesi, PVDF-pinnoite, harjattu jne.<\/td>\n<\/tr>\n<tr>\n<td> Sertifikaatit<\/td>\n<td> ISO9001, ISO4001, CQM, SGS, CE, BV jne.<\/td>\n<\/tr>\n<tr>\n<td> Alkuper\u00e4paikka<\/td>\n<td> Guangdong,Kiina<\/td>\n<\/tr>\n<tr>\n<td> L\u00e4pimenoaika<\/td>\n<td> 1.Die avoin ja n\u00e4ytteenotto noin 12 p\u00e4iv\u00e4n kuluttua. 2.Massatuotanto noin 25 p\u00e4iv\u00e4\u00e4.<\/td>\n<\/tr>\n<tr>\n<td> Toimitusehdot<\/td>\n<td> EXW tai FOB Foshan\/Guangzhou\/Shenzhen<\/td>\n<\/tr>\n<tr>\n<td> Terms Of<br \/>\nMaksu<\/td>\n<td> Alipay, LC tai TT 30% etuk\u00e4teen, 70% saldo ennen l\u00e4hetyst\u00e4<\/td>\n<\/tr>\n<tr>\n<td> Pakkaus<\/td>\n<td> 1.Inside: pakattu muoviseen suojakalvoon tai polybagiin. 2.Outside: pakattu vedenpit\u00e4v\u00e4\u00e4n voimapaperiin jokaiselle nipulle. 3.Other pakkausmenetelm\u00e4 sopimuksen mukaan.<\/td>\n<\/tr>\n<\/tbody>\n<\/table>\n<h2>Tuotantopohjamme<\/h2>\n<h3>Tehtaan panoraama<\/h3>\n<p><img decoding=\"async\" src=\"\/wp-content\/uploads\/factory-01.webp\"\/><\/p>\n<h3>Alumiini Bar Manufacturing Workshop<\/h3>\n<p><img decoding=\"async\" src=\"\/wp-content\/uploads\/factory-02.webp\"\/><\/p>\n<\/p>\n<p><img decoding=\"async\" src=\"\/wp-content\/uploads\/factory-03.webp\"\/><\/p>\n<h3>Muotin varastointi Varasto<\/h3>\n<p><img decoding=\"async\" src=\"\/wp-content\/uploads\/factory-04.webp\"\/><\/p>\n<h3>43 Alumiini ekstruusiolinjat (500\u00e2 5500 tonnia)<\/h3>\n<p><img decoding=\"async\" src=\"\/wp-content\/uploads\/factory-05.webp\"\/><\/p>\n<p><img decoding=\"async\" src=\"\/wp-content\/uploads\/factory-06.webp\"\/><\/p>\n<p><img decoding=\"async\" src=\"\/wp-content\/uploads\/factory-07.webp\"\/><\/p>\n<h3>Jauhemaalaus ty\u00f6paja<\/h3>\n<p><img decoding=\"async\" src=\"\/wp-content\/uploads\/factory-09.webp\"\/><\/p>\n<h3>Anodisointi ty\u00f6paja<\/h3>\n<p><img decoding=\"async\" src=\"\/wp-content\/uploads\/factory-10.webp\"\/><\/p>\n<h3>Syv\u00e4k\u00e4sittelyn ty\u00f6paja<\/h3>\n<p><img decoding=\"async\" src=\"\/wp-content\/uploads\/factory-11.webp\"\/><\/p>\n<h3>CNC-tarkkuuskoneistus ty\u00f6paja<\/h3>\n<p><img decoding=\"async\" src=\"\/wp-content\/uploads\/factory-11.5.webp\"\/><\/p>\n<h3>Valmiiden tuotteiden ja vientivarasto<\/h3>\n<p><img decoding=\"async\" src=\"\/wp-content\/uploads\/factory-12.webp\"\/><\/p>\n<p><img decoding=\"async\" src=\"\/wp-content\/uploads\/factory-13.webp\"\/><\/p>\n<p><img decoding=\"async\" src=\"\/wp-content\/uploads\/factory-14.webp\"\/><\/p>\n<h2>FAQ<\/h2>\n<p><b>1.What on alumiini T Slot Channel k\u00e4ytet\u00e4\u00e4n?<\/b><\/p>\n<p>Alumiini T Slot Channel k\u00e4ytet\u00e4\u00e4n rakentamiseen muokattavissa kehykset, tuet, ja rakenteet teollisuuden, autoteollisuuden, ja DIY hankkeita, jotka tarjoavat voimaa ja joustavuutta.\n<\/p>\n<p><\/p>\n<p><b>2.Miksi T-urainen muotoilu on edullinen alumiinikanavissa?<\/b><\/p>\n<p>T-urarakenne mahdollistaa rakenteiden helpon yhdist\u00e4misen, muuttamisen ja laajentamisen, mik\u00e4 lis\u00e4\u00e4 joustavuutta modulaaristen ja skaalautuvien j\u00e4rjestelmien luomisessa.\n<\/p>\n<p><\/p>\n<p><b>3.Is alumiini T Slot Channel kest\u00e4\u00e4 korroosiota?<\/b><\/p>\n<p>Kyll\u00e4, T-aukkokanavissa k\u00e4ytetty alumiinimateriaali on korroosionkest\u00e4v\u00e4\u00e4, mik\u00e4 takaa pitk\u00e4aikaisen kest\u00e4vyyden ja s\u00e4ilytt\u00e4\u00e4 suorituskyvyn erilaisissa ymp\u00e4rist\u00f6olosuhteissa.\n<\/p>\n<p><\/p>\n<p><b>4.Miten alumiini T Slot Channel parantaa projektin tehokkuutta?<\/b><\/p>\n<p>Helppok\u00e4ytt\u00f6inen T-urarakenne yksinkertaistaa kokoonpanoa ja muokkausta, lyhent\u00e4\u00e4 asennusaikaa ja nopeuttaa projektien valmistumista.\n<\/p>\n<p><\/p>\n<p><b>5.Can alumiini T Slot Channel voidaan r\u00e4\u00e4t\u00e4l\u00f6id\u00e4 eri sovelluksiin?<\/b><\/p>\n<p>Kyll\u00e4, alumiini T Slot Channel on eritt\u00e4in muokattavissa pituuden, profiilin ja lis\u00e4varusteiden suhteen, joten se voidaan r\u00e4\u00e4t\u00e4l\u00f6id\u00e4 tiettyihin projektin vaatimuksiin.\n<\/p>\n<p><\/p>\n<p><b>6.What toimialat hy\u00f6tyv\u00e4t k\u00e4ytt\u00e4m\u00e4ll\u00e4 alumiini T Slot Channel?<\/b><\/p>\n<p>Alumiini T Slot Channel k\u00e4ytet\u00e4\u00e4n yleisesti teollisuudenaloilla, kuten valmistus, automaatio, robotiikka ja rakentaminen, koska sen monipuolisuus ja vahvuus luoda r\u00e4\u00e4t\u00e4l\u00f6it\u00e4viss\u00e4 puitteet.\n<\/p>\n<p><\/p>\n<p><b>7.How kauan alumiini T Slot Channel kest\u00e4\u00e4?<\/b><\/p>\n<p>Alumiininen T-aukkokanava on suunniteltu kest\u00e4v\u00e4ksi ja pitk\u00e4ik\u00e4iseksi, ja se tarjoaa erinomaisen kulutuksen- ja korroosionkest\u00e4vyyden vaativissa ymp\u00e4rist\u00f6iss\u00e4 tapahtuvaan pitk\u00e4aikaiseen k\u00e4ytt\u00f6\u00f6n.\n<\/p>\n<p><\/p>","protected":false},"featured_media":8397,"template":"","categories":[54],"class_list":["post-8398","product","type-product","status-publish","has-post-thumbnail","hentry","category-industrial-aluminum-profiles"],"meta_box":{"hilight_text_group":{"product_hilight_text":"<li>Aluminum T Slot Channel offers a versatile framing solution for creating customizable structures and assemblies.<\/li>\r\r\n<li>Corrosion-resistant aluminum ensures long-lasting durability and reliable performance in various environments.<\/li>\r\r\n<li>The T-slot design allows for easy integration with other profiles, making it ideal for modular constructions.<\/li>\r\r\n<li>Lightweight yet strong, offering a high strength-to-weight ratio for efficient and robust designs.<\/li>\r\r\n<li>Quick and easy assembly process, reducing installation time and overall project costs.<\/li>","product_chanpin_blog":"<ul>\r\r\n<li><a href=\"https:\/\/sinoextrud.com\/t-slot-v-slot-differences\/\" target=\"_blank\">t slot vs v slot<\/a><\/li>\r\r\n<li><a href=\"https:\/\/sinoextrud.com\/what-is-4040-aluminium-extrud\/\" target=\"_blank\">4040 aluminium extrusion<\/a><\/li>\r\r\n<li><a href=\"https:\/\/sinoextrud.com\/what-is-4040-aluminium-extrud\/\" target=\"_blank\">aluminum extrusions for industrial racks<\/a><\/li>\r\r\n<li><a href=\"https:\/\/sinoextrud.com\/powder-coating-aluminium-process\/\" target=\"_blank\">powder coating aluminium<\/a><\/li>\r\r\n<li><a href=\"https:\/\/sinoextrud.com\/what-is-an-aluminium-strip-ceiling\/\" target=\"_blank\">aluminium strip ceiling<\/a><\/li>\r\r\n<li><a href=\"https:\/\/sinoextrud.com\/what-is-a-heat-sink\/\" target=\"_blank\">what is a heat sink<\/a><\/li>\r\r\n<\/ul>","product_chanpin_chanpin":"<li><a href=\"https:\/\/sinoextrud.com\/product\/t-slot-aluminium-profile\/\" target=\"_blank\">T Slot Aluminium Profile<\/a><\/li>\r\n<li><a href=\"https:\/\/sinoextrud.com\/product\/aluminum-boat-extrusions-6082\/\" target=\"_blank\">Aluminum Boat Extrusions 6082<\/a><\/li>\r\n<li><a href=\"https:\/\/sinoextrud.com\/product\/aluminum-car-pedal-anodized-silver\/\" target=\"_blank\">Aluminum Car Pedal Anodized Silver<\/a><\/li>\r\n<li><a href=\"https:\/\/sinoextrud.com\/product\/aluminum-frame-extrusion-profiles\/\" target=\"_blank\">Aluminum Frame Extrusion Profiles<\/a><\/li>\r\n<li><a href=\"https:\/\/sinoextrud.com\/product\/aluminum-t-slot-channel\/\" target=\"_blank\">Aluminum T Slot Channel<\/a><\/li>\r\n<li><a href=\"https:\/\/sinoextrud.com\/product\/c-beam-aluminum-extrusion\/\" target=\"_blank\">C Beam Aluminum Extrusion<\/a><\/li>\r\n<li><a href=\"https:\/\/sinoextrud.com\/product\/extruded-aluminum-t-slot-channel\/\" target=\"_blank\">Extruded Aluminum T Slot Channel<\/a><\/li>\r\n<li><a href=\"https:\/\/sinoextrud.com\/product\/industrial-aluminum-extrusion\/\" target=\"_blank\">Industrial Aluminum Extrusion<\/a><\/li>\r\n<li><a href=\"https:\/\/sinoextrud.com\/product\/round-extruded-aluminum\/\" target=\"_blank\">Round Extruded Aluminum<\/a><\/li>\r\n<li><a href=\"https:\/\/sinoextrud.com\/product\/aluminum-profile-solar-panel-structure\/\" target=\"_blank\">Aluminum Profile Solar Panel Structure<\/a><\/li>\r\n<li><a href=\"https:\/\/sinoextrud.com\/product\/shaped-tile-ceiling-system\/\" target=\"_blank\">Shaped Tile Ceiling System<\/a><\/li>"},"feature_list":[]},"_links":{"self":[{"href":"https:\/\/sinoextrud.com\/fi\/wp-json\/wp\/v2\/product\/8398","targetHints":{"allow":["GET"]}}],"collection":[{"href":"https:\/\/sinoextrud.com\/fi\/wp-json\/wp\/v2\/product"}],"about":[{"href":"https:\/\/sinoextrud.com\/fi\/wp-json\/wp\/v2\/types\/product"}],"wp:featuredmedia":[{"embeddable":true,"href":"https:\/\/sinoextrud.com\/fi\/wp-json\/wp\/v2\/media\/8397"}],"wp:attachment":[{"href":"https:\/\/sinoextrud.com\/fi\/wp-json\/wp\/v2\/media?parent=8398"}],"wp:term":[{"taxonomy":"category","embeddable":true,"href":"https:\/\/sinoextrud.com\/fi\/wp-json\/wp\/v2\/categories?post=8398"}],"curies":[{"name":"wp","href":"https:\/\/api.w.org\/{rel}","templated":true}]}}