{"id":8392,"date":"2025-06-16T01:46:29","date_gmt":"2025-06-16T01:46:29","guid":{"rendered":"https:\/\/sinoextrud.com\/product\/aluminum-boat-extrusions-6082\/"},"modified":"2025-06-24T06:23:41","modified_gmt":"2025-06-24T06:23:41","slug":"alumiiniveneen-profiilit-6082","status":"publish","type":"product","link":"https:\/\/sinoextrud.com\/fi\/product\/aluminum-boat-extrusions-6082\/","title":{"rendered":"Alumiiniset venepuristeet 6082"},"content":{"rendered":"<h2>Tuotteiden tiedot<\/h2>\n<table class=\"custom-table\">\n<tbody>\n<tr>\n<td> Malli NO.<\/td>\n<td> 6000sarjaAlumiiniset venepuristeet 6082<\/td>\n<td> Pinnan viimeistely<\/td>\n<td> Jauheen ruiskutus<\/td>\n<\/tr>\n<tr>\n<td> Seostava ainesosa<\/td>\n<td> 6063<\/td>\n<td> Sertifiointi<\/td>\n<td> CE, SONCAP, ISO, CIQ, RoHS, TUV, TUV<\/td>\n<\/tr>\n<tr>\n<td> Kiillotettu alumiiniprofiili<\/td>\n<td> Mekaaninen kiillotus<\/td>\n<td> Materiaali<\/td>\n<td> 6063-T5, 6061-T6, 6463-T5, 7075-T6, 6082<\/td>\n<\/tr>\n<tr>\n<td> K\u00e4ytt\u00f6tarkoitus<\/td>\n<td> Huonekalut, Ikkunat ja ovet, Koristeet, Teollisuus<\/td>\n<td> MOQ<\/td>\n<td> 200KG kullekin profiilille<\/td>\n<\/tr>\n<tr>\n<td> OEM-palvelu<\/td>\n<td> Perustuu asiakkaan suunnittelemiin piirustuksiin tai n\u00e4ytteisiin<\/td>\n<td> Pintak\u00e4sittely<\/td>\n<td> Anodisoitu \/ elektroforeesi \/ jauhemaalaus jne.<\/td>\n<\/tr>\n<tr>\n<td> Syv\u00e4prosessointi<\/td>\n<td> Rei'itys, poraus, kierteitys, taivutus<\/td>\n<td> Toimitusaika<\/td>\n<td> 25-30 p\u00e4iv\u00e4\u00e4 sen j\u00e4lkeen, kun ostajat ovat vahvistaneet n\u00e4ytteen<\/td>\n<\/tr>\n<tr>\n<td> Maksuehto<\/td>\n<td> Loppumaksun on perustuttava lopulliseen todelliseen fysiikkaan.<\/td>\n<td> Tuotantotakuu<\/td>\n<td> Pintav\u00e4ri pystyy yll\u00e4pit\u00e4m\u00e4\u00e4n 10 ~ 20 vuoden ajan<\/td>\n<\/tr>\n<tr>\n<td> Satama<\/td>\n<td> Fob Shenzhen, Guangzhou, Foshan<\/td>\n<td> Tavaramerkki<\/td>\n<td> Sinoextrud &amp; Sinoextrud<\/td>\n<\/tr>\n<tr>\n<td> Kuljetuspaketti<\/td>\n<td> Normaali tai r\u00e4\u00e4t\u00e4l\u00f6ity<\/td>\n<td> Tekniset tiedot<\/td>\n<td> Asiakkaiden vaatimuksen mukaan<\/td>\n<\/tr>\n<tr>\n<td> Alkuper\u00e4<\/td>\n<td> Manner-Kiina<\/td>\n<td> HS-koodi<\/td>\n<td> 76042100<\/td>\n<\/tr>\n<\/tbody>\n<\/table>\n<h2>Tuotantopohjamme<\/h2>\n<h3>Tehtaan panoraama<\/h3>\n<p><img decoding=\"async\" src=\"\/wp-content\/uploads\/factory-01.webp\"\/><\/p>\n<h3>Alumiini Bar Manufacturing Workshop<\/h3>\n<p><img decoding=\"async\" src=\"\/wp-content\/uploads\/factory-02.webp\"\/><\/p>\n<p><img decoding=\"async\" src=\"\/wp-content\/uploads\/factory-03.webp\"\/><\/p>\n<h3>Muotin varastointi Varasto<\/h3>\n<p><img decoding=\"async\" src=\"\/wp-content\/uploads\/factory-04.webp\"\/><\/p>\n<h3>43 Alumiini ekstruusiolinjat (500\u00e2 5500 tonnia)<\/h3>\n<p><img decoding=\"async\" src=\"\/wp-content\/uploads\/factory-05.webp\"\/><\/p>\n<p><img decoding=\"async\" src=\"\/wp-content\/uploads\/factory-06.webp\"\/><\/p>\n<p><img decoding=\"async\" src=\"\/wp-content\/uploads\/factory-07.webp\"\/><\/p>\n<h3>Jauhemaalaus ty\u00f6paja<\/h3>\n<p><img decoding=\"async\" src=\"\/wp-content\/uploads\/factory-09.webp\"\/><\/p>\n<h3>Anodisointi ty\u00f6paja<\/h3>\n<p><img decoding=\"async\" src=\"\/wp-content\/uploads\/factory-10.webp\"\/><\/p>\n<h3>Syv\u00e4k\u00e4sittelyn ty\u00f6paja<\/h3>\n<p><img decoding=\"async\" src=\"\/wp-content\/uploads\/factory-11.webp\"\/><\/p>\n<h3>CNC-tarkkuuskoneistus ty\u00f6paja<\/h3>\n<p><img decoding=\"async\" src=\"\/wp-content\/uploads\/factory-11.5.webp\"\/><\/p>\n<h3>Valmiiden tuotteiden ja vientivarasto<\/h3>\n<p><img decoding=\"async\" src=\"\/wp-content\/uploads\/factory-12.webp\"\/><\/p>\n<p><img decoding=\"async\" src=\"\/wp-content\/uploads\/factory-13.webp\"\/><\/p>\n<p><img decoding=\"async\" src=\"\/wp-content\/uploads\/factory-14.webp\"\/><\/p>\n<h2>FAQ<\/h2>\n<p><p><b>1.What ovat alumiiniveneen 6082-puristeita k\u00e4ytet\u00e4\u00e4n? <\/b><\/p>\n<p> Alumiinisia veneprofiileja 6082 k\u00e4ytet\u00e4\u00e4n laivanrakennuksessa kehyst\u00e4miseen, rakenteiden vahvistamiseen ja osien tukemiseen niiden lujuuden ja korroosionkest\u00e4vyyden ansiosta.<br \/>\n<\/p><br \/>\n<br \/>\n<p><b>2.Miksi 6082-alumiini soveltuu merisovelluksiin? <\/b><\/p>\n<p> 6082-alumiini kest\u00e4\u00e4 erinomaisesti korroosiota suolaisessa vedess\u00e4, sill\u00e4 on korkea mekaaninen lujuus ja hyv\u00e4 hitsattavuus, mik\u00e4 tekee siit\u00e4 ihanteellisen veneenrakennukseen.<br \/>\n<\/p><br \/>\n<br \/>\n<p><b>3.Can 6082 alumiiniprofiilit voidaan r\u00e4\u00e4t\u00e4l\u00f6id\u00e4? <\/b><\/p>\n<p> Kyll\u00e4, tarjoamme r\u00e4\u00e4t\u00e4l\u00f6ityj\u00e4 muotoja, pituuksia ja viimeistelyj\u00e4, jotka t\u00e4ytt\u00e4v\u00e4t merenkulkuhankkeiden erityiset suunnittelu- ja rakenteelliset vaatimukset.<br \/>\n<\/p><br \/>\n<br \/>\n<p><b>4.Onko 6082-alumiini helppo hitsata veneen kokoonpanoa varten? <\/b><\/p>\n<p> Ehdottomasti 6082-alumiinilla on erinomainen hitsattavuus, mik\u00e4 yksinkertaistaa valmistusta ja korjausta veneenvalmistuksessa.<br \/>\n<\/p><br \/>\n<br \/>\n<p><b>5.Miten 6082-alumiinin k\u00e4ytt\u00f6 hy\u00f6dytt\u00e4\u00e4 veneen suorituskyky\u00e4? <\/b><\/p>\n<p> 6082-alumiinin keveys v\u00e4hent\u00e4\u00e4 veneen painoa, parantaa nopeutta ja polttoainetehokkuutta sek\u00e4 parantaa k\u00e4sitelt\u00e4vyytt\u00e4.<br \/>\n<\/p><br \/>\n<br \/>\n<p><b>6.Ovatko alumiiniprofiilit 6082 kest\u00e4v\u00e4t merivett\u00e4? <\/b><\/p>\n<p> Kyll\u00e4, 6082-alumiini kest\u00e4\u00e4 hyvin korroosiota meriymp\u00e4rist\u00f6iss\u00e4, mukaan lukien pitk\u00e4aikainen altistuminen suolavedelle.<br \/>\n<\/p><br \/>\n<br \/>\n<p><b>7.Millaisia veneen osia voidaan valmistaa 6082-profiilista? <\/b><\/p>\n<p> Yleisi\u00e4 k\u00e4ytt\u00f6kohteita ovat rungon rungot, kannen kannattimet, kaiteet, kiinnikkeet ja verhoiluosat sek\u00e4 kaupallisissa veneiss\u00e4 ett\u00e4 huviveneiss\u00e4.<br \/>\n<\/p><br \/><\/p>","protected":false},"featured_media":8391,"template":"","categories":[54],"class_list":["post-8392","product","type-product","status-publish","has-post-thumbnail","hentry","category-industrial-aluminum-profiles"],"meta_box":{"hilight_text_group":{"product_hilight_text":"<li>Made from 6082 aluminum alloy for high strength and excellent corrosion resistance.<\/li>\r\r\n<li>Ideal for marine environments due to its seawater-resistant properties.<\/li>\r\r\n<li>Lightweight material reduces overall boat weight and improves fuel efficiency.<\/li>\r\r\n<li>Excellent weldability for easy boat assembly and repairs.<\/li>\r\r\n<li>Available in various extruded shapes for structural and decorative marine use.<\/li>\r\r\n<li>Precision extrusion ensures consistent dimensions and easy fabrication.<\/li>\r\r\n<li>Long service life with minimal maintenance in harsh saltwater conditions.<\/li>","product_chanpin_blog":"<ul>\r\r\n<li><a href=\"https:\/\/sinoextrud.com\/t-slot-v-slot-differences\/\" target=\"_blank\">t slot vs v slot<\/a><\/li>\r\r\n<li><a href=\"https:\/\/sinoextrud.com\/what-is-4040-aluminium-extrud\/\" target=\"_blank\">4040 aluminium extrusion<\/a><\/li>\r\r\n<li><a href=\"https:\/\/sinoextrud.com\/what-is-4040-aluminium-extrud\/\" target=\"_blank\">aluminum extrusions for industrial racks<\/a><\/li>\r\r\n<li><a href=\"https:\/\/sinoextrud.com\/powder-coating-aluminium-process\/\" target=\"_blank\">powder coating aluminium<\/a><\/li>\r\r\n<li><a href=\"https:\/\/sinoextrud.com\/what-is-an-aluminium-strip-ceiling\/\" target=\"_blank\">aluminium strip ceiling<\/a><\/li>\r\r\n<li><a href=\"https:\/\/sinoextrud.com\/what-is-a-heat-sink\/\" target=\"_blank\">what is a heat sink<\/a><\/li>\r\r\n<\/ul>","product_chanpin_chanpin":"<li><a href=\"https:\/\/sinoextrud.com\/product\/stock-aluminum-extrusion-profiles\/\" target=\"_blank\">Stock Aluminum Extrusion Profiles<\/a><\/li>\r\n<li><a href=\"https:\/\/sinoextrud.com\/product\/the-hinges-of-aluminium-clean-room\/\" target=\"_blank\">The Hinges Of Aluminium Clean Room<\/a><\/li>\r\n<li><a href=\"https:\/\/sinoextrud.com\/product\/special-aluminium-profiles-heat-sink-aluminum\/\" target=\"_blank\">Special Aluminium Profiles Heat Sink Aluminum<\/a><\/li>\r\n<li><a href=\"https:\/\/sinoextrud.com\/product\/t-slot-aluminium-profile\/\" target=\"_blank\">T Slot Aluminium Profile<\/a><\/li>\r\n<li><a href=\"https:\/\/sinoextrud.com\/product\/aluminum-boat-extrusions-6082\/\" target=\"_blank\">Aluminum Boat Extrusions 6082<\/a><\/li>\r\n<li><a href=\"https:\/\/sinoextrud.com\/product\/aluminum-car-pedal-anodized-silver\/\" target=\"_blank\">Aluminum Car Pedal Anodized Silver<\/a><\/li>\r\n<li><a href=\"https:\/\/sinoextrud.com\/product\/aluminum-frame-extrusion-profiles\/\" target=\"_blank\">Aluminum Frame Extrusion Profiles<\/a><\/li>\r\n<li><a href=\"https:\/\/sinoextrud.com\/product\/aluminum-t-slot-channel\/\" target=\"_blank\">Aluminum T Slot Channel<\/a><\/li>\r\n<li><a href=\"https:\/\/sinoextrud.com\/product\/c-beam-aluminum-extrusion\/\" target=\"_blank\">C Beam Aluminum Extrusion<\/a><\/li>\r\n<li><a href=\"https:\/\/sinoextrud.com\/product\/cnc-anodized-6063-curved-aluminum-extrusions\/\" target=\"_blank\">CNC Anodized 6063 Curved Aluminum Extrusions<\/a><\/li>\r\n<li><a href=\"https:\/\/sinoextrud.com\/product\/round-aluminum-extrusion-profiles\/\" target=\"_blank\">Round Aluminum Extrusion Profiles<\/a><\/li>"},"feature_list":[]},"_links":{"self":[{"href":"https:\/\/sinoextrud.com\/fi\/wp-json\/wp\/v2\/product\/8392","targetHints":{"allow":["GET"]}}],"collection":[{"href":"https:\/\/sinoextrud.com\/fi\/wp-json\/wp\/v2\/product"}],"about":[{"href":"https:\/\/sinoextrud.com\/fi\/wp-json\/wp\/v2\/types\/product"}],"wp:featuredmedia":[{"embeddable":true,"href":"https:\/\/sinoextrud.com\/fi\/wp-json\/wp\/v2\/media\/8391"}],"wp:attachment":[{"href":"https:\/\/sinoextrud.com\/fi\/wp-json\/wp\/v2\/media?parent=8392"}],"wp:term":[{"taxonomy":"category","embeddable":true,"href":"https:\/\/sinoextrud.com\/fi\/wp-json\/wp\/v2\/categories?post=8392"}],"curies":[{"name":"wp","href":"https:\/\/api.w.org\/{rel}","templated":true}]}}