{"id":8390,"date":"2025-06-16T01:43:06","date_gmt":"2025-06-16T01:43:06","guid":{"rendered":"https:\/\/sinoextrud.com\/product\/t-slot-aluminium-profile\/"},"modified":"2025-06-24T06:23:41","modified_gmt":"2025-06-24T06:23:41","slug":"t-aukkoinen-alumiiniprofiili-2","status":"publish","type":"product","link":"https:\/\/sinoextrud.com\/fi\/product\/t-slot-aluminium-profile\/","title":{"rendered":"T-aukko alumiiniprofiili"},"content":{"rendered":"<h2>Tuotteiden tiedot<\/h2>\n<table class=\"custom-table\">\n<tbody>\n<tr>\n<td> Tuotteen nimi<\/td>\n<td> T-aukko alumiiniprofiili<\/td>\n<\/tr>\n<tr>\n<td> Materiaali<\/td>\n<td> 6063<\/td>\n<\/tr>\n<tr>\n<td> Temper<\/td>\n<td> T5, T6<\/td>\n<\/tr>\n<tr>\n<td> Paksuus<\/td>\n<td> 1.0mm<\/td>\n<\/tr>\n<tr>\n<td> Pituus<\/td>\n<td> 5.8m tai r\u00e4\u00e4t\u00e4l\u00f6ity<\/td>\n<\/tr>\n<tr>\n<td> Muoto<\/td>\n<td> r\u00e4\u00e4t\u00e4l\u00f6ity<\/td>\n<\/tr>\n<tr>\n<td> Pintak\u00e4sittely<\/td>\n<td> Jauhemaalaus<\/td>\n<\/tr>\n<tr>\n<td> V\u00e4ri<\/td>\n<td> Valkoinen<\/td>\n<\/tr>\n<tr>\n<td> Hakemus<\/td>\n<td> Koneen tuotantolinja, kuljetuskisko<\/td>\n<\/tr>\n<tr>\n<td> Syv\u00e4 prosessi<\/td>\n<td> CNC, poraus, leikkaus, hitsaus, kokoonpano<\/td>\n<\/tr>\n<tr>\n<td> MOQ<\/td>\n<td> 200 kg kutakin tuotetta kohti<\/td>\n<\/tr>\n<tr>\n<td> Tuotantokapasiteetti<\/td>\n<td> 15,000+ tonnia \/ kuukausi<\/td>\n<\/tr>\n<tr>\n<td> Todistus ja standardi<\/td>\n<td> 1) ISO9001-2008\/ISO 9001:2008;<br \/>\n2) CQM-sertifiointi;<br \/>\n3) SGS, BV, ROSH saatavilla<\/td>\n<\/tr>\n<tr>\n<td> Takuu<\/td>\n<td> Pinnan v\u00e4ri voi olla vakaa 10~20 vuotta sis\u00e4k\u00e4yt\u00f6ss\u00e4.<\/td>\n<\/tr>\n<tr>\n<td> Pakkaustiedot<\/td>\n<td> Sis\u00e4puoli : pakattu muovikalvolla jokaisen kappaleen suojaamiseksi.<\/td>\n<\/tr>\n<tr>\n<td> Ulkona: <\/td>\n<td>K\u00e4\u00e4ri niput vedenpit\u00e4v\u00e4ll\u00e4 askartelupaperilla tai EPE-kalvolla. R\u00e4\u00e4t\u00e4l\u00f6ityj\u00e4 requesti saatavilla<\/td>\n<\/tr>\n<tr>\n<td> L\u00e4pimenoaika<\/td>\n<td> Die Kehitt\u00e4minen ja n\u00e4ytteen testaus: 12-18 p\u00e4iv\u00e4\u00e4.<\/td>\n<\/tr>\n<tr>\n<td> Massatuotanto: <\/td>\n<td>20-30 p\u00e4iv\u00e4\u00e4.<\/td>\n<\/tr>\n<tr>\n<td> Maksuehdot<\/td>\n<td> T\/T 30% talletus, saldo ennen toimitusta.<\/td>\n<\/tr>\n<tr>\n<td> Maksuehdot<\/td>\n<td> T\/T 30% talletus, saldo ennen toimitusta.<\/td>\n<\/tr>\n<tr>\n<td> Osoitteesta<\/td>\n<td> Foshan, Guangdong, Kiina<\/td>\n<\/tr>\n<\/tbody>\n<\/table>\n<h2>Tuotantopohjamme<\/h2>\n<h3>Tehtaan panoraama<\/h3>\n<p><img decoding=\"async\" src=\"\/wp-content\/uploads\/factory-01.webp\"\/><\/p>\n<h3>Alumiini Bar Manufacturing Workshop<\/h3>\n<p><img decoding=\"async\" src=\"\/wp-content\/uploads\/factory-02.webp\"\/><\/p>\n<\/p>\n<p><img decoding=\"async\" src=\"\/wp-content\/uploads\/factory-03.webp\"\/><\/p>\n<h3>Muotin varastointi Varasto<\/h3>\n<p><img decoding=\"async\" src=\"\/wp-content\/uploads\/factory-04.webp\"\/><\/p>\n<h3>43 Alumiini ekstruusiolinjat (500\u00e2 5500 tonnia)<\/h3>\n<p><img decoding=\"async\" src=\"\/wp-content\/uploads\/factory-05.webp\"\/><\/p>\n<p><img decoding=\"async\" src=\"\/wp-content\/uploads\/factory-06.webp\"\/><\/p>\n<p><img decoding=\"async\" src=\"\/wp-content\/uploads\/factory-07.webp\"\/><\/p>\n<h3>Jauhemaalaus ty\u00f6paja<\/h3>\n<p><img decoding=\"async\" src=\"\/wp-content\/uploads\/factory-09.webp\"\/><\/p>\n<h3>Anodisointi ty\u00f6paja<\/h3>\n<p><img decoding=\"async\" src=\"\/wp-content\/uploads\/factory-10.webp\"\/><\/p>\n<h3>Syv\u00e4k\u00e4sittelyn ty\u00f6paja<\/h3>\n<p><img decoding=\"async\" src=\"\/wp-content\/uploads\/factory-11.webp\"\/><\/p>\n<h3>CNC-tarkkuuskoneistus ty\u00f6paja<\/h3>\n<p><img decoding=\"async\" src=\"\/wp-content\/uploads\/factory-11.5.webp\"\/><\/p>\n<h3>Valmiiden tuotteiden ja vientivarasto<\/h3>\n<p><img decoding=\"async\" src=\"\/wp-content\/uploads\/factory-12.webp\"\/><\/p>\n<p><img decoding=\"async\" src=\"\/wp-content\/uploads\/factory-13.webp\"\/><\/p>\n<p><img decoding=\"async\" src=\"\/wp-content\/uploads\/factory-14.webp\"\/><\/p>\n<h2>FAQ<\/h2>\n<p><b>1.What ovat T Slot Alumiiniprofiilit k\u00e4ytet\u00e4\u00e4n?<\/b><\/p>\n<p>T-aukkoisia alumiiniprofiileja k\u00e4ytet\u00e4\u00e4n r\u00e4\u00e4t\u00e4l\u00f6it\u00e4vien rakennekehysten, koteloiden ja ty\u00f6pisteiden luomiseen eri teollisuudenaloilla, kuten automaatiossa, rakentamisessa ja valmistuksessa.\n<\/p>\n<p><\/p>\n<p><b>2.Miksi T-aukkoinen alumiiniprofiili on helppo koota?<\/b><\/p>\n<p>T-aukkoiset alumiiniprofiilit on suunniteltu helposti kokoonpantaviksi kiinnittimien ja liittimien avulla, jolloin hitsausta ei tarvita ja asennusaika ja monimutkaisuus v\u00e4henev\u00e4t.\n<\/p>\n<p><\/p>\n<p><b>3.Mitk\u00e4 ovat alumiinin k\u00e4yt\u00f6n edut T Slot-profiileille?<\/b><\/p>\n<p>Alumiini tarjoaa hyv\u00e4n lujuus-painosuhteen, korroosionkest\u00e4vyyden ja kest\u00e4vyyden, joten se sopii erinomaisesti T-uraprofiileihin, jotka vaativat sek\u00e4 rakenteellista tukea ett\u00e4 pitk\u00e4ik\u00e4isyytt\u00e4.\n<\/p>\n<p><\/p>\n<p><b>4.Can T Slot Alumiiniprofiilit voidaan r\u00e4\u00e4t\u00e4l\u00f6id\u00e4?<\/b><\/p>\n<p>Kyll\u00e4, n\u00e4m\u00e4 profiilit ovat hyvin muokattavissa koon, muodon ja kokoonpanon osalta, joten yritykset voivat suunnitella kehykset ja rakenteet omien tarpeidensa mukaan.\n<\/p>\n<p><\/p>\n<p><b>5.Miten T-aukkoisten alumiiniprofiilien korroosionkest\u00e4vyys parantaa niiden suorituskyky\u00e4?<\/b><\/p>\n<p>Alumiinin korroosionkest\u00e4vyys takaa, ett\u00e4 T Slot -profiilit s\u00e4ilytt\u00e4v\u00e4t ulkon\u00e4k\u00f6ns\u00e4 ja lujuutensa ajan mittaan my\u00f6s vaikeissa ymp\u00e4rist\u00f6olosuhteissa.\n<\/p>\n<p><\/p>\n<p><b>6.Ovatko T-aukkoiset alumiiniprofiilit kustannustehokkaita?<\/b><\/p>\n<p>Kyll\u00e4, ne ovat kustannustehokkaita, koska ne v\u00e4hent\u00e4v\u00e4t ty\u00f6- ja materiaalikustannuksia, koska ne voidaan helposti koota ja k\u00e4ytt\u00e4\u00e4 uudelleen eri kokoonpanoissa.\n<\/p>\n<p><\/p>\n<p><b>7.Mitk\u00e4 teollisuudenalat hy\u00f6tyv\u00e4t T Slot -alumiiniprofiileista?<\/b><\/p>\n<p>Teollisuudenalat, kuten automaatio, valmistus, robotiikka ja rakentaminen, hy\u00f6tyv\u00e4t T-aukkoisten alumiiniprofiilien lujuudesta, joustavuudesta ja helppok\u00e4ytt\u00f6isyydest\u00e4 r\u00e4\u00e4t\u00e4l\u00f6ityjen rakenteiden ja j\u00e4rjestelmien luomisessa.\n<\/p>\n<p><\/p>","protected":false},"featured_media":8389,"template":"","categories":[54],"class_list":["post-8390","product","type-product","status-publish","has-post-thumbnail","hentry","category-industrial-aluminum-profiles"],"meta_box":{"hilight_text_group":{"product_hilight_text":"<li>Highly flexible design that can be easily adapted for various structural applications.<\/li>\r\r\n<li>Durable aluminum construction ensures long-lasting performance with minimal maintenance.<\/li>\r\r\n<li>Easy to assemble with no welding required, saving time and reducing costs.<\/li>\r\r\n<li>Compatible with a wide range of accessories and connectors for versatile configurations.<\/li>\r\r\n<li>Lightweight yet strong, offering excellent support for both small and large-scale projects.<\/li>","product_chanpin_blog":"<ul>\r\r\n<li><a href=\"https:\/\/sinoextrud.com\/t-slot-v-slot-differences\/\" target=\"_blank\">t slot vs v slot<\/a><\/li>\r\r\n<li><a href=\"https:\/\/sinoextrud.com\/what-is-4040-aluminium-extrud\/\" target=\"_blank\">4040 aluminium extrusion<\/a><\/li>\r\r\n<li><a href=\"https:\/\/sinoextrud.com\/what-is-4040-aluminium-extrud\/\" target=\"_blank\">aluminum extrusions for industrial racks<\/a><\/li>\r\r\n<li><a href=\"https:\/\/sinoextrud.com\/powder-coating-aluminium-process\/\" target=\"_blank\">powder coating aluminium<\/a><\/li>\r\r\n<li><a href=\"https:\/\/sinoextrud.com\/what-is-an-aluminium-strip-ceiling\/\" target=\"_blank\">aluminium strip ceiling<\/a><\/li>\r\r\n<li><a href=\"https:\/\/sinoextrud.com\/what-is-a-heat-sink\/\" target=\"_blank\">what is a heat sink<\/a><\/li>\r\r\n<\/ul>","product_chanpin_chanpin":"<li><a href=\"https:\/\/sinoextrud.com\/product\/l-shape-aluminum-angle-profile\/\" target=\"_blank\">L Shape Aluminum Angle Profile<\/a><\/li>\r\n<li><a href=\"https:\/\/sinoextrud.com\/product\/stock-aluminum-extrusion-profiles\/\" target=\"_blank\">Stock Aluminum Extrusion Profiles<\/a><\/li>\r\n<li><a href=\"https:\/\/sinoextrud.com\/product\/the-hinges-of-aluminium-clean-room\/\" target=\"_blank\">The Hinges Of Aluminium Clean Room<\/a><\/li>\r\n<li><a href=\"https:\/\/sinoextrud.com\/product\/special-aluminium-profiles-heat-sink-aluminum\/\" target=\"_blank\">Special Aluminium Profiles Heat Sink Aluminum<\/a><\/li>\r\n<li><a href=\"https:\/\/sinoextrud.com\/product\/t-slot-aluminium-profile\/\" target=\"_blank\">T Slot Aluminium Profile<\/a><\/li>\r\n<li><a href=\"https:\/\/sinoextrud.com\/product\/aluminum-boat-extrusions-6082\/\" target=\"_blank\">Aluminum Boat Extrusions 6082<\/a><\/li>\r\n<li><a href=\"https:\/\/sinoextrud.com\/product\/aluminum-car-pedal-anodized-silver\/\" target=\"_blank\">Aluminum Car Pedal Anodized Silver<\/a><\/li>\r\n<li><a href=\"https:\/\/sinoextrud.com\/product\/aluminum-frame-extrusion-profiles\/\" target=\"_blank\">Aluminum Frame Extrusion Profiles<\/a><\/li>\r\n<li><a href=\"https:\/\/sinoextrud.com\/product\/aluminum-t-slot-channel\/\" target=\"_blank\">Aluminum T Slot Channel<\/a><\/li>\r\n<li><a href=\"https:\/\/sinoextrud.com\/product\/standard-aluminum-shapes\/\" target=\"_blank\">Standard Aluminum Shapes<\/a><\/li>\r\n<li><a href=\"https:\/\/sinoextrud.com\/product\/aluminium-profiles-for-bedroom-doors\/\" target=\"_blank\">Aluminium Profiles For Bedroom Doors<\/a><\/li>"},"feature_list":[]},"_links":{"self":[{"href":"https:\/\/sinoextrud.com\/fi\/wp-json\/wp\/v2\/product\/8390","targetHints":{"allow":["GET"]}}],"collection":[{"href":"https:\/\/sinoextrud.com\/fi\/wp-json\/wp\/v2\/product"}],"about":[{"href":"https:\/\/sinoextrud.com\/fi\/wp-json\/wp\/v2\/types\/product"}],"wp:featuredmedia":[{"embeddable":true,"href":"https:\/\/sinoextrud.com\/fi\/wp-json\/wp\/v2\/media\/8389"}],"wp:attachment":[{"href":"https:\/\/sinoextrud.com\/fi\/wp-json\/wp\/v2\/media?parent=8390"}],"wp:term":[{"taxonomy":"category","embeddable":true,"href":"https:\/\/sinoextrud.com\/fi\/wp-json\/wp\/v2\/categories?post=8390"}],"curies":[{"name":"wp","href":"https:\/\/api.w.org\/{rel}","templated":true}]}}