{"id":8387,"date":"2025-06-16T01:41:58","date_gmt":"2025-06-16T01:41:58","guid":{"rendered":"https:\/\/sinoextrud.com\/product\/special-aluminium-profiles-heat-sink-aluminum\/"},"modified":"2025-06-24T06:23:41","modified_gmt":"2025-06-24T06:23:41","slug":"erityiset-alumiiniprofiilit-jaahdytyselementti-alumiini","status":"publish","type":"product","link":"https:\/\/sinoextrud.com\/fi\/product\/special-aluminium-profiles-heat-sink-aluminum\/","title":{"rendered":"Erikoisalumiiniprofiilit L\u00e4mm\u00f6nerotin Alumiini"},"content":{"rendered":"<h2>Tuotteiden tiedot<\/h2>\n<table class=\"custom-table\">\n<tbody>\n<tr>\n<td> Tuotteen nimi<\/td>\n<td> Erikoisalumiiniprofiilit j\u00e4\u00e4hdytyselementti alumiiniprofiilit<\/td>\n<\/tr>\n<tr>\n<td> Alumiiniseos<\/td>\n<td> 6063-T5, tai r\u00e4\u00e4t\u00e4l\u00f6inti<\/td>\n<\/tr>\n<tr>\n<td> Pintak\u00e4sittely<\/td>\n<td> Mill valmis tai r\u00e4\u00e4t\u00e4l\u00f6inti<\/td>\n<\/tr>\n<tr>\n<td> V\u00e4ri<\/td>\n<td> Mill valmis tai r\u00e4\u00e4t\u00e4l\u00f6inti<\/td>\n<\/tr>\n<tr>\n<td> Koko<\/td>\n<td> CNC tai r\u00e4\u00e4t\u00e4l\u00f6inti<\/td>\n<\/tr>\n<tr>\n<td> Hakemus<\/td>\n<td> j\u00e4\u00e4hdytyselementti alumiini s\u00e4hk\u00f6koneelle, moottorille, laitteille, ect<\/td>\n<\/tr>\n<tr>\n<td> Merkki<\/td>\n<td> Sinoextrud \/ Sinoextrud \/ Sinoextrud Aluminium<\/td>\n<\/tr>\n<tr>\n<td> Alkuper\u00e4<\/td>\n<td> Foshan, Kiina<\/td>\n<\/tr>\n<\/tbody>\n<\/table>\n<h2>Tuotantopohjamme<\/h2>\n<h3>Tehtaan panoraama<\/h3>\n<p><img decoding=\"async\" src=\"\/wp-content\/uploads\/factory-01.webp\"\/><\/p>\n<h3>Alumiini Bar Manufacturing Workshop<\/h3>\n<p><img decoding=\"async\" src=\"\/wp-content\/uploads\/factory-02.webp\"\/><\/p>\n<p><img decoding=\"async\" src=\"\/wp-content\/uploads\/factory-03.webp\"\/><\/p>\n<h3>Muotin varastointi Varasto<\/h3>\n<p><img decoding=\"async\" src=\"\/wp-content\/uploads\/factory-04.webp\"\/><\/p>\n<h3>43 Alumiini ekstruusiolinjat (500\u00e2 5500 tonnia)<\/h3>\n<p><img decoding=\"async\" src=\"\/wp-content\/uploads\/factory-05.webp\"\/><\/p>\n<p><img decoding=\"async\" src=\"\/wp-content\/uploads\/factory-06.webp\"\/><\/p>\n<p><img decoding=\"async\" src=\"\/wp-content\/uploads\/factory-07.webp\"\/><\/p>\n<h3>Jauhemaalaus ty\u00f6paja<\/h3>\n<p><img decoding=\"async\" src=\"\/wp-content\/uploads\/factory-09.webp\"\/><\/p>\n<h3>Anodisointi ty\u00f6paja<\/h3>\n<p><img decoding=\"async\" src=\"\/wp-content\/uploads\/factory-10.webp\"\/><\/p>\n<h3>Syv\u00e4k\u00e4sittelyn ty\u00f6paja<\/h3>\n<p><img decoding=\"async\" src=\"\/wp-content\/uploads\/factory-11.webp\"\/><\/p>\n<h3>CNC-tarkkuuskoneistus ty\u00f6paja<\/h3>\n<p><img decoding=\"async\" src=\"\/wp-content\/uploads\/factory-11.5.webp\"\/><\/p>\n<h3>Valmiiden tuotteiden ja vientivarasto<\/h3>\n<p><img decoding=\"async\" src=\"\/wp-content\/uploads\/factory-12.webp\"\/><\/p>\n<p><img decoding=\"async\" src=\"\/wp-content\/uploads\/factory-13.webp\"\/><\/p>\n<p><img decoding=\"async\" src=\"\/wp-content\/uploads\/factory-14.webp\"\/><\/p>\n<h2>FAQ<\/h2>\n<p><p><b>1.Mit\u00e4 erityisi\u00e4 alumiiniprofiileja k\u00e4ytet\u00e4\u00e4n l\u00e4mm\u00f6neristimen alumiiniin?<\/b><\/p>\n<p>Erikoisalumiiniprofiilit L\u00e4mm\u00f6nerotus Alumiinia k\u00e4ytet\u00e4\u00e4n l\u00e4mm\u00f6nhallintaan elektronisissa laitteissa, teollisuuskoneissa ja muissa sovelluksissa, jotka vaativat tehokasta l\u00e4mm\u00f6npoistoa.<br \/>\n<\/p><br \/>\n<br \/>\n<p><b>2.Miten alumiiniprofiili parantaa l\u00e4mm\u00f6ntuottoa?<\/b><\/p>\n<p>Erikoisalumiiniprofiilien edistyksellinen muotoilu L\u00e4mm\u00f6nsiirtoalumiini maksimoi pinta-alan, mik\u00e4 mahdollistaa paremman ilmavirtauksen ja tehokkaamman l\u00e4mm\u00f6nsiirron elektroniikkakomponenteista.<br \/>\n<\/p><br \/>\n<br \/>\n<p><b>3.Can Special Alumiiniprofiilit L\u00e4mm\u00f6nsiirtimen alumiinia voidaan r\u00e4\u00e4t\u00e4l\u00f6id\u00e4?<\/b><\/p>\n<p>Kyll\u00e4, n\u00e4m\u00e4 profiilit ovat hyvin muokattavissa vastaamaan erityisi\u00e4 l\u00e4mm\u00f6nhallintatarpeita, mik\u00e4 takaa optimaalisen suorituskyvyn eri sovelluksissa.<br \/>\n<\/p><br \/>\n<br \/>\n<p><b>4.Miksi alumiinia k\u00e4ytet\u00e4\u00e4n j\u00e4\u00e4hdytyslevyiss\u00e4?<\/b><\/p>\n<p>Alumiini johtaa erinomaisesti l\u00e4mp\u00f6\u00e4 ja on kevyt, kest\u00e4v\u00e4 ja korroosionkest\u00e4v\u00e4, mik\u00e4 tekee siit\u00e4 ihanteellisen materiaalin j\u00e4\u00e4hdytyselementtiprofiileihin eri sovelluksissa.<br \/>\n<\/p><br \/>\n<br \/>\n<p><b>5.Miten korroosionkest\u00e4vyys hy\u00f6dytt\u00e4\u00e4 j\u00e4\u00e4hdytyselementtisovelluksia?<\/b><\/p>\n<p>Alumiinin korroosionkest\u00e4v\u00e4t ominaisuudet takaavat, ett\u00e4 j\u00e4\u00e4hdytyselementti s\u00e4ilytt\u00e4\u00e4 tehokkuutensa ja ulkon\u00e4k\u00f6ns\u00e4 ajan my\u00f6t\u00e4 my\u00f6s vaativissa ymp\u00e4rist\u00f6iss\u00e4.<br \/>\n<\/p><br \/>\n<br \/>\n<p><b>6.Ovatko erikoisalumiiniprofiilit L\u00e4mm\u00f6nsiirtoalumiini helppo integroida olemassa oleviin j\u00e4rjestelmiin?<\/b><\/p>\n<p>Kyll\u00e4, n\u00e4m\u00e4 alumiiniprofiilit on suunniteltu helposti integroitaviksi, ja niiden avulla k\u00e4ytt\u00e4j\u00e4t voivat parantaa l\u00e4mm\u00f6nhallintaj\u00e4rjestelmiens\u00e4 tehokkuutta pienin muutoksin.<br \/>\n<\/p><br \/>\n<br \/>\n<p><b>7.Mitk\u00e4 teollisuudenalat hy\u00f6tyv\u00e4t erikoisalumiiniprofiileista L\u00e4mm\u00f6nsiirtoalumiini?<\/b><\/p>\n<p>Teollisuudenalat, kuten elektroniikka, autoteollisuus, uusiutuva energia ja teollisuuskoneet, hy\u00f6tyv\u00e4t n\u00e4iden alumiiniprofiilien ylivoimaisesta l\u00e4mm\u00f6nsiirtokyvyst\u00e4 ja suorituskyvyst\u00e4 l\u00e4mm\u00f6nhallinnassa.<br \/>\n<\/p><br \/><\/p>","protected":false},"featured_media":8386,"template":"","categories":[54],"class_list":["post-8387","product","type-product","status-publish","has-post-thumbnail","hentry","category-industrial-aluminum-profiles"],"meta_box":{"hilight_text_group":{"product_hilight_text":"<li>Highly efficient heat dissipation with advanced aluminum profiles design.<\/li>\r\r\n<li>Durable and lightweight material ideal for various electronic and industrial applications.<\/li>\r\r\n<li>Customizable profiles to meet specific thermal management requirements.<\/li>\r\r\n<li>Corrosion-resistant aluminum ensures long-lasting performance in various environments.<\/li>\r\r\n<li>Easy integration into existing systems, enhancing the overall efficiency of cooling systems.<\/li>","product_chanpin_blog":"<ul>\r\r\n<li><a href=\"https:\/\/sinoextrud.com\/t-slot-v-slot-differences\/\" target=\"_blank\">t slot vs v slot<\/a><\/li>\r\r\n<li><a href=\"https:\/\/sinoextrud.com\/what-is-4040-aluminium-extrud\/\" target=\"_blank\">4040 aluminium extrusion<\/a><\/li>\r\r\n<li><a href=\"https:\/\/sinoextrud.com\/what-is-4040-aluminium-extrud\/\" target=\"_blank\">aluminum extrusions for industrial racks<\/a><\/li>\r\r\n<li><a href=\"https:\/\/sinoextrud.com\/powder-coating-aluminium-process\/\" target=\"_blank\">powder coating aluminium<\/a><\/li>\r\r\n<li><a href=\"https:\/\/sinoextrud.com\/what-is-an-aluminium-strip-ceiling\/\" target=\"_blank\">aluminium strip ceiling<\/a><\/li>\r\r\n<li><a href=\"https:\/\/sinoextrud.com\/what-is-a-heat-sink\/\" target=\"_blank\">what is a heat sink<\/a><\/li>\r\r\n<\/ul>","product_chanpin_chanpin":"<li><a href=\"https:\/\/sinoextrud.com\/product\/extruded-aluminum-triangle-electrical-instrument-shell-housing\/\" target=\"_blank\">Extruded Aluminum Triangle Electrical Instrument Shell Housing<\/a><\/li>\r\n<li><a href=\"https:\/\/sinoextrud.com\/product\/l-shape-aluminum-angle-profile\/\" target=\"_blank\">L Shape Aluminum Angle Profile<\/a><\/li>\r\n<li><a href=\"https:\/\/sinoextrud.com\/product\/stock-aluminum-extrusion-profiles\/\" target=\"_blank\">Stock Aluminum Extrusion Profiles<\/a><\/li>\r\n<li><a href=\"https:\/\/sinoextrud.com\/product\/the-hinges-of-aluminium-clean-room\/\" target=\"_blank\">The Hinges Of Aluminium Clean Room<\/a><\/li>\r\n<li><a href=\"https:\/\/sinoextrud.com\/product\/special-aluminium-profiles-heat-sink-aluminum\/\" target=\"_blank\">Special Aluminium Profiles Heat Sink Aluminum<\/a><\/li>\r\n<li><a href=\"https:\/\/sinoextrud.com\/product\/t-slot-aluminium-profile\/\" target=\"_blank\">T Slot Aluminium Profile<\/a><\/li>\r\n<li><a href=\"https:\/\/sinoextrud.com\/product\/aluminum-boat-extrusions-6082\/\" target=\"_blank\">Aluminum Boat Extrusions 6082<\/a><\/li>\r\n<li><a href=\"https:\/\/sinoextrud.com\/product\/aluminum-car-pedal-anodized-silver\/\" target=\"_blank\">Aluminum Car Pedal Anodized Silver<\/a><\/li>\r\n<li><a href=\"https:\/\/sinoextrud.com\/product\/aluminum-frame-extrusion-profiles\/\" target=\"_blank\">Aluminum Frame Extrusion Profiles<\/a><\/li>\r\n<li><a href=\"https:\/\/sinoextrud.com\/product\/aluminum-profile-connector\/\" target=\"_blank\">Aluminum Profile Connector<\/a><\/li>\r\n<li><a href=\"https:\/\/sinoextrud.com\/product\/aluminum-tube-framing\/\" target=\"_blank\">Aluminum Tube Framing<\/a><\/li>"},"feature_list":[]},"_links":{"self":[{"href":"https:\/\/sinoextrud.com\/fi\/wp-json\/wp\/v2\/product\/8387","targetHints":{"allow":["GET"]}}],"collection":[{"href":"https:\/\/sinoextrud.com\/fi\/wp-json\/wp\/v2\/product"}],"about":[{"href":"https:\/\/sinoextrud.com\/fi\/wp-json\/wp\/v2\/types\/product"}],"wp:featuredmedia":[{"embeddable":true,"href":"https:\/\/sinoextrud.com\/fi\/wp-json\/wp\/v2\/media\/8386"}],"wp:attachment":[{"href":"https:\/\/sinoextrud.com\/fi\/wp-json\/wp\/v2\/media?parent=8387"}],"wp:term":[{"taxonomy":"category","embeddable":true,"href":"https:\/\/sinoextrud.com\/fi\/wp-json\/wp\/v2\/categories?post=8387"}],"curies":[{"name":"wp","href":"https:\/\/api.w.org\/{rel}","templated":true}]}}