{"id":8377,"date":"2025-06-16T01:34:24","date_gmt":"2025-06-16T01:34:24","guid":{"rendered":"https:\/\/sinoextrud.com\/product\/l-shape-aluminum-angle-profile\/"},"modified":"2025-06-24T06:23:40","modified_gmt":"2025-06-24T06:23:40","slug":"l-muotoinen-alumiinikulmaprofiili","status":"publish","type":"product","link":"https:\/\/sinoextrud.com\/fi\/product\/l-shape-aluminum-angle-profile\/","title":{"rendered":"L-muotoinen alumiini kulma profiili"},"content":{"rendered":"<h2>Tuotteiden tiedot<\/h2>\n<table class=\"custom-table\">\n<tr>\n<td class=\"label\">Tuotteen nimi<\/td>\n<td>L-muotoinen alumiinikulmaprofiili<\/td>\n<\/tr>\n<tr>\n<td class=\"label\">Materiaaliluokka<\/td>\n<td>6063, 6061<\/td>\n<\/tr>\n<tr>\n<td class=\"label\">Temper<\/td>\n<td>T5-T6<\/td>\n<\/tr>\n<tr>\n<td class=\"label\">Teknologia<\/td>\n<td>Alumiini suulakepuristus<\/td>\n<\/tr>\n<tr>\n<td class=\"label\">Pintak\u00e4sittely<\/td>\n<td>Anodisointi, jauhemaalattu, hiekkapuhallus, elektroforeesi, fluorihiili jne.<\/td>\n<\/tr>\n<tr>\n<td class=\"label\">V\u00e4ri<\/td>\n<td>R\u00e4\u00e4t\u00e4l\u00f6ity<\/td>\n<\/tr>\n<tr>\n<td class=\"label\">Anodisoinnin paksuus<\/td>\n<td>8-25 um<\/td>\n<\/tr>\n<tr>\n<td class=\"label\">Teho Pinnoitteen paksuus<\/td>\n<td>40-120 um<\/td>\n<\/tr>\n<tr>\n<td class=\"label\">Muoto<\/td>\n<td>L-muotoinen tai r\u00e4\u00e4t\u00e4l\u00f6ity<\/td>\n<\/tr>\n<tr>\n<td class=\"label\">Mitta<\/td>\n<td>R\u00e4\u00e4t\u00e4l\u00f6ity<\/td>\n<\/tr>\n<tr>\n<td class=\"label\">Syv\u00e4prosessointi<\/td>\n<td>leikkaaminen, poraaminen, l\u00e4vist\u00e4minen, taivuttaminen jne.<\/td>\n<\/tr>\n<tr>\n<td class=\"label\">2D&amp;3D suunnittelu<\/td>\n<td>Auto CAD, 3D, AI, SLD, PRT. IGS, PDF, JPEG jne.<\/td>\n<\/tr>\n<tr>\n<td class=\"label\">Tekniikka ja ty\u00f6kalut<\/td>\n<td>1: 8 insin\u00f6\u00f6ri\u00e4 muottiliikkeess\u00e4.<br \/>\n2: K\u00e4yt\u00e4 suuritehoisia ekstruudereita, Wire EDM, CNC, porauskoneet jne.<\/td>\n<\/tr>\n<tr>\n<td class=\"label\">Laadunvalvonta<\/td>\n<td>1.SO Hyv\u00e4ksytty.<br \/>\n2.CE-hyv\u00e4ksytty<br \/>\n3.Tarkastus ty\u00f6maalla.<br \/>\n4.Tarkastus ennen toimitusta.<br \/>\n5.Testauskone.<\/td>\n<\/tr>\n<tr>\n<td class=\"label\">Pakkaustiedot<\/td>\n<td>(1) Sis\u00e4ll\u00e4: pakattu muovisella suojakalvolla jokaisen kappaleen suojaamiseksi.<br \/>\n(2) Ulkopuolella: Vedenpit\u00e4v\u00e4 k\u00e4sity\u00f6paperi<\/td>\n<\/tr>\n<tr>\n<td class=\"label\">Toimitus<\/td>\n<td>(1) Muottien kehitt\u00e4minen ja n\u00e4ytteiden testaus: 12-18 p\u00e4iv\u00e4\u00e4.<br \/>\n(2) Massatuotanto valmis: 20-30 p\u00e4iv\u00e4\u00e4 sen j\u00e4lkeen, kun ostaja on vahvistanut n\u00e4ytteen.<\/td>\n<\/tr>\n<tr>\n<td class=\"label\">Maksuehto<\/td>\n<td>T\/T 30% talletus, saldo ennen toimitusta.<\/td>\n<\/tr>\n<\/table>\n<h2>Tuotantopohjamme<\/h2>\n<h3>Tehtaan panoraama<\/h3>\n<p><img decoding=\"async\" src=\"\/wp-content\/uploads\/factory-01.webp\"\/><\/p>\n<h3>Alumiini Bar Manufacturing Workshop<\/h3>\n<p><img decoding=\"async\" src=\"\/wp-content\/uploads\/factory-02.webp\"\/><\/p>\n<p><img decoding=\"async\" src=\"\/wp-content\/uploads\/factory-03.webp\"\/><\/p>\n<h3>Muotin varastointi Varasto<\/h3>\n<p><img decoding=\"async\" src=\"\/wp-content\/uploads\/factory-04.webp\"\/><\/p>\n<h3>43 Alumiini ekstruusiolinjat (500\u00e2 5500 tonnia)<\/h3>\n<p><img decoding=\"async\" src=\"\/wp-content\/uploads\/factory-05.webp\"\/><\/p>\n<p><img decoding=\"async\" src=\"\/wp-content\/uploads\/factory-06.webp\"\/><\/p>\n<p><img decoding=\"async\" src=\"\/wp-content\/uploads\/factory-07.webp\"\/><\/p>\n<h3>Jauhemaalaus ty\u00f6paja<\/h3>\n<p><img decoding=\"async\" src=\"\/wp-content\/uploads\/factory-09.webp\"\/><\/p>\n<h3>Anodisointi ty\u00f6paja<\/h3>\n<p><img decoding=\"async\" src=\"\/wp-content\/uploads\/factory-10.webp\"\/><\/p>\n<h3>Syv\u00e4k\u00e4sittelyn ty\u00f6paja<\/h3>\n<p><img decoding=\"async\" src=\"\/wp-content\/uploads\/factory-11.webp\"\/><\/p>\n<h3>CNC-tarkkuuskoneistus ty\u00f6paja<\/h3>\n<p><img decoding=\"async\" src=\"\/wp-content\/uploads\/factory-11.5.webp\"\/><\/p>\n<h3>Valmiiden tuotteiden ja vientivarasto<\/h3>\n<p><img decoding=\"async\" src=\"\/wp-content\/uploads\/factory-12.webp\"\/><\/p>\n<p><img decoding=\"async\" src=\"\/wp-content\/uploads\/factory-13.webp\"\/><\/p>\n<p><img decoding=\"async\" src=\"\/wp-content\/uploads\/factory-14.webp\"\/><\/p>\n<h2>FAQ<\/h2>\n<p><p><b>1.Mik\u00e4 tekee L-muotoisesta alumiinikulmaprofiilista ihanteellisen rakenne- ja kehyssovelluksiin? <\/b><\/p>\n<p> L-muotoinen alumiinikulmaprofiili tarjoaa vahvan ja kest\u00e4v\u00e4n tuen s\u00e4ilytt\u00e4en samalla joustavuuden erilaisia kehys- ja rakennekokoonpanoja varten.<br \/>\n<\/p><br \/>\n<br \/>\n<p><b>2.Can L-muotoinen alumiinikulmaprofiili voidaan r\u00e4\u00e4t\u00e4l\u00f6id\u00e4? <\/b><\/p>\n<p> Kyll\u00e4, L-muotoisia alumiinikulmaprofiileja voidaan r\u00e4\u00e4t\u00e4l\u00f6id\u00e4 koon, pituuden ja kulman osalta erityisten projekti- ja suunnittelutarpeiden mukaan.<br \/>\n<\/p><br \/>\n<br \/>\n<p><b>3.Kuinka kest\u00e4v\u00e4 on L-muotoinen alumiinikulmaprofiili? <\/b><\/p>\n<p> Alumiinin korroosionkest\u00e4v\u00e4t ominaisuudet takaavat, ett\u00e4 n\u00e4m\u00e4 profiilit tarjoavat pitk\u00e4aikaisen suorituskyvyn ja suojan my\u00f6s vaativissa ymp\u00e4rist\u00f6iss\u00e4.<br \/>\n<\/p><br \/>\n<br \/>\n<p><b>4.What teollisuudenalat hy\u00f6tyv\u00e4t k\u00e4ytt\u00e4m\u00e4ll\u00e4 L-muotoista alumiinikulmaprofiilia? <\/b><\/p>\n<p> Rakennus-, valmistus-, auto- ja koneteollisuuden kaltaiset teollisuudenalat k\u00e4ytt\u00e4v\u00e4t n\u00e4it\u00e4 profiileja vakaiden ja turvallisten kehysten ja tukien luomiseen.<br \/>\n<\/p><br \/>\n<br \/>\n<p><b>5.Onko L-muotoinen alumiinikulmaprofiili helppo koota ja muokata? <\/b><\/p>\n<p> Kyll\u00e4, n\u00e4m\u00e4 profiilit on suunniteltu niin, ett\u00e4 niiden kokoaminen, muuttaminen ja mukauttaminen on helppoa, mik\u00e4 s\u00e4\u00e4st\u00e4\u00e4 aikaa ja v\u00e4hent\u00e4\u00e4 asennuksen ty\u00f6voimakustannuksia.<br \/>\n<\/p><br \/>\n<br \/>\n<p><b>6.Miten L-muotoinen alumiinikulmaprofiili parantaa rakenteellista suorituskyky\u00e4? <\/b><\/p>\n<p> L-muotoinen profiili tarjoaa vahvan ja turvallisen tuen, mik\u00e4 lis\u00e4\u00e4 kehysten ja rakennej\u00e4rjestelmien yleist\u00e4 vakautta ja lujuutta.<br \/>\n<\/p><br \/>\n<br \/>\n<p><b>7.Onko L-muotoinen alumiinikulmaprofiili ymp\u00e4rist\u00f6yst\u00e4v\u00e4llinen? <\/b><\/p>\n<p> Kyll\u00e4, alumiini on t\u00e4ysin kierr\u00e4tett\u00e4v\u00e4 materiaali, joten L-muotoinen alumiinikulmaprofiili on ymp\u00e4rist\u00f6yst\u00e4v\u00e4llinen valinta kest\u00e4viin rakennus- ja tuotantohankkeisiin.<br \/>\n<\/p><br \/><\/p>","protected":false},"featured_media":8376,"template":"","categories":[54],"class_list":["post-8377","product","type-product","status-publish","has-post-thumbnail","hentry","category-industrial-aluminum-profiles"],"meta_box":{"hilight_text_group":{"product_hilight_text":"<li>Durable L-shape aluminum angle profile for versatile structural and framing applications<\/li>\r\r\n<li>Corrosion-resistant, ensuring long-lasting performance in both indoor and outdoor environments<\/li>\r\r\n<li>Lightweight yet strong, offering excellent support without adding unnecessary weight<\/li>\r\r\n<li>Customizable sizes and angles to meet specific project and design requirements<\/li>\r\r\n<li>Easy to assemble, modify, and adapt for various structural systems and mounting needs<\/li>\r\r\n<li>Ideal for use in construction, automotive, and machinery applications<\/li>\r\r\n<li>Eco-friendly, as aluminum is fully recyclable<\/li>","product_chanpin_blog":"<ul>\r\r\n<li><a href=\"https:\/\/sinoextrud.com\/t-slot-v-slot-differences\/\" target=\"_blank\">t slot vs v slot<\/a><\/li>\r\r\n<li><a href=\"https:\/\/sinoextrud.com\/what-is-4040-aluminium-extrud\/\" target=\"_blank\">4040 aluminium extrusion<\/a><\/li>\r\r\n<li><a href=\"https:\/\/sinoextrud.com\/what-is-4040-aluminium-extrud\/\" target=\"_blank\">aluminum extrusions for industrial racks<\/a><\/li>\r\r\n<li><a href=\"https:\/\/sinoextrud.com\/powder-coating-aluminium-process\/\" target=\"_blank\">powder coating aluminium<\/a><\/li>\r\r\n<li><a href=\"https:\/\/sinoextrud.com\/what-is-an-aluminium-strip-ceiling\/\" target=\"_blank\">aluminium strip ceiling<\/a><\/li>\r\r\n<li><a href=\"https:\/\/sinoextrud.com\/what-is-a-heat-sink\/\" target=\"_blank\">what is a heat sink<\/a><\/li>\r\r\n<\/ul>","product_chanpin_chanpin":"<li><a href=\"https:\/\/sinoextrud.com\/product\/cutting-aluminum-extrusion\/\" target=\"_blank\">Cutting Aluminum Extrusion<\/a><\/li>\r\n<li><a href=\"https:\/\/sinoextrud.com\/product\/extruded-aluminum-rail-system\/\" target=\"_blank\">Extruded Aluminum Rail System<\/a><\/li>\r\n<li><a href=\"https:\/\/sinoextrud.com\/product\/extrusion-aluminum-pipe-anodized-sandblasted-black\/\" target=\"_blank\">Extrusion Aluminum Pipe Anodized Sandblasted Black<\/a><\/li>\r\n<li><a href=\"https:\/\/sinoextrud.com\/product\/extruded-aluminum-triangle-electrical-instrument-shell-housing\/\" target=\"_blank\">Extruded Aluminum Triangle Electrical Instrument Shell Housing<\/a><\/li>\r\n<li><a href=\"https:\/\/sinoextrud.com\/product\/l-shape-aluminum-angle-profile\/\" target=\"_blank\">L Shape Aluminum Angle Profile<\/a><\/li>\r\n<li><a href=\"https:\/\/sinoextrud.com\/product\/stock-aluminum-extrusion-profiles\/\" target=\"_blank\">Stock Aluminum Extrusion Profiles<\/a><\/li>\r\n<li><a href=\"https:\/\/sinoextrud.com\/product\/the-hinges-of-aluminium-clean-room\/\" target=\"_blank\">The Hinges Of Aluminium Clean Room<\/a><\/li>\r\n<li><a href=\"https:\/\/sinoextrud.com\/product\/special-aluminium-profiles-heat-sink-aluminum\/\" target=\"_blank\">Special Aluminium Profiles Heat Sink Aluminum<\/a><\/li>\r\n<li><a href=\"https:\/\/sinoextrud.com\/product\/t-slot-aluminium-profile\/\" target=\"_blank\">T Slot Aluminium Profile<\/a><\/li>\r\n<li><a href=\"https:\/\/sinoextrud.com\/product\/anodized-aluminium-profiles\/\" target=\"_blank\">Anodized Aluminium Profiles<\/a><\/li>\r\n<li><a href=\"https:\/\/sinoextrud.com\/product\/aluminum-extrusion-accessories\/\" target=\"_blank\">Aluminum Extrusion Accessories<\/a><\/li>"},"feature_list":[]},"_links":{"self":[{"href":"https:\/\/sinoextrud.com\/fi\/wp-json\/wp\/v2\/product\/8377","targetHints":{"allow":["GET"]}}],"collection":[{"href":"https:\/\/sinoextrud.com\/fi\/wp-json\/wp\/v2\/product"}],"about":[{"href":"https:\/\/sinoextrud.com\/fi\/wp-json\/wp\/v2\/types\/product"}],"wp:featuredmedia":[{"embeddable":true,"href":"https:\/\/sinoextrud.com\/fi\/wp-json\/wp\/v2\/media\/8376"}],"wp:attachment":[{"href":"https:\/\/sinoextrud.com\/fi\/wp-json\/wp\/v2\/media?parent=8377"}],"wp:term":[{"taxonomy":"category","embeddable":true,"href":"https:\/\/sinoextrud.com\/fi\/wp-json\/wp\/v2\/categories?post=8377"}],"curies":[{"name":"wp","href":"https:\/\/api.w.org\/{rel}","templated":true}]}}