{"id":8375,"date":"2025-06-16T01:33:01","date_gmt":"2025-06-16T01:33:01","guid":{"rendered":"https:\/\/sinoextrud.com\/product\/extruded-aluminum-triangle-electrical-instrument-shell-housing\/"},"modified":"2025-06-24T06:23:39","modified_gmt":"2025-06-24T06:23:39","slug":"suulakepuristettu-alumiinikolmio-sahkolaitteen-kuorikotelo","status":"publish","type":"product","link":"https:\/\/sinoextrud.com\/fi\/product\/extruded-aluminum-triangle-electrical-instrument-shell-housing\/","title":{"rendered":"Suulakepuristettu alumiinikolmio S\u00e4hk\u00f6instrumentin kuorikotelo"},"content":{"rendered":"<h2>Tuotteiden tiedot<\/h2>\n<table class=\"custom-table\">\n<tbody>\n<tr>\n<td> Tuotteen nimi<\/td>\n<td> Suulakepuristettu alumiinikolmio s\u00e4hk\u00f6laitteen kuoren kotelo<\/td>\n<\/tr>\n<tr>\n<td> Alumiiniseos<\/td>\n<td> 6063-T5, tai r\u00e4\u00e4t\u00e4l\u00f6inti<\/td>\n<\/tr>\n<tr>\n<td> Pintak\u00e4sittely<\/td>\n<td> viimeistelty, harjattu tai r\u00e4\u00e4t\u00e4l\u00f6ity<\/td>\n<\/tr>\n<tr>\n<td> V\u00e4ri<\/td>\n<td> tehdasvalmisteinen tai r\u00e4\u00e4t\u00e4l\u00f6ity<\/td>\n<\/tr>\n<tr>\n<td> Koko<\/td>\n<td> 1-9m, tai r\u00e4\u00e4t\u00e4l\u00f6inti<\/td>\n<\/tr>\n<tr>\n<td> Hakemus<\/td>\n<td> Suulakepuristettu alumiinikolmio kuori, kotelo s\u00e4hk\u00f6laitteelle, jauhepankki, latauspaalu<\/td>\n<\/tr>\n<tr>\n<td> Merkki<\/td>\n<td> Sinoextrud \/ Sinoextrud \/ Sinoextrud Aluminium<\/td>\n<\/tr>\n<tr>\n<td> Alkuper\u00e4<\/td>\n<td> Foshan, Kiina<\/td>\n<\/tr>\n<\/tbody>\n<\/table>\n<h2>Tuotantopohjamme<\/h2>\n<h3>Tehtaan panoraama<\/h3>\n<p><img decoding=\"async\" src=\"\/wp-content\/uploads\/factory-01.webp\"\/><\/p>\n<h3>Alumiini Bar Manufacturing Workshop<\/h3>\n<p><img decoding=\"async\" src=\"\/wp-content\/uploads\/factory-02.webp\"\/><\/p>\n<p><img decoding=\"async\" src=\"\/wp-content\/uploads\/factory-03.webp\"\/><\/p>\n<h3>Muotin varastointi Varasto<\/h3>\n<p><img decoding=\"async\" src=\"\/wp-content\/uploads\/factory-04.webp\"\/><\/p>\n<h3>43 Alumiini ekstruusiolinjat (500\u00e2 5500 tonnia)<\/h3>\n<p><img decoding=\"async\" src=\"\/wp-content\/uploads\/factory-05.webp\"\/><\/p>\n<p><img decoding=\"async\" src=\"\/wp-content\/uploads\/factory-06.webp\"\/><\/p>\n<p><img decoding=\"async\" src=\"\/wp-content\/uploads\/factory-07.webp\"\/><\/p>\n<h3>Jauhemaalaus ty\u00f6paja<\/h3>\n<p><img decoding=\"async\" src=\"\/wp-content\/uploads\/factory-09.webp\"\/><\/p>\n<h3>Anodisointi ty\u00f6paja<\/h3>\n<p><img decoding=\"async\" src=\"\/wp-content\/uploads\/factory-10.webp\"\/><\/p>\n<h3>Syv\u00e4k\u00e4sittelyn ty\u00f6paja<\/h3>\n<p><img decoding=\"async\" src=\"\/wp-content\/uploads\/factory-11.webp\"\/><\/p>\n<h3>CNC-tarkkuuskoneistus ty\u00f6paja<\/h3>\n<p><img decoding=\"async\" src=\"\/wp-content\/uploads\/factory-11.5.webp\"\/><\/p>\n<h3>Valmiiden tuotteiden ja vientivarasto<\/h3>\n<p><img decoding=\"async\" src=\"\/wp-content\/uploads\/factory-12.webp\"\/><\/p>\n<p><img decoding=\"async\" src=\"\/wp-content\/uploads\/factory-13.webp\"\/><\/p>\n<p><img decoding=\"async\" src=\"\/wp-content\/uploads\/factory-14.webp\"\/><\/p>\n<h2>FAQ<\/h2>\n<p><p><b>1.Mik\u00e4 tekee suulakepuristetusta alumiinikolmiosta s\u00e4hk\u00f6laitteiden kuorikotelon ihanteelliseksi s\u00e4hk\u00f6laitteille? <\/b><\/p>\n<p> Se tarjoaa erinomaisen suojan, korroosionkest\u00e4vyyden ja tehokkaan l\u00e4mm\u00f6nsiirron, mik\u00e4 takaa s\u00e4hk\u00f6komponenttien turvallisuuden ja pitk\u00e4ik\u00e4isyyden.<br \/>\n<\/p><br \/>\n<br \/>\n<p><b>2.Can suulakepuristettu alumiini Triangle s\u00e4hk\u00f6inen instrumentti Shell kotelo voidaan r\u00e4\u00e4t\u00e4l\u00f6id\u00e4? <\/b><\/p>\n<p> Kyll\u00e4, n\u00e4m\u00e4 kotelot voidaan r\u00e4\u00e4t\u00e4l\u00f6id\u00e4 koon, muodon ja muotoilun osalta s\u00e4hk\u00f6laitteiden erityistarpeisiin sopiviksi.<br \/>\n<\/p><br \/>\n<br \/>\n<p><b>3.Kuinka kest\u00e4v\u00e4 on suulakepuristettu alumiinikolmio s\u00e4hk\u00f6instrumenttien Shell-kotelo? <\/b><\/p>\n<p> Korroosionkest\u00e4v\u00e4 alumiini takaa, ett\u00e4 kotelo on kest\u00e4v\u00e4 ja kest\u00e4\u00e4 kovia ymp\u00e4rist\u00f6olosuhteita.<br \/>\n<\/p><br \/>\n<br \/>\n<p><b>4.What toimialat hy\u00f6tyv\u00e4t suulakepuristettua alumiinia Triangle s\u00e4hk\u00f6instrumentti Shell kotelo? <\/b><\/p>\n<p> Sit\u00e4 k\u00e4ytet\u00e4\u00e4n laajalti esimerkiksi elektroniikka-, televiestint\u00e4- ja instrumentointialalla herkkien s\u00e4hk\u00f6komponenttien kotelointiin.<br \/>\n<\/p><br \/>\n<br \/>\n<p><b>5.Onko suulakepuristettu alumiinikolmio s\u00e4hk\u00f6laitteiden kuorikotelo helppo asentaa? <\/b><\/p>\n<p> Kyll\u00e4, se on suunniteltu helposti koottavaksi ja muunneltavaksi, joten se on kustannustehokas ja nopea toteuttaa erilaisissa hankkeissa.<br \/>\n<\/p><br \/>\n<br \/>\n<p><b>6.Miten suulakepuristettu alumiinikolmio s\u00e4hk\u00f6laitteiden kuorikotelo parantaa s\u00e4hk\u00f6laitteiden suorituskyky\u00e4? <\/b><\/p>\n<p> Kotelo auttaa hallitsemaan l\u00e4mp\u00f6\u00e4 tehokkaasti, s\u00e4ilytt\u00e4m\u00e4\u00e4n komponenttien eheyden ja suojaamaan herkki\u00e4 osia ymp\u00e4rist\u00f6vahingoilta.<br \/>\n<\/p><br \/>\n<br \/>\n<p><b>7.Is suulakepuristettu alumiini Triangle s\u00e4hk\u00f6instrumentti Shell kotelo ymp\u00e4rist\u00f6yst\u00e4v\u00e4llinen? <\/b><\/p>\n<p> Kyll\u00e4, alumiini on t\u00e4ysin kierr\u00e4tett\u00e4v\u00e4\u00e4, joten kotelo on ymp\u00e4rist\u00f6yst\u00e4v\u00e4llinen valinta erilaisiin sovelluksiin.<br \/>\n<\/p><br \/><\/p>","protected":false},"featured_media":8374,"template":"","categories":[54],"class_list":["post-8375","product","type-product","status-publish","has-post-thumbnail","hentry","category-industrial-aluminum-profiles"],"meta_box":{"hilight_text_group":{"product_hilight_text":"<li>Durable extruded aluminum triangle electrical instrument shell housing for enhanced protection<\/li>\r\r\n<li>Corrosion-resistant, ensuring long-lasting reliability in various environments<\/li>\r\r\n<li>Lightweight yet sturdy, offering strong protection without adding excess weight<\/li>\r\r\n<li>Customizable sizes and designs to meet specific requirements for electrical instruments<\/li>\r\r\n<li>Efficient heat dissipation, helping to maintain optimal operating temperatures<\/li>\r\r\n<li>Easy to assemble and modify, reducing production and setup time<\/li>\r\r\n<li>Eco-friendly, as aluminum is a fully recyclable material<\/li>","product_chanpin_blog":"<ul>\r\r\n<li><a href=\"https:\/\/sinoextrud.com\/t-slot-v-slot-differences\/\" target=\"_blank\">t slot vs v slot<\/a><\/li>\r\r\n<li><a href=\"https:\/\/sinoextrud.com\/what-is-4040-aluminium-extrud\/\" target=\"_blank\">4040 aluminium extrusion<\/a><\/li>\r\r\n<li><a href=\"https:\/\/sinoextrud.com\/what-is-4040-aluminium-extrud\/\" target=\"_blank\">aluminum extrusions for industrial racks<\/a><\/li>\r\r\n<li><a href=\"https:\/\/sinoextrud.com\/powder-coating-aluminium-process\/\" target=\"_blank\">powder coating aluminium<\/a><\/li>\r\r\n<li><a href=\"https:\/\/sinoextrud.com\/what-is-an-aluminium-strip-ceiling\/\" target=\"_blank\">aluminium strip ceiling<\/a><\/li>\r\r\n<li><a href=\"https:\/\/sinoextrud.com\/what-is-a-heat-sink\/\" target=\"_blank\">what is a heat sink<\/a><\/li>\r\r\n<\/ul>","product_chanpin_chanpin":"<li><a href=\"https:\/\/sinoextrud.com\/product\/aluminum-t-track-extrusion\/\" target=\"_blank\">Aluminum T Track Extrusion<\/a><\/li>\r\n<li><a href=\"https:\/\/sinoextrud.com\/product\/cutting-aluminum-extrusion\/\" target=\"_blank\">Cutting Aluminum Extrusion<\/a><\/li>\r\n<li><a href=\"https:\/\/sinoextrud.com\/product\/extruded-aluminum-rail-system\/\" target=\"_blank\">Extruded Aluminum Rail System<\/a><\/li>\r\n<li><a href=\"https:\/\/sinoextrud.com\/product\/extrusion-aluminum-pipe-anodized-sandblasted-black\/\" target=\"_blank\">Extrusion Aluminum Pipe Anodized Sandblasted Black<\/a><\/li>\r\n<li><a href=\"https:\/\/sinoextrud.com\/product\/extruded-aluminum-triangle-electrical-instrument-shell-housing\/\" target=\"_blank\">Extruded Aluminum Triangle Electrical Instrument Shell Housing<\/a><\/li>\r\n<li><a href=\"https:\/\/sinoextrud.com\/product\/l-shape-aluminum-angle-profile\/\" target=\"_blank\">L Shape Aluminum Angle Profile<\/a><\/li>\r\n<li><a href=\"https:\/\/sinoextrud.com\/product\/stock-aluminum-extrusion-profiles\/\" target=\"_blank\">Stock Aluminum Extrusion Profiles<\/a><\/li>\r\n<li><a href=\"https:\/\/sinoextrud.com\/product\/the-hinges-of-aluminium-clean-room\/\" target=\"_blank\">The Hinges Of Aluminium Clean Room<\/a><\/li>\r\n<li><a href=\"https:\/\/sinoextrud.com\/product\/special-aluminium-profiles-heat-sink-aluminum\/\" target=\"_blank\">Special Aluminium Profiles Heat Sink Aluminum<\/a><\/li>\r\n<li><a href=\"https:\/\/sinoextrud.com\/product\/6061-6063-6082-street-lamp-column-aluminum-profile\/\" target=\"_blank\">6061 6063 6082 Street Lamp Column Aluminum Profile<\/a><\/li>\r\n<li><a href=\"https:\/\/sinoextrud.com\/product\/t-section-aluminium-extrusion\/\" target=\"_blank\">T Section Aluminium Extrusion<\/a><\/li>"},"feature_list":[]},"_links":{"self":[{"href":"https:\/\/sinoextrud.com\/fi\/wp-json\/wp\/v2\/product\/8375","targetHints":{"allow":["GET"]}}],"collection":[{"href":"https:\/\/sinoextrud.com\/fi\/wp-json\/wp\/v2\/product"}],"about":[{"href":"https:\/\/sinoextrud.com\/fi\/wp-json\/wp\/v2\/types\/product"}],"wp:featuredmedia":[{"embeddable":true,"href":"https:\/\/sinoextrud.com\/fi\/wp-json\/wp\/v2\/media\/8374"}],"wp:attachment":[{"href":"https:\/\/sinoextrud.com\/fi\/wp-json\/wp\/v2\/media?parent=8375"}],"wp:term":[{"taxonomy":"category","embeddable":true,"href":"https:\/\/sinoextrud.com\/fi\/wp-json\/wp\/v2\/categories?post=8375"}],"curies":[{"name":"wp","href":"https:\/\/api.w.org\/{rel}","templated":true}]}}