{"id":8371,"date":"2025-06-16T01:30:22","date_gmt":"2025-06-16T01:30:22","guid":{"rendered":"https:\/\/sinoextrud.com\/product\/extruded-aluminum-rail-system\/"},"modified":"2025-06-24T06:23:39","modified_gmt":"2025-06-24T06:23:39","slug":"suulakepuristettu-alumiinikiskojarjestelma","status":"publish","type":"product","link":"https:\/\/sinoextrud.com\/fi\/product\/extruded-aluminum-rail-system\/","title":{"rendered":"Suulakepuristettu alumiininen kiskoj\u00e4rjestelm\u00e4"},"content":{"rendered":"<h2>Tuotteiden tiedot<\/h2>\n<table class=\"custom-table\">\n<tbody>\n<tr>\n<td> Malli NO.:<\/td>\n<td> 6000-sarja<\/td>\n<td> Pintak\u00e4sittely:<\/td>\n<td> Jauheen ruiskutus<\/td>\n<\/tr>\n<tr>\n<td> Seosaine:<\/td>\n<td> 6063<\/td>\n<td> Sertifiointi:<\/td>\n<td> CE, SONCAP, ISO, CIQ, RoHS, TUV, TUV<\/td>\n<\/tr>\n<tr>\n<td> Kiillotettu alumiini Profiili:<\/td>\n<td> Mekaaninen kiillotus<\/td>\n<td> Materiaali:<\/td>\n<td> 6063-T5, 6061-T6, 6463-T5, 7075-T6, 6082<\/td>\n<\/tr>\n<tr>\n<td> Tarkoitus:<\/td>\n<td> Huonekalut, Ikkunat ja ovet, Koristeet, Teollisuus<\/td>\n<td> MOQ:<\/td>\n<td> 200KG kullekin profiilille<\/td>\n<\/tr>\n<tr>\n<td> OEM-palvelu:<\/td>\n<td> Perustuu asiakkaan suunnittelemiin piirustuksiin tai n\u00e4ytteisiin<\/td>\n<td> Pintak\u00e4sittely:<\/td>\n<td> Anodisoitu \/ elektroforeesi \/ jauhemaalaus jne.<\/td>\n<\/tr>\n<tr>\n<td> Syv\u00e4prosessointi:<\/td>\n<td> Rei'itys, poraus, napauttaminen, taivutus<\/td>\n<td> Toimitusaika:<\/td>\n<td> 25-30 p\u00e4iv\u00e4\u00e4 sen j\u00e4lkeen, kun n\u00e4ytteen on Confrimed ostajat<\/td>\n<\/tr>\n<tr>\n<td> Selvitysehto:<\/td>\n<td> Loppumaksun on perustuttava lopulliseen todelliseen fysiikkaan.<\/td>\n<td> Tuotantotakuu:<\/td>\n<td> Pintav\u00e4ri pystyy yll\u00e4pit\u00e4m\u00e4\u00e4n 10 ~ 20 vuoden ajan<\/td>\n<\/tr>\n<tr>\n<td> Satama:<\/td>\n<td> Fob Shenzhen, Guangzhou, Foshan<\/td>\n<td> Tavaramerkki:<\/td>\n<td> Sinoextrud &amp; Sinoextrud<\/td>\n<\/tr>\n<tr>\n<td> Kuljetuspaketti:<\/td>\n<td> Normaali tai r\u00e4\u00e4t\u00e4l\u00f6ity<\/td>\n<td> Tekniset tiedot:<\/td>\n<td> Asiakkaiden vaatimuksen mukaan<\/td>\n<\/tr>\n<tr>\n<td> Alkuper\u00e4:<\/td>\n<td> Manner-Kiina<\/td>\n<td> HS-koodi:<\/td>\n<td> 76042100<\/td>\n<\/tr>\n<\/tbody>\n<\/table>\n<h2>Tuotantopohjamme<\/h2>\n<h3>Tehtaan panoraama<\/h3>\n<p><img decoding=\"async\" src=\"\/wp-content\/uploads\/factory-01.webp\"\/><\/p>\n<h3>Alumiini Bar Manufacturing Workshop<\/h3>\n<p><img decoding=\"async\" src=\"\/wp-content\/uploads\/factory-02.webp\"\/><\/p>\n<p><img decoding=\"async\" src=\"\/wp-content\/uploads\/factory-03.webp\"\/><\/p>\n<h3>Muotin varastointi Varasto<\/h3>\n<p><img decoding=\"async\" src=\"\/wp-content\/uploads\/factory-04.webp\"\/><\/p>\n<h3>43 Alumiini ekstruusiolinjat (500\u00e2 5500 tonnia)<\/h3>\n<p><img decoding=\"async\" src=\"\/wp-content\/uploads\/factory-05.webp\"\/><\/p>\n<p><img decoding=\"async\" src=\"\/wp-content\/uploads\/factory-06.webp\"\/><\/p>\n<p><img decoding=\"async\" src=\"\/wp-content\/uploads\/factory-07.webp\"\/><\/p>\n<h3>Jauhemaalaus ty\u00f6paja<\/h3>\n<p><img decoding=\"async\" src=\"\/wp-content\/uploads\/factory-09.webp\"\/><\/p>\n<h3>Anodisointi ty\u00f6paja<\/h3>\n<p><img decoding=\"async\" src=\"\/wp-content\/uploads\/factory-10.webp\"\/><\/p>\n<h3>Syv\u00e4k\u00e4sittelyn ty\u00f6paja<\/h3>\n<p><img decoding=\"async\" src=\"\/wp-content\/uploads\/factory-11.webp\"\/><\/p>\n<h3>CNC-tarkkuuskoneistus ty\u00f6paja<\/h3>\n<p><img decoding=\"async\" src=\"\/wp-content\/uploads\/factory-11.5.webp\"\/><\/p>\n<h3>Valmiiden tuotteiden ja vientivarasto<\/h3>\n<p><img decoding=\"async\" src=\"\/wp-content\/uploads\/factory-12.webp\"\/><\/p>\n<p><img decoding=\"async\" src=\"\/wp-content\/uploads\/factory-13.webp\"\/><\/p>\n<p><img decoding=\"async\" src=\"\/wp-content\/uploads\/factory-14.webp\"\/><\/p>\n<h2>FAQ<\/h2>\n<p><p><b>1.Mik\u00e4 tekee suulakepuristetun alumiinikiskoj\u00e4rjestelm\u00e4n sopivaksi teollisiin sovelluksiin? <\/b><\/p>\n<p> Suulakepuristettu alumiinikiskoj\u00e4rjestelm\u00e4 on vahva, kest\u00e4v\u00e4 ja korroosionkest\u00e4v\u00e4, joten se sopii monenlaisiin teollisiin sovelluksiin.<br \/>\n<\/p><br \/>\n<br \/>\n<p><b>2.Can suulakepuristettu alumiini Rail System voidaan r\u00e4\u00e4t\u00e4l\u00f6id\u00e4? <\/b><\/p>\n<p> Kyll\u00e4, j\u00e4rjestelm\u00e4 voidaan r\u00e4\u00e4t\u00e4l\u00f6id\u00e4 pituuden, viimeistelyn ja muotoilun osalta projektin erityistarpeiden mukaan.<br \/>\n<\/p><br \/>\n<br \/>\n<p><b>3.Kuinka kest\u00e4v\u00e4 on suulakepuristettu alumiinikiskoj\u00e4rjestelm\u00e4? <\/b><\/p>\n<p> Alumiinimateriaali on korroosionkest\u00e4v\u00e4\u00e4, mik\u00e4 takaa pitk\u00e4aikaisen kest\u00e4vyyden my\u00f6s vaativissa olosuhteissa.<br \/>\n<\/p><br \/>\n<br \/>\n<p><b>4.What ovat edut k\u00e4ytt\u00e4m\u00e4ll\u00e4 suulakepuristettua alumiinia Rail System verrattuna muihin materiaaleihin? <\/b><\/p>\n<p> Alumiini on kevytt\u00e4, vahvaa ja korroosionkest\u00e4v\u00e4\u00e4, joten se on ylivoimainen valinta raskaampiin, ruostumiselle alttiisiin materiaaleihin verrattuna.<br \/>\n<\/p><br \/>\n<br \/>\n<p><b>5.Onko suulakepuristettu alumiinikiskoj\u00e4rjestelm\u00e4 helppo asentaa? <\/b><\/p>\n<p> Kyll\u00e4, se on suunniteltu helposti asennettavaksi, mik\u00e4 v\u00e4hent\u00e4\u00e4 sek\u00e4 ty\u00f6voimakustannuksia ett\u00e4 asennukseen kuluvaa aikaa.<br \/>\n<\/p><br \/>\n<br \/>\n<p><b>6.Onko suulakepuristettu alumiinikiskoj\u00e4rjestelm\u00e4 ymp\u00e4rist\u00f6yst\u00e4v\u00e4llinen? <\/b><\/p>\n<p> Kyll\u00e4, alumiini on kierr\u00e4tett\u00e4v\u00e4 materiaali, mik\u00e4 tekee kiskoj\u00e4rjestelm\u00e4st\u00e4 ymp\u00e4rist\u00f6yst\u00e4v\u00e4llisen vaihtoehdon eri sovelluksiin.<br \/>\n<\/p><br \/>\n<br \/>\n<p><b>7.What teollisuudenalat k\u00e4ytt\u00e4v\u00e4t suulakepuristettua alumiinia Rail System? <\/b><\/p>\n<p> J\u00e4rjestelm\u00e4 on monipuolinen, ja sit\u00e4 voidaan k\u00e4ytt\u00e4\u00e4 esimerkiksi teollisuudessa, rakentamisessa ja asuntosovelluksissa, joissa tarvitaan vankkaa ja kevytt\u00e4 tukea.<br \/>\n<\/p><br \/><\/p>","protected":false},"featured_media":8370,"template":"","categories":[54],"class_list":["post-8371","product","type-product","status-publish","has-post-thumbnail","hentry","category-industrial-aluminum-profiles"],"meta_box":{"hilight_text_group":{"product_hilight_text":"<ul>\r\r\n  <li>Durable extruded aluminum rail system for a wide range of applications<\/li>\r\r\n  <li>Lightweight yet strong, providing reliable support for various structures<\/li>\r\r\n  <li>Corrosion-resistant aluminum ensures long-lasting performance in various environments<\/li>\r\r\n  <li>Customizable lengths and finishes to meet specific project requirements<\/li>\r\r\n  <li>Easy to install, reducing labor costs and installation time<\/li>\r\r\n  <li>Environmentally friendly, made from recyclable aluminum material<\/li>\r\r\n  <li>Suitable for both industrial and residential applications<\/li>\r\r\n<\/ul>","product_chanpin_blog":"<ul>\r\r\n<li><a href=\"https:\/\/sinoextrud.com\/t-slot-v-slot-differences\/\" target=\"_blank\">t slot vs v slot<\/a><\/li>\r\r\n<li><a href=\"https:\/\/sinoextrud.com\/what-is-4040-aluminium-extrud\/\" target=\"_blank\">4040 aluminium extrusion<\/a><\/li>\r\r\n<li><a href=\"https:\/\/sinoextrud.com\/what-is-4040-aluminium-extrud\/\" target=\"_blank\">aluminum extrusions for industrial racks<\/a><\/li>\r\r\n<li><a href=\"https:\/\/sinoextrud.com\/powder-coating-aluminium-process\/\" target=\"_blank\">powder coating aluminium<\/a><\/li>\r\r\n<li><a href=\"https:\/\/sinoextrud.com\/what-is-an-aluminium-strip-ceiling\/\" target=\"_blank\">aluminium strip ceiling<\/a><\/li>\r\r\n<li><a href=\"https:\/\/sinoextrud.com\/what-is-a-heat-sink\/\" target=\"_blank\">what is a heat sink<\/a><\/li>\r\r\n<\/ul>","product_chanpin_chanpin":"<li><a href=\"https:\/\/sinoextrud.com\/product\/extruded-manufacturer-aluminum-profile-heatsink\/\" target=\"_blank\">Extruded Manufacturer Aluminum Profile Heatsink<\/a><\/li>\r\n<li><a href=\"https:\/\/sinoextrud.com\/product\/customized-structural-aluminum-profiles\/\" target=\"_blank\">Customized Structural Aluminum Profiles<\/a><\/li>\r\n<li><a href=\"https:\/\/sinoextrud.com\/product\/aluminum-t-track-extrusion\/\" target=\"_blank\">Aluminum T Track Extrusion<\/a><\/li>\r\n<li><a href=\"https:\/\/sinoextrud.com\/product\/cutting-aluminum-extrusion\/\" target=\"_blank\">Cutting Aluminum Extrusion<\/a><\/li>\r\n<li><a href=\"https:\/\/sinoextrud.com\/product\/extruded-aluminum-rail-system\/\" target=\"_blank\">Extruded Aluminum Rail System<\/a><\/li>\r\n<li><a href=\"https:\/\/sinoextrud.com\/product\/extrusion-aluminum-pipe-anodized-sandblasted-black\/\" target=\"_blank\">Extrusion Aluminum Pipe Anodized Sandblasted Black<\/a><\/li>\r\n<li><a href=\"https:\/\/sinoextrud.com\/product\/extruded-aluminum-triangle-electrical-instrument-shell-housing\/\" target=\"_blank\">Extruded Aluminum Triangle Electrical Instrument Shell Housing<\/a><\/li>\r\n<li><a href=\"https:\/\/sinoextrud.com\/product\/l-shape-aluminum-angle-profile\/\" target=\"_blank\">L Shape Aluminum Angle Profile<\/a><\/li>\r\n<li><a href=\"https:\/\/sinoextrud.com\/product\/stock-aluminum-extrusion-profiles\/\" target=\"_blank\">Stock Aluminum Extrusion Profiles<\/a><\/li>\r\n<li><a href=\"https:\/\/sinoextrud.com\/product\/aluminum-extrusion-plate\/\" target=\"_blank\">Aluminum Extrusion Plate<\/a><\/li>\r\n<li><a href=\"https:\/\/sinoextrud.com\/product\/aluminium-sliding-casement-window-profile\/\" target=\"_blank\">Aluminium Sliding Casement Window Profile<\/a><\/li>"},"feature_list":[]},"_links":{"self":[{"href":"https:\/\/sinoextrud.com\/fi\/wp-json\/wp\/v2\/product\/8371","targetHints":{"allow":["GET"]}}],"collection":[{"href":"https:\/\/sinoextrud.com\/fi\/wp-json\/wp\/v2\/product"}],"about":[{"href":"https:\/\/sinoextrud.com\/fi\/wp-json\/wp\/v2\/types\/product"}],"wp:featuredmedia":[{"embeddable":true,"href":"https:\/\/sinoextrud.com\/fi\/wp-json\/wp\/v2\/media\/8370"}],"wp:attachment":[{"href":"https:\/\/sinoextrud.com\/fi\/wp-json\/wp\/v2\/media?parent=8371"}],"wp:term":[{"taxonomy":"category","embeddable":true,"href":"https:\/\/sinoextrud.com\/fi\/wp-json\/wp\/v2\/categories?post=8371"}],"curies":[{"name":"wp","href":"https:\/\/api.w.org\/{rel}","templated":true}]}}