{"id":8336,"date":"2025-06-15T06:38:01","date_gmt":"2025-06-15T06:38:01","guid":{"rendered":"https:\/\/sinoextrud.com\/product\/aluminum-t-track-extrusion\/"},"modified":"2025-06-24T06:23:38","modified_gmt":"2025-06-24T06:23:38","slug":"alumiini-t-kisko-suulakepuristus","status":"publish","type":"product","link":"https:\/\/sinoextrud.com\/fi\/product\/aluminum-t-track-extrusion\/","title":{"rendered":"Alumiini T Track ekstruusio"},"content":{"rendered":"<h2>Tuotteiden tiedot<\/h2>\n<table class=\"custom-table\">\n<tr>\n<td class=\"label\">Kohde<\/td>\n<td>Alumiini T Track ekstruusio<\/td>\n<\/tr>\n<tr>\n<td class=\"label\">Alumiiniseos<\/td>\n<td>Yleinen metalliseos: 6063, 6063A, 6061, 6005, 6005A, 6060, 6082, 6463 jne.<br \/>\nErikoisseos: 5052, 5050 jne.<\/td>\n<\/tr>\n<tr>\n<td class=\"label\">Temper<\/td>\n<td>T0, T3, T4, T5, T6, T66 jne.<\/td>\n<\/tr>\n<tr>\n<td class=\"label\">Standardi<\/td>\n<td>Tuotteen pyynn\u00f6st\u00e4. Tai k\u00e4yt\u00e4 GB5237-2008 kiinalaisen standardin eritt\u00e4in korkeaa laatutasoa.<\/td>\n<\/tr>\n<tr>\n<td class=\"label\">Pinnan viimeistely<\/td>\n<td>Jyrsitty viimeistely<br \/>\nHiekkapuhallus<br \/>\nKiillotus<br \/>\nHarjaus<br \/>\nAnodisointi: Kulta: Sliver, Champange, Bronze, Black, Gold, K Gold, BMW Gold,<br \/>\nTer\u00e4st\u00e4 j\u00e4ljittelev\u00e4, titaani. Kova anodisointi on my\u00f6s saatavilla.<br \/>\nElektroforeesi: normaali v\u00e4ri, r\u00e4\u00e4t\u00e4l\u00f6ity v\u00e4ri<br \/>\nTehopinnoite: V\u00e4ri: Normaali v\u00e4ri, r\u00e4\u00e4t\u00e4l\u00f6ity v\u00e4ri<br \/>\nFluorihiilipinnoite\/PVDF-pinnoite: V\u00e4ri: Normaali v\u00e4ri, r\u00e4\u00e4t\u00e4l\u00f6ity v\u00e4ri<br \/>\nPuuj\u00e4ljitelm\u00e4: 3D\/4D puun jyv\u00e4: Normaali v\u00e4ri, erikoisv\u00e4ri, 3D\/4D puun jyv\u00e4<\/td>\n<\/tr>\n<tr>\n<td class=\"label\">Valmistus Kyvyt<\/td>\n<td>Arvokas leikkaus, tarkkuus: \u00b10.05MM<br \/>\nCNC (poraus, jyrsint\u00e4, kierteitys) Tarkkuus: \u00b1 0,05MM<br \/>\nLaserleikkauksen tarkkuus: \u00b10.05MM<br \/>\nHitsaus<br \/>\nTaivutus<br \/>\nMarmori tasainen penkki<\/td>\n<\/tr>\n<tr>\n<td class=\"label\">Maksuehdot<\/td>\n<td>30% talletus ennen tilauksen aloittamista, 70% saldo ennen TT: n l\u00e4hett\u00e4mist\u00e4.<\/td>\n<\/tr>\n<tr>\n<td class=\"label\">Pakkaus<\/td>\n<td>EPE, voimapaperi, suojaa kalvo, kutistekalvo, puukehys, rauta-auto,<br \/>\nKuormalava, kartonki, vaahtomuovipussi<\/td>\n<\/tr>\n<tr>\n<td class=\"label\">Massatuotantoaika<\/td>\n<td>15-30 p\u00e4iv\u00e4\u00e4 n\u00e4ytteen vahvistuksen ja maksun saapumisen j\u00e4lkeen<\/td>\n<\/tr>\n<tr>\n<td class=\"label\">Muotin valmistusaika<\/td>\n<td>3-5 p\u00e4iv\u00e4\u00e4 normaaliin profiiliin.<\/td>\n<\/tr>\n<tr>\n<td class=\"label\">N\u00e4ytteen valmistusaika<\/td>\n<td>3-5 p\u00e4iv\u00e4\u00e4 normaalille tuotteelle.<\/td>\n<\/tr>\n<\/table>\n<h2>Tuotantopohjamme<\/h2>\n<h3>Tehtaan panoraama<\/h3>\n<p><img decoding=\"async\" src=\"\/wp-content\/uploads\/factory-01.webp\"\/><\/p>\n<h3>Alumiini Bar Manufacturing Workshop<\/h3>\n<p><img decoding=\"async\" src=\"\/wp-content\/uploads\/factory-02.webp\"\/><\/p>\n<\/p>\n<p><img decoding=\"async\" src=\"\/wp-content\/uploads\/factory-03.webp\"\/><\/p>\n<h3>Muotin varastointi Varasto<\/h3>\n<p><img decoding=\"async\" src=\"\/wp-content\/uploads\/factory-04.webp\"\/><\/p>\n<h3>43 alumiinin ekstruusiolinjat (500-5500 tonnia)<\/h3>\n<p><img decoding=\"async\" src=\"\/wp-content\/uploads\/factory-05.webp\"\/><\/p>\n<p><img decoding=\"async\" src=\"\/wp-content\/uploads\/factory-06.webp\"\/><\/p>\n<p><img decoding=\"async\" src=\"\/wp-content\/uploads\/factory-07.webp\"\/><\/p>\n<h3>Jauhemaalaus ty\u00f6paja<\/h3>\n<p><img decoding=\"async\" src=\"\/wp-content\/uploads\/factory-09.webp\"\/><\/p>\n<h3>Anodisointi ty\u00f6paja<\/h3>\n<p><img decoding=\"async\" src=\"\/wp-content\/uploads\/factory-10.webp\"\/><\/p>\n<h3>Syv\u00e4k\u00e4sittelyn ty\u00f6paja<\/h3>\n<p><img decoding=\"async\" src=\"\/wp-content\/uploads\/factory-11.webp\"\/><\/p>\n<h3>CNC-tarkkuuskoneistus ty\u00f6paja<\/h3>\n<p><img decoding=\"async\" src=\"\/wp-content\/uploads\/factory-11.5.webp\"\/><\/p>\n<h3>Valmiiden tuotteiden ja vientivarasto<\/h3>\n<p><img decoding=\"async\" src=\"\/wp-content\/uploads\/factory-12.webp\"\/><\/p>\n<p><img decoding=\"async\" src=\"\/wp-content\/uploads\/factory-13.webp\"\/><\/p>\n<p><img decoding=\"async\" src=\"\/wp-content\/uploads\/factory-14.webp\"\/><\/p>\n<h2>FAQ<\/h2>\n<p><b>1.What on alumiini T Track Extrusion k\u00e4ytet\u00e4\u00e4n?<\/b><\/p>\n<p>Alumiini T Track Extrusion k\u00e4ytet\u00e4\u00e4n luomaan s\u00e4\u00e4dett\u00e4vi\u00e4 kiskoja puuty\u00f6 jigit, kalusteet, ja ty\u00f6penkit, joka tarjoaa tarkkuutta ja monipuolisuutta.\n<\/p>\n<p><\/p>\n<p><b>2.Onko alumiininen T Track Extrusion yhteensopiva vakiolaitteiston kanssa?<\/b><\/p>\n<p>Kyll\u00e4, alumiininen T-kiskopuristus on suunniteltu toimimaan tavallisten T-pulttien, nuppien ja muiden yleisten kiinnittimien kanssa, mik\u00e4 helpottaa integrointia.\n<\/p>\n<p><\/p>\n<p><b>3.Miksi valita alumiini T Track Extrusion?<\/b><\/p>\n<p>Alumiini on kevyt, korroosionkest\u00e4v\u00e4 ja kest\u00e4v\u00e4 materiaali, joten se on ihanteellinen korkean suorituskyvyn T Track Extrusion -sovelluksiin.\n<\/p>\n<p><\/p>\n<p><b>4.Voinko leikata alumiini T Track Extrusion kokoon?<\/b><\/p>\n<p>Kyll\u00e4, alumiininen T-kisko voidaan helposti leikata haluttuun pituuteen tavallisilla ty\u00f6kaluilla vaarantamatta sen eheytt\u00e4.\n<\/p>\n<p><\/p>\n<p><b>5.Does alumiini T Track Extrusion tukee raskaan k\u00e4yt\u00f6n?<\/b><\/p>\n<p>Ehdottomasti, Alumiini T Track Extrusion on suunniteltu vahvuus ja vakaus, tukee vaativia ty\u00f6paja ja teollisuuden teht\u00e4vi\u00e4.\n<\/p>\n<p><\/p>\n<p><b>6.Miten kiinnit\u00e4n alumiinisen T-kiskoekstruusion?<\/b><\/p>\n<p>Useimmat alumiiniset T-kiskoprofiilit toimitetaan valmiiksi porattuina, jotta ne on helppo asentaa ruuveilla puu- tai metallipintoihin.\n<\/p>\n<p><\/p>\n<p><b>7.Is viimeistely alumiini T Track Extrusion t\u00e4rke\u00e4\u00e4?<\/b><\/p>\n<p>Kyll\u00e4, anodisoitu viimeistely parantaa korroosionkest\u00e4vyytt\u00e4 ja antaa siistin, ammattimaisen ulkon\u00e4\u00f6n sek\u00e4 parantaa pitk\u00e4ik\u00e4isyytt\u00e4 ja suorituskyky\u00e4.\n<\/p>\n<p><\/p>","protected":false},"featured_media":8335,"template":"","categories":[54],"class_list":["post-8336","product","type-product","status-publish","has-post-thumbnail","hentry","category-industrial-aluminum-profiles"],"meta_box":{"hilight_text_group":{"product_hilight_text":"<li>Precision-machined for secure and accurate tool positioning<\/li>\r\r\n<li>Compatible with standard T-bolts and hardware for easy installation<\/li>\r\r\n<li>Durable aluminum construction with excellent corrosion resistance<\/li>\r\r\n<li>Available in multiple lengths for flexible project requirements<\/li>\r\r\n<li>Lightweight yet strong, ideal for jigs, fixtures, and workbenches<\/li>\r\r\n<li>Pre-drilled mounting holes for quick and simple setup<\/li>\r\r\n<li>Clean anodized finish for professional appearance and longevity<\/li>","product_chanpin_blog":"<ul>\r\r\n<li><a href=\"https:\/\/sinoextrud.com\/t-slot-v-slot-differences\/\" target=\"_blank\">t slot vs v slot<\/a><\/li>\r\r\n<li><a href=\"https:\/\/sinoextrud.com\/what-is-4040-aluminium-extrud\/\" target=\"_blank\">4040 aluminium extrusion<\/a><\/li>\r\r\n<li><a href=\"https:\/\/sinoextrud.com\/what-is-4040-aluminium-extrud\/\" target=\"_blank\">aluminum extrusions for industrial racks<\/a><\/li>\r\r\n<li><a href=\"https:\/\/sinoextrud.com\/powder-coating-aluminium-process\/\" target=\"_blank\">powder coating aluminium<\/a><\/li>\r\r\n<li><a href=\"https:\/\/sinoextrud.com\/what-is-an-aluminium-strip-ceiling\/\" target=\"_blank\">aluminium strip ceiling<\/a><\/li>\r\r\n<li><a href=\"https:\/\/sinoextrud.com\/what-is-a-heat-sink\/\" target=\"_blank\">what is a heat sink<\/a><\/li>\r\r\n<\/ul>","product_chanpin_chanpin":"<li><a href=\"https:\/\/sinoextrud.com\/product\/cnc-aluminum-bar-profile-for-instrument\/\" target=\"_blank\">CNC Aluminum Bar Profile For Instrument<\/a><\/li>\r\n<li><a href=\"https:\/\/sinoextrud.com\/product\/extruded-aluminum-profile-aluminum-t-slot\/\" target=\"_blank\">Extruded Aluminum Profile Aluminum T Slot<\/a><\/li>\r\n<li><a href=\"https:\/\/sinoextrud.com\/product\/extruded-manufacturer-aluminum-profile-heatsink\/\" target=\"_blank\">Extruded Manufacturer Aluminum Profile Heatsink<\/a><\/li>\r\n<li><a href=\"https:\/\/sinoextrud.com\/product\/customized-structural-aluminum-profiles\/\" target=\"_blank\">Customized Structural Aluminum Profiles<\/a><\/li>\r\n<li><a href=\"https:\/\/sinoextrud.com\/product\/aluminum-t-track-extrusion\/\" target=\"_blank\">Aluminum T Track Extrusion<\/a><\/li>\r\n<li><a href=\"https:\/\/sinoextrud.com\/product\/cutting-aluminum-extrusion\/\" target=\"_blank\">Cutting Aluminum Extrusion<\/a><\/li>\r\n<li><a href=\"https:\/\/sinoextrud.com\/product\/extruded-aluminum-rail-system\/\" target=\"_blank\">Extruded Aluminum Rail System<\/a><\/li>\r\n<li><a href=\"https:\/\/sinoextrud.com\/product\/extrusion-aluminum-pipe-anodized-sandblasted-black\/\" target=\"_blank\">Extrusion Aluminum Pipe Anodized Sandblasted Black<\/a><\/li>\r\n<li><a href=\"https:\/\/sinoextrud.com\/product\/extruded-aluminum-triangle-electrical-instrument-shell-housing\/\" target=\"_blank\">Extruded Aluminum Triangle Electrical Instrument Shell Housing<\/a><\/li>\r\n<li><a href=\"https:\/\/sinoextrud.com\/product\/anodized-mill-finish-auminium-extrusion-angle\/\" target=\"_blank\">Anodized Mill Finish Auminium Extrusion Angle<\/a><\/li>\r\n<li><a href=\"https:\/\/sinoextrud.com\/product\/aluminum-profile-clean-room-for-workshop-and-hospital\/\" target=\"_blank\">Aluminum Profile Clean Room for Workshop and Hospital<\/a><\/li>"},"feature_list":[]},"_links":{"self":[{"href":"https:\/\/sinoextrud.com\/fi\/wp-json\/wp\/v2\/product\/8336","targetHints":{"allow":["GET"]}}],"collection":[{"href":"https:\/\/sinoextrud.com\/fi\/wp-json\/wp\/v2\/product"}],"about":[{"href":"https:\/\/sinoextrud.com\/fi\/wp-json\/wp\/v2\/types\/product"}],"wp:featuredmedia":[{"embeddable":true,"href":"https:\/\/sinoextrud.com\/fi\/wp-json\/wp\/v2\/media\/8335"}],"wp:attachment":[{"href":"https:\/\/sinoextrud.com\/fi\/wp-json\/wp\/v2\/media?parent=8336"}],"wp:term":[{"taxonomy":"category","embeddable":true,"href":"https:\/\/sinoextrud.com\/fi\/wp-json\/wp\/v2\/categories?post=8336"}],"curies":[{"name":"wp","href":"https:\/\/api.w.org\/{rel}","templated":true}]}}