{"id":8332,"date":"2025-06-15T06:33:06","date_gmt":"2025-06-15T06:33:06","guid":{"rendered":"https:\/\/sinoextrud.com\/product\/extruded-manufacturer-aluminum-profile-heatsink\/"},"modified":"2025-06-24T06:23:38","modified_gmt":"2025-06-24T06:23:38","slug":"suulakepuristettu-valmistaja-alumiiniprofiili-jaahdytyselementti","status":"publish","type":"product","link":"https:\/\/sinoextrud.com\/fi\/product\/extruded-manufacturer-aluminum-profile-heatsink\/","title":{"rendered":"Suulakepuristettu valmistaja alumiiniprofiili j\u00e4\u00e4hdytyslevy"},"content":{"rendered":"<h2>Tuotteiden tiedot<\/h2>\n<table class=\"custom-table\">\n<tbody>\n<tr>\n<td> Tuotemerkki<\/td>\n<td> Kiina Sinoextrud<\/td>\n<\/tr>\n<tr>\n<td> Tuotteen tyyppi<\/td>\n<td> Suulakepuristettu valmistaja alumiiniprofiili j\u00e4\u00e4hdytyslevy<\/td>\n<\/tr>\n<tr>\n<td> Materiaali<\/td>\n<td> 100% alumiiniseosVaihtoehdot: 6063, 6061, 6060, 6082 tai muu: 6063, 6061, 6060, 6082 tai muu.<\/td>\n<\/tr>\n<tr>\n<td> Temper<\/td>\n<td> T3-T8<\/td>\n<\/tr>\n<tr>\n<td> Luokka<\/td>\n<td> 6000-sarja<\/td>\n<\/tr>\n<tr>\n<td> Muoto<\/td>\n<td> ottaa vastaan tilaustilauksia<\/td>\n<\/tr>\n<tr>\n<td> Pituus<\/td>\n<td> mittatilausty\u00f6n\u00e4<\/td>\n<\/tr>\n<tr>\n<td> Paksuus<\/td>\n<td> mittatilausty\u00f6n\u00e4<\/td>\n<\/tr>\n<tr>\n<td> Mitta<\/td>\n<td> valinnainen<\/td>\n<\/tr>\n<tr>\n<td> Suvaitsevaisuus<\/td>\n<td> eritt\u00e4in tarkka valmistus \u00b10.05mm<\/td>\n<\/tr>\n<tr>\n<td> V\u00e4ri<\/td>\n<td> hopea, musta, hopea, pronssi, samppanja, puunjyv\u00e4 ja niin edelleen (Hyv\u00e4ksy tilaustilaukset).<\/td>\n<\/tr>\n<tr>\n<td> Pintak\u00e4sittely<\/td>\n<td> myllyn viimeistely, anodisoitu, jauhemaalaus, kiillotus, hiekkapuhallus, puunjyv\u00e4, PVDF-pinnoite jne.<\/td>\n<\/tr>\n<tr>\n<td> N\u00e4yte<\/td>\n<td> Laaduntarkastusta varten on saatavilla ilmaisia n\u00e4ytteit\u00e4.<\/td>\n<\/tr>\n<tr>\n<td> Koneistus<\/td>\n<td> CNC, poraus, jyrsint\u00e4, leikkaus, hitsaus, taivutus, kokoonpano<\/td>\n<\/tr>\n<tr>\n<td> Sertifiointi<\/td>\n<td> ISO9001-2008, ISO14001, ROHS, TUV, CE, BV, JIS, AS, NZS, QUALICOAT, SONCAPE jne.<\/td>\n<\/tr>\n<\/tbody>\n<\/table>\n<h2>Tuotantopohjamme<\/h2>\n<h3>Tehtaan panoraama<\/h3>\n<p><img decoding=\"async\" src=\"\/wp-content\/uploads\/factory-01.webp\"\/><\/p>\n<h3>Alumiini Bar Manufacturing Workshop<\/h3>\n<p><img decoding=\"async\" src=\"\/wp-content\/uploads\/factory-02.webp\"\/><\/p>\n<p><img decoding=\"async\" src=\"\/wp-content\/uploads\/factory-03.webp\"\/><\/p>\n<h3>Muotin varastointi Varasto<\/h3>\n<p><img decoding=\"async\" src=\"\/wp-content\/uploads\/factory-04.webp\"\/><\/p>\n<h3>43 alumiinin ekstruusiolinjat (500-5500 tonnia)<\/h3>\n<p><img decoding=\"async\" src=\"\/wp-content\/uploads\/factory-05.webp\"\/><\/p>\n<p><img decoding=\"async\" src=\"\/wp-content\/uploads\/factory-06.webp\"\/><\/p>\n<p><img decoding=\"async\" src=\"\/wp-content\/uploads\/factory-07.webp\"\/><\/p>\n<h3>Jauhemaalaus ty\u00f6paja<\/h3>\n<p><img decoding=\"async\" src=\"\/wp-content\/uploads\/factory-09.webp\"\/><\/p>\n<h3>Anodisointi ty\u00f6paja<\/h3>\n<p><img decoding=\"async\" src=\"\/wp-content\/uploads\/factory-10.webp\"\/><\/p>\n<h3>Syv\u00e4k\u00e4sittelyn ty\u00f6paja<\/h3>\n<p><img decoding=\"async\" src=\"\/wp-content\/uploads\/factory-11.webp\"\/><\/p>\n<h3>CNC-tarkkuuskoneistus ty\u00f6paja<\/h3>\n<p><img decoding=\"async\" src=\"\/wp-content\/uploads\/factory-11.5.webp\"\/><\/p>\n<h3>Valmiiden tuotteiden ja vientivarasto<\/h3>\n<p><img decoding=\"async\" src=\"\/wp-content\/uploads\/factory-12.webp\"\/><\/p>\n<p><img decoding=\"async\" src=\"\/wp-content\/uploads\/factory-13.webp\"\/><\/p>\n<p><img decoding=\"async\" src=\"\/wp-content\/uploads\/factory-14.webp\"\/><\/p>\n<h2>FAQ<\/h2>\n<p><p><b>1.Mik\u00e4 on suulakepuristettu valmistaja alumiiniprofiilin j\u00e4\u00e4hdytyslevy? <\/b><\/p>\n<p> Se on r\u00e4\u00e4t\u00e4l\u00f6idysti muotoiltu alumiinikomponentti, joka on suunniteltu johtamaan l\u00e4mp\u00f6\u00e4 elektronisista laitteista ja parantamaan l\u00e4mm\u00f6nhallintaa ja suorituskyky\u00e4.<br \/>\n<\/p><br \/>\n<br \/>\n<p><b>2.Miksi k\u00e4ytt\u00e4\u00e4 suulakepuristettua alumiinia j\u00e4\u00e4hdytyslevyihin? <\/b><\/p>\n<p> Suulakepuristettu alumiini tarjoaa erinomaisen l\u00e4mm\u00f6njohtavuuden, on kevytt\u00e4 ja sit\u00e4 voidaan muotoilla niin, ett\u00e4 sen pinta-ala on mahdollisimman suuri j\u00e4\u00e4hdytystehokkuuden parantamiseksi.<br \/>\n<\/p><br \/>\n<br \/>\n<p><b>3.Can alumiini j\u00e4\u00e4hdytyselementti profiileja voidaan r\u00e4\u00e4t\u00e4l\u00f6id\u00e4? <\/b><\/p>\n<p> Kyll\u00e4, valmistamme mukautettuja j\u00e4\u00e4hdytyselementtiprofiileja, joissa on tietyt mitat, lamellien kokoonpanot ja pintak\u00e4sittelyt, jotta ne vastaavat l\u00e4mp\u00f6vaatimuksiasi.<br \/>\n<\/p><br \/>\n<br \/>\n<p><b>4.Mitk\u00e4 ovat alumiinisten j\u00e4\u00e4hdytyslevyjen k\u00e4yt\u00f6n edut elektroniikassa? <\/b><\/p>\n<p> Alumiiniset j\u00e4\u00e4hdytyselementit auttavat yll\u00e4pit\u00e4m\u00e4\u00e4n turvallisia k\u00e4ytt\u00f6l\u00e4mp\u00f6tiloja, pident\u00e4v\u00e4t komponenttien k\u00e4ytt\u00f6ik\u00e4\u00e4 ja varmistavat laitteen vakaan suorituskyvyn.<br \/>\n<\/p><br \/>\n<br \/>\n<p><b>5.Soveltuvatko n\u00e4m\u00e4 j\u00e4\u00e4hdytyselementit suuritehoisiin sovelluksiin? <\/b><\/p>\n<p> Alumiiniset j\u00e4\u00e4hdytyslevyt on suunniteltu tehokkaaseen l\u00e4mm\u00f6npoistoon LED-ajureissa, virtal\u00e4hteiss\u00e4, inverttereiss\u00e4 ja tietoliikennelaitteissa.<br \/>\n<\/p><br \/>\n<br \/>\n<p><b>6.Kest\u00e4v\u00e4tk\u00f6 suulakepuristetut j\u00e4\u00e4hdytyslevyt korroosiota? <\/b><\/p>\n<p> Kyll\u00e4, niit\u00e4 on saatavana anodisoituina tai p\u00e4\u00e4llystettyin\u00e4, jotka tarjoavat erinomaisen korroosionkest\u00e4vyyden ja pitk\u00e4aikaisen kest\u00e4vyyden.<br \/>\n<\/p><br \/>\n<br \/>\n<p><b>7.Mitk\u00e4 teollisuudenalat k\u00e4ytt\u00e4v\u00e4t yleisesti suulakepuristettuja alumiinisia j\u00e4\u00e4hdytyselementtiprofiileja? <\/b><\/p>\n<p> Niit\u00e4 k\u00e4ytet\u00e4\u00e4n laajalti kulutuselektroniikassa, teollisuusautomaatiossa, autoelektroniikassa, valaistuksessa ja 5G-viestint\u00e4j\u00e4rjestelmiss\u00e4.<br \/>\n<\/p><br \/><\/p>","protected":false},"featured_media":8331,"template":"","categories":[54],"class_list":["post-8332","product","type-product","status-publish","has-post-thumbnail","hentry","category-industrial-aluminum-profiles"],"meta_box":{"hilight_text_group":{"product_hilight_text":"<li>Efficient heat dissipation for high-performance electronic devices.<\/li>\r\r\n<li>Made from high-conductivity aluminum for superior thermal performance.<\/li>\r\r\n<li>Custom extruded profiles to match various thermal design requirements.<\/li>\r\r\n<li>Lightweight and durable structure suitable for compact assemblies.<\/li>\r\r\n<li>Corrosion-resistant surface for long-lasting operation in harsh environments.<\/li>\r\r\n<li>Precision manufacturing ensures dimensional accuracy and assembly ease.<\/li>\r\r\n<li>Ideal for LED, power electronics, automotive, and telecom applications.<\/li>","product_chanpin_blog":"<ul>\r\r\n<li><a href=\"https:\/\/sinoextrud.com\/t-slot-v-slot-differences\/\" target=\"_blank\">t slot vs v slot<\/a><\/li>\r\r\n<li><a href=\"https:\/\/sinoextrud.com\/what-is-4040-aluminium-extrud\/\" target=\"_blank\">4040 aluminium extrusion<\/a><\/li>\r\r\n<li><a href=\"https:\/\/sinoextrud.com\/what-is-4040-aluminium-extrud\/\" target=\"_blank\">aluminum extrusions for industrial racks<\/a><\/li>\r\r\n<li><a href=\"https:\/\/sinoextrud.com\/powder-coating-aluminium-process\/\" target=\"_blank\">powder coating aluminium<\/a><\/li>\r\r\n<li><a href=\"https:\/\/sinoextrud.com\/what-is-an-aluminium-strip-ceiling\/\" target=\"_blank\">aluminium strip ceiling<\/a><\/li>\r\r\n<li><a href=\"https:\/\/sinoextrud.com\/what-is-a-heat-sink\/\" target=\"_blank\">what is a heat sink<\/a><\/li>\r\r\n<\/ul>","product_chanpin_chanpin":"<li><a href=\"https:\/\/sinoextrud.com\/product\/aluminum-profile-t-slot-for-machine-frame\/\" target=\"_blank\">Aluminum Profile T-Slot For Machine Frame<\/a><\/li>\r\n<li><a href=\"https:\/\/sinoextrud.com\/product\/aluminum-trailer-floor-extrusions\/\" target=\"_blank\">Aluminum Trailer Floor Extrusions<\/a><\/li>\r\n<li><a href=\"https:\/\/sinoextrud.com\/product\/cnc-aluminum-bar-profile-for-instrument\/\" target=\"_blank\">CNC Aluminum Bar Profile For Instrument<\/a><\/li>\r\n<li><a href=\"https:\/\/sinoextrud.com\/product\/extruded-aluminum-profile-aluminum-t-slot\/\" target=\"_blank\">Extruded Aluminum Profile Aluminum T Slot<\/a><\/li>\r\n<li><a href=\"https:\/\/sinoextrud.com\/product\/extruded-manufacturer-aluminum-profile-heatsink\/\" target=\"_blank\">Extruded Manufacturer Aluminum Profile Heatsink<\/a><\/li>\r\n<li><a href=\"https:\/\/sinoextrud.com\/product\/customized-structural-aluminum-profiles\/\" target=\"_blank\">Customized Structural Aluminum Profiles<\/a><\/li>\r\n<li><a href=\"https:\/\/sinoextrud.com\/product\/aluminum-t-track-extrusion\/\" target=\"_blank\">Aluminum T Track Extrusion<\/a><\/li>\r\n<li><a href=\"https:\/\/sinoextrud.com\/product\/cutting-aluminum-extrusion\/\" target=\"_blank\">Cutting Aluminum Extrusion<\/a><\/li>\r\n<li><a href=\"https:\/\/sinoextrud.com\/product\/extruded-aluminum-rail-system\/\" target=\"_blank\">Extruded Aluminum Rail System<\/a><\/li>\r\n<li><a href=\"https:\/\/sinoextrud.com\/product\/building-material-aluminium-extrusion-profiles\/\" target=\"_blank\">Building Material Aluminium Extrusion Profiles<\/a><\/li>\r\n<li><a href=\"https:\/\/sinoextrud.com\/product\/extrusion-aluminium-tube-pipe-aluminum-polishing-style\/\" target=\"_blank\">Extrusion Aluminium Tube Pipe Aluminum Polishing Style<\/a><\/li>"},"feature_list":[]},"_links":{"self":[{"href":"https:\/\/sinoextrud.com\/fi\/wp-json\/wp\/v2\/product\/8332","targetHints":{"allow":["GET"]}}],"collection":[{"href":"https:\/\/sinoextrud.com\/fi\/wp-json\/wp\/v2\/product"}],"about":[{"href":"https:\/\/sinoextrud.com\/fi\/wp-json\/wp\/v2\/types\/product"}],"wp:featuredmedia":[{"embeddable":true,"href":"https:\/\/sinoextrud.com\/fi\/wp-json\/wp\/v2\/media\/8331"}],"wp:attachment":[{"href":"https:\/\/sinoextrud.com\/fi\/wp-json\/wp\/v2\/media?parent=8332"}],"wp:term":[{"taxonomy":"category","embeddable":true,"href":"https:\/\/sinoextrud.com\/fi\/wp-json\/wp\/v2\/categories?post=8332"}],"curies":[{"name":"wp","href":"https:\/\/api.w.org\/{rel}","templated":true}]}}