{"id":8310,"date":"2025-06-15T06:13:33","date_gmt":"2025-06-15T06:13:33","guid":{"rendered":"https:\/\/sinoextrud.com\/product\/aluminum-extruded-products\/"},"modified":"2025-06-24T06:23:33","modified_gmt":"2025-06-24T06:23:33","slug":"suulakepuristetut-alumiinituotteet-2","status":"publish","type":"product","link":"https:\/\/sinoextrud.com\/fi\/product\/aluminum-extruded-products\/","title":{"rendered":"Alumiini suulakepuristetut tuotteet"},"content":{"rendered":"<h2>Tuotteiden tiedot<\/h2>\n<table class=\"custom-table\">\n<tr>\n<td class=\"label\">Malli NO.:<\/td>\n<td> 6063 T5 T6<\/td>\n<\/tr>\n<tr>\n<td class=\"label\">Sovellus:<\/td>\n<td> L\u00e4mm\u00f6nsiili<\/td>\n<\/tr>\n<tr>\n<td class=\"label\">Luokka:<\/td>\n<td> 6000-sarja<\/td>\n<\/tr>\n<tr>\n<td class=\"label\">Tekniikka:<\/td>\n<td> Puristetut<\/td>\n<\/tr>\n<tr>\n<td class=\"label\">Temperamentti:<\/td>\n<td> T3 - T8<\/td>\n<\/tr>\n<tr>\n<td class=\"label\">Maksimi Od:<\/td>\n<td> 250mm<\/td>\n<\/tr>\n<tr>\n<td class=\"label\">Saatavilla oleva pinta:<\/td>\n<td> Jyrsint\u00e4k\u00e4sittely, jauhemaalaus<\/td>\n<\/tr>\n<tr>\n<td class=\"label\">Tekniset tiedot:<\/td>\n<td> GB\/T, ISO ja SGS<\/td>\n<\/tr>\n<tr>\n<td class=\"label\">HS-koodi:<\/td>\n<td> 76042990<\/td>\n<\/tr>\n<tr>\n<td class=\"label\">Tyyppi:<\/td>\n<td> Alumiiniprofiilit<\/td>\n<\/tr>\n<tr>\n<td class=\"label\">Muoto:<\/td>\n<td> Erityispiirustusten perusteella<\/td>\n<\/tr>\n<tr>\n<td class=\"label\">Pintak\u00e4sittely:<\/td>\n<td> Hapettunut<\/td>\n<\/tr>\n<tr>\n<td class=\"label\">Seos:<\/td>\n<td> Metalliseos<\/td>\n<\/tr>\n<tr>\n<td class=\"label\">Sertifiointi:<\/td>\n<td> GB\/T, ISO, SGS<\/td>\n<\/tr>\n<tr>\n<td class=\"label\">Sein\u00e4m\u00e4n v\u00e4himm\u00e4ispaksuus:<\/td>\n<td> 1mm<\/td>\n<\/tr>\n<tr>\n<td class=\"label\">Tavaramerkki:<\/td>\n<td> Sinoextrud<\/td>\n<\/tr>\n<tr>\n<td class=\"label\">Alkuper\u00e4:<\/td>\n<td> Guangdong, Kiina<\/td>\n<\/tr>\n<\/table>\n<h2>Tuotantopohjamme<\/h2>\n<h3>Tehtaan panoraama<\/h3>\n<p><img decoding=\"async\" src=\"\/wp-content\/uploads\/factory-01.webp\"\/><\/p>\n<h3>Alumiini Bar Manufacturing Workshop<\/h3>\n<p><img decoding=\"async\" src=\"\/wp-content\/uploads\/factory-02.webp\"\/><\/p>\n<p><img decoding=\"async\" src=\"\/wp-content\/uploads\/factory-03.webp\"\/><\/p>\n<h3>Muotin varastointi Varasto<\/h3>\n<p><img decoding=\"async\" src=\"\/wp-content\/uploads\/factory-04.webp\"\/><\/p>\n<h3>43 Alumiini ekstruusiolinjat (500\u00e2 5500 tonnia)<\/h3>\n<p><img decoding=\"async\" src=\"\/wp-content\/uploads\/factory-05.webp\"\/><\/p>\n<p><img decoding=\"async\" src=\"\/wp-content\/uploads\/factory-06.webp\"\/><\/p>\n<p><img decoding=\"async\" src=\"\/wp-content\/uploads\/factory-07.webp\"\/><\/p>\n<h3>Jauhemaalaus ty\u00f6paja<\/h3>\n<p><img decoding=\"async\" src=\"\/wp-content\/uploads\/factory-09.webp\"\/><\/p>\n<h3>Anodisointi ty\u00f6paja<\/h3>\n<p><img decoding=\"async\" src=\"\/wp-content\/uploads\/factory-10.webp\"\/><\/p>\n<h3>Syv\u00e4k\u00e4sittelyn ty\u00f6paja<\/h3>\n<p><img decoding=\"async\" src=\"\/wp-content\/uploads\/factory-11.webp\"\/><\/p>\n<h3>CNC-tarkkuuskoneistus ty\u00f6paja<\/h3>\n<p><img decoding=\"async\" src=\"\/wp-content\/uploads\/factory-11.5.webp\"\/><\/p>\n<h3>Valmiiden tuotteiden ja vientivarasto<\/h3>\n<p><img decoding=\"async\" src=\"\/wp-content\/uploads\/factory-12.webp\"\/><\/p>\n<p><img decoding=\"async\" src=\"\/wp-content\/uploads\/factory-13.webp\"\/><\/p>\n<p><img decoding=\"async\" src=\"\/wp-content\/uploads\/factory-14.webp\"\/><\/p>\n<h2>FAQ<\/h2>\n<p><p><b>1.What ovat t\u00e4rkeimm\u00e4t edut alumiini suulakepuristetut tuotteet?<\/b><\/p>\n<p>Alumiinipuristetut tuotteet tarjoavat korkean lujuus-painosuhteen, korroosionkest\u00e4vyyden ja suunnittelun joustavuuden, joten ne soveltuvat eri teollisuudenaloille, kuten rakennus- ja autoteollisuuteen.<br \/>\n<\/p><br \/>\n<br \/>\n<p><b>2.Mitk\u00e4 teollisuudenalat hy\u00f6tyv\u00e4t alumiinista suulakepuristetuista tuotteista?<\/b><\/p>\n<p>Alumiinipuristettuja tuotteita k\u00e4ytet\u00e4\u00e4n laajalti autoteollisuudessa, rakentamisessa, elektroniikassa, ilmailu- ja avaruusteollisuudessa ja muilla valmistusteollisuuden aloilla niiden monipuolisuuden ja kest\u00e4vyyden ansiosta.<br \/>\n<\/p><br \/>\n<br \/>\n<p><b>3.How alumiinin suulakepuristus hy\u00f6dytt\u00e4\u00e4 suunnittelun joustavuutta?<\/b><\/p>\n<p>Alumiinin suulakepuristaminen mahdollistaa monimutkaisten profiilien luomisen, jotka t\u00e4ytt\u00e4v\u00e4t erityiset suunnitteluvaatimukset, ja tarjoaa enemm\u00e4n joustavuutta muihin materiaaleihin verrattuna.<br \/>\n<\/p><br \/>\n<br \/>\n<p><b>4.Are Alumiinista suulakepuristetut tuotteet energiatehokkaita?<\/b><\/p>\n<p>Kyll\u00e4, alumiiniprofiilien tuotantoprosessi on energiatehokas, mik\u00e4 minimoi ymp\u00e4rist\u00f6jalanj\u00e4ljen ja tuottaa samalla korkealaatuisia tuotteita.<br \/>\n<\/p><br \/>\n<br \/>\n<p><b>5.Is alumiini suulakepuristus ymp\u00e4rist\u00f6yst\u00e4v\u00e4llinen?<\/b><\/p>\n<p>Alumiinipuristetut tuotteet ovat t\u00e4ysin kierr\u00e4tett\u00e4vi\u00e4, mik\u00e4 tukee kest\u00e4v\u00e4\u00e4 kehityst\u00e4 ja v\u00e4hent\u00e4\u00e4 valmistuksessa syntyv\u00e4\u00e4 j\u00e4tett\u00e4.<br \/>\n<\/p><br \/>\n<br \/>\n<p><b>6.How alumiini suulakepuristetut tuotteet toimivat vaativissa ymp\u00e4rist\u00f6iss\u00e4?<\/b><\/p>\n<p>Korroosionkest\u00e4vyytens\u00e4 ansiosta alumiinipuristetut tuotteet s\u00e4ilytt\u00e4v\u00e4t korkean suorituskykyns\u00e4 my\u00f6s haastavissa ymp\u00e4rist\u00f6iss\u00e4, kuten merenkulussa tai teollisuudessa.<br \/>\n<\/p><br \/>\n<br \/>\n<p><b>7.Can alumiini suulakepuristetut tuotteet voidaan r\u00e4\u00e4t\u00e4l\u00f6id\u00e4 tiettyj\u00e4 sovelluksia varten?<\/b><\/p>\n<p>Kyll\u00e4, alumiiniprofiilit voidaan helposti r\u00e4\u00e4t\u00e4l\u00f6id\u00e4 vastaamaan erilaisten sovellusten yksil\u00f6llisi\u00e4 vaatimuksia ja vaatimuksia rakenteellisista sovelluksista koristeellisiin tarkoituksiin.<br \/>\n<\/p><br \/>\n<br \/>\n<p><b>8.Mik\u00e4 tekee alumiiniprofiileista kest\u00e4vi\u00e4?<\/b><\/p>\n<p>Alumiinipuristetut tuotteet tunnetaan niiden kest\u00e4vyydest\u00e4 ja kyvyst\u00e4 kest\u00e4\u00e4 ymp\u00e4rist\u00f6rasitusta, mik\u00e4 takaa pitk\u00e4aikaisen suorituskyvyn ja luotettavuuden.<br \/>\n<\/p><br \/><\/p>","protected":false},"featured_media":8309,"template":"","categories":[54],"class_list":["post-8310","product","type-product","status-publish","has-post-thumbnail","hentry","category-industrial-aluminum-profiles"],"meta_box":{"hilight_text_group":{"product_hilight_text":"<li>High strength-to-weight ratio, making aluminum extrusions ideal for structural applications.<\/li>\r\r\n<li>Corrosion-resistant, ensuring long-lasting durability in various environments.<\/li>\r\r\n<li>Customizable profiles for diverse design flexibility and specific customer needs.<\/li>\r\r\n<li>Lightweight yet sturdy, reducing transportation costs and improving handling efficiency.<\/li>\r\r\n<li>Energy-efficient production process, reducing environmental impact.<\/li>\r\r\n<li>Excellent thermal and electrical conductivity, ideal for heat sinks and electrical components.<\/li>\r\r\n<li>Highly versatile, suitable for a wide range of industries, including automotive, construction, and electronics.<\/li>\r\r\n<li>Recyclable, contributing to sustainability and reducing waste.<\/li>","product_chanpin_blog":"<ul>\r\r\n<li><a href=\"https:\/\/sinoextrud.com\/t-slot-v-slot-differences\/\" target=\"_blank\">t slot vs v slot<\/a><\/li>\r\r\n<li><a href=\"https:\/\/sinoextrud.com\/what-is-4040-aluminium-extrud\/\" target=\"_blank\">4040 aluminium extrusion<\/a><\/li>\r\r\n<li><a href=\"https:\/\/sinoextrud.com\/what-is-4040-aluminium-extrud\/\" target=\"_blank\">aluminum extrusions for industrial racks<\/a><\/li>\r\r\n<li><a href=\"https:\/\/sinoextrud.com\/powder-coating-aluminium-process\/\" target=\"_blank\">powder coating aluminium<\/a><\/li>\r\r\n<li><a href=\"https:\/\/sinoextrud.com\/what-is-an-aluminium-strip-ceiling\/\" target=\"_blank\">aluminium strip ceiling<\/a><\/li>\r\r\n<li><a href=\"https:\/\/sinoextrud.com\/what-is-a-heat-sink\/\" target=\"_blank\">what is a heat sink<\/a><\/li>\r\r\n<\/ul>","product_chanpin_chanpin":"<li><a href=\"https:\/\/sinoextrud.com\/product\/aluminium-roof-rack-extrusions\/\" target=\"_blank\">Aluminium Roof Rack Extrusions<\/a><\/li>\r\n<li><a href=\"https:\/\/sinoextrud.com\/product\/aluminium-seamless-pipe\/\" target=\"_blank\">Aluminium Seamless Pipe<\/a><\/li>\r\n<li><a href=\"https:\/\/sinoextrud.com\/product\/aluminum-alloy-section\/\" target=\"_blank\">Aluminum Alloy Section<\/a><\/li>\r\n<li><a href=\"https:\/\/sinoextrud.com\/product\/aluminum-balustrade-handrail\/\" target=\"_blank\">Aluminum Balustrade Handrail<\/a><\/li>\r\n<li><a href=\"https:\/\/sinoextrud.com\/product\/aluminum-extruded-products\/\" target=\"_blank\">Aluminum Extruded Products<\/a><\/li>\r\n<li><a href=\"https:\/\/sinoextrud.com\/product\/aluminum-extrusion-channel-profiles\/\" target=\"_blank\">Aluminum Extrusion Channel Profiles<\/a><\/li>\r\n<li><a href=\"https:\/\/sinoextrud.com\/product\/aluminum-extrusion-standards\/\" target=\"_blank\">Aluminum Extrusion Standards<\/a><\/li>\r\n<li><a href=\"https:\/\/sinoextrud.com\/product\/aluminum-heat-sink\/\" target=\"_blank\">Aluminum Heat Sink<\/a><\/li>\r\n<li><a href=\"https:\/\/sinoextrud.com\/product\/aluminum-outdoor-enclose-heat-sinks\/\" target=\"_blank\">Aluminum outdoor enclose heat sinks<\/a><\/li>\r\n<li><a href=\"https:\/\/sinoextrud.com\/product\/led-strip-aluminum-profile\/\" target=\"_blank\">Led Strip Aluminum Profile<\/a><\/li>\r\n<li><a href=\"https:\/\/sinoextrud.com\/product\/aluminum-t-slot-table\/\" target=\"_blank\">Aluminum T Slot Table<\/a><\/li>"},"feature_list":[]},"_links":{"self":[{"href":"https:\/\/sinoextrud.com\/fi\/wp-json\/wp\/v2\/product\/8310","targetHints":{"allow":["GET"]}}],"collection":[{"href":"https:\/\/sinoextrud.com\/fi\/wp-json\/wp\/v2\/product"}],"about":[{"href":"https:\/\/sinoextrud.com\/fi\/wp-json\/wp\/v2\/types\/product"}],"wp:featuredmedia":[{"embeddable":true,"href":"https:\/\/sinoextrud.com\/fi\/wp-json\/wp\/v2\/media\/8309"}],"wp:attachment":[{"href":"https:\/\/sinoextrud.com\/fi\/wp-json\/wp\/v2\/media?parent=8310"}],"wp:term":[{"taxonomy":"category","embeddable":true,"href":"https:\/\/sinoextrud.com\/fi\/wp-json\/wp\/v2\/categories?post=8310"}],"curies":[{"name":"wp","href":"https:\/\/api.w.org\/{rel}","templated":true}]}}