{"id":8300,"date":"2025-06-15T06:03:05","date_gmt":"2025-06-15T06:03:05","guid":{"rendered":"https:\/\/sinoextrud.com\/product\/aluminium-profile-workbench\/"},"modified":"2025-06-24T06:23:31","modified_gmt":"2025-06-24T06:23:31","slug":"alumiiniprofiilinen-tyopoyta","status":"publish","type":"product","link":"https:\/\/sinoextrud.com\/fi\/product\/aluminium-profile-workbench\/","title":{"rendered":"Alumiiniprofiilinen ty\u00f6p\u00f6yt\u00e4"},"content":{"rendered":"<h2>Tuotteiden tiedot<\/h2>\n<table class=\"custom-table\">\n<tbody>\n<tr>\n<td> Malli NO.:<\/td>\n<td> alumiiniprofiilinen ty\u00f6p\u00f6yt\u00e4<\/td>\n<\/tr>\n<tr>\n<td> Laadunvalvonta:<\/td>\n<td> Professional QC Stuff, spektrografi<\/td>\n<\/tr>\n<tr>\n<td> Toimitus:<\/td>\n<td> avoin er\u00e4<\/td>\n<\/tr>\n<tr>\n<td> Tuotemerkki:<\/td>\n<td> Sinoextrud<\/td>\n<\/tr>\n<tr>\n<td> Yritystyyppi:<\/td>\n<td> Tehdas\/valmistaja<\/td>\n<\/tr>\n<tr>\n<td> Alkuper\u00e4:<\/td>\n<td> Foshanin kaupunki, GD:n maakunta. Kiina<\/td>\n<\/tr>\n<tr>\n<td> Standardi:<\/td>\n<td> GB<\/td>\n<\/tr>\n<tr>\n<td> Materiaali:<\/td>\n<td> Alumiiniseos 6063<\/td>\n<\/tr>\n<tr>\n<td> Tekniikka:<\/td>\n<td> Kuuma\/kylm\u00e4\/Die\/Drop taonta<\/td>\n<\/tr>\n<tr>\n<td> Ainutlaatuinen:<\/td>\n<td> Kiina Gold toimittaja<\/td>\n<\/tr>\n<tr>\n<td> Tavaramerkki:<\/td>\n<td> OEM<\/td>\n<\/tr>\n<tr>\n<td> Tekniset tiedot:<\/td>\n<td> SGS\/Rohs\/ISO<\/td>\n<\/tr>\n<tr>\n<td> HS-koodi:<\/td>\n<td> 7604299000<\/td>\n<\/tr>\n<\/tbody>\n<\/table>\n<h2>Tuotantopohjamme<\/h2>\n<h3>Tehtaan panoraama<\/h3>\n<p><img decoding=\"async\" src=\"\/wp-content\/uploads\/factory-01.webp\"\/><\/p>\n<h3>Alumiini Bar Manufacturing Workshop<\/h3>\n<p><img decoding=\"async\" src=\"\/wp-content\/uploads\/factory-02.webp\"\/><\/p>\n<p><img decoding=\"async\" src=\"\/wp-content\/uploads\/factory-03.webp\"\/><\/p>\n<h3>Muotin varastointi Varasto<\/h3>\n<p><img decoding=\"async\" src=\"\/wp-content\/uploads\/factory-04.webp\"\/><\/p>\n<h3>43 Alumiini ekstruusiolinjat (500\u00e2 5500 tonnia)<\/h3>\n<p><img decoding=\"async\" src=\"\/wp-content\/uploads\/factory-05.webp\"\/><\/p>\n<p><img decoding=\"async\" src=\"\/wp-content\/uploads\/factory-06.webp\"\/><\/p>\n<p><img decoding=\"async\" src=\"\/wp-content\/uploads\/factory-07.webp\"\/><\/p>\n<h3>Jauhemaalaus ty\u00f6paja<\/h3>\n<p><img decoding=\"async\" src=\"\/wp-content\/uploads\/factory-09.webp\"\/><\/p>\n<h3>Anodisointi ty\u00f6paja<\/h3>\n<p><img decoding=\"async\" src=\"\/wp-content\/uploads\/factory-10.webp\"\/><\/p>\n<h3>Syv\u00e4k\u00e4sittelyn ty\u00f6paja<\/h3>\n<p><img decoding=\"async\" src=\"\/wp-content\/uploads\/factory-11.webp\"\/><\/p>\n<h3>CNC-tarkkuuskoneistus ty\u00f6paja<\/h3>\n<p><img decoding=\"async\" src=\"\/wp-content\/uploads\/factory-11.5.webp\"\/><\/p>\n<h3>Valmiiden tuotteiden ja vientivarasto<\/h3>\n<p><img decoding=\"async\" src=\"\/wp-content\/uploads\/factory-12.webp\"\/><\/p>\n<p><img decoding=\"async\" src=\"\/wp-content\/uploads\/factory-13.webp\"\/><\/p>\n<p><img decoding=\"async\" src=\"\/wp-content\/uploads\/factory-14.webp\"\/><\/p>\n<h2>FAQ<\/h2>\n<p><p><b>1.Mihin alumiiniprofiilista valmistettua ty\u00f6p\u00f6yt\u00e4\u00e4 k\u00e4ytet\u00e4\u00e4n?<\/b><\/p>\n<p>Alumiiniprofiility\u00f6p\u00f6yd\u00e4n avulla luodaan r\u00e4\u00e4t\u00e4l\u00f6ityj\u00e4, kest\u00e4vi\u00e4 ty\u00f6pisteit\u00e4 teollisuus-, valmistus- ja ty\u00f6pajaymp\u00e4rist\u00f6ihin, jotka tarjoavat joustavuutta ja lujuutta.<br \/>\n<\/p><br \/>\n<br \/>\n<p><b>2.Miksi valita alumiiniprofiilinen ty\u00f6p\u00f6yt\u00e4 perinteisten ty\u00f6p\u00f6ytien sijaan?<\/b><\/p>\n<p>Alumiiniprofiilinen ty\u00f6p\u00f6yt\u00e4 tarjoaa kevyen, kest\u00e4v\u00e4n ja modulaarisen ratkaisun, joka on helpompi mukauttaa ja muokata perinteisiin puu- tai ter\u00e4sty\u00f6p\u00f6ytiin verrattuna.<br \/>\n<\/p><br \/>\n<br \/>\n<p><b>3.Miten alumiiniprofiilisen ty\u00f6p\u00f6yd\u00e4n modulaarinen rakenne hy\u00f6dytt\u00e4\u00e4 k\u00e4ytt\u00e4ji\u00e4?<\/b><\/p>\n<p>Modulaarisen rakenteen ansiosta k\u00e4ytt\u00e4j\u00e4t voivat helposti muokata ja s\u00e4\u00e4t\u00e4\u00e4 ty\u00f6p\u00f6yt\u00e4\u00e4 omiin tarpeisiinsa sopivaksi, mik\u00e4 takaa joustavan ja toimivan ty\u00f6tilan.<br \/>\n<\/p><br \/>\n<br \/>\n<p><b>4.Onko alumiiniprofiilinen ty\u00f6p\u00f6yt\u00e4 korroosionkest\u00e4v\u00e4?<\/b><\/p>\n<p>Kyll\u00e4, ty\u00f6p\u00f6yd\u00e4n alumiinimateriaali on korroosionkest\u00e4v\u00e4\u00e4, joten se soveltuu k\u00e4ytett\u00e4v\u00e4ksi ymp\u00e4rist\u00f6iss\u00e4, joissa on korkea kosteus tai joissa se altistuu kemikaaleille.<br \/>\n<\/p><br \/>\n<br \/>\n<p><b>5.Can Alumiiniprofiilin ty\u00f6p\u00f6yt\u00e4 voidaan r\u00e4\u00e4t\u00e4l\u00f6id\u00e4?<\/b><\/p>\n<p>Kyll\u00e4, alumiiniprofiilinen ty\u00f6p\u00f6yt\u00e4 voidaan r\u00e4\u00e4t\u00e4l\u00f6id\u00e4 koon, muodon ja asettelun osalta vastaamaan erityisi\u00e4 ty\u00f6tilavaatimuksia, mik\u00e4 tarjoaa maksimaalista joustavuutta erilaisiin sovelluksiin.<br \/>\n<\/p><br \/>\n<br \/>\n<p><b>6.Kuinka kauan alumiiniprofiilinen ty\u00f6p\u00f6yt\u00e4 kest\u00e4\u00e4?<\/b><\/p>\n<p>Alumiiniprofiilinen ty\u00f6p\u00f6yt\u00e4 on suunniteltu pitk\u00e4ik\u00e4iseksi, ja sen korroosionkest\u00e4v\u00e4t ominaisuudet ja vahva rakenne takaavat, ett\u00e4 se kest\u00e4\u00e4 kovaa k\u00e4ytt\u00f6\u00e4 ajan mittaan.<br \/>\n<\/p><br \/>\n<br \/>\n<p><b>7.Mit\u00e4 lis\u00e4varusteita voidaan lis\u00e4t\u00e4 alumiiniprofiiliseen ty\u00f6p\u00f6yt\u00e4\u00e4n?<\/b><\/p>\n<p>Ty\u00f6p\u00f6yt\u00e4\u00e4n voidaan integroida erilaisia lis\u00e4varusteita, kuten hyllyj\u00e4, ty\u00f6kalupidikkeit\u00e4, laatikostoja ja kaapelinhallintaj\u00e4rjestelmi\u00e4, jotka parantavat ty\u00f6p\u00f6yd\u00e4n toimivuutta ja organisointia.<br \/>\n<\/p><br \/><\/p>","protected":false},"featured_media":8299,"template":"","categories":[54],"class_list":["post-8300","product","type-product","status-publish","has-post-thumbnail","hentry","category-industrial-aluminum-profiles"],"meta_box":{"hilight_text_group":{"product_hilight_text":"<li>Aluminium Profile Workbench provides a customizable and durable solution for various industrial and workshop environments.<\/li>\r\r\n<li>Lightweight yet strong aluminum profiles ensure high load-bearing capacity without added weight.<\/li>\r\r\n<li>Corrosion-resistant material guarantees long-term performance in challenging environments.<\/li>\r\r\n<li>Modular design allows for easy assembly, adjustment, and expansion to meet specific workspace needs.<\/li>\r\r\n<li>Compatible with a wide range of accessories for added functionality and organization.<\/li>","product_chanpin_blog":"<ul>\r\r\n<li><a href=\"https:\/\/sinoextrud.com\/t-slot-v-slot-differences\/\" target=\"_blank\">t slot vs v slot<\/a><\/li>\r\r\n<li><a href=\"https:\/\/sinoextrud.com\/what-is-4040-aluminium-extrud\/\" target=\"_blank\">4040 aluminium extrusion<\/a><\/li>\r\r\n<li><a href=\"https:\/\/sinoextrud.com\/what-is-4040-aluminium-extrud\/\" target=\"_blank\">aluminum extrusions for industrial racks<\/a><\/li>\r\r\n<li><a href=\"https:\/\/sinoextrud.com\/powder-coating-aluminium-process\/\" target=\"_blank\">powder coating aluminium<\/a><\/li>\r\r\n<li><a href=\"https:\/\/sinoextrud.com\/what-is-an-aluminium-strip-ceiling\/\" target=\"_blank\">aluminium strip ceiling<\/a><\/li>\r\r\n<li><a href=\"https:\/\/sinoextrud.com\/what-is-a-heat-sink\/\" target=\"_blank\">what is a heat sink<\/a><\/li>\r\r\n<\/ul>","product_chanpin_chanpin":"<li><a href=\"https:\/\/sinoextrud.com\/product\/aluminium-extrusion-case\/\" target=\"_blank\">Aluminium Extrusion Case<\/a><\/li>\r\n<li><a href=\"https:\/\/sinoextrud.com\/product\/aluminium-extrusion-moulding\/\" target=\"_blank\">Aluminium Extrusion Moulding<\/a><\/li>\r\n<li><a href=\"https:\/\/sinoextrud.com\/product\/aluminium-profile-case\/\" target=\"_blank\">Aluminium Profile Case<\/a><\/li>\r\n<li><a href=\"https:\/\/sinoextrud.com\/product\/aluminium-profile-for-clean-room\/\" target=\"_blank\">Aluminium Profile For Clean Room<\/a><\/li>\r\n<li><a href=\"https:\/\/sinoextrud.com\/product\/aluminium-profile-workbench\/\" target=\"_blank\">Aluminium Profile Workbench<\/a><\/li>\r\n<li><a href=\"https:\/\/sinoextrud.com\/product\/aluminium-roof-rack-extrusions\/\" target=\"_blank\">Aluminium Roof Rack Extrusions<\/a><\/li>\r\n<li><a href=\"https:\/\/sinoextrud.com\/product\/aluminium-seamless-pipe\/\" target=\"_blank\">Aluminium Seamless Pipe<\/a><\/li>\r\n<li><a href=\"https:\/\/sinoextrud.com\/product\/aluminum-alloy-section\/\" target=\"_blank\">Aluminum Alloy Section<\/a><\/li>\r\n<li><a href=\"https:\/\/sinoextrud.com\/product\/aluminum-balustrade-handrail\/\" target=\"_blank\">Aluminum Balustrade Handrail<\/a><\/li>\r\n<li><a href=\"https:\/\/sinoextrud.com\/product\/industrial-aluminum-extrusion\/\" target=\"_blank\">Industrial Aluminum Extrusion<\/a><\/li>\r\n<li><a href=\"https:\/\/sinoextrud.com\/product\/aluminum-cabinet-door-extrusion\/\" target=\"_blank\">Aluminum Cabinet Door Extrusion<\/a><\/li>"},"feature_list":[]},"_links":{"self":[{"href":"https:\/\/sinoextrud.com\/fi\/wp-json\/wp\/v2\/product\/8300","targetHints":{"allow":["GET"]}}],"collection":[{"href":"https:\/\/sinoextrud.com\/fi\/wp-json\/wp\/v2\/product"}],"about":[{"href":"https:\/\/sinoextrud.com\/fi\/wp-json\/wp\/v2\/types\/product"}],"wp:featuredmedia":[{"embeddable":true,"href":"https:\/\/sinoextrud.com\/fi\/wp-json\/wp\/v2\/media\/8299"}],"wp:attachment":[{"href":"https:\/\/sinoextrud.com\/fi\/wp-json\/wp\/v2\/media?parent=8300"}],"wp:term":[{"taxonomy":"category","embeddable":true,"href":"https:\/\/sinoextrud.com\/fi\/wp-json\/wp\/v2\/categories?post=8300"}],"curies":[{"name":"wp","href":"https:\/\/api.w.org\/{rel}","templated":true}]}}