{"id":8285,"date":"2025-06-14T06:51:04","date_gmt":"2025-06-14T06:51:04","guid":{"rendered":"https:\/\/sinoextrud.com\/product\/aluminium-profile-case\/"},"modified":"2025-06-24T06:23:30","modified_gmt":"2025-06-24T06:23:30","slug":"alumiiniprofiilikotelo","status":"publish","type":"product","link":"https:\/\/sinoextrud.com\/fi\/product\/aluminium-profile-case\/","title":{"rendered":"Alumiiniprofiilinen kotelo"},"content":{"rendered":"<h2>Tuotteiden tiedot<\/h2>\n<table class=\"custom-table\">\n<tbody>\n<tr>\n<td> Otsikko<\/td>\n<td> Alumiiniprofiilikotelo<\/td>\n<\/tr>\n<tr>\n<td> Luokka<\/td>\n<td> Alumiini suulakepuristus<\/td>\n<\/tr>\n<tr>\n<td> Materiaali<\/td>\n<td> Alumiiniseos (6063, 6061, 6463, 6005, 6082)<\/td>\n<\/tr>\n<tr>\n<td> Temper<\/td>\n<td> T5<\/td>\n<\/tr>\n<tr>\n<td> Koko<\/td>\n<td> Pituus on 1-9m tai asiakkaan pyynn\u00f6st\u00e4.<\/td>\n<\/tr>\n<tr>\n<td> Muoto<\/td>\n<td> Suorakulmainen, py\u00f6re\u00e4, suulakepuristettu asiakkaan piirustuksen mukaan.<\/td>\n<\/tr>\n<tr>\n<td> Pintak\u00e4sittely<\/td>\n<td> Anodisoitu, hiekkapuhallettu, kiillotus, elektroforeesi, tehopinnoitus<\/td>\n<\/tr>\n<tr>\n<td> V\u00e4ri<\/td>\n<td> R\u00e4\u00e4t\u00e4l\u00f6ity on saatavilla<\/td>\n<\/tr>\n<tr>\n<td> Todistus<\/td>\n<td> TUV, ASTM, GB<\/td>\n<\/tr>\n<tr>\n<td> Osoitteesta<\/td>\n<td> Guangdong, Kiina<\/td>\n<\/tr>\n<\/tbody>\n<\/table>\n<h2>Tuotantopohjamme<\/h2>\n<h3>Tehtaan panoraama<\/h3>\n<p><img decoding=\"async\" src=\"\/wp-content\/uploads\/factory-01.webp\"\/><\/p>\n<h3>Alumiini Bar Manufacturing Workshop<\/h3>\n<p><img decoding=\"async\" src=\"\/wp-content\/uploads\/factory-02.webp\"\/><\/p>\n<\/p>\n<p><img decoding=\"async\" src=\"\/wp-content\/uploads\/factory-03.webp\"\/><\/p>\n<h3>Muotin varastointi Varasto<\/h3>\n<p><img decoding=\"async\" src=\"\/wp-content\/uploads\/factory-04.webp\"\/><\/p>\n<h3>43 alumiinin ekstruusiolinjat (500-5500 tonnia)<\/h3>\n<p><img decoding=\"async\" src=\"\/wp-content\/uploads\/factory-05.webp\"\/><\/p>\n<p><img decoding=\"async\" src=\"\/wp-content\/uploads\/factory-06.webp\"\/><\/p>\n<p><img decoding=\"async\" src=\"\/wp-content\/uploads\/factory-07.webp\"\/><\/p>\n<h3>Jauhemaalaus ty\u00f6paja<\/h3>\n<p><img decoding=\"async\" src=\"\/wp-content\/uploads\/factory-09.webp\"\/><\/p>\n<h3>Anodisointi ty\u00f6paja<\/h3>\n<p><img decoding=\"async\" src=\"\/wp-content\/uploads\/factory-10.webp\"\/><\/p>\n<h3>Syv\u00e4k\u00e4sittelyn ty\u00f6paja<\/h3>\n<p><img decoding=\"async\" src=\"\/wp-content\/uploads\/factory-11.webp\"\/><\/p>\n<h3>CNC-tarkkuuskoneistus ty\u00f6paja<\/h3>\n<p><img decoding=\"async\" src=\"\/wp-content\/uploads\/factory-11.5.webp\"\/><\/p>\n<h3>Valmiiden tuotteiden ja vientivarasto<\/h3>\n<p><img decoding=\"async\" src=\"\/wp-content\/uploads\/factory-12.webp\"\/><\/p>\n<p><img decoding=\"async\" src=\"\/wp-content\/uploads\/factory-13.webp\"\/><\/p>\n<p><img decoding=\"async\" src=\"\/wp-content\/uploads\/factory-14.webp\"\/><\/p>\n<h2>FAQ<\/h2>\n<p><b>1.Mik\u00e4 on alumiiniprofiilikotelo? <\/b><\/p>\n<p> Alumiiniprofiilikotelo on alumiiniprofiileista valmistettu suojakotelo, joka on suunniteltu suojaamaan herkki\u00e4 elektronisia komponentteja tai laitteita.\n<\/p>\n<p><\/p>\n<p><b>2.Miksi valita alumiinia profiilikoteloihin? <\/b><\/p>\n<p> Alumiini tarjoaa erinomaisen lujuus-painosuhteen, korroosionkest\u00e4vyyden ja l\u00e4mm\u00f6njohtavuuden, mik\u00e4 tekee siit\u00e4 ihanteellisen materiaalin suojakoteloihin.\n<\/p>\n<p><\/p>\n<p><b>3.Can alumiiniprofiili tapauksissa voidaan r\u00e4\u00e4t\u00e4l\u00f6id\u00e4? <\/b><\/p>\n<p> Kyll\u00e4, tarjoamme r\u00e4\u00e4t\u00e4l\u00f6ityj\u00e4 kokoja, kokoonpanoja ja pintak\u00e4sittelyj\u00e4 erityisten sovellus- ja suunnitteluvaatimusten t\u00e4ytt\u00e4miseksi.\n<\/p>\n<p><\/p>\n<p><b>4.Soveltuvatko n\u00e4m\u00e4 profiilikotelot ulkok\u00e4ytt\u00f6\u00f6n? <\/b><\/p>\n<p> Korroosionkest\u00e4v\u00e4 pintak\u00e4sittely takaa, ett\u00e4 alumiiniprofiilikotelot toimivat hyvin ulko- ja teollisuusymp\u00e4rist\u00f6iss\u00e4.\n<\/p>\n<p><\/p>\n<p><b>5.Miten alumiini auttaa l\u00e4mm\u00f6nsiirtoa n\u00e4iss\u00e4 tapauksissa? <\/b><\/p>\n<p> Alumiini johtaa luonnostaan l\u00e4mp\u00f6\u00e4 pois herk\u00e4st\u00e4 elektroniikasta, mik\u00e4 auttaa yll\u00e4pit\u00e4m\u00e4\u00e4n turvallisia k\u00e4ytt\u00f6l\u00e4mp\u00f6tiloja ja parantaa suorituskyky\u00e4.\n<\/p>\n<p><\/p>\n<p><b>6.Mitk\u00e4 teollisuudenalat k\u00e4ytt\u00e4v\u00e4t alumiiniprofiilikoteloita? <\/b><\/p>\n<p> Alumiiniprofiilikoteloita k\u00e4ytet\u00e4\u00e4n laajalti elektroniikassa, televiestinn\u00e4ss\u00e4, automaatiossa, l\u00e4\u00e4kinn\u00e4llisiss\u00e4 laitteissa ja muilla teollisuudenaloilla, joilla suojaus ja l\u00e4mm\u00f6nsiirto ovat t\u00e4rkeit\u00e4.\n<\/p>\n<p><\/p>\n<p><b>7.Ovatko alumiiniprofiilikotelot helppoja koota? <\/b><\/p>\n<p> Kyll\u00e4, n\u00e4m\u00e4 kotelot on suunniteltu niin, ett\u00e4 ne on helppo koota vakioasennusvaihtoehtojen avulla, mik\u00e4 v\u00e4hent\u00e4\u00e4 asennusaikaa ja -kustannuksia.\n<\/p>\n<p><\/p>","protected":false},"featured_media":8284,"template":"","categories":[54],"class_list":["post-8285","product","type-product","status-publish","has-post-thumbnail","hentry","category-industrial-aluminum-profiles"],"meta_box":{"hilight_text_group":{"product_hilight_text":"<li>Durable aluminium profile casing offers superior strength and protection for electronic components.<\/li>\r\r\n<li>Corrosion-resistant finish ensures long-term use in harsh environments.<\/li>\r\r\n<li>Lightweight design reduces shipping and handling costs while maintaining structural integrity.<\/li>\r\r\n<li>Customizable sizes and configurations for diverse industrial applications.<\/li>\r\r\n<li>Easy to assemble with standard mounting options for quick integration into systems.<\/li>\r\r\n<li>Provides effective heat dissipation, preventing overheating of sensitive electronics.<\/li>\r\r\n<li>Compatible with various accessories like covers, brackets, and connectors for complete solutions.<\/li>","product_chanpin_blog":"<ul>\r\r\n<li><a href=\"https:\/\/sinoextrud.com\/t-slot-v-slot-differences\/\" target=\"_blank\">t slot vs v slot<\/a><\/li>\r\r\n<li><a href=\"https:\/\/sinoextrud.com\/what-is-4040-aluminium-extrud\/\" target=\"_blank\">4040 aluminium extrusion<\/a><\/li>\r\r\n<li><a href=\"https:\/\/sinoextrud.com\/what-is-4040-aluminium-extrud\/\" target=\"_blank\">aluminum extrusions for industrial racks<\/a><\/li>\r\r\n<li><a href=\"https:\/\/sinoextrud.com\/powder-coating-aluminium-process\/\" target=\"_blank\">powder coating aluminium<\/a><\/li>\r\r\n<li><a href=\"https:\/\/sinoextrud.com\/what-is-an-aluminium-strip-ceiling\/\" target=\"_blank\">aluminium strip ceiling<\/a><\/li>\r\r\n<li><a href=\"https:\/\/sinoextrud.com\/what-is-a-heat-sink\/\" target=\"_blank\">what is a heat sink<\/a><\/li>\r\r\n<\/ul>","product_chanpin_chanpin":"<li><a href=\"https:\/\/sinoextrud.com\/product\/6061-t5-l-shape-aluminum-profile-bar-customized-40x40-extruded-aluminum-angle-profile\/\" target=\"_blank\">6061-t5 L Shape Aluminum Profile Bar Customized 40\u00d740 Extruded Aluminum Angle Profile<\/a><\/li>\r\n<li><a href=\"https:\/\/sinoextrud.com\/product\/aerospace-aluminum-extrusions\/\" target=\"_blank\">Aerospace Aluminum Extrusions<\/a><\/li>\r\n<li><a href=\"https:\/\/sinoextrud.com\/product\/aluminium-extrusion-case\/\" target=\"_blank\">Aluminium Extrusion Case<\/a><\/li>\r\n<li><a href=\"https:\/\/sinoextrud.com\/product\/aluminium-extrusion-moulding\/\" target=\"_blank\">Aluminium Extrusion Moulding<\/a><\/li>\r\n<li><a href=\"https:\/\/sinoextrud.com\/product\/aluminium-profile-case\/\" target=\"_blank\">Aluminium Profile Case<\/a><\/li>\r\n<li><a href=\"https:\/\/sinoextrud.com\/product\/aluminium-profile-for-clean-room\/\" target=\"_blank\">Aluminium Profile For Clean Room<\/a><\/li>\r\n<li><a href=\"https:\/\/sinoextrud.com\/product\/aluminium-profile-workbench\/\" target=\"_blank\">Aluminium Profile Workbench<\/a><\/li>\r\n<li><a href=\"https:\/\/sinoextrud.com\/product\/aluminium-roof-rack-extrusions\/\" target=\"_blank\">Aluminium Roof Rack Extrusions<\/a><\/li>\r\n<li><a href=\"https:\/\/sinoextrud.com\/product\/aluminium-seamless-pipe\/\" target=\"_blank\">Aluminium Seamless Pipe<\/a><\/li>\r\n<li><a href=\"https:\/\/sinoextrud.com\/product\/oem-building-interlocking-aluminum-extrusions\/\" target=\"_blank\">OEM Building Interlocking Aluminum Extrusions<\/a><\/li>\r\n<li><a href=\"https:\/\/sinoextrud.com\/product\/40x40-aluminium-extrusion\/\" target=\"_blank\">40\u00d740 Aluminium Extrusion<\/a><\/li>"},"feature_list":[]},"_links":{"self":[{"href":"https:\/\/sinoextrud.com\/fi\/wp-json\/wp\/v2\/product\/8285","targetHints":{"allow":["GET"]}}],"collection":[{"href":"https:\/\/sinoextrud.com\/fi\/wp-json\/wp\/v2\/product"}],"about":[{"href":"https:\/\/sinoextrud.com\/fi\/wp-json\/wp\/v2\/types\/product"}],"wp:featuredmedia":[{"embeddable":true,"href":"https:\/\/sinoextrud.com\/fi\/wp-json\/wp\/v2\/media\/8284"}],"wp:attachment":[{"href":"https:\/\/sinoextrud.com\/fi\/wp-json\/wp\/v2\/media?parent=8285"}],"wp:term":[{"taxonomy":"category","embeddable":true,"href":"https:\/\/sinoextrud.com\/fi\/wp-json\/wp\/v2\/categories?post=8285"}],"curies":[{"name":"wp","href":"https:\/\/api.w.org\/{rel}","templated":true}]}}