{"id":8281,"date":"2025-06-14T06:48:33","date_gmt":"2025-06-14T06:48:33","guid":{"rendered":"https:\/\/sinoextrud.com\/product\/aluminium-extrusion-case\/"},"modified":"2025-06-24T06:23:29","modified_gmt":"2025-06-24T06:23:29","slug":"alumiini-suulakepuristettu-tapaus","status":"publish","type":"product","link":"https:\/\/sinoextrud.com\/fi\/product\/aluminium-extrusion-case\/","title":{"rendered":"Alumiininen suulakepuristus kotelo"},"content":{"rendered":"<h2>Tuotteiden tiedot<\/h2>\n<table class=\"custom-table\">\n<tbody>\n<tr>\n<td> Nimi<\/td>\n<td> Alumiininen suulakepuristus kotelo<\/td>\n<\/tr>\n<tr>\n<td> Merkki<\/td>\n<td> Sinoextrud\/<\/td>\n<\/tr>\n<tr>\n<td> Luokka<\/td>\n<td> Alumiinin suulakepuristus \/ CNC-k\u00e4sittely<\/td>\n<\/tr>\n<tr>\n<td> Materiaali<\/td>\n<td> Alumiiniseos (6063, 6061, 6464, 6082), 1000 ja 3000-sarja on saatavana.<\/td>\n<\/tr>\n<tr>\n<td> Temper<\/td>\n<td> T5-T8<\/td>\n<\/tr>\n<tr>\n<td> Pituus<\/td>\n<td> Piirustuksen mukaisesti<\/td>\n<\/tr>\n<tr>\n<td> Koko (mm)<\/td>\n<td> Voidaan leikata pyynn\u00f6st\u00e4si.<\/td>\n<\/tr>\n<tr>\n<td> Muoto<\/td>\n<td> Mukauttaminen<\/td>\n<\/tr>\n<tr>\n<td> Pintak\u00e4sittely<\/td>\n<td> Tehopinnoitus; Myllyss\u00e4 viimeistelty, anodisoitu, hiekkapuhallus, elektroforeesi on my\u00f6s saatavana.<\/td>\n<\/tr>\n<tr>\n<td> V\u00e4ri<\/td>\n<td> Hopea, musta, kulta, Champange, pronssi, punainen. sininen ja voimme r\u00e4\u00e4t\u00e4l\u00f6id\u00e4 v\u00e4rej\u00e4 asiakkaiden n\u00e4ytteiden perusteella.<\/td>\n<\/tr>\n<tr>\n<td> Takuu<\/td>\n<td> BV , TUV , ISO<\/td>\n<\/tr>\n<tr>\n<td> Standardi<\/td>\n<td> Keskitaso ja korkea laatu<\/td>\n<\/tr>\n<tr>\n<td> MOQ<\/td>\n<td> 200KGS kutakin kohdetta kohti<\/td>\n<\/tr>\n<tr>\n<td> Osoitteesta<\/td>\n<td> Guangdong, Kiina<\/td>\n<\/tr>\n<tr>\n<td> Hakemus<\/td>\n<td> Teollisuus, s\u00e4hk\u00f6, mekaaniset laitteet, erilaiset alumiinikotelot<\/td>\n<\/tr>\n<tr>\n<td> Syv\u00e4prosessointi<\/td>\n<td> Leikkaus, poraus, ty\u00f6st\u00f6, l\u00e4vistys, taivutus, napauttaminen jne.<\/td>\n<\/tr>\n<tr>\n<td> Paketti<\/td>\n<td> Sis\u00e4ll\u00e4 suojakalvo, kutistemuovi tai PE-vaahtomuovi. Ulkopuolella laatikko, kartonki tai puukehys tai r\u00e4\u00e4t\u00e4l\u00f6inti.<\/td>\n<\/tr>\n<tr>\n<td> Toimitusaika<\/td>\n<td> Muotin kehitt\u00e4minen ja n\u00e4ytteen muotoilu on 12-18 p\u00e4iv\u00e4\u00e4, sitten tuotannon kesto on 25-30 p\u00e4iv\u00e4\u00e4 ostajan talletuksen vastaanottamisen j\u00e4lkeen.<\/td>\n<\/tr>\n<tr>\n<td> Tuotteen kapasiteetti<\/td>\n<td> 15,000+ tonnia \/ kuukausi<\/td>\n<\/tr>\n<\/tbody>\n<\/table>\n<h2>Tuotantopohjamme<\/h2>\n<h3>Tehtaan panoraama<\/h3>\n<p><img decoding=\"async\" src=\"\/wp-content\/uploads\/factory-01.webp\"\/><\/p>\n<h3>Alumiini Bar Manufacturing Workshop<\/h3>\n<p><img decoding=\"async\" src=\"\/wp-content\/uploads\/factory-02.webp\"\/><\/p>\n<p><img decoding=\"async\" src=\"\/wp-content\/uploads\/factory-03.webp\"\/><\/p>\n<h3>Muotin varastointi Varasto<\/h3>\n<p><img decoding=\"async\" src=\"\/wp-content\/uploads\/factory-04.webp\"\/><\/p>\n<h3>43 Alumiini ekstruusiolinjat (500\u00e2 5500 tonnia)<\/h3>\n<p><img decoding=\"async\" src=\"\/wp-content\/uploads\/factory-05.webp\"\/><\/p>\n<p><img decoding=\"async\" src=\"\/wp-content\/uploads\/factory-06.webp\"\/><\/p>\n<p><img decoding=\"async\" src=\"\/wp-content\/uploads\/factory-07.webp\"\/><\/p>\n<h3>Jauhemaalaus ty\u00f6paja<\/h3>\n<p><img decoding=\"async\" src=\"\/wp-content\/uploads\/factory-09.webp\"\/><\/p>\n<h3>Anodisointi ty\u00f6paja<\/h3>\n<p><img decoding=\"async\" src=\"\/wp-content\/uploads\/factory-10.webp\"\/><\/p>\n<h3>Syv\u00e4k\u00e4sittelyn ty\u00f6paja<\/h3>\n<p><img decoding=\"async\" src=\"\/wp-content\/uploads\/factory-11.webp\"\/><\/p>\n<h3>CNC-tarkkuuskoneistus ty\u00f6paja<\/h3>\n<p><img decoding=\"async\" src=\"\/wp-content\/uploads\/factory-11.5.webp\"\/><\/p>\n<h3>Valmiiden tuotteiden ja vientivarasto<\/h3>\n<p><img decoding=\"async\" src=\"\/wp-content\/uploads\/factory-12.webp\"\/><\/p>\n<p><img decoding=\"async\" src=\"\/wp-content\/uploads\/factory-13.webp\"\/><\/p>\n<p><img decoding=\"async\" src=\"\/wp-content\/uploads\/factory-14.webp\"\/><\/p>\n<h2>FAQ<\/h2>\n<p><p><b>1.Mik\u00e4 tekee alumiini suulakepuristuskotelosta sopivan elektronisten komponenttien suojaamiseen? <\/b><\/p>\n<p> Alumiinipuristekotelot ovat vahvoja, korroosionkest\u00e4vi\u00e4 ja suojaavat erinomaisesti herkki\u00e4 elektroniikkakomponentteja, joten ne soveltuvat erinomaisesti elektroniikan kotelointiin.<br \/>\n<\/p><br \/>\n<br \/>\n<p><b>2.Can alumiini suulakepuristus tapauksessa r\u00e4\u00e4t\u00e4l\u00f6id\u00e4? <\/b><\/p>\n<p> Kyll\u00e4, n\u00e4m\u00e4 kotelot voidaan r\u00e4\u00e4t\u00e4l\u00f6id\u00e4 koon, muodon ja muotoilun osalta vastaamaan eri elektroniikkasovellusten erityisvaatimuksia.<br \/>\n<\/p><br \/>\n<br \/>\n<p><b>3.How kest\u00e4v\u00e4 on alumiini suulakepuristus tapauksessa? <\/b><\/p>\n<p> Se on eritt\u00e4in kest\u00e4v\u00e4 korroosionkest\u00e4vien ominaisuuksiensa ansiosta, mik\u00e4 takaa komponenttien pitk\u00e4aikaisen suojan vaativissa ymp\u00e4rist\u00f6iss\u00e4.<br \/>\n<\/p><br \/>\n<br \/>\n<p><b>4.Mitk\u00e4 teollisuudenalat hy\u00f6tyv\u00e4t alumiinin ekstruusiokotelosta? <\/b><\/p>\n<p> Elektroniikka-, auto-, televiestint\u00e4- ja virtal\u00e4hdej\u00e4rjestelmien kaltaiset teollisuudenalat hy\u00f6tyv\u00e4t n\u00e4ist\u00e4 koteloista herkkien laitteiden suojaamiseksi.<br \/>\n<\/p><br \/>\n<br \/>\n<p><b>5.Is alumiini suulakepuristus tapauksessa helppo asentaa? <\/b><\/p>\n<p> Kyll\u00e4, n\u00e4m\u00e4 kotelot on suunniteltu helposti koottaviksi ja muokattaviksi, mik\u00e4 v\u00e4hent\u00e4\u00e4 asennusaikaa ja ty\u00f6voimakustannuksia.<br \/>\n<\/p><br \/>\n<br \/>\n<p><b>6.Miten alumiinin suulakepuristekotelo parantaa l\u00e4mp\u00f6tehoa? <\/b><\/p>\n<p> Suulakepuristettu alumiinirakenne tarjoaa tehokkaan l\u00e4mm\u00f6nsiirron, mik\u00e4 varmistaa, ett\u00e4 elektroniset komponentit pysyv\u00e4t optimaalisella k\u00e4ytt\u00f6l\u00e4mp\u00f6tila-alueella.<br \/>\n<\/p><br \/>\n<br \/>\n<p><b>7.Is alumiini suulakepuristus tapauksessa ymp\u00e4rist\u00f6yst\u00e4v\u00e4llinen? <\/b><\/p>\n<p> Kyll\u00e4, alumiini on t\u00e4ysin kierr\u00e4tett\u00e4v\u00e4 materiaali, joten puristekotelo on ymp\u00e4rist\u00f6yst\u00e4v\u00e4llinen valinta erilaisiin teollisiin sovelluksiin.<br \/>\n<\/p><br \/><\/p>","protected":false},"featured_media":8280,"template":"","categories":[54],"class_list":["post-8281","product","type-product","status-publish","has-post-thumbnail","hentry","category-industrial-aluminum-profiles"],"meta_box":{"hilight_text_group":{"product_hilight_text":"<li>High-strength aluminium extrusion case for protecting sensitive electronic components<\/li>\r\r\n<li>Corrosion-resistant, ensuring long-lasting durability and reliability<\/li>\r\r\n<li>Customizable sizes and designs to meet specific project requirements<\/li>\r\r\n<li>Lightweight yet sturdy, providing excellent protection without adding excess weight<\/li>\r\r\n<li>Efficient thermal management, helping to dissipate heat and maintain optimal performance<\/li>\r\r\n<li>Easy to assemble and modify, reducing production and setup time<\/li>\r\r\n<li>Environmentally friendly, as aluminum is fully recyclable<\/li>","product_chanpin_blog":"<ul>\r\r\n<li><a href=\"https:\/\/sinoextrud.com\/t-slot-v-slot-differences\/\" target=\"_blank\">t slot vs v slot<\/a><\/li>\r\r\n<li><a href=\"https:\/\/sinoextrud.com\/what-is-4040-aluminium-extrud\/\" target=\"_blank\">4040 aluminium extrusion<\/a><\/li>\r\r\n<li><a href=\"https:\/\/sinoextrud.com\/what-is-4040-aluminium-extrud\/\" target=\"_blank\">aluminum extrusions for industrial racks<\/a><\/li>\r\r\n<li><a href=\"https:\/\/sinoextrud.com\/powder-coating-aluminium-process\/\" target=\"_blank\">powder coating aluminium<\/a><\/li>\r\r\n<li><a href=\"https:\/\/sinoextrud.com\/what-is-an-aluminium-strip-ceiling\/\" target=\"_blank\">aluminium strip ceiling<\/a><\/li>\r\r\n<li><a href=\"https:\/\/sinoextrud.com\/what-is-a-heat-sink\/\" target=\"_blank\">what is a heat sink<\/a><\/li>\r\r\n<\/ul>","product_chanpin_chanpin":"<li><a href=\"https:\/\/sinoextrud.com\/product\/6061-aluminum-extrusion-round-tube-for-industry\/\" target=\"_blank\">6061 Aluminum Extrusion Round Tube For Industry<\/a><\/li>\r\n<li><a href=\"https:\/\/sinoextrud.com\/product\/6061-aluminum-price-per-pound-best-quality-anodized-t-slot-aluminum-profile-extrusion-framing-track\/\" target=\"_blank\">6061 aluminum price per pound best quality anodized t-slot aluminum profile extrusion framing track<\/a><\/li>\r\n<li><a href=\"https:\/\/sinoextrud.com\/product\/6061-t5-l-shape-aluminum-profile-bar-customized-40x40-extruded-aluminum-angle-profile\/\" target=\"_blank\">6061-t5 L Shape Aluminum Profile Bar Customized 40\u00c3\u201440 Extruded Aluminum Angle Profile<\/a><\/li>\r\n<li><a href=\"https:\/\/sinoextrud.com\/product\/aerospace-aluminum-extrusions\/\" target=\"_blank\">Aerospace Aluminum Extrusions<\/a><\/li>\r\n<li><a href=\"https:\/\/sinoextrud.com\/product\/aluminium-extrusion-case\/\" target=\"_blank\">Aluminium Extrusion Case<\/a><\/li>\r\n<li><a href=\"https:\/\/sinoextrud.com\/product\/aluminium-extrusion-moulding\/\" target=\"_blank\">Aluminium Extrusion Moulding<\/a><\/li>\r\n<li><a href=\"https:\/\/sinoextrud.com\/product\/aluminium-profile-case\/\" target=\"_blank\">Aluminium Profile Case<\/a><\/li>\r\n<li><a href=\"https:\/\/sinoextrud.com\/product\/aluminium-profile-for-clean-room\/\" target=\"_blank\">Aluminium Profile For Clean Room<\/a><\/li>\r\n<li><a href=\"https:\/\/sinoextrud.com\/product\/aluminium-profile-workbench\/\" target=\"_blank\">Aluminium Profile Workbench<\/a><\/li>\r\n<li><a href=\"https:\/\/sinoextrud.com\/product\/sliding-door-extrusions\/\" target=\"_blank\">Sliding Door Extrusions<\/a><\/li>\r\n<li><a href=\"https:\/\/sinoextrud.com\/product\/clip-on-aluminium-profiles\/\" target=\"_blank\">Clip On Aluminium Profiles<\/a><\/li>"},"feature_list":[]},"_links":{"self":[{"href":"https:\/\/sinoextrud.com\/fi\/wp-json\/wp\/v2\/product\/8281","targetHints":{"allow":["GET"]}}],"collection":[{"href":"https:\/\/sinoextrud.com\/fi\/wp-json\/wp\/v2\/product"}],"about":[{"href":"https:\/\/sinoextrud.com\/fi\/wp-json\/wp\/v2\/types\/product"}],"wp:featuredmedia":[{"embeddable":true,"href":"https:\/\/sinoextrud.com\/fi\/wp-json\/wp\/v2\/media\/8280"}],"wp:attachment":[{"href":"https:\/\/sinoextrud.com\/fi\/wp-json\/wp\/v2\/media?parent=8281"}],"wp:term":[{"taxonomy":"category","embeddable":true,"href":"https:\/\/sinoextrud.com\/fi\/wp-json\/wp\/v2\/categories?post=8281"}],"curies":[{"name":"wp","href":"https:\/\/api.w.org\/{rel}","templated":true}]}}