{"id":8261,"date":"2025-06-14T06:32:29","date_gmt":"2025-06-14T06:32:29","guid":{"rendered":"https:\/\/sinoextrud.com\/product\/solar-aluminium-profile-2\/"},"modified":"2025-06-24T06:23:26","modified_gmt":"2025-06-24T06:23:26","slug":"aurinko-alumiiniprofiili-2","status":"publish","type":"product","link":"https:\/\/sinoextrud.com\/fi\/product\/solar-aluminium-profile-2\/","title":{"rendered":"Aurinkoenergian alumiiniprofiili"},"content":{"rendered":"<h2>Tuotteiden tiedot<\/h2>\n<table class=\"custom-table\">\n<thead>\n<tr>\n<td> Kohde\uff1a<\/td>\n<td> Custom anodisoitu Solar alumiini profiili<\/td>\n<\/tr>\n<\/thead>\n<tbody>\n<tr>\n<td> Materiaali:<\/td>\n<td> Korkealaatuinen alumiiniseos (esim. 6063)<\/td>\n<\/tr>\n<tr>\n<td> Profiilin tyyppi:<\/td>\n<td> Anodisoitu aurinko alumiini profiili<\/td>\n<\/tr>\n<tr>\n<td> Vakiopituus:<\/td>\n<td> Jopa 6 metri\u00e4 (r\u00e4\u00e4t\u00e4l\u00f6ityj\u00e4 pituuksia saatavana)<\/td>\n<\/tr>\n<tr>\n<td> Leveysvaihtoehdot:<\/td>\n<td> 30 mm - 150 mm (r\u00e4\u00e4t\u00e4l\u00f6ityj\u00e4 leveyksi\u00e4 saatavana)<\/td>\n<\/tr>\n<tr>\n<td> Korkeusvaihtoehdot:<\/td>\n<td> 20 mm - 100 mm (r\u00e4\u00e4t\u00e4l\u00f6ityj\u00e4 korkeuksia saatavana)<\/td>\n<\/tr>\n<tr>\n<td> Paksuus:<\/td>\n<td> 1,2 mm - 3,0 mm (mukautettu paksuus saatavana)<\/td>\n<\/tr>\n<tr>\n<td> Paino:<\/td>\n<td> Vaihtelee mittojen ja mallin mukaan<\/td>\n<\/tr>\n<tr>\n<td> Pintak\u00e4sittely:<\/td>\n<td> Anodisoitu (eri v\u00e4rej\u00e4 saatavilla)<\/td>\n<\/tr>\n<tr>\n<td> V\u00e4rivaihtoehdot:<\/td>\n<td> Hopea, musta, pronssi, mukautetut v\u00e4rit<\/td>\n<\/tr>\n<tr>\n<td> Korroosionkest\u00e4vyys:<\/td>\n<td> Erinomainen (parannettu anodisointiprosessilla)<\/td>\n<\/tr>\n<tr>\n<td> L\u00e4mm\u00f6njohtavuus:<\/td>\n<td> Korkea l\u00e4mm\u00f6njohtavuus takaa tehokkaan l\u00e4mm\u00f6nsiirron<\/td>\n<\/tr>\n<tr>\n<td> Kantavuus:<\/td>\n<td> Vaihtelee profiilin suunnittelun ja asennuksen mukaan<\/td>\n<\/tr>\n<tr>\n<td> CNC-ty\u00f6st\u00f6:<\/td>\n<td> Saatavana tarkkuusleikkaukseen, poraukseen ja jyrsint\u00e4\u00e4n<\/td>\n<\/tr>\n<tr>\n<td> Pakkaus:<\/td>\n<td> Turvallinen pakkaus suojamateriaaleilla, jotka on merkitty helposti tunnistettaviksi.<\/td>\n<\/tr>\n<tr>\n<td> Sertifikaatit:<\/td>\n<td> ISO 9001, RoHS ja muut asiaankuuluvat sertifikaatit.<\/td>\n<\/tr>\n<tr>\n<td> L\u00e4pimenoaika:<\/td>\n<td> Tyypillisesti 2-4 viikkoa (riippuen r\u00e4\u00e4t\u00e4l\u00f6innist\u00e4 ja tilausm\u00e4\u00e4r\u00e4st\u00e4).<\/td>\n<\/tr>\n<tr>\n<td> V\u00e4himm\u00e4istilausm\u00e4\u00e4r\u00e4 (MOQ):<\/td>\n<td> 200 kg tai sopimuksen mukaan<\/td>\n<\/tr>\n<tr>\n<td> Mukauttamisvaihtoehdot:<\/td>\n<td> Saatavana mitat, v\u00e4rit ja mallit<\/td>\n<\/tr>\n<tr>\n<td> Laadunvalvonta:<\/td>\n<td> Tarkat tarkastukset jokaisessa tuotantovaiheessa<\/td>\n<\/tr>\n<tr>\n<td> Takuu:<\/td>\n<td> 5 vuoden takuu valmistusvirheit\u00e4 vastaan<\/td>\n<\/tr>\n<tr>\n<td> Asiakastuki:<\/td>\n<td> Teknist\u00e4 tukea ja konsultointia on saatavilla<\/td>\n<\/tr>\n<\/tbody>\n<\/table>\n<h2>Tuotantopohjamme<\/h2>\n<h3>Tehtaan panoraama<\/h3>\n<p><img decoding=\"async\" src=\"\/wp-content\/uploads\/factory-01.webp\"\/><\/p>\n<h3>Alumiini Bar Manufacturing Workshop<\/h3>\n<p><img decoding=\"async\" src=\"\/wp-content\/uploads\/factory-02.webp\"\/><\/p>\n<p><img decoding=\"async\" src=\"\/wp-content\/uploads\/factory-03.webp\"\/><\/p>\n<h3>Muotin varastointi Varasto<\/h3>\n<p><img decoding=\"async\" src=\"\/wp-content\/uploads\/factory-04.webp\"\/><\/p>\n<h3>43 alumiinin ekstruusiolinjat (500-5500 tonnia)<\/h3>\n<p><img decoding=\"async\" src=\"\/wp-content\/uploads\/factory-05.webp\"\/><\/p>\n<p><img decoding=\"async\" src=\"\/wp-content\/uploads\/factory-06.webp\"\/><\/p>\n<p><img decoding=\"async\" src=\"\/wp-content\/uploads\/factory-07.webp\"\/><\/p>\n<h3>Jauhemaalaus ty\u00f6paja<\/h3>\n<p><img decoding=\"async\" src=\"\/wp-content\/uploads\/factory-09.webp\"\/><\/p>\n<h3>Anodisointi ty\u00f6paja<\/h3>\n<p><img decoding=\"async\" src=\"\/wp-content\/uploads\/factory-10.webp\"\/><\/p>\n<h3>Syv\u00e4k\u00e4sittelyn ty\u00f6paja<\/h3>\n<p><img decoding=\"async\" src=\"\/wp-content\/uploads\/factory-11.webp\"\/><\/p>\n<h3>CNC-tarkkuuskoneistus ty\u00f6paja<\/h3>\n<p><img decoding=\"async\" src=\"\/wp-content\/uploads\/factory-11.5.webp\"\/><\/p>\n<h3>Valmiiden tuotteiden ja vientivarasto<\/h3>\n<p><img decoding=\"async\" src=\"\/wp-content\/uploads\/factory-12.webp\"\/><\/p>\n<p><img decoding=\"async\" src=\"\/wp-content\/uploads\/factory-13.webp\"\/><\/p>\n<p><img decoding=\"async\" src=\"\/wp-content\/uploads\/factory-14.webp\"\/><\/p>\n<h2>FAQ<\/h2>\n<p><p><b>1.Mik\u00e4 tekee Solar Aluminium Profile -profiilista ihanteellisen aurinkopaneeliasennuksiin? <\/b><\/p>\n<p> Solar-alumiiniprofiilit ovat kest\u00e4vi\u00e4, kevyit\u00e4 ja korroosionkest\u00e4vi\u00e4, joten ne soveltuvat erinomaisesti aurinkopaneelien tukemiseen ja takaavat optimaalisen suorituskyvyn erilaisissa ymp\u00e4rist\u00f6iss\u00e4.<br \/>\n<\/p><br \/>\n<br \/>\n<p><b>2.Can Solar Aluminium Profile voidaan r\u00e4\u00e4t\u00e4l\u00f6id\u00e4? <\/b><\/p>\n<p> Kyll\u00e4, n\u00e4it\u00e4 profiileja voidaan r\u00e4\u00e4t\u00e4l\u00f6id\u00e4 koon, muodon ja muotoilun osalta vastaamaan erityisi\u00e4 aurinkoenergia-asennuksia koskevia vaatimuksia.<br \/>\n<\/p><br \/>\n<br \/>\n<p><b>3.Kuinka kest\u00e4v\u00e4 on Solar Aluminium Profile? <\/b><\/p>\n<p> Alumiininen aurinkoprofiili on eritt\u00e4in kest\u00e4v\u00e4 korroosionkest\u00e4vien ominaisuuksiensa ansiosta, mik\u00e4 takaa pitk\u00e4aikaisen suorituskyvyn my\u00f6s ankarissa s\u00e4\u00e4olosuhteissa.<br \/>\n<\/p><br \/>\n<br \/>\n<p><b>4.Mitk\u00e4 teollisuudenalat hy\u00f6tyv\u00e4t Solar Aluminium Profile -profiilin k\u00e4yt\u00f6st\u00e4? <\/b><\/p>\n<p> Uusiutuvan energian, rakentamisen ja aurinkoenergian kaltaiset teollisuudenalat hy\u00f6tyv\u00e4t n\u00e4ist\u00e4 aurinkopaneelien ja niihin liittyvien j\u00e4rjestelmien profiileista.<br \/>\n<\/p><br \/>\n<br \/>\n<p><b>5.Onko Solar Aluminium Profile helppo asentaa? <\/b><\/p>\n<p> Kyll\u00e4, n\u00e4m\u00e4 profiilit on suunniteltu helppoon asennukseen, mik\u00e4 auttaa v\u00e4hent\u00e4m\u00e4\u00e4n asennusaikaa ja ty\u00f6voimakustannuksia aurinkopaneeliprojekteissa.<br \/>\n<\/p><br \/>\n<br \/>\n<p><b>6.Miten Solar Aluminium Profile parantaa aurinkoj\u00e4rjestelm\u00e4n suorituskyky\u00e4? <\/b><\/p>\n<p> Profiili antaa vahvan tuen ja helpottaa samalla l\u00e4mm\u00f6n haihtumista, mik\u00e4 takaa aurinkopaneelien huipputehokkaan toiminnan.<br \/>\n<\/p><br \/>\n<br \/>\n<p><b>7.Is Solar alumiini profiilin ymp\u00e4rist\u00f6yst\u00e4v\u00e4llinen? <\/b><\/p>\n<p> Alumiini on t\u00e4ysin kierr\u00e4tett\u00e4v\u00e4\u00e4, joten se on ymp\u00e4rist\u00f6yst\u00e4v\u00e4llinen valinta aurinkopaneelien kiinnitys- ja tukirakenteisiin.<br \/>\n<\/p><br \/><\/p>","protected":false},"featured_media":8260,"template":"","categories":[54],"class_list":["post-8261","product","type-product","status-publish","has-post-thumbnail","hentry","category-industrial-aluminum-profiles"],"meta_box":{"hilight_text_group":{"product_hilight_text":"<li>Durable and corrosion-resistant solar aluminium profile designed for solar panel installations<\/li>\r\r\n<li>Lightweight yet strong, providing excellent support for solar panels without adding excessive weight<\/li>\r\r\n<li>Customizable lengths and designs to meet specific solar installation requirements<\/li>\r\r\n<li>Efficient thermal conductivity, ensuring better performance and heat management for solar systems<\/li>\r\r\n<li>Easy to assemble and install, reducing labor costs and setup time<\/li>\r\r\n<li>Weather-resistant, making it ideal for long-term outdoor use in various climates<\/li>\r\r\n<li>Environmentally friendly, as aluminum is fully recyclable and sustainable<\/li>","product_chanpin_blog":"<ul>\r\r\n<li><a href=\"https:\/\/sinoextrud.com\/t-slot-v-slot-differences\/\" target=\"_blank\">t slot vs v slot<\/a><\/li>\r\r\n<li><a href=\"https:\/\/sinoextrud.com\/what-is-4040-aluminium-extrud\/\" target=\"_blank\">4040 aluminium extrusion<\/a><\/li>\r\r\n<li><a href=\"https:\/\/sinoextrud.com\/what-is-4040-aluminium-extrud\/\" target=\"_blank\">aluminum extrusions for industrial racks<\/a><\/li>\r\r\n<li><a href=\"https:\/\/sinoextrud.com\/powder-coating-aluminium-process\/\" target=\"_blank\">powder coating aluminium<\/a><\/li>\r\r\n<li><a href=\"https:\/\/sinoextrud.com\/what-is-an-aluminium-strip-ceiling\/\" target=\"_blank\">aluminium strip ceiling<\/a><\/li>\r\r\n<li><a href=\"https:\/\/sinoextrud.com\/what-is-a-heat-sink\/\" target=\"_blank\">what is a heat sink<\/a><\/li>\r\r\n<\/ul>","product_chanpin_chanpin":"<li><a href=\"https:\/\/sinoextrud.com\/product\/industrial-large-aluminium-extrusions\/\" target=\"_blank\">Industrial Large Aluminium Extrusions<\/a><\/li>\r\n<li><a href=\"https:\/\/sinoextrud.com\/product\/industrial-large-aluminum-heat-sink\/\" target=\"_blank\">Industrial Large Aluminum Heat Sink<\/a><\/li>\r\n<li><a href=\"https:\/\/sinoextrud.com\/product\/industrial-t-slot-aluminum-profile\/\" target=\"_blank\">Industrial T Slot Aluminum Profile<\/a><\/li>\r\n<li><a href=\"https:\/\/sinoextrud.com\/product\/large-scale-industrial-aluminum-profile\/\" target=\"_blank\">Large Scale Industrial Aluminum Profile<\/a><\/li>\r\n<li><a href=\"https:\/\/sinoextrud.com\/product\/solar-aluminium-profile-2\/\" target=\"_blank\">Solar Aluminium Profile<\/a><\/li>\r\n<li><a href=\"https:\/\/sinoextrud.com\/product\/round-sunflower-led-light-aluminium-heat-sink\/\" target=\"_blank\">Round Sunflower LED Light Aluminium Heat Sink<\/a><\/li>\r\n<li><a href=\"https:\/\/sinoextrud.com\/product\/profile-square-aluminum-heat-sink\/\" target=\"_blank\">Profile Square Aluminum Heat Sink<\/a><\/li>\r\n<li><a href=\"https:\/\/sinoextrud.com\/product\/triangular-aluminum-extrusion\/\" target=\"_blank\">Triangular Aluminum Extrusion<\/a><\/li>\r\n<li><a href=\"https:\/\/sinoextrud.com\/product\/standard-aluminum-extrusions\/\" target=\"_blank\">Standard Aluminum Extrusions<\/a><\/li>\r\n<li><a href=\"https:\/\/sinoextrud.com\/product\/aluminium-round-tube-extrusion-profile-with-anodized-powder-coating-surface-treatment-oem-customized-extruded-aluminium-tube-profile\/\" target=\"_blank\">Aluminium Round Tube Extrusion Profile With Anodized Powder Coating Surface Treatment OEM Customized  Extruded Aluminium Tube Profile<\/a><\/li>\r\n<li><a href=\"https:\/\/sinoextrud.com\/product\/the-hexagonal-type-ceiling-system\/\" target=\"_blank\">The Hexagonal Type Ceiling System (Hexagonal Ceiling)<\/a><\/li>"},"feature_list":[]},"_links":{"self":[{"href":"https:\/\/sinoextrud.com\/fi\/wp-json\/wp\/v2\/product\/8261","targetHints":{"allow":["GET"]}}],"collection":[{"href":"https:\/\/sinoextrud.com\/fi\/wp-json\/wp\/v2\/product"}],"about":[{"href":"https:\/\/sinoextrud.com\/fi\/wp-json\/wp\/v2\/types\/product"}],"wp:featuredmedia":[{"embeddable":true,"href":"https:\/\/sinoextrud.com\/fi\/wp-json\/wp\/v2\/media\/8260"}],"wp:attachment":[{"href":"https:\/\/sinoextrud.com\/fi\/wp-json\/wp\/v2\/media?parent=8261"}],"wp:term":[{"taxonomy":"category","embeddable":true,"href":"https:\/\/sinoextrud.com\/fi\/wp-json\/wp\/v2\/categories?post=8261"}],"curies":[{"name":"wp","href":"https:\/\/api.w.org\/{rel}","templated":true}]}}