{"id":8259,"date":"2025-06-14T06:30:54","date_gmt":"2025-06-14T06:30:54","guid":{"rendered":"https:\/\/sinoextrud.com\/product\/large-scale-industrial-aluminum-profile\/"},"modified":"2025-06-24T06:23:26","modified_gmt":"2025-06-24T06:23:26","slug":"suuren-mittakaavan-teollisuuden-alumiiniprofiili","status":"publish","type":"product","link":"https:\/\/sinoextrud.com\/fi\/product\/large-scale-industrial-aluminum-profile\/","title":{"rendered":"Suuren mittakaavan teollisuuden alumiiniprofiili"},"content":{"rendered":"<h2>Tuotteiden tiedot<\/h2>\n<table class=\"custom-table\">\n<tbody>\n<tr>\n<td> Tuotteen nimi<\/td>\n<td> Suuren mittakaavan teollisuuden alumiiniprofiili                            <\/td>\n<\/tr>\n<tr>\n<td> Materiaali<\/td>\n<td> 6063, 6061, 6043, 6082 Alumiiniseos<\/td>\n<\/tr>\n<tr>\n<td> V\u00e4ri<\/td>\n<td> R\u00e4\u00e4t\u00e4l\u00f6ity<\/td>\n<\/tr>\n<tr>\n<td> Standardi<\/td>\n<td> GB2008<\/td>\n<\/tr>\n<tr>\n<td> Luokka<\/td>\n<td> 6000-sarja<\/td>\n<\/tr>\n<tr>\n<td> Paksuus<\/td>\n<td> R\u00e4\u00e4t\u00e4l\u00f6ity<\/td>\n<\/tr>\n<tr>\n<td> K\u00e4ytt\u00f6<\/td>\n<td> Teollinen<\/td>\n<\/tr>\n<tr>\n<td> Temper<\/td>\n<td> T3-T8<\/td>\n<\/tr>\n<tr>\n<td> Pituus<\/td>\n<td> R\u00e4\u00e4t\u00e4l\u00f6ity<\/td>\n<\/tr>\n<tr>\n<td> Pintak\u00e4sittely<\/td>\n<td> Jauhemaalaus, Mill Finish, PVDF, anodisoitu, puunjyv\u00e4, kiillotettu, harjattu jne.<\/td>\n<\/tr>\n<tr>\n<td> Orgin<\/td>\n<td> KIINA<\/td>\n<\/tr>\n<tr>\n<td> Onko seos vai ei<\/td>\n<td> Onko seos<\/td>\n<\/tr>\n<tr>\n<td> Satama<\/td>\n<td> Guangzhou, Shenzhen, Foshan<\/td>\n<\/tr>\n<\/tbody>\n<\/table>\n<h2>Tuotantopohjamme<\/h2>\n<h3>Tehtaan panoraama<\/h3>\n<p><img decoding=\"async\" src=\"\/wp-content\/uploads\/factory-01.webp\"\/><\/p>\n<h3>Alumiini Bar Manufacturing Workshop<\/h3>\n<p><img decoding=\"async\" src=\"\/wp-content\/uploads\/factory-02.webp\"\/><\/p>\n<p><img decoding=\"async\" src=\"\/wp-content\/uploads\/factory-03.webp\"\/><\/p>\n<h3>Muotin varastointi Varasto<\/h3>\n<p><img decoding=\"async\" src=\"\/wp-content\/uploads\/factory-04.webp\"\/><\/p>\n<h3>43 Alumiini ekstruusiolinjat (500\u00e2 5500 tonnia)<\/h3>\n<p><img decoding=\"async\" src=\"\/wp-content\/uploads\/factory-05.webp\"\/><\/p>\n<p><img decoding=\"async\" src=\"\/wp-content\/uploads\/factory-06.webp\"\/><\/p>\n<p><img decoding=\"async\" src=\"\/wp-content\/uploads\/factory-07.webp\"\/><\/p>\n<h3>Jauhemaalaus ty\u00f6paja<\/h3>\n<p><img decoding=\"async\" src=\"\/wp-content\/uploads\/factory-09.webp\"\/><\/p>\n<h3>Anodisointi ty\u00f6paja<\/h3>\n<p><img decoding=\"async\" src=\"\/wp-content\/uploads\/factory-10.webp\"\/><\/p>\n<h3>Syv\u00e4k\u00e4sittelyn ty\u00f6paja<\/h3>\n<p><img decoding=\"async\" src=\"\/wp-content\/uploads\/factory-11.webp\"\/><\/p>\n<h3>CNC-tarkkuuskoneistus ty\u00f6paja<\/h3>\n<p><img decoding=\"async\" src=\"\/wp-content\/uploads\/factory-11.5.webp\"\/><\/p>\n<h3>Valmiiden tuotteiden ja vientivarasto<\/h3>\n<p><img decoding=\"async\" src=\"\/wp-content\/uploads\/factory-12.webp\"\/><\/p>\n<p><img decoding=\"async\" src=\"\/wp-content\/uploads\/factory-13.webp\"\/><\/p>\n<p><img decoding=\"async\" src=\"\/wp-content\/uploads\/factory-14.webp\"\/><\/p>\n<h2>FAQ<\/h2>\n<p><p><b>1.What ovat suuren mittakaavan teollisuuden alumiiniprofiilit k\u00e4ytet\u00e4\u00e4n?<\/b><\/p>\n<p>Suuren mittakaavan teollisuusalumiiniprofiileja k\u00e4ytet\u00e4\u00e4n suurten rakenteiden, rakenteellisten j\u00e4rjestelmien ja teollisuuslaitteiden rakentamiseen, kun tarvitaan lujuutta, kest\u00e4vyytt\u00e4 ja joustavuutta.<br \/>\n<\/p><br \/>\n<br \/>\n<p><b>2.Miksi alumiinia k\u00e4ytet\u00e4\u00e4n laajamittaisissa teollisuusprofiileissa?<\/b><\/p>\n<p>Alumiini on kevytt\u00e4, korroosionkest\u00e4v\u00e4\u00e4 ja kest\u00e4v\u00e4\u00e4, joten se on ihanteellinen materiaali laajamittaisiin teollisuussovelluksiin, joissa tarvitaan sek\u00e4 lujuutta ett\u00e4 helppok\u00e4ytt\u00f6isyytt\u00e4.<br \/>\n<\/p><br \/>\n<br \/>\n<p><b>3.Can Suuren mittakaavan teolliset alumiiniprofiilit voidaan r\u00e4\u00e4t\u00e4l\u00f6id\u00e4?<\/b><\/p>\n<p>Kyll\u00e4, n\u00e4m\u00e4 profiilit ovat hyvin muokattavissa, ja ne mahdollistavat r\u00e4\u00e4t\u00e4l\u00f6idyt mallit, jotka t\u00e4ytt\u00e4v\u00e4t erityiset rakenteelliset ja toiminnalliset vaatimukset suurissa teollisuushankkeissa.<br \/>\n<\/p><br \/>\n<br \/>\n<p><b>4.Miten korroosionkest\u00e4vyys hy\u00f6dytt\u00e4\u00e4 suuren mittakaavan teollisuusalumiiniprofiileja?<\/b><\/p>\n<p>Korroosionkest\u00e4vyys takaa, ett\u00e4 profiilit s\u00e4ilytt\u00e4v\u00e4t lujuutensa ja ulkon\u00e4k\u00f6ns\u00e4 ajan my\u00f6t\u00e4 my\u00f6s ankarissa teollisuusymp\u00e4rist\u00f6iss\u00e4, mik\u00e4 v\u00e4hent\u00e4\u00e4 huoltoa ja lis\u00e4\u00e4 pitk\u00e4ik\u00e4isyytt\u00e4.<br \/>\n<\/p><br \/>\n<br \/>\n<p><b>5.Are Suuren mittakaavan teollisuuden alumiiniprofiilit kustannustehokkaita?<\/b><\/p>\n<p>Kyll\u00e4, n\u00e4m\u00e4 profiilit tarjoavat kustannustehokkaan ratkaisun laajamittaisiin teollisuushankkeisiin v\u00e4hent\u00e4m\u00e4ll\u00e4 materiaalikustannuksia ja tarjoamalla pitk\u00e4aikaisen kest\u00e4vyyden minimaalisella huollolla.<br \/>\n<\/p><br \/>\n<br \/>\n<p><b>6.Miten suuret teolliset alumiiniprofiilit edist\u00e4v\u00e4t energiatehokkuutta?<\/b><\/p>\n<p>Alumiinin keveys auttaa v\u00e4hent\u00e4m\u00e4\u00e4n kuljetuskustannuksia ja energiankulutusta asennuksen aikana, mik\u00e4 tekee n\u00e4ist\u00e4 profiileista energiatehokkaamman ratkaisun teollisiin sovelluksiin.<br \/>\n<\/p><br \/>\n<br \/>\n<p><b>7.Mitk\u00e4 teollisuudenalat hy\u00f6tyv\u00e4t suurista teollisista alumiiniprofiileista?<\/b><\/p>\n<p>Teollisuuden, kuten valmistuksen, rakentamisen, ilmailu- ja avaruusteollisuuden sek\u00e4 automaation toimialat hy\u00f6tyv\u00e4t suurten teollisuusalumiiniprofiilien vahvuudesta, joustavuudesta ja kustannustehokkuudesta laajamittaisissa sovelluksissa.<br \/>\n<\/p><br \/><\/p>","protected":false},"featured_media":8258,"template":"","categories":[54],"class_list":["post-8259","product","type-product","status-publish","has-post-thumbnail","hentry","category-industrial-aluminum-profiles"],"meta_box":{"hilight_text_group":{"product_hilight_text":"<li>High-strength aluminum profiles designed for large-scale industrial applications.<\/li>\r\r\n<li>Customizable profiles for specific structural needs, offering maximum design flexibility.<\/li>\r\r\n<li>Corrosion-resistant properties ensure long-lasting performance in challenging industrial environments.<\/li>\r\r\n<li>Lightweight yet durable, providing ease of handling and transport for large projects.<\/li>\r\r\n<li>Cost-effective and energy-efficient solution for constructing large structures and frameworks.<\/li>","product_chanpin_blog":"<ul>\r\r\n<li><a href=\"https:\/\/sinoextrud.com\/t-slot-v-slot-differences\/\" target=\"_blank\">t slot vs v slot<\/a><\/li>\r\r\n<li><a href=\"https:\/\/sinoextrud.com\/what-is-4040-aluminium-extrud\/\" target=\"_blank\">4040 aluminium extrusion<\/a><\/li>\r\r\n<li><a href=\"https:\/\/sinoextrud.com\/what-is-4040-aluminium-extrud\/\" target=\"_blank\">aluminum extrusions for industrial racks<\/a><\/li>\r\r\n<li><a href=\"https:\/\/sinoextrud.com\/powder-coating-aluminium-process\/\" target=\"_blank\">powder coating aluminium<\/a><\/li>\r\r\n<li><a href=\"https:\/\/sinoextrud.com\/what-is-an-aluminium-strip-ceiling\/\" target=\"_blank\">aluminium strip ceiling<\/a><\/li>\r\r\n<li><a href=\"https:\/\/sinoextrud.com\/what-is-a-heat-sink\/\" target=\"_blank\">what is a heat sink<\/a><\/li>\r\r\n<\/ul>","product_chanpin_chanpin":"<li><a href=\"https:\/\/sinoextrud.com\/product\/hospital-aluminum-profile\/\" target=\"_blank\">Hospital Aluminum Profile<\/a><\/li>\r\n<li><a href=\"https:\/\/sinoextrud.com\/product\/industrial-large-aluminium-extrusions\/\" target=\"_blank\">Industrial Large Aluminium Extrusions<\/a><\/li>\r\n<li><a href=\"https:\/\/sinoextrud.com\/product\/industrial-large-aluminum-heat-sink\/\" target=\"_blank\">Industrial Large Aluminum Heat Sink<\/a><\/li>\r\n<li><a href=\"https:\/\/sinoextrud.com\/product\/industrial-t-slot-aluminum-profile\/\" target=\"_blank\">Industrial T Slot Aluminum Profile<\/a><\/li>\r\n<li><a href=\"https:\/\/sinoextrud.com\/product\/large-scale-industrial-aluminum-profile\/\" target=\"_blank\">Large Scale Industrial Aluminum Profile<\/a><\/li>\r\n<li><a href=\"https:\/\/sinoextrud.com\/product\/solar-aluminium-profile-2\/\" target=\"_blank\">Solar Aluminium Profile<\/a><\/li>\r\n<li><a href=\"https:\/\/sinoextrud.com\/product\/round-sunflower-led-light-aluminium-heat-sink\/\" target=\"_blank\">Round Sunflower LED Light Aluminium Heat Sink<\/a><\/li>\r\n<li><a href=\"https:\/\/sinoextrud.com\/product\/profile-square-aluminum-heat-sink\/\" target=\"_blank\">Profile Square Aluminum Heat Sink<\/a><\/li>\r\n<li><a href=\"https:\/\/sinoextrud.com\/product\/triangular-aluminum-extrusion\/\" target=\"_blank\">Triangular Aluminum Extrusion<\/a><\/li>\r\n<li><a href=\"https:\/\/sinoextrud.com\/product\/aluminum-profile-slider-for-window-curtain\/\" target=\"_blank\">Aluminum Profile Slider For Window Curtain<\/a><\/li>\r\n<li><a href=\"https:\/\/sinoextrud.com\/product\/60x60-aluminium-extrusion\/\" target=\"_blank\">60\u00c3\u201460 Aluminium Extrusion<\/a><\/li>"},"feature_list":[]},"_links":{"self":[{"href":"https:\/\/sinoextrud.com\/fi\/wp-json\/wp\/v2\/product\/8259","targetHints":{"allow":["GET"]}}],"collection":[{"href":"https:\/\/sinoextrud.com\/fi\/wp-json\/wp\/v2\/product"}],"about":[{"href":"https:\/\/sinoextrud.com\/fi\/wp-json\/wp\/v2\/types\/product"}],"wp:featuredmedia":[{"embeddable":true,"href":"https:\/\/sinoextrud.com\/fi\/wp-json\/wp\/v2\/media\/8258"}],"wp:attachment":[{"href":"https:\/\/sinoextrud.com\/fi\/wp-json\/wp\/v2\/media?parent=8259"}],"wp:term":[{"taxonomy":"category","embeddable":true,"href":"https:\/\/sinoextrud.com\/fi\/wp-json\/wp\/v2\/categories?post=8259"}],"curies":[{"name":"wp","href":"https:\/\/api.w.org\/{rel}","templated":true}]}}