{"id":8181,"date":"2025-06-13T07:19:10","date_gmt":"2025-06-13T07:19:10","guid":{"rendered":"https:\/\/sinoextrud.com\/product\/solar-panel-frame-aluminum-profile\/"},"modified":"2025-06-24T06:23:17","modified_gmt":"2025-06-24T06:23:17","slug":"aurinkopaneelin-runko-alumiiniprofiili","status":"publish","type":"product","link":"https:\/\/sinoextrud.com\/fi\/product\/solar-panel-frame-aluminum-profile\/","title":{"rendered":"Aurinkopaneelin runko alumiiniprofiili"},"content":{"rendered":"<h2>Tuotteiden tiedot<\/h2>\n<table class=\"custom-table\">\n<tbody>\n<tr>\n<td> Nimi<\/td>\n<td> Aurinkopaneelin runko alumiiniprofiili<\/td>\n<\/tr>\n<tr>\n<td> Merkki<\/td>\n<td> Sinoextrud\/Sinoextrud<\/td>\n<\/tr>\n<tr>\n<td> Luokka<\/td>\n<td> Alumiinirunko<\/td>\n<\/tr>\n<tr>\n<td> Tyyppi<\/td>\n<td> Runkotyyppi<\/td>\n<\/tr>\n<tr>\n<td> Materiaali<\/td>\n<td> 6063 on laajalti k\u00e4ytetty. 6061, 6463, 6005, 6082 on my\u00f6s saatavilla.<\/td>\n<\/tr>\n<tr>\n<td> Temper<\/td>\n<td> T5-T8<\/td>\n<\/tr>\n<tr>\n<td> Pituus<\/td>\n<td> 1-9m tai r\u00e4\u00e4t\u00e4l\u00f6inti<\/td>\n<\/tr>\n<tr>\n<td> Koko (mm)<\/td>\n<td> Eri kokoa, voit ottaa yhteytt\u00e4 yksityiskohtiin.<\/td>\n<\/tr>\n<tr>\n<td> Paksuus<\/td>\n<td> Yli 0,7MM<\/td>\n<\/tr>\n<tr>\n<td> Muoto<\/td>\n<td> Mukauttaminen<\/td>\n<\/tr>\n<tr>\n<td> Pintak\u00e4sittely<\/td>\n<td> Myllyvalmis, anodisoitu, hiekkapuhallus, elektroforeesi, tehopinnoitus jne.<\/td>\n<\/tr>\n<tr>\n<td> V\u00e4ri<\/td>\n<td> Hopea, musta, valkoinen, punainen, keltainen, samppanja tai r\u00e4\u00e4t\u00e4l\u00f6ity v\u00e4ri.<\/td>\n<\/tr>\n<tr>\n<td> Standardi<\/td>\n<td> ASTM, GB, DIN<\/td>\n<\/tr>\n<tr>\n<td> Osoitteesta<\/td>\n<td> Guangdong, Kiina<\/td>\n<\/tr>\n<tr>\n<td> Hakemus<\/td>\n<td> Teollisuus, koti ja s\u00e4hk\u00f6<\/td>\n<\/tr>\n<\/tbody>\n<\/table>\n<h2>Tuotantopohjamme<\/h2>\n<h3>Tehtaan panoraama<\/h3>\n<p><img decoding=\"async\" src=\"\/wp-content\/uploads\/factory-01.webp\"\/><\/p>\n<h3>Alumiini Bar Manufacturing Workshop<\/h3>\n<p><img decoding=\"async\" src=\"\/wp-content\/uploads\/factory-02.webp\"\/><\/p>\n<p><img decoding=\"async\" src=\"\/wp-content\/uploads\/factory-03.webp\"\/><\/p>\n<h3>Muotin varastointi Varasto<\/h3>\n<p><img decoding=\"async\" src=\"\/wp-content\/uploads\/factory-04.webp\"\/><\/p>\n<h3>43 Alumiini ekstruusiolinjat (500\u00e2 5500 tonnia)<\/h3>\n<p><img decoding=\"async\" src=\"\/wp-content\/uploads\/factory-05.webp\"\/><\/p>\n<p><img decoding=\"async\" src=\"\/wp-content\/uploads\/factory-06.webp\"\/><\/p>\n<p><img decoding=\"async\" src=\"\/wp-content\/uploads\/factory-07.webp\"\/><\/p>\n<h3>Jauhemaalaus ty\u00f6paja<\/h3>\n<p><img decoding=\"async\" src=\"\/wp-content\/uploads\/factory-09.webp\"\/><\/p>\n<h3>Anodisointi ty\u00f6paja<\/h3>\n<p><img decoding=\"async\" src=\"\/wp-content\/uploads\/factory-10.webp\"\/><\/p>\n<h3>Syv\u00e4k\u00e4sittelyn ty\u00f6paja<\/h3>\n<p><img decoding=\"async\" src=\"\/wp-content\/uploads\/factory-11.webp\"\/><\/p>\n<h3>CNC-tarkkuuskoneistus ty\u00f6paja<\/h3>\n<p><img decoding=\"async\" src=\"\/wp-content\/uploads\/factory-11.5.webp\"\/><\/p>\n<h3>Valmiiden tuotteiden ja vientivarasto<\/h3>\n<p><img decoding=\"async\" src=\"\/wp-content\/uploads\/factory-12.webp\"\/><\/p>\n<p><img decoding=\"async\" src=\"\/wp-content\/uploads\/factory-13.webp\"\/><\/p>\n<p><img decoding=\"async\" src=\"\/wp-content\/uploads\/factory-14.webp\"\/><\/p>\n<h2>FAQ<\/h2>\n<p><p><b>1.Mik\u00e4 on aurinkopaneelin kehyksen alumiiniprofiili? <\/b><\/p>\n<p> Aurinkopaneelien alumiiniprofiilirunko on rakenneosa, joka ymp\u00e4r\u00f6i ja tukee aurinkopaneeleita ja tarjoaa kest\u00e4vyytt\u00e4 ja kohdistusta asennuksen aikana.<br \/>\n<\/p><br \/>\n<br \/>\n<p><b>2.Miksi k\u00e4ytt\u00e4\u00e4 alumiiniprofiileja aurinkopaneelien kehyksiss\u00e4? <\/b><\/p>\n<p> Alumiiniprofiilit ovat eritt\u00e4in lujia, korroosionkest\u00e4vi\u00e4 ja kevyit\u00e4, joten ne sopivat erinomaisesti luotettaviin ja pitk\u00e4ik\u00e4isiin aurinkopaneelien kehyksiin.<br \/>\n<\/p><br \/>\n<br \/>\n<p><b>3.Can aurinkopaneelin alumiinikehykset voidaan r\u00e4\u00e4t\u00e4l\u00f6id\u00e4? <\/b><\/p>\n<p> Kyll\u00e4, tarjoamme r\u00e4\u00e4t\u00e4l\u00f6ityj\u00e4 pituuksia, muotoja ja viimeistelyj\u00e4 vastaamaan aurinkomoduulien mittoja ja projektivaatimuksia.<br \/>\n<\/p><br \/>\n<br \/>\n<p><b>4.Soveltuvatko n\u00e4m\u00e4 alumiiniprofiilit ulkok\u00e4ytt\u00f6\u00f6n? <\/b><\/p>\n<p> Anodisoitu tai pulverimaalattu pinta tekee niist\u00e4 eritt\u00e4in s\u00e4\u00e4nkest\u00e4vi\u00e4 ja korroosionkest\u00e4vi\u00e4.<br \/>\n<\/p><br \/>\n<br \/>\n<p><b>5.Mitk\u00e4 ovat kevyen alumiinin edut aurinkosovelluksissa? <\/b><\/p>\n<p> Kevyt alumiini v\u00e4hent\u00e4\u00e4 asennusty\u00f6t\u00e4, alentaa kuljetuskustannuksia ja helpottaa k\u00e4sittely\u00e4 lujuudesta tinkim\u00e4tt\u00e4.<br \/>\n<\/p><br \/>\n<br \/>\n<p><b>6.How aurinko alumiini kehykset parantaa paneelin suorituskyky\u00e4? <\/b><\/p>\n<p> Kehys tarjoaa rakenteellisen tuen, oikean suuntauksen ja l\u00e4mm\u00f6npoiston, mik\u00e4 auttaa yll\u00e4pit\u00e4m\u00e4\u00e4n aurinkopaneelin optimaalisen suorituskyvyn.<br \/>\n<\/p><br \/>\n<br \/>\n<p><b>7.Soveltuvatko aurinkopaneelien kehykset tavallisiin kiinnitysj\u00e4rjestelmiin? <\/b><\/p>\n<p> Kyll\u00e4, alumiiniprofiilimme on suunniteltu yhteensopiviksi useimpien kaupallisten aurinkokennojen asennusj\u00e4rjestelmien ja lis\u00e4varusteiden kanssa.<br \/>\n<\/p><br \/><\/p>","protected":false},"featured_media":8180,"template":"","categories":[54],"class_list":["post-8181","product","type-product","status-publish","has-post-thumbnail","hentry","category-industrial-aluminum-profiles"],"meta_box":{"hilight_text_group":{"product_hilight_text":"<li>High-strength aluminum ensures reliable structural support for solar panels.<\/li>\r\r\n<li>Corrosion-resistant surface is ideal for long-term outdoor exposure.<\/li>\r\r\n<li>Lightweight material simplifies transportation and installation.<\/li>\r\r\n<li>Customizable profiles to match different solar module sizes and layouts.<\/li>\r\r\n<li>Precision extrusion for tight tolerance and easy assembly.<\/li>\r\r\n<li>Compatible with various mounting systems and brackets.<\/li>\r\r\n<li>Low maintenance and long service life reduce overall system cost.<\/li>","product_chanpin_blog":"<ul>\r\r\n<li><a href=\"https:\/\/sinoextrud.com\/t-slot-v-slot-differences\/\" target=\"_blank\">t slot vs v slot<\/a><\/li>\r\r\n<li><a href=\"https:\/\/sinoextrud.com\/what-is-4040-aluminium-extrud\/\" target=\"_blank\">4040 aluminium extrusion<\/a><\/li>\r\r\n<li><a href=\"https:\/\/sinoextrud.com\/what-is-4040-aluminium-extrud\/\" target=\"_blank\">aluminum extrusions for industrial racks<\/a><\/li>\r\r\n<li><a href=\"https:\/\/sinoextrud.com\/powder-coating-aluminium-process\/\" target=\"_blank\">powder coating aluminium<\/a><\/li>\r\r\n<li><a href=\"https:\/\/sinoextrud.com\/what-is-an-aluminium-strip-ceiling\/\" target=\"_blank\">aluminium strip ceiling<\/a><\/li>\r\r\n<li><a href=\"https:\/\/sinoextrud.com\/what-is-a-heat-sink\/\" target=\"_blank\">what is a heat sink<\/a><\/li>\r\r\n<\/ul>","product_chanpin_chanpin":"<li><a href=\"https:\/\/sinoextrud.com\/product\/cnc-machining-aluminum-heat-sink\/\" target=\"_blank\">CNC Machining Aluminum Heat Sink<\/a><\/li>\r\n<li><a href=\"https:\/\/sinoextrud.com\/product\/comb-shape-aluminium-heat-sink\/\" target=\"_blank\">Comb Shape Aluminium Heat Sink<\/a><\/li>\r\n<li><a href=\"https:\/\/sinoextrud.com\/product\/aluminum-heat-sink-box-shapes-profiles\/\" target=\"_blank\">Aluminum Heat Sink Box  Shapes  Profiles<\/a><\/li>\r\n<li><a href=\"https:\/\/sinoextrud.com\/product\/solar-aluminium-profiles\/\" target=\"_blank\">Solar Aluminium Profiles<\/a><\/li>\r\n<li><a href=\"https:\/\/sinoextrud.com\/product\/solar-panel-frame-aluminum-profile\/\" target=\"_blank\">Solar Panel Frame Aluminum Profile<\/a><\/li>\r\n<li><a href=\"https:\/\/sinoextrud.com\/product\/t-section-aluminium-extrusion\/\" target=\"_blank\">T Section Aluminium Extrusion<\/a><\/li>\r\n<li><a href=\"https:\/\/sinoextrud.com\/product\/customized-extruded-shaped-aluminum-profiles-6063-anodized-industrial-aluminum-profile\/\" target=\"_blank\">Customized Extruded Shaped Aluminum Profiles 6063 Anodized Industrial Aluminum Profile<\/a><\/li>\r\n<li><a href=\"https:\/\/sinoextrud.com\/product\/customized-industrial-aluminum-heat-sink\/\" target=\"_blank\">Customized Industrial Aluminum Heat Sink<\/a><\/li>\r\n<li><a href=\"https:\/\/sinoextrud.com\/product\/led-strip-aluminum-profile\/\" target=\"_blank\">Led Strip Aluminum Profile<\/a><\/li>\r\n<li><a href=\"https:\/\/sinoextrud.com\/product\/the-hinges-of-aluminium-clean-room\/\" target=\"_blank\">The Hinges Of Aluminium Clean Room<\/a><\/li>\r\n<li><a href=\"https:\/\/sinoextrud.com\/product\/industrial-large-aluminum-heat-sink\/\" target=\"_blank\">Industrial Large Aluminum Heat Sink<\/a><\/li>"},"feature_list":[]},"_links":{"self":[{"href":"https:\/\/sinoextrud.com\/fi\/wp-json\/wp\/v2\/product\/8181","targetHints":{"allow":["GET"]}}],"collection":[{"href":"https:\/\/sinoextrud.com\/fi\/wp-json\/wp\/v2\/product"}],"about":[{"href":"https:\/\/sinoextrud.com\/fi\/wp-json\/wp\/v2\/types\/product"}],"wp:featuredmedia":[{"embeddable":true,"href":"https:\/\/sinoextrud.com\/fi\/wp-json\/wp\/v2\/media\/8180"}],"wp:attachment":[{"href":"https:\/\/sinoextrud.com\/fi\/wp-json\/wp\/v2\/media?parent=8181"}],"wp:term":[{"taxonomy":"category","embeddable":true,"href":"https:\/\/sinoextrud.com\/fi\/wp-json\/wp\/v2\/categories?post=8181"}],"curies":[{"name":"wp","href":"https:\/\/api.w.org\/{rel}","templated":true}]}}