{"id":8177,"date":"2025-06-13T07:14:46","date_gmt":"2025-06-13T07:14:46","guid":{"rendered":"https:\/\/sinoextrud.com\/product\/aluminum-heat-sink-box-shapes-profiles\/"},"modified":"2025-06-24T06:23:17","modified_gmt":"2025-06-24T06:23:17","slug":"alumiininen-jaahdytyselementti-laatikko-muotoja-profiilit","status":"publish","type":"product","link":"https:\/\/sinoextrud.com\/fi\/product\/aluminum-heat-sink-box-shapes-profiles\/","title":{"rendered":"Alumiini j\u00e4\u00e4hdytyselementti laatikko muotoja profiilit"},"content":{"rendered":"<h2>Tuotteiden tiedot<\/h2>\n<table class=\"custom-table\">\n<tr>\n<td class=\"label\">Nimi<\/td>\n<td>Alumiininen j\u00e4\u00e4hdytyselementti laatikko \/ muodot \/ profiilit<\/td>\n<\/tr>\n<tr>\n<td class=\"label\">Merkki<\/td>\n<td>Sinoextrud\/<\/td>\n<\/tr>\n<tr>\n<td class=\"label\">Luokka<\/td>\n<td>Alumiini suulakepuristus<\/td>\n<\/tr>\n<tr>\n<td class=\"label\">Materiaali<\/td>\n<td>Alumiiniseos (6063, 6061, 6463, 6005, 6082)<\/td>\n<\/tr>\n<tr>\n<td class=\"label\">Temper<\/td>\n<td>T5-T8<\/td>\n<\/tr>\n<tr>\n<td class=\"label\">Pituus<\/td>\n<td>Pituus on 1-9m tai asiakkaan pyynn\u00f6st\u00e4.<\/td>\n<\/tr>\n<tr>\n<td class=\"label\">Koko (mm)<\/td>\n<td>R\u00e4\u00e4t\u00e4l\u00f6ity<\/td>\n<\/tr>\n<tr>\n<td class=\"label\">Muoto<\/td>\n<td>Piirustuksen mukaan<\/td>\n<\/tr>\n<tr>\n<td class=\"label\">Pintak\u00e4sittely<\/td>\n<td>Tehopinnoitus; Myllyss\u00e4 viimeistelty, anodisoitu, hiekkapuhallus, elektroforeesi on my\u00f6s saatavana.<\/td>\n<\/tr>\n<tr>\n<td class=\"label\">V\u00e4ri<\/td>\n<td>Hopea, musta, kulta, Champange, pronssi, punainen. sininen ja voimme r\u00e4\u00e4t\u00e4l\u00f6id\u00e4 v\u00e4rej\u00e4 asiakkaiden n\u00e4ytteiden perusteella.<\/td>\n<\/tr>\n<tr>\n<td class=\"label\">Takuu<\/td>\n<td>BV , TUV , ISO<\/td>\n<\/tr>\n<tr>\n<td class=\"label\">Standardi<\/td>\n<td>Keskitaso ja korkea laatu<\/td>\n<\/tr>\n<tr>\n<td class=\"label\">MOQ<\/td>\n<td>200KGS kutakin kohdetta kohti<\/td>\n<\/tr>\n<tr>\n<td class=\"label\">Osoitteesta<\/td>\n<td>Guangdong, Kiina<\/td>\n<\/tr>\n<tr>\n<td class=\"label\">Hakemus<\/td>\n<td>Teollisuus, rakentaminen, sisustus<\/td>\n<\/tr>\n<tr>\n<td class=\"label\">Syv\u00e4prosessointi<\/td>\n<td>Leikkaus, poraus, ty\u00f6st\u00f6, l\u00e4vistys, taivutus, napauttaminen jne.<\/td>\n<\/tr>\n<tr>\n<td class=\"label\">Paketti<\/td>\n<td>Sis\u00e4ll\u00e4 suojakalvo, kutistemuovi tai PE-vaahtomuovi. Ulkopuolella laatikko, kartonki tai puukehys tai r\u00e4\u00e4t\u00e4l\u00f6inti.<\/td>\n<\/tr>\n<tr>\n<td class=\"label\">Toimitusaika<\/td>\n<td>Muotin kehitt\u00e4minen ja n\u00e4ytteen muotoilu on 12-18 p\u00e4iv\u00e4\u00e4, sitten tuotannon kesto on 25-30 p\u00e4iv\u00e4\u00e4 ostajan talletuksen vastaanottamisen j\u00e4lkeen.<\/td>\n<\/tr>\n<tr>\n<td class=\"label\">Tuotteen kapasiteetti<\/td>\n<td>3000 tonnia \/ kuukausi<\/td>\n<\/tr>\n<\/table>\n<h2>Tuotantopohjamme<\/h2>\n<h3>Tehtaan panoraama<\/h3>\n<p><img decoding=\"async\" src=\"\/wp-content\/uploads\/factory-01.webp\"\/><\/p>\n<h3>Alumiini Bar Manufacturing Workshop<\/h3>\n<p><img decoding=\"async\" src=\"\/wp-content\/uploads\/factory-02.webp\"\/><\/p>\n<\/p>\n<p><img decoding=\"async\" src=\"\/wp-content\/uploads\/factory-03.webp\"\/><\/p>\n<h3>Muotin varastointi Varasto<\/h3>\n<p><img decoding=\"async\" src=\"\/wp-content\/uploads\/factory-04.webp\"\/><\/p>\n<h3>43 alumiinin ekstruusiolinjat (500-5500 tonnia)<\/h3>\n<p><img decoding=\"async\" src=\"\/wp-content\/uploads\/factory-05.webp\"\/><\/p>\n<p><img decoding=\"async\" src=\"\/wp-content\/uploads\/factory-06.webp\"\/><\/p>\n<p><img decoding=\"async\" src=\"\/wp-content\/uploads\/factory-07.webp\"\/><\/p>\n<h3>Jauhemaalaus ty\u00f6paja<\/h3>\n<p><img decoding=\"async\" src=\"\/wp-content\/uploads\/factory-09.webp\"\/><\/p>\n<h3>Anodisointi ty\u00f6paja<\/h3>\n<p><img decoding=\"async\" src=\"\/wp-content\/uploads\/factory-10.webp\"\/><\/p>\n<h3>Syv\u00e4k\u00e4sittelyn ty\u00f6paja<\/h3>\n<p><img decoding=\"async\" src=\"\/wp-content\/uploads\/factory-11.webp\"\/><\/p>\n<h3>CNC-tarkkuuskoneistus ty\u00f6paja<\/h3>\n<p><img decoding=\"async\" src=\"\/wp-content\/uploads\/factory-11.5.webp\"\/><\/p>\n<h3>Valmiiden tuotteiden ja vientivarasto<\/h3>\n<p><img decoding=\"async\" src=\"\/wp-content\/uploads\/factory-12.webp\"\/><\/p>\n<p><img decoding=\"async\" src=\"\/wp-content\/uploads\/factory-13.webp\"\/><\/p>\n<p><img decoding=\"async\" src=\"\/wp-content\/uploads\/factory-14.webp\"\/><\/p>\n<h2>FAQ<\/h2>\n<p><b>1.Mihin alumiinista j\u00e4\u00e4hdytyselementtiprofiilia k\u00e4ytet\u00e4\u00e4n? <\/b><\/p>\n<p> Alumiiniset j\u00e4\u00e4hdytyselementtiprofiilit on suunniteltu haihduttamaan l\u00e4mp\u00f6\u00e4 elektroniikkakomponenteista, mik\u00e4 takaa vakaan suorituskyvyn ja est\u00e4\u00e4 ylikuumenemisen.\n<\/p>\n<p><\/p>\n<p><b>2.Miksi k\u00e4ytt\u00e4\u00e4 alumiinia j\u00e4\u00e4hdytyselementtisovelluksiin? <\/b><\/p>\n<p> Alumiini tarjoaa erinomaisen l\u00e4mm\u00f6njohtavuuden, on kevyt ja korroosionkest\u00e4v\u00e4, joten se on ihanteellinen l\u00e4mm\u00f6npoistoj\u00e4rjestelmiin.\n<\/p>\n<p><\/p>\n<p><b>3.Mink\u00e4laisia muotoja on saatavana alumiinisille j\u00e4\u00e4hdytyslevyille? <\/b><\/p>\n<p> Tarjoamme alumiinisia j\u00e4\u00e4hdytyslevyj\u00e4 laatikkotyyppein\u00e4, r\u00e4\u00e4t\u00e4l\u00f6ityj\u00e4 muotoja ja vakiopuristettuja profiileja erilaisten k\u00e4ytt\u00f6tarpeiden t\u00e4ytt\u00e4miseksi.\n<\/p>\n<p><\/p>\n<p><b>4.Can alumiini j\u00e4\u00e4hdytyslevyt voidaan r\u00e4\u00e4t\u00e4l\u00f6id\u00e4? <\/b><\/p>\n<p> Kyll\u00e4, tarjoamme r\u00e4\u00e4t\u00e4l\u00f6ityj\u00e4 mittoja, lamellien kuvioita ja pintak\u00e4sittelyj\u00e4, joilla voidaan optimoida l\u00e4mp\u00f6tehokkuus tietyille laitteille.\n<\/p>\n<p><\/p>\n<p><b>5.Are alumiini j\u00e4\u00e4hdytyselementti profiilit helppo asentaa? <\/b><\/p>\n<p> Ne ovat ehdottomasti kevyit\u00e4, helposti ty\u00f6stett\u00e4vi\u00e4 ja suunniteltu nopeasti integroitaviksi elektroniikkakoteloihin ja -kokoonpanoihin.\n<\/p>\n<p><\/p>\n<p><b>6.Mitk\u00e4 teollisuudenalat k\u00e4ytt\u00e4v\u00e4t alumiinisia j\u00e4\u00e4hdytyselementtiprofiileja? <\/b><\/p>\n<p> N\u00e4it\u00e4 profiileja k\u00e4ytet\u00e4\u00e4n laajalti LED-valaistuksessa, virtal\u00e4hteiss\u00e4, tietoliikennelaitteissa, teollisuuden ohjauksissa ja kulutuselektroniikassa.\n<\/p>\n<p><\/p>\n<p><b>7.Miten alumiiniset j\u00e4\u00e4hdytyselementtiprofiilit parantavat laitteen suorituskyky\u00e4? <\/b><\/p>\n<p> Jakamalla l\u00e4mp\u00f6\u00e4 tehokkaasti ne pit\u00e4v\u00e4t yll\u00e4 turvallisia k\u00e4ytt\u00f6l\u00e4mp\u00f6tiloja, pident\u00e4v\u00e4t komponenttien k\u00e4ytt\u00f6ik\u00e4\u00e4 ja varmistavat laitteiden luotettavan toiminnan.\n<\/p>\n<p><\/p>","protected":false},"featured_media":8176,"template":"","categories":[54],"class_list":["post-8177","product","type-product","status-publish","has-post-thumbnail","hentry","category-industrial-aluminum-profiles"],"meta_box":{"hilight_text_group":{"product_hilight_text":"<li>Efficient thermal conductivity for effective heat dissipation.<\/li>\r\r\n<li>Available in box, custom shapes, and extruded profiles for flexible use.<\/li>\r\r\n<li>Lightweight aluminum reduces overall device weight.<\/li>\r\r\n<li>Corrosion-resistant surface suitable for harsh environments.<\/li>\r\r\n<li>Customizable dimensions and fin designs to optimize cooling performance.<\/li>\r\r\n<li>Easy to machine and integrate into electronic enclosures.<\/li>\r\r\n<li>Ideal for LED, power supply, telecom, and industrial applications.<\/li>","product_chanpin_blog":"<ul>\r\r\n<li><a href=\"https:\/\/sinoextrud.com\/t-slot-v-slot-differences\/\" target=\"_blank\">t slot vs v slot<\/a><\/li>\r\r\n<li><a href=\"https:\/\/sinoextrud.com\/what-is-4040-aluminium-extrud\/\" target=\"_blank\">4040 aluminium extrusion<\/a><\/li>\r\r\n<li><a href=\"https:\/\/sinoextrud.com\/what-is-4040-aluminium-extrud\/\" target=\"_blank\">aluminum extrusions for industrial racks<\/a><\/li>\r\r\n<li><a href=\"https:\/\/sinoextrud.com\/powder-coating-aluminium-process\/\" target=\"_blank\">powder coating aluminium<\/a><\/li>\r\r\n<li><a href=\"https:\/\/sinoextrud.com\/what-is-an-aluminium-strip-ceiling\/\" target=\"_blank\">aluminium strip ceiling<\/a><\/li>\r\r\n<li><a href=\"https:\/\/sinoextrud.com\/what-is-a-heat-sink\/\" target=\"_blank\">what is a heat sink<\/a><\/li>\r\r\n<\/ul>","product_chanpin_chanpin":"<li><a href=\"https:\/\/sinoextrud.com\/product\/aluminum-t-slot-table\/\" target=\"_blank\">Aluminum T Slot Table<\/a><\/li>\r\n<li><a href=\"https:\/\/sinoextrud.com\/product\/brushed-aluminium-profile\/\" target=\"_blank\">Brushed Aluminium Profile<\/a><\/li>\r\n<li><a href=\"https:\/\/sinoextrud.com\/product\/cnc-machining-aluminum-heat-sink\/\" target=\"_blank\">CNC Machining Aluminum Heat Sink<\/a><\/li>\r\n<li><a href=\"https:\/\/sinoextrud.com\/product\/comb-shape-aluminium-heat-sink\/\" target=\"_blank\">Comb Shape Aluminium Heat Sink<\/a><\/li>\r\n<li><a href=\"https:\/\/sinoextrud.com\/product\/aluminum-heat-sink-box-shapes-profiles\/\" target=\"_blank\">Aluminum Heat Sink Box  Shapes  Profiles<\/a><\/li>\r\n<li><a href=\"https:\/\/sinoextrud.com\/product\/solar-aluminium-profiles\/\" target=\"_blank\">Solar Aluminium Profiles<\/a><\/li>\r\n<li><a href=\"https:\/\/sinoextrud.com\/product\/solar-panel-frame-aluminum-profile\/\" target=\"_blank\">Solar Panel Frame Aluminum Profile<\/a><\/li>\r\n<li><a href=\"https:\/\/sinoextrud.com\/product\/t-section-aluminium-extrusion\/\" target=\"_blank\">T Section Aluminium Extrusion<\/a><\/li>\r\n<li><a href=\"https:\/\/sinoextrud.com\/product\/customized-extruded-shaped-aluminum-profiles-6063-anodized-industrial-aluminum-profile\/\" target=\"_blank\">Customized Extruded Shaped Aluminum Profiles 6063 Anodized Industrial Aluminum Profile<\/a><\/li>\r\n<li><a href=\"https:\/\/sinoextrud.com\/product\/aluminium-glass-fitting-channel\/\" target=\"_blank\">Aluminium Glass Fitting Channel<\/a><\/li>\r\n<li><a href=\"https:\/\/sinoextrud.com\/product\/aluminum-extrusion-6063-powder-coating-aluminum-tile-roof-profile\/\" target=\"_blank\">Aluminum Extrusion 6063 Powder Coating Aluminum Tile Roof Profile<\/a><\/li>"},"feature_list":[]},"_links":{"self":[{"href":"https:\/\/sinoextrud.com\/fi\/wp-json\/wp\/v2\/product\/8177","targetHints":{"allow":["GET"]}}],"collection":[{"href":"https:\/\/sinoextrud.com\/fi\/wp-json\/wp\/v2\/product"}],"about":[{"href":"https:\/\/sinoextrud.com\/fi\/wp-json\/wp\/v2\/types\/product"}],"wp:featuredmedia":[{"embeddable":true,"href":"https:\/\/sinoextrud.com\/fi\/wp-json\/wp\/v2\/media\/8176"}],"wp:attachment":[{"href":"https:\/\/sinoextrud.com\/fi\/wp-json\/wp\/v2\/media?parent=8177"}],"wp:term":[{"taxonomy":"category","embeddable":true,"href":"https:\/\/sinoextrud.com\/fi\/wp-json\/wp\/v2\/categories?post=8177"}],"curies":[{"name":"wp","href":"https:\/\/api.w.org\/{rel}","templated":true}]}}