{"id":8170,"date":"2025-06-13T07:01:11","date_gmt":"2025-06-13T07:01:11","guid":{"rendered":"https:\/\/sinoextrud.com\/product\/brushed-aluminium-profile\/"},"modified":"2025-06-24T06:23:16","modified_gmt":"2025-06-24T06:23:16","slug":"harjattu-alumiiniprofiili-2","status":"publish","type":"product","link":"https:\/\/sinoextrud.com\/fi\/product\/brushed-aluminium-profile\/","title":{"rendered":"Harjattu alumiiniprofiili"},"content":{"rendered":"<h2>Tuotteiden tiedot<\/h2>\n<table class=\"custom-table\">\n<tr>\n<td class=\"label\">Kohde<\/td>\n<td>Harjattu alumiiniprofiili<\/td>\n<\/tr>\n<tr>\n<td class=\"label\">Alumiiniseos<\/td>\n<td>6063, 6061, 6463, 6005, 6082 jne.<\/td>\n<\/tr>\n<tr>\n<td class=\"label\">Temper<\/td>\n<td>T4, T5, T6<\/td>\n<\/tr>\n<tr>\n<td class=\"label\">Laatustandardi<\/td>\n<td>Kiinan kansallinen standardi GB\/T 5237-2008 (korkean tarkkuuden luokka), Kiinan kansallinen standardi GB\/T 6892-2006 (korkean tarkkuuden luokka).<\/td>\n<\/tr>\n<tr>\n<td class=\"label\">Laatutodistus<\/td>\n<td>ISO 9001:2015, ISO 14001:2015, CQM-sertifiointi<\/td>\n<\/tr>\n<tr>\n<td class=\"label\">Hakemus<\/td>\n<td>Alumiiniset ikkuna- ja ovenkarmit, verhosein\u00e4t, kaiteet, huonekalujen koristelu, j\u00e4\u00e4hdytyslevyt, teollisuuden osat, rautatiekalustot jne.<\/td>\n<\/tr>\n<tr>\n<td class=\"label\">Pintak\u00e4sittely<\/td>\n<td>Anodisointi: hopea, samppanja, pronssi, musta, kulta, titaani, ter\u00e4st\u00e4 j\u00e4ljittelev\u00e4 jne.<br \/>\nElektroforeesi: Hopea, samppanja, musta, kultainen, titaani jne.<br \/>\nTehopinnoite: RAL normaali v\u00e4ri, tai mukauttaa asiakkaan v\u00e4rin\u00e4ytteit\u00e4.<br \/>\nKiillotus: mekaaninen tai kemiallinen kiillotus.<br \/>\nPuuj\u00e4ljitelm\u00e4: puun v\u00e4ri: Normaali puun v\u00e4ri tai r\u00e4\u00e4t\u00e4l\u00f6ity puun v\u00e4ri<br \/>\nFluorihiilipinnoite: AkzoNoble-v\u00e4ri tai mukauttaa asiakkaan v\u00e4rin\u00e4ytteit\u00e4.<\/td>\n<\/tr>\n<tr>\n<td class=\"label\">Syv\u00e4 k\u00e4sittelykyky<\/td>\n<td>Poraus, l\u00e4vistys, taivutus, CNC, alumiiniprofiilien valmistus, tarkka leikkaus jne.<\/td>\n<\/tr>\n<tr>\n<td class=\"label\">MOQ<\/td>\n<td>300 KG<\/td>\n<\/tr>\n<tr>\n<td class=\"label\">Pakkaustiedot<\/td>\n<td>Suojakalvo ja kuuma kutistekalvo \/ EPE-vaahtomuovipakkaus \/ ruskea paperipakkaus \/ puupakkaus \/ metallilava tai riippuu asiakkaiden erityisvaatimuksista.<\/td>\n<\/tr>\n<tr>\n<td class=\"label\">Maksuehto<\/td>\n<td>1) T\/T: 30% kokonaisarvosta T\/T-talletuksena 3 p\u00e4iv\u00e4n kuluessa tilauksen vahvistamiseksi ja loppuosa maksetaan T\/T ennen kontin lastausta.<br \/>\n2) L \/ C: 30% kokonaisarvosta on maksettava T \/ T-talletuksena 3 p\u00e4iv\u00e4n kuluessa tilauksen vahvistamiseksi, ja loppuosa on maksettava L \/ C: ll\u00e4 silm\u00e4m\u00e4\u00e4r\u00e4isesti kontin lastaamisen j\u00e4lkeen.<br \/>\n3) Suuri tilaus: T\/T 3 p\u00e4iv\u00e4n kuluessa tilauksen vahvistamiseksi, ja saldo maksetaan T\/T toimituksen j\u00e4lkeen B \/ L-kopiota vastaan.<\/td>\n<\/tr>\n<\/table>\n<h2>Tuotantopohjamme<\/h2>\n<h3>Tehtaan panoraama<\/h3>\n<p><img decoding=\"async\" src=\"\/wp-content\/uploads\/factory-01.webp\"\/><\/p>\n<h3>Alumiini Bar Manufacturing Workshop<\/h3>\n<p><img decoding=\"async\" src=\"\/wp-content\/uploads\/factory-02.webp\"\/><\/p>\n<p><img decoding=\"async\" src=\"\/wp-content\/uploads\/factory-03.webp\"\/><\/p>\n<h3>Muotin varastointi Varasto<\/h3>\n<p><img decoding=\"async\" src=\"\/wp-content\/uploads\/factory-04.webp\"\/><\/p>\n<h3>43 Alumiini ekstruusiolinjat (500\u00e2 5500 tonnia)<\/h3>\n<p><img decoding=\"async\" src=\"\/wp-content\/uploads\/factory-05.webp\"\/><\/p>\n<p><img decoding=\"async\" src=\"\/wp-content\/uploads\/factory-06.webp\"\/><\/p>\n<p><img decoding=\"async\" src=\"\/wp-content\/uploads\/factory-07.webp\"\/><\/p>\n<h3>Jauhemaalaus ty\u00f6paja<\/h3>\n<p><img decoding=\"async\" src=\"\/wp-content\/uploads\/factory-09.webp\"\/><\/p>\n<h3>Anodisointi ty\u00f6paja<\/h3>\n<p><img decoding=\"async\" src=\"\/wp-content\/uploads\/factory-10.webp\"\/><\/p>\n<h3>Syv\u00e4k\u00e4sittelyn ty\u00f6paja<\/h3>\n<p><img decoding=\"async\" src=\"\/wp-content\/uploads\/factory-11.webp\"\/><\/p>\n<h3>CNC-tarkkuuskoneistus ty\u00f6paja<\/h3>\n<p><img decoding=\"async\" src=\"\/wp-content\/uploads\/factory-11.5.webp\"\/><\/p>\n<h3>Valmiiden tuotteiden ja vientivarasto<\/h3>\n<p><img decoding=\"async\" src=\"\/wp-content\/uploads\/factory-12.webp\"\/><\/p>\n<p><img decoding=\"async\" src=\"\/wp-content\/uploads\/factory-13.webp\"\/><\/p>\n<p><img decoding=\"async\" src=\"\/wp-content\/uploads\/factory-14.webp\"\/><\/p>\n<h2>FAQ<\/h2>\n<p><p><b>1.Mitk\u00e4 ovat harjattujen alumiiniprofiilien k\u00e4yt\u00f6n edut? <\/b><\/p>\n<p>Harjatut alumiiniprofiilit tarjoavat tyylikk\u00e4\u00e4n, modernin ulkon\u00e4\u00f6n, erinomaisen kest\u00e4vyyden ja korroosionkest\u00e4vyyden, joten ne sopivat erinomaisesti teollisuuden, arkkitehtuurin ja muotoilun sovelluksiin.<br \/>\n<\/p><br \/>\n<br \/>\n<p><b>2.Miksi alumiiniprofiileissa suositaan harjattua viimeistely\u00e4? <\/b><\/p>\n<p>Harjattu viimeistely antaa hienovaraisen tekstuurin, joka v\u00e4hent\u00e4\u00e4 sormenj\u00e4lkien ja pienten naarmujen n\u00e4kyvyytt\u00e4, joten se sopii erinomaisesti paljon k\u00e4ytetyille tai paljon kosketuksia vaativille pinnoille.<br \/>\n<\/p><br \/>\n<br \/>\n<p><b>3.Voiko harjattuja alumiiniprofiileja r\u00e4\u00e4t\u00e4l\u00f6id\u00e4 tiettyihin sovelluksiin? <\/b><\/p>\n<p>Kyll\u00e4, harjattuja alumiiniprofiileja voidaan r\u00e4\u00e4t\u00e4l\u00f6id\u00e4 muodon, koon ja viimeistelyn osalta eri teollisuudenalojen ja suunnitteluvaatimusten tarpeisiin.<br \/>\n<\/p><br \/>\n<br \/>\n<p><b>4.Miten harjattu alumiini toimii ulkotiloissa? <\/b><\/p>\n<p>Harjattu alumiini on eritt\u00e4in korroosionkest\u00e4v\u00e4, joten se soveltuu ulkok\u00e4ytt\u00f6\u00f6n, jossa altistuminen s\u00e4\u00e4olosuhteille on ongelma.<br \/>\n<\/p><br \/>\n<br \/>\n<p><b>5.Mik\u00e4 tekee harjattujen alumiiniprofiilien yll\u00e4pidosta helppoa? <\/b><\/p>\n<p>Harjattu viimeistely auttaa peitt\u00e4m\u00e4\u00e4n pienet puutteet ja sormenj\u00e4ljet, mik\u00e4 v\u00e4hent\u00e4\u00e4 huoltotarvetta ja s\u00e4ilytt\u00e4\u00e4 samalla esteettisesti miellytt\u00e4v\u00e4n ulkon\u00e4\u00f6n.<br \/>\n<\/p><br \/>\n<br \/>\n<p><b>6.Onko harjattu alumiini ymp\u00e4rist\u00f6yst\u00e4v\u00e4llinen? <\/b><\/p>\n<p>Kyll\u00e4, harjattu alumiini on kierr\u00e4tett\u00e4v\u00e4\u00e4, joten se on ymp\u00e4rist\u00f6yst\u00e4v\u00e4llinen valinta kest\u00e4v\u00e4n suunnittelun ja rakentamisen k\u00e4yt\u00e4nt\u00f6ihin.<br \/>\n<\/p><br \/>\n<br \/>\n<p><b>7.Mitk\u00e4 teollisuudenalat hy\u00f6tyv\u00e4t harjattujen alumiiniprofiilien k\u00e4yt\u00f6st\u00e4? <\/b><\/p>\n<p>Harjattuja alumiiniprofiileja k\u00e4ytet\u00e4\u00e4n laajalti esimerkiksi rakennus-, huonekalu-, auto- ja elektroniikkateollisuudessa niiden lujuuden, esteettisyyden ja monipuolisuuden ansiosta.<br \/>\n<\/p><br \/><\/p>","protected":false},"featured_media":8169,"template":"","categories":[54],"class_list":["post-8170","product","type-product","status-publish","has-post-thumbnail","hentry","category-industrial-aluminum-profiles"],"meta_box":{"hilight_text_group":{"product_hilight_text":"<ul>\r\r\n  <li>Brushed aluminum profiles provide a sleek, modern appearance with a subtle, textured finish.<\/li>\r\r\n  <li>Highly durable and corrosion-resistant, ensuring long-lasting performance in various environments.<\/li>\r\r\n  <li>Lightweight yet strong, offering an excellent balance of strength and ease of handling for industrial applications.<\/li>\r\r\n  <li>Customizable sizes and shapes, providing flexibility for different architectural and industrial design needs.<\/li>\r\r\n  <li>Easy to maintain with a brushed finish that hides fingerprints and minor imperfections, perfect for high-traffic areas.<\/li>\r\r\n  <li>Ideal for use in both indoor and outdoor applications, including furniture, construction, and automotive industries.<\/li>\r\r\n  <li>Environmentally friendly, as brushed aluminum is recyclable and contributes to sustainable design practices.<\/li>\r\r\n<\/ul>","product_chanpin_blog":"<ul>\r\r\n<li><a href=\"https:\/\/sinoextrud.com\/t-slot-v-slot-differences\/\" target=\"_blank\">t slot vs v slot<\/a><\/li>\r\r\n<li><a href=\"https:\/\/sinoextrud.com\/what-is-4040-aluminium-extrud\/\" target=\"_blank\">4040 aluminium extrusion<\/a><\/li>\r\r\n<li><a href=\"https:\/\/sinoextrud.com\/what-is-4040-aluminium-extrud\/\" target=\"_blank\">aluminum extrusions for industrial racks<\/a><\/li>\r\r\n<li><a href=\"https:\/\/sinoextrud.com\/powder-coating-aluminium-process\/\" target=\"_blank\">powder coating aluminium<\/a><\/li>\r\r\n<li><a href=\"https:\/\/sinoextrud.com\/what-is-an-aluminium-strip-ceiling\/\" target=\"_blank\">aluminium strip ceiling<\/a><\/li>\r\r\n<li><a href=\"https:\/\/sinoextrud.com\/what-is-a-heat-sink\/\" target=\"_blank\">what is a heat sink<\/a><\/li>\r\r\n<\/ul>","product_chanpin_chanpin":"<li><a href=\"https:\/\/sinoextrud.com\/product\/aluminum-t-section-extrusions\/\" target=\"_blank\">Aluminum T Section Extrusions<\/a><\/li>\r\n<li><a href=\"https:\/\/sinoextrud.com\/product\/aluminum-t-slot-profile\/\" target=\"_blank\">Aluminum T Slot Profile<\/a><\/li>\r\n<li><a href=\"https:\/\/sinoextrud.com\/product\/aluminum-t-slot-rail-profile\/\" target=\"_blank\">Aluminum T Slot Rail Profile<\/a><\/li>\r\n<li><a href=\"https:\/\/sinoextrud.com\/product\/aluminum-t-slot-table\/\" target=\"_blank\">Aluminum T Slot Table<\/a><\/li>\r\n<li><a href=\"https:\/\/sinoextrud.com\/product\/brushed-aluminium-profile\/\" target=\"_blank\">Brushed Aluminium Profile<\/a><\/li>\r\n<li><a href=\"https:\/\/sinoextrud.com\/product\/cnc-machining-aluminum-heat-sink\/\" target=\"_blank\">CNC Machining Aluminum Heat Sink<\/a><\/li>\r\n<li><a href=\"https:\/\/sinoextrud.com\/product\/comb-shape-aluminium-heat-sink\/\" target=\"_blank\">Comb Shape Aluminium Heat Sink<\/a><\/li>\r\n<li><a href=\"https:\/\/sinoextrud.com\/product\/aluminum-heat-sink-box-shapes-profiles\/\" target=\"_blank\">Aluminum Heat Sink Box  Shapes  Profiles<\/a><\/li>\r\n<li><a href=\"https:\/\/sinoextrud.com\/product\/solar-aluminium-profiles\/\" target=\"_blank\">Solar Aluminium Profiles<\/a><\/li>\r\n<li><a href=\"https:\/\/sinoextrud.com\/product\/custom-aluminum-extrusion-cnc-machining-aluminum-profile\/\" target=\"_blank\">Custom Aluminum Extrusion CNC Machining Aluminum Profile<\/a><\/li>\r\n<li><a href=\"https:\/\/sinoextrud.com\/product\/extruded-aluminium-profile-for-triangle-and-rectangle-pipe-with-6063-alloy-anodized-mill-finish-surface\/\" target=\"_blank\">Extruded Aluminium Profile For Triangle And Rectangle Pipe With 6063 Alloy Anodized Mill Finish Surface<\/a><\/li>"},"feature_list":[]},"_links":{"self":[{"href":"https:\/\/sinoextrud.com\/fi\/wp-json\/wp\/v2\/product\/8170","targetHints":{"allow":["GET"]}}],"collection":[{"href":"https:\/\/sinoextrud.com\/fi\/wp-json\/wp\/v2\/product"}],"about":[{"href":"https:\/\/sinoextrud.com\/fi\/wp-json\/wp\/v2\/types\/product"}],"wp:featuredmedia":[{"embeddable":true,"href":"https:\/\/sinoextrud.com\/fi\/wp-json\/wp\/v2\/media\/8169"}],"wp:attachment":[{"href":"https:\/\/sinoextrud.com\/fi\/wp-json\/wp\/v2\/media?parent=8170"}],"wp:term":[{"taxonomy":"category","embeddable":true,"href":"https:\/\/sinoextrud.com\/fi\/wp-json\/wp\/v2\/categories?post=8170"}],"curies":[{"name":"wp","href":"https:\/\/api.w.org\/{rel}","templated":true}]}}