{"id":8148,"date":"2025-06-13T02:46:47","date_gmt":"2025-06-13T02:46:47","guid":{"rendered":"https:\/\/sinoextrud.com\/product\/aluminum-extrusion-plate\/"},"modified":"2025-06-24T06:23:11","modified_gmt":"2025-06-24T06:23:11","slug":"alumiinin-suulakepuristuslevy","status":"publish","type":"product","link":"https:\/\/sinoextrud.com\/fi\/product\/aluminum-extrusion-plate\/","title":{"rendered":"Alumiini suulakepuristuslevy"},"content":{"rendered":"<h2>Tuotteiden tiedot<\/h2>\n<table class=\"custom-table\">\n<tbody>\n<tr>\n<td> Tuotteen nimi<\/td>\n<td> Alumiini suulakepuristuslevy<\/td>\n<\/tr>\n<tr>\n<td> Materiaaliluokka<\/td>\n<td> 6000-sarja<\/td>\n<\/tr>\n<tr>\n<td> Muoto<\/td>\n<td> Neli\u00f6, py\u00f6re\u00e4, suorakulmainen ja muut r\u00e4\u00e4t\u00e4l\u00f6idyt muodot<\/td>\n<\/tr>\n<tr>\n<td> Paksuus<\/td>\n<td> 0.7mm-10mm tai muu k\u00e4sitelt\u00e4v\u00e4 paksuus<\/td>\n<\/tr>\n<tr>\n<td> V\u00e4ri<\/td>\n<td> Alumiinimylly viimeistelty, hopea, valkoinen, musta, puunjyv\u00e4 jne.<\/td>\n<\/tr>\n<tr>\n<td> Tyypilliset sovellukset<\/td>\n<td> Arkkitehtuuri, teollisuus jne.<\/td>\n<\/tr>\n<tr>\n<td> Merkki<\/td>\n<td> Sinoextrud, Sinoextrud tai OEM-tavaramerkki.<\/td>\n<\/tr>\n<tr>\n<td> CNC-prosessi<\/td>\n<td> CNC-jyrsint\u00e4, poraus, l\u00e4vistys, poraus, napauttaminen, taivutus<\/td>\n<\/tr>\n<tr>\n<td> Pintak\u00e4sittely<\/td>\n<td> Myllyvalmis, Wood Grain, anodisoitu, jauhemaalaus, elektroforeesi, PVDF-pinnoite, harjattu jne.<\/td>\n<\/tr>\n<tr>\n<td> Takuu<\/td>\n<td> ISO9001, ISO4001, CQM, SGS, CE, BV jne.<\/td>\n<\/tr>\n<tr>\n<td> Alkuper\u00e4paikka<\/td>\n<td> Guangdong,Kiina<\/td>\n<\/tr>\n<\/tbody>\n<\/table>\n<h2>Tuotantopohjamme<\/h2>\n<h3>Tehtaan panoraama<\/h3>\n<p><img decoding=\"async\" src=\"\/wp-content\/uploads\/factory-01.webp\"\/><\/p>\n<h3>Alumiini Bar Manufacturing Workshop<\/h3>\n<p><img decoding=\"async\" src=\"\/wp-content\/uploads\/factory-02.webp\"\/><\/p>\n<p><img decoding=\"async\" src=\"\/wp-content\/uploads\/factory-03.webp\"\/><\/p>\n<h3>Muotin varastointi Varasto<\/h3>\n<p><img decoding=\"async\" src=\"\/wp-content\/uploads\/factory-04.webp\"\/><\/p>\n<h3>43 Alumiini ekstruusiolinjat (500\u00e2 5500 tonnia)<\/h3>\n<p><img decoding=\"async\" src=\"\/wp-content\/uploads\/factory-05.webp\"\/><\/p>\n<p><img decoding=\"async\" src=\"\/wp-content\/uploads\/factory-06.webp\"\/><\/p>\n<p><img decoding=\"async\" src=\"\/wp-content\/uploads\/factory-07.webp\"\/><\/p>\n<h3>Jauhemaalaus ty\u00f6paja<\/h3>\n<p><img decoding=\"async\" src=\"\/wp-content\/uploads\/factory-09.webp\"\/><\/p>\n<h3>Anodisointi ty\u00f6paja<\/h3>\n<p><img decoding=\"async\" src=\"\/wp-content\/uploads\/factory-10.webp\"\/><\/p>\n<h3>Syv\u00e4k\u00e4sittelyn ty\u00f6paja<\/h3>\n<p><img decoding=\"async\" src=\"\/wp-content\/uploads\/factory-11.webp\"\/><\/p>\n<h3>CNC-tarkkuuskoneistus ty\u00f6paja<\/h3>\n<p><img decoding=\"async\" src=\"\/wp-content\/uploads\/factory-11.5.webp\"\/><\/p>\n<h3>Valmiiden tuotteiden ja vientivarasto<\/h3>\n<p><img decoding=\"async\" src=\"\/wp-content\/uploads\/factory-12.webp\"\/><\/p>\n<p><img decoding=\"async\" src=\"\/wp-content\/uploads\/factory-13.webp\"\/><\/p>\n<p><img decoding=\"async\" src=\"\/wp-content\/uploads\/factory-14.webp\"\/><\/p>\n<h2>FAQ<\/h2>\n<p><p><b>1.Mik\u00e4 tekee alumiini suulakepuristuslevyst\u00e4 sopivan teollisiin sovelluksiin? <\/b><\/p>\n<p> Alumiiniset suulakepuristuslevyt ovat kest\u00e4vi\u00e4, kevyit\u00e4 ja korroosionkest\u00e4vi\u00e4, joten ne soveltuvat erinomaisesti monenlaisiin teollisuuden ja valmistuksen tarpeisiin.<br \/>\n<\/p><br \/>\n<br \/>\n<p><b>2.Can alumiini suulakepuristus levy voidaan r\u00e4\u00e4t\u00e4l\u00f6id\u00e4? <\/b><\/p>\n<p> Kyll\u00e4, n\u00e4m\u00e4 levyt voidaan r\u00e4\u00e4t\u00e4l\u00f6id\u00e4 koon, paksuuden ja muodon osalta vastaamaan eri hankkeiden erityisvaatimuksia.<br \/>\n<\/p><br \/>\n<br \/>\n<p><b>3.Kuinka kest\u00e4v\u00e4 on alumiininen ekstruusiolevy? <\/b><\/p>\n<p> Se on eritt\u00e4in kest\u00e4v\u00e4 korroosionkest\u00e4vien ominaisuuksiensa ansiosta, mik\u00e4 takaa pitk\u00e4aikaisen suorituskyvyn ja suojan my\u00f6s haastavissa ymp\u00e4rist\u00f6iss\u00e4.<br \/>\n<\/p><br \/>\n<br \/>\n<p><b>4.Mitk\u00e4 teollisuudenalat hy\u00f6tyv\u00e4t alumiinista ekstruusiolevyst\u00e4? <\/b><\/p>\n<p> Alumiinipuristuslevyj\u00e4 k\u00e4ytet\u00e4\u00e4n laajalti esimerkiksi ilmailu- ja avaruusteollisuudessa, autoteollisuudessa, rakentamisessa ja teollisuudessa rakenteellisiin ja laitetarpeisiin.<br \/>\n<\/p><br \/>\n<br \/>\n<p><b>5.Is alumiini suulakepuristus levy helppo kone ja valmistaa? <\/b><\/p>\n<p> Kyll\u00e4, se on helppo ty\u00f6st\u00e4\u00e4, leikata ja valmistaa, mik\u00e4 tekee siit\u00e4 ihanteellisen tarkkaan ja joustavaan valmistukseen erilaisissa projekteissa.<br \/>\n<\/p><br \/>\n<br \/>\n<p><b>6.How alumiini suulakepuristuslevy parantaa l\u00e4mm\u00f6nhallintaa? <\/b><\/p>\n<p> Sen erinomainen l\u00e4mm\u00f6njohtavuus auttaa haihduttamaan l\u00e4mp\u00f6\u00e4, joten se soveltuu l\u00e4mp\u00f6herkkiin sovelluksiin, kuten elektroniikkaan ja koneisiin.<br \/>\n<\/p><br \/>\n<br \/>\n<p><b>7.Is alumiini suulakepuristus levy ymp\u00e4rist\u00f6yst\u00e4v\u00e4llinen? <\/b><\/p>\n<p> Kyll\u00e4, alumiini on 100%-kierr\u00e4tett\u00e4v\u00e4\u00e4, joten suulakepuristuslevy on ymp\u00e4rist\u00f6yst\u00e4v\u00e4llinen valinta teollisiin sovelluksiin.<br \/>\n<\/p><br \/><\/p>","protected":false},"featured_media":8147,"template":"","categories":[54],"class_list":["post-8148","product","type-product","status-publish","has-post-thumbnail","hentry","category-industrial-aluminum-profiles"],"meta_box":{"hilight_text_group":{"product_hilight_text":"<li>High-strength aluminum extrusion plate for various industrial and manufacturing applications<\/li>\r\r\n<li>Corrosion-resistant, providing long-lasting durability in harsh environments<\/li>\r\r\n<li>Customizable thicknesses and sizes to meet specific project needs<\/li>\r\r\n<li>Excellent machinability, ideal for precise fabrication and easy to modify<\/li>\r\r\n<li>Lightweight yet robust, offering strength without adding unnecessary weight<\/li>\r\r\n<li>Efficient thermal conductivity, improving heat management in equipment<\/li>\r\r\n<li>Environmentally friendly, as aluminum is a fully recyclable material<\/li>","product_chanpin_blog":"<ul>\r\r\n<li><a href=\"https:\/\/sinoextrud.com\/t-slot-v-slot-differences\/\" target=\"_blank\">t slot vs v slot<\/a><\/li>\r\r\n<li><a href=\"https:\/\/sinoextrud.com\/what-is-4040-aluminium-extrud\/\" target=\"_blank\">4040 aluminium extrusion<\/a><\/li>\r\r\n<li><a href=\"https:\/\/sinoextrud.com\/what-is-4040-aluminium-extrud\/\" target=\"_blank\">aluminum extrusions for industrial racks<\/a><\/li>\r\r\n<li><a href=\"https:\/\/sinoextrud.com\/powder-coating-aluminium-process\/\" target=\"_blank\">powder coating aluminium<\/a><\/li>\r\r\n<li><a href=\"https:\/\/sinoextrud.com\/what-is-an-aluminium-strip-ceiling\/\" target=\"_blank\">aluminium strip ceiling<\/a><\/li>\r\r\n<li><a href=\"https:\/\/sinoextrud.com\/what-is-a-heat-sink\/\" target=\"_blank\">what is a heat sink<\/a><\/li>\r\r\n<\/ul>","product_chanpin_chanpin":"<li><a href=\"https:\/\/sinoextrud.com\/product\/aluminium-transport-extrusions\/\" target=\"_blank\">Aluminium Transport Extrusions<\/a><\/li>\r\n<li><a href=\"https:\/\/sinoextrud.com\/product\/aluminum-extruded-enclosure-for-power-supply\/\" target=\"_blank\">Aluminum Extruded Enclosure For Power Supply<\/a><\/li>\r\n<li><a href=\"https:\/\/sinoextrud.com\/product\/aluminum-extrusion-industry\/\" target=\"_blank\">Aluminum Extrusion Industry<\/a><\/li>\r\n<li><a href=\"https:\/\/sinoextrud.com\/product\/aluminum-extrusion-material-t-slot\/\" target=\"_blank\">Aluminum Extrusion Material T Slot<\/a><\/li>\r\n<li><a href=\"https:\/\/sinoextrud.com\/product\/aluminum-extrusion-plate\/\" target=\"_blank\">Aluminum Extrusion Plate<\/a><\/li>\r\n<li><a href=\"https:\/\/sinoextrud.com\/product\/aluminum-frame-for-solar-panel-and-light-box\/\" target=\"_blank\">Aluminum Frame For Solar Panel And Light-Box<\/a><\/li>\r\n<li><a href=\"https:\/\/sinoextrud.com\/product\/aluminum-heatsink-extrusion-profile\/\" target=\"_blank\">Aluminum Heatsink Extrusion Profile<\/a><\/li>\r\n<li><a href=\"https:\/\/sinoextrud.com\/product\/aluminum-light-box-extrusion\/\" target=\"_blank\">Aluminum Light Box Extrusion<\/a><\/li>\r\n<li><a href=\"https:\/\/sinoextrud.com\/product\/aluminum-profile-solar-panel-wide-width\/\" target=\"_blank\">Aluminum Profile Solar Panel Wide Width<\/a><\/li>\r\n<li><a href=\"https:\/\/sinoextrud.com\/product\/aluminium-sliding-door-with-french-style-bi-folding-glass-wall-door-energy-saving-heat-insulation\/\" target=\"_blank\">Aluminium Sliding Door With French Style Bi-folding Glass Wall Door Energy Saving Heat Insulation<\/a><\/li>\r\n<li><a href=\"https:\/\/sinoextrud.com\/product\/aluminium-windows-with-mosquito-net-profile-catalog-uses-best-factory-price-per-pound\/\" target=\"_blank\">aluminium windows with mosquito net profile catalog uses best Factory Price per pound<\/a><\/li>"},"feature_list":[]},"_links":{"self":[{"href":"https:\/\/sinoextrud.com\/fi\/wp-json\/wp\/v2\/product\/8148","targetHints":{"allow":["GET"]}}],"collection":[{"href":"https:\/\/sinoextrud.com\/fi\/wp-json\/wp\/v2\/product"}],"about":[{"href":"https:\/\/sinoextrud.com\/fi\/wp-json\/wp\/v2\/types\/product"}],"wp:featuredmedia":[{"embeddable":true,"href":"https:\/\/sinoextrud.com\/fi\/wp-json\/wp\/v2\/media\/8147"}],"wp:attachment":[{"href":"https:\/\/sinoextrud.com\/fi\/wp-json\/wp\/v2\/media?parent=8148"}],"wp:term":[{"taxonomy":"category","embeddable":true,"href":"https:\/\/sinoextrud.com\/fi\/wp-json\/wp\/v2\/categories?post=8148"}],"curies":[{"name":"wp","href":"https:\/\/api.w.org\/{rel}","templated":true}]}}