{"id":8146,"date":"2025-06-13T02:44:57","date_gmt":"2025-06-13T02:44:57","guid":{"rendered":"https:\/\/sinoextrud.com\/product\/aluminum-extrusion-material-t-slot\/"},"modified":"2025-06-24T06:23:11","modified_gmt":"2025-06-24T06:23:11","slug":"alumiini-suulakepuristemateriaali-t-aukko","status":"publish","type":"product","link":"https:\/\/sinoextrud.com\/fi\/product\/aluminum-extrusion-material-t-slot\/","title":{"rendered":"Alumiini suulakepuristus materiaali T Slot"},"content":{"rendered":"<h2>Tuotteiden tiedot<\/h2>\n<table class=\"custom-table\">\n<tbody>\n<tr>\n<td> Kohde<\/td>\n<td> Alumiini suulakepuristus materiaali, alumiini suulakepuristus materiaali T Slot<\/td>\n<\/tr>\n<tr>\n<td> Luokka<\/td>\n<td> Alumiini osa<\/td>\n<\/tr>\n<tr>\n<td> Materiaali<\/td>\n<td> Alumiiniseos (6063, 6061, 6463, 6082)<\/td>\n<\/tr>\n<tr>\n<td> Temper<\/td>\n<td> T5,T8<\/td>\n<\/tr>\n<tr>\n<td> Pituus<\/td>\n<td> 1-9m tai muita on saatavilla<\/td>\n<\/tr>\n<tr>\n<td> Koko (mm)<\/td>\n<td> 40*40, 40*80, 80*80, 45*120 jne.<\/td>\n<\/tr>\n<tr>\n<td> Muoto<\/td>\n<td> T-profiili, neli\u00f6, py\u00f6re\u00e4, litte\u00e4, kulma jne.<\/td>\n<\/tr>\n<tr>\n<td> Pintak\u00e4sittely<\/td>\n<td> Jyrsint\u00e4k\u00e4sittely, anodisointi, hiekkapuhallus, kiillotus, elektroforeesi, tehopinnoitus jne.<\/td>\n<\/tr>\n<tr>\n<td> V\u00e4ri<\/td>\n<td> Vaikka, musta, hopea, pronssi, kulta, samppanja, tumma jne.<\/td>\n<\/tr>\n<tr>\n<td> Todistus<\/td>\n<td> ASTM, GB<\/td>\n<\/tr>\n<tr>\n<td> Osoitteesta<\/td>\n<td> Guangdong, Kiina<\/td>\n<\/tr>\n<tr>\n<td> Toimitus<\/td>\n<td> 15-30 p\u00e4iv\u00e4\u00e4, voi kuulla meit\u00e4<\/td>\n<\/tr>\n<\/tbody>\n<\/table>\n<h2>Tuotantopohjamme<\/h2>\n<h3>Tehtaan panoraama<\/h3>\n<p><img decoding=\"async\" src=\"\/wp-content\/uploads\/factory-01.webp\"\/><\/p>\n<h3>Alumiini Bar Manufacturing Workshop<\/h3>\n<p><img decoding=\"async\" src=\"\/wp-content\/uploads\/factory-02.webp\"\/><\/p>\n<p><img decoding=\"async\" src=\"\/wp-content\/uploads\/factory-03.webp\"\/><\/p>\n<h3>Muotin varastointi Varasto<\/h3>\n<p><img decoding=\"async\" src=\"\/wp-content\/uploads\/factory-04.webp\"\/><\/p>\n<h3>43 Alumiini ekstruusiolinjat (500\u00e2 5500 tonnia)<\/h3>\n<p><img decoding=\"async\" src=\"\/wp-content\/uploads\/factory-05.webp\"\/><\/p>\n<p><img decoding=\"async\" src=\"\/wp-content\/uploads\/factory-06.webp\"\/><\/p>\n<p><img decoding=\"async\" src=\"\/wp-content\/uploads\/factory-07.webp\"\/><\/p>\n<h3>Jauhemaalaus ty\u00f6paja<\/h3>\n<p><img decoding=\"async\" src=\"\/wp-content\/uploads\/factory-09.webp\"\/><\/p>\n<h3>Anodisointi ty\u00f6paja<\/h3>\n<p><img decoding=\"async\" src=\"\/wp-content\/uploads\/factory-10.webp\"\/><\/p>\n<h3>Syv\u00e4k\u00e4sittelyn ty\u00f6paja<\/h3>\n<p><img decoding=\"async\" src=\"\/wp-content\/uploads\/factory-11.webp\"\/><\/p>\n<h3>CNC-tarkkuuskoneistus ty\u00f6paja<\/h3>\n<p><img decoding=\"async\" src=\"\/wp-content\/uploads\/factory-11.5.webp\"\/><\/p>\n<h3>Valmiiden tuotteiden ja vientivarasto<\/h3>\n<p><img decoding=\"async\" src=\"\/wp-content\/uploads\/factory-12.webp\"\/><\/p>\n<p><img decoding=\"async\" src=\"\/wp-content\/uploads\/factory-13.webp\"\/><\/p>\n<p><img decoding=\"async\" src=\"\/wp-content\/uploads\/factory-14.webp\"\/><\/p>\n<h2>FAQ<\/h2>\n<p><p><b>1.Mik\u00e4 on T Slot -alumiiniprofiilin k\u00e4yt\u00f6n hy\u00f6ty? <\/b><\/p>\n<p> T Slot -alumiiniprofiili tarjoaa joustavan, modulaarisen kokoonpanon ilman hitsausta, mik\u00e4 on ihanteellista nopeaan ja s\u00e4\u00e4dett\u00e4v\u00e4\u00e4n rakenteelliseen rakentamiseen.<br \/>\n<\/p><br \/>\n<br \/>\n<p><b>2.Is T Slot alumiini suulakepuristus kest\u00e4v\u00e4 tarpeeksi teolliseen k\u00e4ytt\u00f6\u00f6n? <\/b><\/p>\n<p> Kyll\u00e4, T Slot -alumiiniprofiilit on valmistettu eritt\u00e4in lujasta alumiinista, mik\u00e4 takaa pitk\u00e4aikaisen suorituskyvyn vaativissa teollisuusymp\u00e4rist\u00f6iss\u00e4.<br \/>\n<\/p><br \/>\n<br \/>\n<p><b>3.Can T Slot alumiini profiileja voidaan r\u00e4\u00e4t\u00e4l\u00f6id\u00e4? <\/b><\/p>\n<p> T Slot -profiilit voidaan ehdottomasti leikata yksil\u00f6llisiin pituuksiin ja yhdist\u00e4\u00e4 erilaisiin lis\u00e4varusteisiin projektin erityistarpeiden t\u00e4ytt\u00e4miseksi.<br \/>\n<\/p><br \/>\n<br \/>\n<p><b>4.Mink\u00e4 tyyppisi\u00e4 pintak\u00e4sittelyj\u00e4 on saatavana T Slot -alumiiniprofiileille? <\/b><\/p>\n<p> Tarjoamme anodisoituja, pulverimaalattuja ja jyrsittyj\u00e4 pintoja korroosionkest\u00e4vyyden ja esteettisyyden parantamiseksi.<br \/>\n<\/p><br \/>\n<br \/>\n<p><b>5.Ovatko T Slot -profiilit yhteensopivia vakiovarusteiden kanssa? <\/b><\/p>\n<p> Kyll\u00e4, T-aukkoiset alumiiniprofiilimme ovat yhteensopivia monenlaisten markkinoilla olevien kiinnikkeiden, liittimien ja kiinnittimien kanssa.<br \/>\n<\/p><br \/>\n<br \/>\n<p><b>6.What sovellukset soveltuvat T Slot alumiini puristamiseen? <\/b><\/p>\n<p> T Slot -alumiiniprofiilit sopivat erinomaisesti koneiden kehyksiin, turvakoteloihin, automaatiolaitteisiin ja ty\u00f6pisteisiin.<br \/>\n<\/p><br \/>\n<br \/>\n<p><b>7.How T Slot alumiini suulakepuristus auttaa v\u00e4hent\u00e4m\u00e4\u00e4n kustannuksia? <\/b><\/p>\n<p> Modulaarinen rakenne mahdollistaa nopean kokoonpanon, helpot muutokset ja kevyen k\u00e4sittelyn, mik\u00e4 v\u00e4hent\u00e4\u00e4 ty\u00f6- ja kuljetuskustannuksia.<br \/>\n<\/p><br \/><\/p>","protected":false},"featured_media":8145,"template":"","categories":[54],"class_list":["post-8146","product","type-product","status-publish","has-post-thumbnail","hentry","category-industrial-aluminum-profiles"],"meta_box":{"hilight_text_group":{"product_hilight_text":"<li>Modular T Slot design allows easy assembly and reconfiguration without welding.<\/li>\r\r\n<li>High-strength aluminum extrusion ensures durability and structural stability.<\/li>\r\r\n<li>Corrosion-resistant surface finishes suitable for industrial environments.<\/li>\r\r\n<li>Compatible with a wide range of accessories and connectors.<\/li>\r\r\n<li>Lightweight material reduces handling and shipping costs.<\/li>\r\r\n<li>Precision-machined for high tolerance and consistent quality.<\/li>\r\r\n<li>Ideal for machine frames, workstations, and automation systems.<\/li>","product_chanpin_blog":"<ul>\r\r\n<li><a href=\"https:\/\/sinoextrud.com\/t-slot-v-slot-differences\/\" target=\"_blank\">t slot vs v slot<\/a><\/li>\r\r\n<li><a href=\"https:\/\/sinoextrud.com\/what-is-4040-aluminium-extrud\/\" target=\"_blank\">4040 aluminium extrusion<\/a><\/li>\r\r\n<li><a href=\"https:\/\/sinoextrud.com\/what-is-4040-aluminium-extrud\/\" target=\"_blank\">aluminum extrusions for industrial racks<\/a><\/li>\r\r\n<li><a href=\"https:\/\/sinoextrud.com\/powder-coating-aluminium-process\/\" target=\"_blank\">powder coating aluminium<\/a><\/li>\r\r\n<li><a href=\"https:\/\/sinoextrud.com\/what-is-an-aluminium-strip-ceiling\/\" target=\"_blank\">aluminium strip ceiling<\/a><\/li>\r\r\n<li><a href=\"https:\/\/sinoextrud.com\/what-is-a-heat-sink\/\" target=\"_blank\">what is a heat sink<\/a><\/li>\r\r\n<\/ul>","product_chanpin_chanpin":"<li><a href=\"https:\/\/sinoextrud.com\/product\/aluminium-t-bar-extrusions\/\" target=\"_blank\">Aluminium T Bar Extrusions<\/a><\/li>\r\n<li><a href=\"https:\/\/sinoextrud.com\/product\/aluminium-transport-extrusions\/\" target=\"_blank\">Aluminium Transport Extrusions<\/a><\/li>\r\n<li><a href=\"https:\/\/sinoextrud.com\/product\/aluminum-extruded-enclosure-for-power-supply\/\" target=\"_blank\">Aluminum Extruded Enclosure For Power Supply<\/a><\/li>\r\n<li><a href=\"https:\/\/sinoextrud.com\/product\/aluminum-extrusion-industry\/\" target=\"_blank\">Aluminum Extrusion Industry<\/a><\/li>\r\n<li><a href=\"https:\/\/sinoextrud.com\/product\/aluminum-extrusion-material-t-slot\/\" target=\"_blank\">Aluminum Extrusion Material T Slot<\/a><\/li>\r\n<li><a href=\"https:\/\/sinoextrud.com\/product\/aluminum-extrusion-plate\/\" target=\"_blank\">Aluminum Extrusion Plate<\/a><\/li>\r\n<li><a href=\"https:\/\/sinoextrud.com\/product\/aluminum-frame-for-solar-panel-and-light-box\/\" target=\"_blank\">Aluminum Frame For Solar Panel And Light-Box<\/a><\/li>\r\n<li><a href=\"https:\/\/sinoextrud.com\/product\/aluminum-heatsink-extrusion-profile\/\" target=\"_blank\">Aluminum Heatsink Extrusion Profile<\/a><\/li>\r\n<li><a href=\"https:\/\/sinoextrud.com\/product\/aluminum-light-box-extrusion\/\" target=\"_blank\">Aluminum Light Box Extrusion<\/a><\/li>\r\n<li><a href=\"https:\/\/sinoextrud.com\/product\/cnc-bending-aluminum-frame-profile-for-suitcase-luggage\/\" target=\"_blank\">CNC Bending Aluminum Frame Profile For Suitcase Luggage<\/a><\/li>\r\n<li><a href=\"https:\/\/sinoextrud.com\/product\/extruded-aluminium-cnc-machining-profile-and-anodized-surface-treatment-process\/\" target=\"_blank\">Extruded Aluminium CNC Machining profile and Anodized Surface Treatment Process<\/a><\/li>"},"feature_list":[]},"_links":{"self":[{"href":"https:\/\/sinoextrud.com\/fi\/wp-json\/wp\/v2\/product\/8146","targetHints":{"allow":["GET"]}}],"collection":[{"href":"https:\/\/sinoextrud.com\/fi\/wp-json\/wp\/v2\/product"}],"about":[{"href":"https:\/\/sinoextrud.com\/fi\/wp-json\/wp\/v2\/types\/product"}],"wp:featuredmedia":[{"embeddable":true,"href":"https:\/\/sinoextrud.com\/fi\/wp-json\/wp\/v2\/media\/8145"}],"wp:attachment":[{"href":"https:\/\/sinoextrud.com\/fi\/wp-json\/wp\/v2\/media?parent=8146"}],"wp:term":[{"taxonomy":"category","embeddable":true,"href":"https:\/\/sinoextrud.com\/fi\/wp-json\/wp\/v2\/categories?post=8146"}],"curies":[{"name":"wp","href":"https:\/\/api.w.org\/{rel}","templated":true}]}}