{"id":8140,"date":"2025-06-13T02:40:21","date_gmt":"2025-06-13T02:40:21","guid":{"rendered":"https:\/\/sinoextrud.com\/product\/aluminium-transport-extrusions\/"},"modified":"2025-06-24T06:23:10","modified_gmt":"2025-06-24T06:23:10","slug":"alumiiniset-kuljetusprofiilit","status":"publish","type":"product","link":"https:\/\/sinoextrud.com\/fi\/product\/aluminium-transport-extrusions\/","title":{"rendered":"Alumiiniset kuljetuspursotteet"},"content":{"rendered":"<h2>Tuotteiden tiedot<\/h2>\n<table class=\"custom-table\">\n<tbody>\n<tr>\n<td> Tuotteen nimi<\/td>\n<td> Alumiiniset kuljetuspursotteet<\/td>\n<\/tr>\n<tr>\n<td> Materiaali<\/td>\n<td> 6063,6061,6463,6005,6082 jne.<\/td>\n<\/tr>\n<tr>\n<td> Muoto<\/td>\n<td> r\u00e4\u00e4t\u00e4l\u00f6ity muoto<\/td>\n<\/tr>\n<tr>\n<td> Paksuus<\/td>\n<td> 0.7mm-10mm<\/td>\n<\/tr>\n<tr>\n<td> Koko<\/td>\n<td> Asiakkaan vaatimusten mukaan<\/td>\n<\/tr>\n<tr>\n<td> Pituus<\/td>\n<td> Vakiopituus 1-9M tai muu neuvoteltava pituus.<\/td>\n<\/tr>\n<tr>\n<td> Tyypilliset sovellukset<\/td>\n<td> uusi energia-auto, autot jne.<\/td>\n<\/tr>\n<tr>\n<td> Syv\u00e4 prosessi<\/td>\n<td> CNC-jyrsint\u00e4, poraus, l\u00e4vistys, poraus, napauttaminen, taivutus<\/td>\n<\/tr>\n<tr>\n<td> Merkki<\/td>\n<td> Sinoextrud, Sinoextrud tai OEM-tavaramerkki.<\/td>\n<\/tr>\n<tr>\n<td> Pintak\u00e4sittely<\/td>\n<td> Kiillotettu, harjattu, anodisoitu, pulverimaalattu, puunjyv\u00e4 jne.<\/td>\n<\/tr>\n<tr>\n<td> MOQ<\/td>\n<td> 200KG<\/td>\n<\/tr>\n<tr>\n<td> Laatutakuu<\/td>\n<td> 100&amp; tarkastus korkean laadun varmistamiseksi<\/td>\n<\/tr>\n<tr>\n<td> Todistukset<\/td>\n<td> ISO9001, ISO4001, CQM, SGS, CE, BV jne.<\/td>\n<\/tr>\n<tr>\n<td> Alkuper\u00e4paikka<\/td>\n<td> Guangdong,Kiina<\/td>\n<\/tr>\n<\/tbody>\n<\/table>\n<h2>Tuotantopohjamme<\/h2>\n<h3>Tehtaan panoraama<\/h3>\n<p><img decoding=\"async\" src=\"\/wp-content\/uploads\/factory-01.webp\"\/><\/p>\n<h3>Alumiini Bar Manufacturing Workshop<\/h3>\n<p><img decoding=\"async\" src=\"\/wp-content\/uploads\/factory-02.webp\"\/><\/p>\n<p><img decoding=\"async\" src=\"\/wp-content\/uploads\/factory-03.webp\"\/><\/p>\n<h3>Muotin varastointi Varasto<\/h3>\n<p><img decoding=\"async\" src=\"\/wp-content\/uploads\/factory-04.webp\"\/><\/p>\n<h3>43 Alumiini ekstruusiolinjat (500\u00e2 5500 tonnia)<\/h3>\n<p><img decoding=\"async\" src=\"\/wp-content\/uploads\/factory-05.webp\"\/><\/p>\n<p><img decoding=\"async\" src=\"\/wp-content\/uploads\/factory-06.webp\"\/><\/p>\n<p><img decoding=\"async\" src=\"\/wp-content\/uploads\/factory-07.webp\"\/><\/p>\n<h3>Jauhemaalaus ty\u00f6paja<\/h3>\n<p><img decoding=\"async\" src=\"\/wp-content\/uploads\/factory-09.webp\"\/><\/p>\n<h3>Anodisointi ty\u00f6paja<\/h3>\n<p><img decoding=\"async\" src=\"\/wp-content\/uploads\/factory-10.webp\"\/><\/p>\n<h3>Syv\u00e4k\u00e4sittelyn ty\u00f6paja<\/h3>\n<p><img decoding=\"async\" src=\"\/wp-content\/uploads\/factory-11.webp\"\/><\/p>\n<h3>CNC-tarkkuuskoneistus ty\u00f6paja<\/h3>\n<p><img decoding=\"async\" src=\"\/wp-content\/uploads\/factory-11.5.webp\"\/><\/p>\n<h3>Valmiiden tuotteiden ja vientivarasto<\/h3>\n<p><img decoding=\"async\" src=\"\/wp-content\/uploads\/factory-12.webp\"\/><\/p>\n<p><img decoding=\"async\" src=\"\/wp-content\/uploads\/factory-13.webp\"\/><\/p>\n<p><img decoding=\"async\" src=\"\/wp-content\/uploads\/factory-14.webp\"\/><\/p>\n<h2>FAQ<\/h2>\n<p><p><b>1.Mihin alumiinisia kuljetusprofiileja k\u00e4ytet\u00e4\u00e4n?<\/b><\/p>\n<p>Alumiinista valmistettuja kuljetuspursotteita k\u00e4ytet\u00e4\u00e4n r\u00e4\u00e4t\u00e4l\u00f6ityjen kehysten, tukien ja pakkausratkaisujen luomiseen herkkien tavaroiden kuljettamiseen ja samalla kest\u00e4vyyden ja suojan takaamiseen.<br \/>\n<\/p><br \/>\n<br \/>\n<p><b>2.Miksi alumiini on hyv\u00e4 materiaali kuljetuspuristuksiin?<\/b><\/p>\n<p>Alumiini on kevytt\u00e4, vahvaa ja korroosionkest\u00e4v\u00e4\u00e4, joten se on ihanteellinen materiaali kuljetusprofiileihin, joiden on suojattava tavaroita ja samalla v\u00e4hennett\u00e4v\u00e4 kokonaispainoa.<br \/>\n<\/p><br \/>\n<br \/>\n<p><b>3.Can Alumiini Transport Extrusions voidaan r\u00e4\u00e4t\u00e4l\u00f6id\u00e4?<\/b><\/p>\n<p>Kyll\u00e4, alumiiniset kuljetuspursotteet voidaan r\u00e4\u00e4t\u00e4l\u00f6id\u00e4 erityisiin mittoihin ja muotoihin, jotta ne vastaavat kuljetustarpeita ja varmistavat optimaalisen suojan erityyppisille rahdille.<br \/>\n<\/p><br \/>\n<br \/>\n<p><b>4.Miten alumiiniset kuljetusprofiilit suojaavat herkk\u00e4\u00e4 lastia?<\/b><\/p>\n<p>Alumiinin vahvat, kest\u00e4v\u00e4t ja korroosionkest\u00e4v\u00e4t ominaisuudet takaavat, ett\u00e4 lasti on hyvin suojattu kuljetuksen aikana, mik\u00e4 v\u00e4hent\u00e4\u00e4 ymp\u00e4rist\u00f6tekij\u00f6iden tai iskujen aiheuttamien vaurioiden riski\u00e4.<br \/>\n<\/p><br \/>\n<br \/>\n<p><b>5.Ovatko alumiiniset kuljetuspursotteet kustannustehokkaita?<\/b><\/p>\n<p>Kyll\u00e4, n\u00e4m\u00e4 profiilit ovat kustannustehokkaita ja tarjoavat pitk\u00e4ik\u00e4isen ja v\u00e4h\u00e4n huoltoa vaativan ratkaisun kuljetusj\u00e4rjestelmien ja kehysten rakentamiseen.<br \/>\n<\/p><br \/>\n<br \/>\n<p><b>6.Kest\u00e4v\u00e4tk\u00f6 alumiiniset kuljetuspursotteet ankaria ymp\u00e4rist\u00f6olosuhteita?<\/b><\/p>\n<p>Kyll\u00e4, alumiinin korroosionkest\u00e4vyys tekee siit\u00e4 ihanteellisen k\u00e4ytett\u00e4v\u00e4ksi erilaisissa ymp\u00e4rist\u00f6olosuhteissa, mik\u00e4 varmistaa, ett\u00e4 puristusosat pysyv\u00e4t tehokkaina ajan my\u00f6t\u00e4.<br \/>\n<\/p><br \/>\n<br \/>\n<p><b>7.Mitk\u00e4 teollisuudenalat hy\u00f6tyv\u00e4t alumiinista valmistetuista kuljetuspursotteista?<\/b><\/p>\n<p>Logistiikka-, valmistus-, auto- ja ilmailuteollisuuden kaltaiset teollisuudenalat hy\u00f6tyv\u00e4t kuljetustarpeisiinsa alumiinisten kuljetuspursotteiden lujuudesta, kevyest\u00e4 rakenteesta ja muokattavuudesta.<br \/>\n<\/p><br \/><\/p>","protected":false},"featured_media":8139,"template":"","categories":[54],"class_list":["post-8140","product","type-product","status-publish","has-post-thumbnail","hentry","category-industrial-aluminum-profiles"],"meta_box":{"hilight_text_group":{"product_hilight_text":"<li>Lightweight yet durable design, ideal for transport applications where weight is a concern.<\/li>\r\r\n<li>High-strength aluminum offers excellent protection for sensitive cargo during transport.<\/li>\r\r\n<li>Corrosion-resistant properties ensure long-lasting performance in various environmental conditions.<\/li>\r\r\n<li>Customizable profiles to meet specific transport and packaging requirements.<\/li>\r\r\n<li>Cost-effective solution for building transport frames and supports with minimal maintenance.<\/li>","product_chanpin_blog":"<ul>\r\r\n<li><a href=\"https:\/\/sinoextrud.com\/t-slot-v-slot-differences\/\" target=\"_blank\">t slot vs v slot<\/a><\/li>\r\r\n<li><a href=\"https:\/\/sinoextrud.com\/what-is-4040-aluminium-extrud\/\" target=\"_blank\">4040 aluminium extrusion<\/a><\/li>\r\r\n<li><a href=\"https:\/\/sinoextrud.com\/what-is-4040-aluminium-extrud\/\" target=\"_blank\">aluminum extrusions for industrial racks<\/a><\/li>\r\r\n<li><a href=\"https:\/\/sinoextrud.com\/powder-coating-aluminium-process\/\" target=\"_blank\">powder coating aluminium<\/a><\/li>\r\r\n<li><a href=\"https:\/\/sinoextrud.com\/what-is-an-aluminium-strip-ceiling\/\" target=\"_blank\">aluminium strip ceiling<\/a><\/li>\r\r\n<li><a href=\"https:\/\/sinoextrud.com\/what-is-a-heat-sink\/\" target=\"_blank\">what is a heat sink<\/a><\/li>\r\r\n<\/ul>","product_chanpin_chanpin":"<li><a href=\"https:\/\/sinoextrud.com\/product\/aluminium-sections-for-glazing\/\" target=\"_blank\">Aluminium Sections For Glazing<\/a><\/li>\r\n<li><a href=\"https:\/\/sinoextrud.com\/product\/aluminium-slotted-channel\/\" target=\"_blank\">Aluminium Slotted Channel<\/a><\/li>\r\n<li><a href=\"https:\/\/sinoextrud.com\/product\/aluminium-solar-panel-frame-profile\/\" target=\"_blank\">Aluminium Solar Panel Frame Profile<\/a><\/li>\r\n<li><a href=\"https:\/\/sinoextrud.com\/product\/aluminium-t-bar-extrusions\/\" target=\"_blank\">Aluminium T Bar Extrusions<\/a><\/li>\r\n<li><a href=\"https:\/\/sinoextrud.com\/product\/aluminium-transport-extrusions\/\" target=\"_blank\">Aluminium Transport Extrusions<\/a><\/li>\r\n<li><a href=\"https:\/\/sinoextrud.com\/product\/aluminum-extruded-enclosure-for-power-supply\/\" target=\"_blank\">Aluminum Extruded Enclosure For Power Supply<\/a><\/li>\r\n<li><a href=\"https:\/\/sinoextrud.com\/product\/aluminum-extrusion-industry\/\" target=\"_blank\">Aluminum Extrusion Industry<\/a><\/li>\r\n<li><a href=\"https:\/\/sinoextrud.com\/product\/aluminum-extrusion-material-t-slot\/\" target=\"_blank\">Aluminum Extrusion Material T Slot<\/a><\/li>\r\n<li><a href=\"https:\/\/sinoextrud.com\/product\/aluminum-extrusion-plate\/\" target=\"_blank\">Aluminum Extrusion Plate<\/a><\/li>\r\n<li><a href=\"https:\/\/sinoextrud.com\/product\/aluminum-extruded-handles\/\" target=\"_blank\">Aluminum Extruded Handles<\/a><\/li>\r\n<li><a href=\"https:\/\/sinoextrud.com\/product\/powder-coating-surface-aluminum-profile\/\" target=\"_blank\">Powder Coating Surface Aluminum Profile<\/a><\/li>"},"feature_list":[]},"_links":{"self":[{"href":"https:\/\/sinoextrud.com\/fi\/wp-json\/wp\/v2\/product\/8140","targetHints":{"allow":["GET"]}}],"collection":[{"href":"https:\/\/sinoextrud.com\/fi\/wp-json\/wp\/v2\/product"}],"about":[{"href":"https:\/\/sinoextrud.com\/fi\/wp-json\/wp\/v2\/types\/product"}],"wp:featuredmedia":[{"embeddable":true,"href":"https:\/\/sinoextrud.com\/fi\/wp-json\/wp\/v2\/media\/8139"}],"wp:attachment":[{"href":"https:\/\/sinoextrud.com\/fi\/wp-json\/wp\/v2\/media?parent=8140"}],"wp:term":[{"taxonomy":"category","embeddable":true,"href":"https:\/\/sinoextrud.com\/fi\/wp-json\/wp\/v2\/categories?post=8140"}],"curies":[{"name":"wp","href":"https:\/\/api.w.org\/{rel}","templated":true}]}}