{"id":8128,"date":"2025-06-13T02:24:09","date_gmt":"2025-06-13T02:24:09","guid":{"rendered":"https:\/\/sinoextrud.com\/product\/aluminium-profile-h\/"},"modified":"2025-06-24T06:23:08","modified_gmt":"2025-06-24T06:23:08","slug":"alumiiniprofiili-h","status":"publish","type":"product","link":"https:\/\/sinoextrud.com\/fi\/product\/aluminium-profile-h\/","title":{"rendered":"Alumiiniprofiili H"},"content":{"rendered":"<h2>Tuotteiden tiedot<\/h2>\n<table class=\"custom-table\">\n<tr>\n<td class=\"label\">Kohde<\/td>\n<td>Alumiiniprofiili H<\/td>\n<\/tr>\n<tr>\n<td class=\"label\">Materiaali<\/td>\n<td>Alumiiniseos<\/td>\n<\/tr>\n<tr>\n<td class=\"label\">Temper<\/td>\n<td>T4, T5, T6.<\/td>\n<\/tr>\n<tr>\n<td class=\"label\">Paksuus<\/td>\n<td>0,8 - 5,0 mm yleisiss\u00e4 profiileissa;<br \/>\n8 - 25 um anodisoitua suojausta varten;<br \/>\n40 - 120 um jauhemaalausta varten.<\/td>\n<\/tr>\n<tr>\n<td class=\"label\">Pituus<\/td>\n<td>1-9 m tai r\u00e4\u00e4t\u00e4l\u00f6ity<\/td>\n<\/tr>\n<tr>\n<td class=\"label\">Muoto<\/td>\n<td>r\u00e4\u00e4t\u00e4l\u00f6ity<\/td>\n<\/tr>\n<tr>\n<td class=\"label\">Pintak\u00e4sittely<\/td>\n<td>r\u00e4\u00e4t\u00e4l\u00f6ity<\/td>\n<\/tr>\n<tr>\n<td class=\"label\">V\u00e4ri<\/td>\n<td>r\u00e4\u00e4t\u00e4l\u00f6ity<\/td>\n<\/tr>\n<tr>\n<td class=\"label\">Hakemus<\/td>\n<td>Teollisuus, rakentaminen, koristelu<\/td>\n<\/tr>\n<tr>\n<td class=\"label\">Syv\u00e4 prosessi<\/td>\n<td>CNC, poraus, jyrsint\u00e4, leikkaus, hitsaus, taivutus, kokoonpano.<\/td>\n<\/tr>\n<tr>\n<td class=\"label\">MOQ<\/td>\n<td>200 kg kutakin tuotetta kohti.<\/td>\n<\/tr>\n<tr>\n<td class=\"label\">Tuotantokapasiteetti<\/td>\n<td>15 000 tonnia kuukaudessa, 200 000 tonnia vuodessa.<\/td>\n<\/tr>\n<tr>\n<td class=\"label\">Tuotemerkki<\/td>\n<td>Sinoextrud (Sinoextrud ALUMINIUM).<\/td>\n<\/tr>\n<tr>\n<td class=\"label\">Todistus ja standardi<\/td>\n<td>1) ISO9001-2008\/ISO 9001:2008;<br \/>\n2) CQM-sertifiointi;<br \/>\n3) SGS, CE, BV, JIS, AS, NZS, QUALICOAT, QUOLANOD saatavilla.<\/td>\n<\/tr>\n<tr>\n<td class=\"label\">Takuu<\/td>\n<td>Pinnan v\u00e4ri voi olla vakaa 10~20 vuotta sis\u00e4k\u00e4yt\u00f6ss\u00e4.<\/td>\n<\/tr>\n<tr>\n<td class=\"label\">Pakkaustiedot<\/td>\n<td>Sis\u00e4puoli : pakattu muovikalvoon jokaisen kappaleen suojaamiseksi.<\/td>\n<\/tr>\n<tr>\n<td class=\"label\"><\/td>\n<td>Ulkona: K\u00e4\u00e4ri niput vedenpit\u00e4v\u00e4ll\u00e4 askartelupaperilla tai EPE-kalvolla. R\u00e4\u00e4t\u00e4l\u00f6ity<br \/>\npyynt\u00f6 saatavilla.<\/td>\n<\/tr>\n<tr>\n<td class=\"label\">L\u00e4pimenoaika<\/td>\n<td>Die Kehitt\u00e4minen ja n\u00e4ytteen testaus: 12-15 p\u00e4iv\u00e4\u00e4.<\/td>\n<\/tr>\n<tr>\n<td class=\"label\"><\/td>\n<td>Massatuotanto: 20-25 p\u00e4iv\u00e4\u00e4.<\/td>\n<\/tr>\n<tr>\n<td class=\"label\">FOB-satama<\/td>\n<td>FOB Shenzhen \/ Guangzhou \/ Foshan.<\/td>\n<\/tr>\n<\/table>\n<h2>Tuotantopohjamme<\/h2>\n<h3>Tehtaan panoraama<\/h3>\n<p><img decoding=\"async\" src=\"\/wp-content\/uploads\/factory-01.webp\"\/><\/p>\n<h3>Alumiini Bar Manufacturing Workshop<\/h3>\n<p><img decoding=\"async\" src=\"\/wp-content\/uploads\/factory-02.webp\"\/><\/p>\n<\/p>\n<p><img decoding=\"async\" src=\"\/wp-content\/uploads\/factory-03.webp\"\/><\/p>\n<h3>Muotin varastointi Varasto<\/h3>\n<p><img decoding=\"async\" src=\"\/wp-content\/uploads\/factory-04.webp\"\/><\/p>\n<h3>43 Alumiini ekstruusiolinjat (500\u00e2 5500 tonnia)<\/h3>\n<p><img decoding=\"async\" src=\"\/wp-content\/uploads\/factory-05.webp\"\/><\/p>\n<p><img decoding=\"async\" src=\"\/wp-content\/uploads\/factory-06.webp\"\/><\/p>\n<p><img decoding=\"async\" src=\"\/wp-content\/uploads\/factory-07.webp\"\/><\/p>\n<h3>Jauhemaalaus ty\u00f6paja<\/h3>\n<p><img decoding=\"async\" src=\"\/wp-content\/uploads\/factory-09.webp\"\/><\/p>\n<h3>Anodisointi ty\u00f6paja<\/h3>\n<p><img decoding=\"async\" src=\"\/wp-content\/uploads\/factory-10.webp\"\/><\/p>\n<h3>Syv\u00e4k\u00e4sittelyn ty\u00f6paja<\/h3>\n<p><img decoding=\"async\" src=\"\/wp-content\/uploads\/factory-11.webp\"\/><\/p>\n<h3>CNC-tarkkuuskoneistus ty\u00f6paja<\/h3>\n<p><img decoding=\"async\" src=\"\/wp-content\/uploads\/factory-11.5.webp\"\/><\/p>\n<h3>Valmiiden tuotteiden ja vientivarasto<\/h3>\n<p><img decoding=\"async\" src=\"\/wp-content\/uploads\/factory-12.webp\"\/><\/p>\n<p><img decoding=\"async\" src=\"\/wp-content\/uploads\/factory-13.webp\"\/><\/p>\n<p><img decoding=\"async\" src=\"\/wp-content\/uploads\/factory-14.webp\"\/><\/p>\n<h2>FAQ<\/h2>\n<p><b>1.Mit\u00e4 alumiiniprofiilia H k\u00e4ytet\u00e4\u00e4n?<\/b><\/p>\n<p>Alumiiniprofiili H:ta k\u00e4ytet\u00e4\u00e4n vahvojen ja kest\u00e4vien runkojen ja tukij\u00e4rjestelmien luomiseen esimerkiksi automaatio-, rakennus- ja valmistusteollisuudessa.\n<\/p>\n<p><\/p>\n<p><b>2.Miksi alumiiniprofiili H on suosittu rakenteellisissa sovelluksissa?<\/b><\/p>\n<p>Alumiiniprofiili H tarjoaa korkean lujuus-painosuhteen ja erinomaisen kantavuuden, joten se on ihanteellinen vankkojen rakennekehysten luomiseen.\n<\/p>\n<p><\/p>\n<p><b>3.Can Alumiiniprofiili H voidaan r\u00e4\u00e4t\u00e4l\u00f6id\u00e4?<\/b><\/p>\n<p>Kyll\u00e4, alumiiniprofiili H voidaan r\u00e4\u00e4t\u00e4l\u00f6id\u00e4 koon, muodon ja viimeistelyn osalta vastaamaan erityisi\u00e4 projektivaatimuksia.\n<\/p>\n<p><\/p>\n<p><b>4.Mitk\u00e4 ovat korroosionkest\u00e4vyyden edut alumiiniprofiili H:ssa?<\/b><\/p>\n<p>Korroosionkest\u00e4vyys takaa, ett\u00e4 alumiiniprofiili H s\u00e4ilytt\u00e4\u00e4 rakenteellisen eheytens\u00e4 ja ulkon\u00e4k\u00f6ns\u00e4 my\u00f6s ankarissa tai ulkoilmaolosuhteissa, mik\u00e4 v\u00e4hent\u00e4\u00e4 yll\u00e4pitokustannuksia.\n<\/p>\n<p><\/p>\n<p><b>5.Soveltuuko alumiiniprofiili H raskaisiin sovelluksiin?<\/b><\/p>\n<p>Kyll\u00e4, alumiiniprofiili H soveltuu korkean lujuutensa ja kest\u00e4vyytens\u00e4 ansiosta raskaisiin teollisuussovelluksiin, jotka vaativat luotettavaa tukea ja suorituskyky\u00e4.\n<\/p>\n<p><\/p>\n<p><b>6.Kuinka helppoa on integroida Aluminium Profile H muihin j\u00e4rjestelmiin?<\/b><\/p>\n<p>Alumiiniprofiili H on suunniteltu niin, ett\u00e4 se on helppo yhdist\u00e4\u00e4 muihin alumiiniprofiileihin ja -komponentteihin, mik\u00e4 yksinkertaistaa kokoonpanoa ja lyhent\u00e4\u00e4 asennusaikaa.\n<\/p>\n<p><\/p>\n<p><b>7.Mitk\u00e4 teollisuudenalat hy\u00f6tyv\u00e4t alumiiniprofiili H:sta?<\/b><\/p>\n<p>Alumiiniprofiili H:n lujuudesta, joustavuudesta ja tehokkuudesta hy\u00f6tyv\u00e4t teollisuuden, kuten valmistuksen, automaation, rakentamisen ja robotiikan alat rakenteellisten ratkaisujen luomisessa.\n<\/p>\n<p><\/p>","protected":false},"featured_media":8127,"template":"","categories":[54],"class_list":["post-8128","product","type-product","status-publish","has-post-thumbnail","hentry","category-industrial-aluminum-profiles"],"meta_box":{"hilight_text_group":{"product_hilight_text":"<li>Strong and durable design, ideal for structural framing and support systems.<\/li>\r\r\n<li>Efficient design with excellent load-bearing capacity for industrial applications.<\/li>\r\r\n<li>Corrosion-resistant aluminum ensures longevity and minimal maintenance.<\/li>\r\r\n<li>Customizable sizes and shapes for specific project needs, enhancing design flexibility.<\/li>\r\r\n<li>Easy integration with other aluminum profiles, offering versatility in construction and assembly.<\/li>","product_chanpin_blog":"<ul>\r\r\n<li><a href=\"https:\/\/sinoextrud.com\/t-slot-v-slot-differences\/\" target=\"_blank\">t slot vs v slot<\/a><\/li>\r\r\n<li><a href=\"https:\/\/sinoextrud.com\/what-is-4040-aluminium-extrud\/\" target=\"_blank\">4040 aluminium extrusion<\/a><\/li>\r\r\n<li><a href=\"https:\/\/sinoextrud.com\/what-is-4040-aluminium-extrud\/\" target=\"_blank\">aluminum extrusions for industrial racks<\/a><\/li>\r\r\n<li><a href=\"https:\/\/sinoextrud.com\/powder-coating-aluminium-process\/\" target=\"_blank\">powder coating aluminium<\/a><\/li>\r\r\n<li><a href=\"https:\/\/sinoextrud.com\/what-is-an-aluminium-strip-ceiling\/\" target=\"_blank\">aluminium strip ceiling<\/a><\/li>\r\r\n<li><a href=\"https:\/\/sinoextrud.com\/what-is-a-heat-sink\/\" target=\"_blank\">what is a heat sink<\/a><\/li>\r\r\n<\/ul>","product_chanpin_chanpin":"<li><a href=\"https:\/\/sinoextrud.com\/product\/aluminium-extrusion-table\/\" target=\"_blank\">Aluminium Extrusion Table<\/a><\/li>\r\n<li><a href=\"https:\/\/sinoextrud.com\/product\/aluminium-extrusions-for-heavy-duty-surface-mounted-recessed-led-strip-light-channel\/\" target=\"_blank\">Aluminium extrusions for heavy duty surface mounted recessed LED strip light channel<\/a><\/li>\r\n<li><a href=\"https:\/\/sinoextrud.com\/product\/aluminium-lipped-channel-extrusions\/\" target=\"_blank\">Aluminium Lipped Channel Extrusions<\/a><\/li>\r\n<li><a href=\"https:\/\/sinoextrud.com\/product\/aluminium-profile-for-glass-railing\/\" target=\"_blank\">Aluminium Profile For Glass Railing<\/a><\/li>\r\n<li><a href=\"https:\/\/sinoextrud.com\/product\/aluminium-profile-h\/\" target=\"_blank\">Aluminium Profile H<\/a><\/li>\r\n<li><a href=\"https:\/\/sinoextrud.com\/product\/aluminium-profiles-and-accessories\/\" target=\"_blank\">Aluminium Profiles And Accessories<\/a><\/li>\r\n<li><a href=\"https:\/\/sinoextrud.com\/product\/aluminium-sections-for-glazing\/\" target=\"_blank\">Aluminium Sections For Glazing<\/a><\/li>\r\n<li><a href=\"https:\/\/sinoextrud.com\/product\/aluminium-slotted-channel\/\" target=\"_blank\">Aluminium Slotted Channel<\/a><\/li>\r\n<li><a href=\"https:\/\/sinoextrud.com\/product\/aluminium-solar-panel-frame-profile\/\" target=\"_blank\">Aluminium Solar Panel Frame Profile<\/a><\/li>\r\n<li><a href=\"https:\/\/sinoextrud.com\/product\/extrusion-of-aluminium-alloys-celing-aluminum-tube-wood-grain\/\" target=\"_blank\">Extrusion Of Aluminium Alloys Celing Aluminum Tube Wood Grain<\/a><\/li>\r\n<li><a href=\"https:\/\/sinoextrud.com\/product\/wood-grain-aluminium-frame-composite-used\/\" target=\"_blank\">Wood Grain Aluminium Frame Composite used<\/a><\/li>"},"feature_list":[]},"_links":{"self":[{"href":"https:\/\/sinoextrud.com\/fi\/wp-json\/wp\/v2\/product\/8128","targetHints":{"allow":["GET"]}}],"collection":[{"href":"https:\/\/sinoextrud.com\/fi\/wp-json\/wp\/v2\/product"}],"about":[{"href":"https:\/\/sinoextrud.com\/fi\/wp-json\/wp\/v2\/types\/product"}],"wp:featuredmedia":[{"embeddable":true,"href":"https:\/\/sinoextrud.com\/fi\/wp-json\/wp\/v2\/media\/8127"}],"wp:attachment":[{"href":"https:\/\/sinoextrud.com\/fi\/wp-json\/wp\/v2\/media?parent=8128"}],"wp:term":[{"taxonomy":"category","embeddable":true,"href":"https:\/\/sinoextrud.com\/fi\/wp-json\/wp\/v2\/categories?post=8128"}],"curies":[{"name":"wp","href":"https:\/\/api.w.org\/{rel}","templated":true}]}}