{"id":8126,"date":"2025-06-13T02:21:40","date_gmt":"2025-06-13T02:21:40","guid":{"rendered":"https:\/\/sinoextrud.com\/product\/aluminium-profile-for-glass-railing\/"},"modified":"2025-06-24T06:23:08","modified_gmt":"2025-06-24T06:23:08","slug":"alumiiniprofiili-lasikaiteeseen","status":"publish","type":"product","link":"https:\/\/sinoextrud.com\/fi\/product\/aluminium-profile-for-glass-railing\/","title":{"rendered":"Alumiiniprofiili lasikaiteelle"},"content":{"rendered":"<h2>Tuotteiden tiedot<\/h2>\n<table class=\"custom-table\">\n<tr>\n<td class=\"label\">Tuotteen nimi<\/td>\n<td>Alumiiniprofiili lasikaiteelle<\/td>\n<\/tr>\n<tr>\n<td class=\"label\">Materiaaliluokka<\/td>\n<td>Seos 6000-sarja<\/td>\n<\/tr>\n<tr>\n<td class=\"label\">Temper<\/td>\n<td>T5-T6<\/td>\n<\/tr>\n<tr>\n<td class=\"label\">Teknologia<\/td>\n<td>Alumiini suulakepuristus<\/td>\n<\/tr>\n<tr>\n<td class=\"label\">Pintak\u00e4sittely<\/td>\n<td>Mill viimeistely, anodisointi, jauhemaalattu, hiekkapuhallus, Wood grain, elektroforeesi jne.<\/td>\n<\/tr>\n<tr>\n<td class=\"label\">V\u00e4ri<\/td>\n<td>Hopeanvalkoinen, musta, kultainen, samppanja, tumma pronssi tai vaatimuksenne mukaan.<\/td>\n<\/tr>\n<tr>\n<td class=\"label\">Normaali anodisoinnin paksuus<\/td>\n<td>8-12 mikro<\/td>\n<\/tr>\n<tr>\n<td class=\"label\">Normaali teho Pinnoitteen paksuus<\/td>\n<td>60-100 mikro<\/td>\n<\/tr>\n<tr>\n<td class=\"label\">Muoto<\/td>\n<td>Neli\u00f6, py\u00f6re\u00e4, litte\u00e4 tai asiakkaiden piirustusten mukaan.<\/td>\n<\/tr>\n<tr>\n<td class=\"label\">Pituus<\/td>\n<td>Vakiopituus vienti on 5.8m , anodisointi 6.5 metri\u00e4 enint\u00e4\u00e4n, Mill viimeistely 13 metri\u00e4 enint\u00e4\u00e4n<\/td>\n<\/tr>\n<tr>\n<td class=\"label\">Syv\u00e4prosessointi<\/td>\n<td>leikkaaminen, poraaminen, l\u00e4vist\u00e4minen, taivuttaminen jne.<\/td>\n<\/tr>\n<tr>\n<td class=\"label\">2D&amp;3D suunnittelu<\/td>\n<td>1: 4 Suunnittelijat suunnittelu- ja kehitysosastolla<br \/>\n2: Auto CAD, 3D, AI, SLD, PRT. IGS, PDF, JPEG jne.<\/td>\n<\/tr>\n<tr>\n<td class=\"label\">Tekniikka ja ty\u00f6kalut<\/td>\n<td>1: 8 insin\u00f6\u00f6ri\u00e4 muottiliikkeess\u00e4.<br \/>\n2: K\u00e4yt\u00e4 suuritehoisia ekstruudereita, Wire EDM, CNC, porauskoneet jne.<\/td>\n<\/tr>\n<tr>\n<td class=\"label\">Laadunvalvonta<\/td>\n<td>1.SO Hyv\u00e4ksytty.<br \/>\n2.CE-hyv\u00e4ksytty<br \/>\n3.Tarkastus ty\u00f6maalla.<br \/>\n4.Tarkastus ennen toimitusta.<br \/>\n5.Testauskone.<\/td>\n<\/tr>\n<tr>\n<td class=\"label\">Pakkaustiedot<\/td>\n<td>1.EP Paperi sis\u00e4ll\u00e4 jokaiselle profiilille erikseen, sitten k\u00e4sity\u00f6paperi ulkopuolella.<br \/>\n2.EP Paperi sis\u00e4ll\u00e4 jokaiselle profiilille erikseen, sitten kartonkipaperi ja sitten kuormalava.<br \/>\n3. Kutistekalvo<br \/>\n4.wooden kartonki<\/td>\n<\/tr>\n<tr>\n<td class=\"label\">Toimitus<\/td>\n<td>20-25 p\u00e4iv\u00e4\u00e4 ennakkomaksun vastaanottamisen j\u00e4lkeen<\/td>\n<\/tr>\n<tr>\n<td class=\"label\">Maksuehto<\/td>\n<td>T\/T, L\/C<\/td>\n<\/tr>\n<\/table>\n<h2>Tuotantopohjamme<\/h2>\n<h3>Tehtaan panoraama<\/h3>\n<p><img decoding=\"async\" src=\"\/wp-content\/uploads\/factory-01.webp\"\/><\/p>\n<h3>Alumiini Bar Manufacturing Workshop<\/h3>\n<p><img decoding=\"async\" src=\"\/wp-content\/uploads\/factory-02.webp\"\/><\/p>\n<p><img decoding=\"async\" src=\"\/wp-content\/uploads\/factory-03.webp\"\/><\/p>\n<h3>Muotin varastointi Varasto<\/h3>\n<p><img decoding=\"async\" src=\"\/wp-content\/uploads\/factory-04.webp\"\/><\/p>\n<h3>43 Alumiini ekstruusiolinjat (500\u00e2 5500 tonnia)<\/h3>\n<p><img decoding=\"async\" src=\"\/wp-content\/uploads\/factory-05.webp\"\/><\/p>\n<p><img decoding=\"async\" src=\"\/wp-content\/uploads\/factory-06.webp\"\/><\/p>\n<p><img decoding=\"async\" src=\"\/wp-content\/uploads\/factory-07.webp\"\/><\/p>\n<h3>Jauhemaalaus ty\u00f6paja<\/h3>\n<p><img decoding=\"async\" src=\"\/wp-content\/uploads\/factory-09.webp\"\/><\/p>\n<h3>Anodisointi ty\u00f6paja<\/h3>\n<p><img decoding=\"async\" src=\"\/wp-content\/uploads\/factory-10.webp\"\/><\/p>\n<h3>Syv\u00e4k\u00e4sittelyn ty\u00f6paja<\/h3>\n<p><img decoding=\"async\" src=\"\/wp-content\/uploads\/factory-11.webp\"\/><\/p>\n<h3>CNC-tarkkuuskoneistus ty\u00f6paja<\/h3>\n<p><img decoding=\"async\" src=\"\/wp-content\/uploads\/factory-11.5.webp\"\/><\/p>\n<h3>Valmiiden tuotteiden ja vientivarasto<\/h3>\n<p><img decoding=\"async\" src=\"\/wp-content\/uploads\/factory-12.webp\"\/><\/p>\n<p><img decoding=\"async\" src=\"\/wp-content\/uploads\/factory-13.webp\"\/><\/p>\n<p><img decoding=\"async\" src=\"\/wp-content\/uploads\/factory-14.webp\"\/><\/p>\n<h2>FAQ<\/h2>\n<p><p><b>1.Mik\u00e4 tekee alumiiniprofiilista lasikaiteen ihanteellisen moderniin arkkitehtoniseen suunnitteluun? <\/b><\/p>\n<p> Alumiiniprofiilien tyylik\u00e4s ja moderni estetiikka parantaa lasikaidej\u00e4rjestelmien ulkon\u00e4k\u00f6\u00e4, joten ne sopivat erinomaisesti nykyaikaiseen suunnitteluun.<br \/>\n<\/p><br \/>\n<br \/>\n<p><b>2.Can Alumiiniprofiili lasikaiteelle voidaan r\u00e4\u00e4t\u00e4l\u00f6id\u00e4? <\/b><\/p>\n<p> Kyll\u00e4, profiileja voidaan r\u00e4\u00e4t\u00e4l\u00f6id\u00e4 koon, muodon ja viimeistelyn osalta erityisten suunnitteluvaatimusten ja mieltymysten mukaan.<br \/>\n<\/p><br \/>\n<br \/>\n<p><b>3.Kuinka kest\u00e4v\u00e4 on alumiiniprofiili lasikaiteelle? <\/b><\/p>\n<p> Alumiinimateriaali on eritt\u00e4in kest\u00e4v\u00e4\u00e4 ja korroosionkest\u00e4v\u00e4\u00e4, mik\u00e4 takaa pitk\u00e4aikaisen suorituskyvyn my\u00f6s vaativissa olosuhteissa.<br \/>\n<\/p><br \/>\n<br \/>\n<p><b>4.Mitk\u00e4 ovat alumiiniprofiilin k\u00e4yt\u00f6n edut lasikaiteelle? <\/b><\/p>\n<p> Alumiiniprofiilit tarjoavat selke\u00e4n, modernin ulkon\u00e4\u00f6n, helpon asennuksen ja vahvan rakenteellisen tuen lasikaidej\u00e4rjestelmille.<br \/>\n<\/p><br \/>\n<br \/>\n<p><b>5.Onko alumiiniprofiili lasikaiteelle sopiva sek\u00e4 sis\u00e4- ett\u00e4 ulkok\u00e4ytt\u00f6\u00f6n? <\/b><\/p>\n<p> Kyll\u00e4, n\u00e4m\u00e4 profiilit ovat s\u00e4\u00e4nkest\u00e4vi\u00e4, joten ne sopivat erinomaisesti sek\u00e4 sis\u00e4- ett\u00e4 ulkotiloihin asennettaviin lasikaiteisiin.<br \/>\n<\/p><br \/>\n<br \/>\n<p><b>6.Miten alumiiniprofiili lasikaiteille parantaa turvallisuutta? <\/b><\/p>\n<p> Profiilit on suunniteltu pit\u00e4m\u00e4\u00e4n lasilevyt tukevasti paikoillaan, mik\u00e4 edist\u00e4\u00e4 turvallista ja vakaata kaidej\u00e4rjestelm\u00e4\u00e4 sek\u00e4 asuin- ett\u00e4 kaupalliseen k\u00e4ytt\u00f6\u00f6n.<br \/>\n<\/p><br \/>\n<br \/>\n<p><b>7.Is Alumiiniprofiili lasi kaiteet ymp\u00e4rist\u00f6yst\u00e4v\u00e4llinen? <\/b><\/p>\n<p> Kyll\u00e4, alumiini on t\u00e4ysin kierr\u00e4tett\u00e4v\u00e4 materiaali, joten se on ymp\u00e4rist\u00f6yst\u00e4v\u00e4llinen vaihtoehto lasikaidej\u00e4rjestelmille.<br \/>\n<\/p><br \/><\/p>","protected":false},"featured_media":8125,"template":"","categories":[54],"class_list":["post-8126","product","type-product","status-publish","has-post-thumbnail","hentry","category-industrial-aluminum-profiles"],"meta_box":{"hilight_text_group":{"product_hilight_text":"<ul>\r\r\n  <li>Durable and corrosion-resistant aluminum profiles designed specifically for glass railing systems<\/li>\r\r\n  <li>Provides a sleek, modern aesthetic for both indoor and outdoor applications<\/li>\r\r\n  <li>Easy to install and maintain, reducing labor and upkeep costs<\/li>\r\r\n  <li>Customizable sizes and finishes to match various design preferences<\/li>\r\r\n  <li>Strong and lightweight, offering structural integrity without excess weight<\/li>\r\r\n  <li>Weather-resistant, ensuring long-term performance in outdoor environments<\/li>\r\r\n  <li>Environmentally friendly, fully recyclable material<\/li>\r\r\n<\/ul>","product_chanpin_blog":"<ul>\r\r\n<li><a href=\"https:\/\/sinoextrud.com\/t-slot-v-slot-differences\/\" target=\"_blank\">t slot vs v slot<\/a><\/li>\r\r\n<li><a href=\"https:\/\/sinoextrud.com\/what-is-4040-aluminium-extrud\/\" target=\"_blank\">4040 aluminium extrusion<\/a><\/li>\r\r\n<li><a href=\"https:\/\/sinoextrud.com\/what-is-4040-aluminium-extrud\/\" target=\"_blank\">aluminum extrusions for industrial racks<\/a><\/li>\r\r\n<li><a href=\"https:\/\/sinoextrud.com\/powder-coating-aluminium-process\/\" target=\"_blank\">powder coating aluminium<\/a><\/li>\r\r\n<li><a href=\"https:\/\/sinoextrud.com\/what-is-an-aluminium-strip-ceiling\/\" target=\"_blank\">aluminium strip ceiling<\/a><\/li>\r\r\n<li><a href=\"https:\/\/sinoextrud.com\/what-is-a-heat-sink\/\" target=\"_blank\">what is a heat sink<\/a><\/li>\r\r\n<\/ul>","product_chanpin_chanpin":"<li><a href=\"https:\/\/sinoextrud.com\/product\/aluminium-extrusion-linear-rail-china-factory\/\" target=\"_blank\">Aluminium Extrusion Linear Rail China Factory<\/a><\/li>\r\n<li><a href=\"https:\/\/sinoextrud.com\/product\/aluminium-extrusion-table\/\" target=\"_blank\">Aluminium Extrusion Table<\/a><\/li>\r\n<li><a href=\"https:\/\/sinoextrud.com\/product\/aluminium-extrusions-for-heavy-duty-surface-mounted-recessed-led-strip-light-channel\/\" target=\"_blank\">Aluminium extrusions for heavy duty surface mounted recessed LED strip light channel<\/a><\/li>\r\n<li><a href=\"https:\/\/sinoextrud.com\/product\/aluminium-lipped-channel-extrusions\/\" target=\"_blank\">Aluminium Lipped Channel Extrusions<\/a><\/li>\r\n<li><a href=\"https:\/\/sinoextrud.com\/product\/aluminium-profile-for-glass-railing\/\" target=\"_blank\">Aluminium Profile For Glass Railing<\/a><\/li>\r\n<li><a href=\"https:\/\/sinoextrud.com\/product\/aluminium-profile-h\/\" target=\"_blank\">Aluminium Profile H<\/a><\/li>\r\n<li><a href=\"https:\/\/sinoextrud.com\/product\/aluminium-profiles-and-accessories\/\" target=\"_blank\">Aluminium Profiles And Accessories<\/a><\/li>\r\n<li><a href=\"https:\/\/sinoextrud.com\/product\/aluminium-sections-for-glazing\/\" target=\"_blank\">Aluminium Sections For Glazing<\/a><\/li>\r\n<li><a href=\"https:\/\/sinoextrud.com\/product\/aluminium-slotted-channel\/\" target=\"_blank\">Aluminium Slotted Channel<\/a><\/li>\r\n<li><a href=\"https:\/\/sinoextrud.com\/product\/aluminium-extrusion-profile-for-led-light-strip-heat-sink\/\" target=\"_blank\">Aluminium Extrusion Profile For LED Light Strip Heat Sink<\/a><\/li>\r\n<li><a href=\"https:\/\/sinoextrud.com\/product\/custom-industrial-aluminum-profiles\/\" target=\"_blank\">Custom Industrial Aluminum Profiles<\/a><\/li>"},"feature_list":[]},"_links":{"self":[{"href":"https:\/\/sinoextrud.com\/fi\/wp-json\/wp\/v2\/product\/8126","targetHints":{"allow":["GET"]}}],"collection":[{"href":"https:\/\/sinoextrud.com\/fi\/wp-json\/wp\/v2\/product"}],"about":[{"href":"https:\/\/sinoextrud.com\/fi\/wp-json\/wp\/v2\/types\/product"}],"wp:featuredmedia":[{"embeddable":true,"href":"https:\/\/sinoextrud.com\/fi\/wp-json\/wp\/v2\/media\/8125"}],"wp:attachment":[{"href":"https:\/\/sinoextrud.com\/fi\/wp-json\/wp\/v2\/media?parent=8126"}],"wp:term":[{"taxonomy":"category","embeddable":true,"href":"https:\/\/sinoextrud.com\/fi\/wp-json\/wp\/v2\/categories?post=8126"}],"curies":[{"name":"wp","href":"https:\/\/api.w.org\/{rel}","templated":true}]}}